{"id":68605,"date":"2024-02-08T15:44:48","date_gmt":"2024-02-08T14:44:48","guid":{"rendered":"https:\/\/www.joyeriajael.es\/tienda-online\/bracelet-riviere-recarlo-maria-teresa-white-gold-4\/"},"modified":"2024-02-16T11:02:22","modified_gmt":"2024-02-16T10:02:22","slug":"bracelet-riviere-recarlo-maria-teresa-white-gold-4","status":"publish","type":"product","link":"https:\/\/www.joyeriajael.es\/en\/producto\/bracelet-riviere-recarlo-maria-teresa-white-gold-4\/","title":{"rendered":"BRACELET RIVI\u00c8RE RECARLO MARIA TERESA WHITE GOLD"},"content":{"rendered":"<div class=\"block__wrapper container\">\n<div class=\"row\">\n<div class=\"col\">\n<div class=\"ProductInfostyles__ProductInfoWrapper-popb3t-0 hRHRHA\">\n<div class=\"tab-content\">\n<div class=\"fade tab-pane active show\" role=\"tabpanel\" aria-hidden=\"false\">\n<div class=\"px-2 py-4\">\n<p>18 kt white gold and diamond square griffin tennis bracelet (18 cm length).<\/p>\n<\/div>\n<\/div>\n<\/div>\n<\/div>\n<\/div>\n<\/div>\n<\/div>\n","protected":false},"excerpt":{"rendered":"<p>18 kt white gold and diamond square griffin tennis bracelet (18 cm length).<\/p>\n","protected":false},"featured_media":68509,"template":"","meta":{"_acf_changed":false},"product_brand":[],"product_cat":[511,712,3879,495,726],"product_tag":[],"class_list":{"0":"post-68605","1":"product","2":"type-product","3":"status-publish","4":"has-post-thumbnail","6":"product_cat-bracelets","7":"product_cat-brands","8":"product_cat-bridal-jewelry","9":"product_cat-jewels","10":"product_cat-recarlo-en","11":"pa_marca-recarlo-en-2","13":"first","14":"instock","15":"taxable","16":"shipping-taxable","17":"purchasable","18":"product-type-simple"},"acf":[],"yoast_head":"<!-- This site is optimized with the Yoast SEO Premium plugin v27.4 (Yoast SEO v27.4) - https:\/\/yoast.com\/product\/yoast-seo-premium-wordpress\/ -->\n<title>BRACELET RIVI\u00c8RE RECARLO MARIA TERESA WHITE GOLD<\/title>\n<meta name=\"robots\" content=\"index, follow, max-snippet:-1, max-image-preview:large, max-video-preview:-1\" \/>\n<link rel=\"canonical\" href=\"https:\/\/www.joyeriajael.es\/en\/producto\/bracelet-riviere-recarlo-maria-teresa-white-gold-4\/\" \/>\n<meta property=\"og:locale\" content=\"en_US\" \/>\n<meta property=\"og:type\" content=\"article\" \/>\n<meta property=\"og:title\" content=\"BRACELET RIVI\u00c8RE RECARLO MARIA TERESA WHITE GOLD\" \/>\n<meta property=\"og:description\" content=\"18 kt white gold and diamond square griffin tennis bracelet (18 cm length).\" \/>\n<meta property=\"og:url\" content=\"https:\/\/www.joyeriajael.es\/en\/producto\/bracelet-riviere-recarlo-maria-teresa-white-gold-4\/\" \/>\n<meta property=\"og:site_name\" content=\"Jael Joyer\u00eda\" \/>\n<meta property=\"article:modified_time\" content=\"2024-02-16T10:02:22+00:00\" \/>\n<meta property=\"og:image\" content=\"https:\/\/www.joyeriajael.es\/wp-content\/uploads\/2024\/02\/RIVIERE-ORO-BLANCO-12-GR-BTS-1.51-CTS_01.jpg\" \/>\n\t<meta property=\"og:image:width\" content=\"900\" \/>\n\t<meta property=\"og:image:height\" content=\"900\" \/>\n\t<meta property=\"og:image:type\" content=\"image\/jpeg\" \/>\n<meta name=\"twitter:card\" content=\"summary_large_image\" \/>\n<meta property=\"product:price:amount\" content=\"5469.00\" \/>\n<meta property=\"product:price:currency\" content=\"EUR\" \/>\n<meta property=\"og:availability\" content=\"instock\" \/>\n<meta property=\"product:availability\" content=\"instock\" \/>\n<meta property=\"product:retailer_item_id\" content=\"T30SE010-153-16\" \/>\n<meta property=\"product:condition\" content=\"new\" \/>\n<!-- \/ Yoast SEO Premium plugin. -->","yoast_head_json":{"title":"BRACELET RIVI\u00c8RE RECARLO MARIA TERESA WHITE GOLD","robots":{"index":"index","follow":"follow","max-snippet":"max-snippet:-1","max-image-preview":"max-image-preview:large","max-video-preview":"max-video-preview:-1"},"canonical":"https:\/\/www.joyeriajael.es\/en\/producto\/bracelet-riviere-recarlo-maria-teresa-white-gold-4\/","og_locale":"en_US","og_type":"article","og_title":"BRACELET RIVI\u00c8RE RECARLO MARIA TERESA WHITE GOLD","og_description":"18 kt white gold and diamond square griffin tennis bracelet (18 cm length).","og_url":"https:\/\/www.joyeriajael.es\/en\/producto\/bracelet-riviere-recarlo-maria-teresa-white-gold-4\/","og_site_name":"Jael Joyer\u00eda","article_modified_time":"2024-02-16T10:02:22+00:00","og_image":[{"width":900,"height":900,"url":"https:\/\/www.joyeriajael.es\/wp-content\/uploads\/2024\/02\/RIVIERE-ORO-BLANCO-12-GR-BTS-1.51-CTS_01.jpg","type":"image\/jpeg"}],"twitter_card":"summary_large_image","schema":{"@context":"https:\/\/schema.org","@graph":[{"@type":["WebPage","ItemPage"],"@id":"https:\/\/www.joyeriajael.es\/en\/producto\/bracelet-riviere-recarlo-maria-teresa-white-gold-4\/","url":"https:\/\/www.joyeriajael.es\/en\/producto\/bracelet-riviere-recarlo-maria-teresa-white-gold-4\/","name":"BRACELET RIVI\u00c8RE RECARLO MARIA TERESA WHITE GOLD","isPartOf":{"@id":"https:\/\/www.joyeriajael.es\/en\/#website"},"primaryImageOfPage":{"@id":"https:\/\/www.joyeriajael.es\/en\/producto\/bracelet-riviere-recarlo-maria-teresa-white-gold-4\/#primaryimage"},"image":{"@id":"https:\/\/www.joyeriajael.es\/en\/producto\/bracelet-riviere-recarlo-maria-teresa-white-gold-4\/#primaryimage"},"thumbnailUrl":"https:\/\/www.joyeriajael.es\/wp-content\/uploads\/2024\/02\/RIVIERE-ORO-BLANCO-12-GR-BTS-1.51-CTS_01.jpg","datePublished":"2024-02-08T14:44:48+00:00","dateModified":"2024-02-16T10:02:22+00:00","breadcrumb":{"@id":"https:\/\/www.joyeriajael.es\/en\/producto\/bracelet-riviere-recarlo-maria-teresa-white-gold-4\/#breadcrumb"},"inLanguage":"en-US","potentialAction":[{"@type":"ReadAction","target":["https:\/\/www.joyeriajael.es\/en\/producto\/bracelet-riviere-recarlo-maria-teresa-white-gold-4\/"]}]},{"@type":"ImageObject","inLanguage":"en-US","@id":"https:\/\/www.joyeriajael.es\/en\/producto\/bracelet-riviere-recarlo-maria-teresa-white-gold-4\/#primaryimage","url":"https:\/\/www.joyeriajael.es\/wp-content\/uploads\/2024\/02\/RIVIERE-ORO-BLANCO-12-GR-BTS-1.51-CTS_01.jpg","contentUrl":"https:\/\/www.joyeriajael.es\/wp-content\/uploads\/2024\/02\/RIVIERE-ORO-BLANCO-12-GR-BTS-1.51-CTS_01.jpg","width":900,"height":900,"caption":"BRACELET RIVI\u00c8RE RECARLO MARIA TERESA WHITE GOLD"},{"@type":"BreadcrumbList","@id":"https:\/\/www.joyeriajael.es\/en\/producto\/bracelet-riviere-recarlo-maria-teresa-white-gold-4\/#breadcrumb","itemListElement":[{"@type":"ListItem","position":1,"name":"Portada","item":"https:\/\/www.joyeriajael.es\/en\/"},{"@type":"ListItem","position":2,"name":"Online store","item":"https:\/\/www.joyeriajael.es\/tienda-online\/"},{"@type":"ListItem","position":3,"name":"Jewels","item":"https:\/\/www.joyeriajael.es\/en\/jewels\/"},{"@type":"ListItem","position":4,"name":"bracelets","item":"https:\/\/www.joyeriajael.es\/en\/jewels\/bracelets\/"},{"@type":"ListItem","position":5,"name":"BRACELET RIVI\u00c8RE RECARLO MARIA TERESA WHITE GOLD"}]},{"@type":"WebSite","@id":"https:\/\/www.joyeriajael.es\/en\/#website","url":"https:\/\/www.joyeriajael.es\/en\/","name":"Jael Joyer\u00eda","description":"Jael Joyer\u00eda en Santiago de Compostela y A Coru\u00f1a. Primeras marcas, firmas exclusivas, \u00fanico concesionario autorizado de Rolex en la provincia de A Coru\u00f1a.","publisher":{"@id":"https:\/\/www.joyeriajael.es\/en\/#organization"},"alternateName":"Jael","potentialAction":[{"@type":"SearchAction","target":{"@type":"EntryPoint","urlTemplate":"https:\/\/www.joyeriajael.es\/en\/?s={search_term_string}"},"query-input":{"@type":"PropertyValueSpecification","valueRequired":true,"valueName":"search_term_string"}}],"inLanguage":"en-US"},{"@type":"Organization","@id":"https:\/\/www.joyeriajael.es\/en\/#organization","name":"Jael","alternateName":"Jael joyer\u00eda","url":"https:\/\/www.joyeriajael.es\/en\/","logo":{"@type":"ImageObject","inLanguage":"en-US","@id":"https:\/\/www.joyeriajael.es\/en\/#\/schema\/logo\/image\/","url":"https:\/\/www.joyeriajael.es\/wp-content\/uploads\/2024\/07\/cropped-favicon-1.png","contentUrl":"https:\/\/www.joyeriajael.es\/wp-content\/uploads\/2024\/07\/cropped-favicon-1.png","width":512,"height":512,"caption":"Jael"},"image":{"@id":"https:\/\/www.joyeriajael.es\/en\/#\/schema\/logo\/image\/"}}]},"product_price_amount":"5469.00","product_price_currency":"EUR","og_availability":"instock","product_availability":"instock","product_retailer_item_id":"T30SE010-153-16","product_condition":"new"},"df_price":5469,"df_sale_price":"","df_regular_price":5469,"df_image_link":"https:\/\/www.joyeriajael.es\/wp-content\/uploads\/2024\/02\/RIVIERE-ORO-BLANCO-12-GR-BTS-1.51-CTS_01-300x300.jpg","_links":{"self":[{"href":"https:\/\/www.joyeriajael.es\/en\/wp-json\/wp\/v2\/product\/68605","targetHints":{"allow":["GET"]}}],"collection":[{"href":"https:\/\/www.joyeriajael.es\/en\/wp-json\/wp\/v2\/product"}],"about":[{"href":"https:\/\/www.joyeriajael.es\/en\/wp-json\/wp\/v2\/types\/product"}],"wp:featuredmedia":[{"embeddable":true,"href":"https:\/\/www.joyeriajael.es\/en\/wp-json\/wp\/v2\/media\/68509"}],"wp:attachment":[{"href":"https:\/\/www.joyeriajael.es\/en\/wp-json\/wp\/v2\/media?parent=68605"}],"wp:term":[{"taxonomy":"product_brand","embeddable":true,"href":"https:\/\/www.joyeriajael.es\/en\/wp-json\/wp\/v2\/product_brand?post=68605"},{"taxonomy":"product_cat","embeddable":true,"href":"https:\/\/www.joyeriajael.es\/en\/wp-json\/wp\/v2\/product_cat?post=68605"},{"taxonomy":"product_tag","embeddable":true,"href":"https:\/\/www.joyeriajael.es\/en\/wp-json\/wp\/v2\/product_tag?post=68605"}],"curies":[{"name":"wp","href":"https:\/\/api.w.org\/{rel}","templated":true}]}}