{"id":71251,"date":"2024-05-08T16:30:54","date_gmt":"2024-05-08T14:30:54","guid":{"rendered":"https:\/\/www.joyeriajael.es\/tienda-online\/hublot-square-bang-unico-titanium-diamonds-42-mm-watch\/"},"modified":"2024-05-23T16:27:30","modified_gmt":"2024-05-23T14:27:30","slug":"hublot-square-bang-unico-titanium-diamonds-42-mm-watch","status":"publish","type":"product","link":"https:\/\/www.joyeriajael.es\/en\/producto\/hublot-square-bang-unico-titanium-diamonds-42-mm-watch\/","title":{"rendered":"HUBLOT SQUARE BANG UNICO TITANIUM DIAMONDS 42 MM WATCH"},"content":{"rendered":"<p>When developing its own automatic chronograph movement, Hublot wanted it to be, like all its creations, the first, different and unique. As the soul of the watch, this &#8220;open heart&#8221; movement reveals its completely reinvented design, with a double coupling system and column wheel on the dial side, as well as a 72-hour power reserve. Its construction consists of 354 components that have been simplified to the maximum to improve its reliability and robustness.<br \/>\nIn 1980, Hublot revolutionized watchmaking by combining an 18-carat gold case with a rubber strap for the first time, resulting in the creation of a new type of watch. This bold combination was the first expression of the &#8220;Art of Fusion&#8221;, which would become the hallmark of the manufacture. Since then, rubber has established itself as one of Hublot&#8217;s flagship materials and one of the emblems of its contemporary approach to watchmaking.<\/p>\n","protected":false},"excerpt":{"rendered":"<p>When developing its own automatic chronograph movement, Hublot wanted it to be, like all its creations, the first,&hellip;<\/p>\n","protected":false},"featured_media":71223,"template":"","meta":{"_acf_changed":false},"product_brand":[],"product_cat":[2795,3833,499,730,731],"product_tag":[],"class_list":{"0":"post-71251","1":"product","2":"type-product","3":"status-publish","4":"has-post-thumbnail","6":"product_cat-hublot-en","7":"product_cat-square-bang-en","8":"product_cat-watches","9":"product_cat-watches-for-men","10":"product_cat-watches-for-women","11":"pa_marca-hublot-en","13":"first","14":"outofstock","15":"taxable","16":"shipping-taxable","17":"purchasable","18":"product-type-simple"},"acf":[],"yoast_head":"<!-- This site is optimized with the Yoast SEO Premium plugin v27.4 (Yoast SEO v27.4) - https:\/\/yoast.com\/product\/yoast-seo-premium-wordpress\/ -->\n<title>HUBLOT SQUARE BANG UNICO TITANIUM DIAMONDS 42 MM WATCH<\/title>\n<meta name=\"robots\" content=\"index, follow, max-snippet:-1, max-image-preview:large, max-video-preview:-1\" \/>\n<link rel=\"canonical\" href=\"https:\/\/www.joyeriajael.es\/en\/producto\/hublot-square-bang-unico-titanium-diamonds-42-mm-watch\/\" \/>\n<meta property=\"og:locale\" content=\"en_US\" \/>\n<meta property=\"og:type\" content=\"article\" \/>\n<meta property=\"og:title\" content=\"HUBLOT SQUARE BANG UNICO TITANIUM DIAMONDS 42 MM WATCH\" \/>\n<meta property=\"og:description\" content=\"When developing its own automatic chronograph movement, Hublot wanted it to be, like all its creations, the first,&hellip;\" \/>\n<meta property=\"og:url\" content=\"https:\/\/www.joyeriajael.es\/en\/producto\/hublot-square-bang-unico-titanium-diamonds-42-mm-watch\/\" \/>\n<meta property=\"og:site_name\" content=\"Jael Joyer\u00eda\" \/>\n<meta property=\"article:modified_time\" content=\"2024-05-23T14:27:30+00:00\" \/>\n<meta property=\"og:image\" content=\"https:\/\/www.joyeriajael.es\/wp-content\/uploads\/2024\/05\/square-bang-unico-titanium-diamonds-821.NX_.0170.RX_.1204.jpg\" \/>\n\t<meta property=\"og:image:width\" content=\"900\" \/>\n\t<meta property=\"og:image:height\" content=\"900\" \/>\n\t<meta property=\"og:image:type\" content=\"image\/jpeg\" \/>\n<meta name=\"twitter:card\" content=\"summary_large_image\" \/>\n<meta property=\"product:price:amount\" content=\"33000.00\" \/>\n<meta property=\"product:price:currency\" content=\"EUR\" \/>\n<meta property=\"og:availability\" content=\"out of stock\" \/>\n<meta property=\"product:availability\" content=\"out of stock\" \/>\n<meta property=\"product:retailer_item_id\" content=\"821.NX.0170.RX.1204\" \/>\n<meta property=\"product:condition\" content=\"new\" \/>\n<!-- \/ Yoast SEO Premium plugin. -->","yoast_head_json":{"title":"HUBLOT SQUARE BANG UNICO TITANIUM DIAMONDS 42 MM WATCH","robots":{"index":"index","follow":"follow","max-snippet":"max-snippet:-1","max-image-preview":"max-image-preview:large","max-video-preview":"max-video-preview:-1"},"canonical":"https:\/\/www.joyeriajael.es\/en\/producto\/hublot-square-bang-unico-titanium-diamonds-42-mm-watch\/","og_locale":"en_US","og_type":"article","og_title":"HUBLOT SQUARE BANG UNICO TITANIUM DIAMONDS 42 MM WATCH","og_description":"When developing its own automatic chronograph movement, Hublot wanted it to be, like all its creations, the first,&hellip;","og_url":"https:\/\/www.joyeriajael.es\/en\/producto\/hublot-square-bang-unico-titanium-diamonds-42-mm-watch\/","og_site_name":"Jael Joyer\u00eda","article_modified_time":"2024-05-23T14:27:30+00:00","og_image":[{"width":900,"height":900,"url":"https:\/\/www.joyeriajael.es\/wp-content\/uploads\/2024\/05\/square-bang-unico-titanium-diamonds-821.NX_.0170.RX_.1204.jpg","type":"image\/jpeg"}],"twitter_card":"summary_large_image","schema":{"@context":"https:\/\/schema.org","@graph":[{"@type":["WebPage","ItemPage"],"@id":"https:\/\/www.joyeriajael.es\/en\/producto\/hublot-square-bang-unico-titanium-diamonds-42-mm-watch\/","url":"https:\/\/www.joyeriajael.es\/en\/producto\/hublot-square-bang-unico-titanium-diamonds-42-mm-watch\/","name":"HUBLOT SQUARE BANG UNICO TITANIUM DIAMONDS 42 MM WATCH","isPartOf":{"@id":"https:\/\/www.joyeriajael.es\/en\/#website"},"primaryImageOfPage":{"@id":"https:\/\/www.joyeriajael.es\/en\/producto\/hublot-square-bang-unico-titanium-diamonds-42-mm-watch\/#primaryimage"},"image":{"@id":"https:\/\/www.joyeriajael.es\/en\/producto\/hublot-square-bang-unico-titanium-diamonds-42-mm-watch\/#primaryimage"},"thumbnailUrl":"https:\/\/www.joyeriajael.es\/wp-content\/uploads\/2024\/05\/square-bang-unico-titanium-diamonds-821.NX_.0170.RX_.1204.jpg","datePublished":"2024-05-08T14:30:54+00:00","dateModified":"2024-05-23T14:27:30+00:00","breadcrumb":{"@id":"https:\/\/www.joyeriajael.es\/en\/producto\/hublot-square-bang-unico-titanium-diamonds-42-mm-watch\/#breadcrumb"},"inLanguage":"en-US","potentialAction":[{"@type":"ReadAction","target":["https:\/\/www.joyeriajael.es\/en\/producto\/hublot-square-bang-unico-titanium-diamonds-42-mm-watch\/"]}]},{"@type":"ImageObject","inLanguage":"en-US","@id":"https:\/\/www.joyeriajael.es\/en\/producto\/hublot-square-bang-unico-titanium-diamonds-42-mm-watch\/#primaryimage","url":"https:\/\/www.joyeriajael.es\/wp-content\/uploads\/2024\/05\/square-bang-unico-titanium-diamonds-821.NX_.0170.RX_.1204.jpg","contentUrl":"https:\/\/www.joyeriajael.es\/wp-content\/uploads\/2024\/05\/square-bang-unico-titanium-diamonds-821.NX_.0170.RX_.1204.jpg","width":900,"height":900,"caption":"HUBLOT SQUARE BANG UNICO TITANIUM DIAMONDS 42 MM WATCH"},{"@type":"BreadcrumbList","@id":"https:\/\/www.joyeriajael.es\/en\/producto\/hublot-square-bang-unico-titanium-diamonds-42-mm-watch\/#breadcrumb","itemListElement":[{"@type":"ListItem","position":1,"name":"Portada","item":"https:\/\/www.joyeriajael.es\/en\/"},{"@type":"ListItem","position":2,"name":"Online store","item":"https:\/\/www.joyeriajael.es\/tienda-online\/"},{"@type":"ListItem","position":3,"name":"Brands","item":"https:\/\/www.joyeriajael.es\/en\/brands\/"},{"@type":"ListItem","position":4,"name":"Hublot","item":"https:\/\/www.joyeriajael.es\/en\/brands\/hublot-en\/"},{"@type":"ListItem","position":5,"name":"HUBLOT SQUARE BANG UNICO TITANIUM DIAMONDS 42 MM WATCH"}]},{"@type":"WebSite","@id":"https:\/\/www.joyeriajael.es\/en\/#website","url":"https:\/\/www.joyeriajael.es\/en\/","name":"Jael Joyer\u00eda","description":"Jael Joyer\u00eda en Santiago de Compostela y A Coru\u00f1a. Primeras marcas, firmas exclusivas, \u00fanico concesionario autorizado de Rolex en la provincia de A Coru\u00f1a.","publisher":{"@id":"https:\/\/www.joyeriajael.es\/en\/#organization"},"alternateName":"Jael","potentialAction":[{"@type":"SearchAction","target":{"@type":"EntryPoint","urlTemplate":"https:\/\/www.joyeriajael.es\/en\/?s={search_term_string}"},"query-input":{"@type":"PropertyValueSpecification","valueRequired":true,"valueName":"search_term_string"}}],"inLanguage":"en-US"},{"@type":"Organization","@id":"https:\/\/www.joyeriajael.es\/en\/#organization","name":"Jael","alternateName":"Jael joyer\u00eda","url":"https:\/\/www.joyeriajael.es\/en\/","logo":{"@type":"ImageObject","inLanguage":"en-US","@id":"https:\/\/www.joyeriajael.es\/en\/#\/schema\/logo\/image\/","url":"https:\/\/www.joyeriajael.es\/wp-content\/uploads\/2024\/07\/cropped-favicon-1.png","contentUrl":"https:\/\/www.joyeriajael.es\/wp-content\/uploads\/2024\/07\/cropped-favicon-1.png","width":512,"height":512,"caption":"Jael"},"image":{"@id":"https:\/\/www.joyeriajael.es\/en\/#\/schema\/logo\/image\/"}}]},"product_price_amount":"33000.00","product_price_currency":"EUR","og_availability":"out of stock","product_availability":"out of stock","product_retailer_item_id":"821.NX.0170.RX.1204","product_condition":"new"},"df_price":33000,"df_sale_price":"","df_regular_price":33000,"df_image_link":"https:\/\/www.joyeriajael.es\/wp-content\/uploads\/2024\/05\/square-bang-unico-titanium-diamonds-821.NX_.0170.RX_.1204-300x300.jpg","_links":{"self":[{"href":"https:\/\/www.joyeriajael.es\/en\/wp-json\/wp\/v2\/product\/71251","targetHints":{"allow":["GET"]}}],"collection":[{"href":"https:\/\/www.joyeriajael.es\/en\/wp-json\/wp\/v2\/product"}],"about":[{"href":"https:\/\/www.joyeriajael.es\/en\/wp-json\/wp\/v2\/types\/product"}],"wp:featuredmedia":[{"embeddable":true,"href":"https:\/\/www.joyeriajael.es\/en\/wp-json\/wp\/v2\/media\/71223"}],"wp:attachment":[{"href":"https:\/\/www.joyeriajael.es\/en\/wp-json\/wp\/v2\/media?parent=71251"}],"wp:term":[{"taxonomy":"product_brand","embeddable":true,"href":"https:\/\/www.joyeriajael.es\/en\/wp-json\/wp\/v2\/product_brand?post=71251"},{"taxonomy":"product_cat","embeddable":true,"href":"https:\/\/www.joyeriajael.es\/en\/wp-json\/wp\/v2\/product_cat?post=71251"},{"taxonomy":"product_tag","embeddable":true,"href":"https:\/\/www.joyeriajael.es\/en\/wp-json\/wp\/v2\/product_tag?post=71251"}],"curies":[{"name":"wp","href":"https:\/\/api.w.org\/{rel}","templated":true}]}}