{"id":71257,"date":"2024-05-08T16:31:28","date_gmt":"2024-05-08T14:31:28","guid":{"rendered":"https:\/\/www.joyeriajael.es\/tienda-online\/hublot-watch-big-bang-one-click-sapphire-diamonds-39-mm\/"},"modified":"2024-05-23T16:27:32","modified_gmt":"2024-05-23T14:27:32","slug":"hublot-watch-big-bang-one-click-sapphire-diamonds-39-mm","status":"publish","type":"product","link":"https:\/\/www.joyeriajael.es\/en\/producto\/hublot-watch-big-bang-one-click-sapphire-diamonds-39-mm\/","title":{"rendered":"HUBLOT WATCH BIG BANG ONE CLICK SAPPHIRE DIAMONDS 39 MM"},"content":{"rendered":"<p>In their quest for the perfect fusion between movement and case, Hublot&#8217;s engineers and chemists have researched and developed a transparent material that reveals the heart of the watch, while its solidity effectively protects the mechanism. In this way, the manufacture has become an expert in synthetic sapphire. From this material, Hublot has obtained unique aesthetic effects in watchmaking, which has allowed it to transform each watch into a work of art.<br \/>\nThe Art of Fusion is expressed right to the heart of the movement. Simple watches with revolutionary watchmaking concepts: Hublot has created a whole range of unique manufacture movements. The unique architecture of the Unico automatic chronograph. The exclusive power reserve of the Meca-10, Tourbillon and MP-11 calibres. The revolutionary approach of the MP-05 11-barrel engine, equipped with 50 days of autonomy. In its &#8220;Art of Fusion&#8221;, Hublot has created a perfect symbiosis between functionality, architecture and design.<\/p>\n","protected":false},"excerpt":{"rendered":"<p>In their quest for the perfect fusion between movement and case, Hublot&#8217;s engineers and chemists have researched and&hellip;<\/p>\n","protected":false},"featured_media":71179,"template":"","meta":{"_acf_changed":false},"product_brand":[],"product_cat":[2795,3835,499,731],"product_tag":[],"class_list":{"0":"post-71257","1":"product","2":"type-product","3":"status-publish","4":"has-post-thumbnail","6":"product_cat-hublot-en","7":"product_cat-big-bang-en","8":"product_cat-watches","9":"product_cat-watches-for-women","10":"pa_marca-hublot-en","12":"first","13":"outofstock","14":"taxable","15":"shipping-taxable","16":"purchasable","17":"product-type-simple"},"acf":[],"yoast_head":"<!-- This site is optimized with the Yoast SEO Premium plugin v27.4 (Yoast SEO v27.4) - https:\/\/yoast.com\/product\/yoast-seo-premium-wordpress\/ -->\n<title>HUBLOT WATCH BIG BANG ONE CLICK SAPPHIRE DIAMONDS 39 MM<\/title>\n<meta name=\"robots\" content=\"index, follow, max-snippet:-1, max-image-preview:large, max-video-preview:-1\" \/>\n<link rel=\"canonical\" href=\"https:\/\/www.joyeriajael.es\/en\/producto\/hublot-watch-big-bang-one-click-sapphire-diamonds-39-mm\/\" \/>\n<meta property=\"og:locale\" content=\"en_US\" \/>\n<meta property=\"og:type\" content=\"article\" \/>\n<meta property=\"og:title\" content=\"HUBLOT WATCH BIG BANG ONE CLICK SAPPHIRE DIAMONDS 39 MM\" \/>\n<meta property=\"og:description\" content=\"In their quest for the perfect fusion between movement and case, Hublot&#8217;s engineers and chemists have researched and&hellip;\" \/>\n<meta property=\"og:url\" content=\"https:\/\/www.joyeriajael.es\/en\/producto\/hublot-watch-big-bang-one-click-sapphire-diamonds-39-mm\/\" \/>\n<meta property=\"og:site_name\" content=\"Jael Joyer\u00eda\" \/>\n<meta property=\"article:modified_time\" content=\"2024-05-23T14:27:32+00:00\" \/>\n<meta property=\"og:image\" content=\"https:\/\/www.joyeriajael.es\/wp-content\/uploads\/2024\/05\/big-bang-one-click-sapphire-diamonds-39-mm-soldier-shot.jpg\" \/>\n\t<meta property=\"og:image:width\" content=\"900\" \/>\n\t<meta property=\"og:image:height\" content=\"900\" \/>\n\t<meta property=\"og:image:type\" content=\"image\/jpeg\" \/>\n<meta name=\"twitter:card\" content=\"summary_large_image\" \/>\n<meta property=\"product:price:amount\" content=\"69000.00\" \/>\n<meta property=\"product:price:currency\" content=\"EUR\" \/>\n<meta property=\"og:availability\" content=\"out of stock\" \/>\n<meta property=\"product:availability\" content=\"out of stock\" \/>\n<meta property=\"product:retailer_item_id\" content=\"465.JX.4902.RX.1204\" \/>\n<meta property=\"product:condition\" content=\"new\" \/>\n<!-- \/ Yoast SEO Premium plugin. -->","yoast_head_json":{"title":"HUBLOT WATCH BIG BANG ONE CLICK SAPPHIRE DIAMONDS 39 MM","robots":{"index":"index","follow":"follow","max-snippet":"max-snippet:-1","max-image-preview":"max-image-preview:large","max-video-preview":"max-video-preview:-1"},"canonical":"https:\/\/www.joyeriajael.es\/en\/producto\/hublot-watch-big-bang-one-click-sapphire-diamonds-39-mm\/","og_locale":"en_US","og_type":"article","og_title":"HUBLOT WATCH BIG BANG ONE CLICK SAPPHIRE DIAMONDS 39 MM","og_description":"In their quest for the perfect fusion between movement and case, Hublot&#8217;s engineers and chemists have researched and&hellip;","og_url":"https:\/\/www.joyeriajael.es\/en\/producto\/hublot-watch-big-bang-one-click-sapphire-diamonds-39-mm\/","og_site_name":"Jael Joyer\u00eda","article_modified_time":"2024-05-23T14:27:32+00:00","og_image":[{"width":900,"height":900,"url":"https:\/\/www.joyeriajael.es\/wp-content\/uploads\/2024\/05\/big-bang-one-click-sapphire-diamonds-39-mm-soldier-shot.jpg","type":"image\/jpeg"}],"twitter_card":"summary_large_image","schema":{"@context":"https:\/\/schema.org","@graph":[{"@type":["WebPage","ItemPage"],"@id":"https:\/\/www.joyeriajael.es\/en\/producto\/hublot-watch-big-bang-one-click-sapphire-diamonds-39-mm\/","url":"https:\/\/www.joyeriajael.es\/en\/producto\/hublot-watch-big-bang-one-click-sapphire-diamonds-39-mm\/","name":"HUBLOT WATCH BIG BANG ONE CLICK SAPPHIRE DIAMONDS 39 MM","isPartOf":{"@id":"https:\/\/www.joyeriajael.es\/en\/#website"},"primaryImageOfPage":{"@id":"https:\/\/www.joyeriajael.es\/en\/producto\/hublot-watch-big-bang-one-click-sapphire-diamonds-39-mm\/#primaryimage"},"image":{"@id":"https:\/\/www.joyeriajael.es\/en\/producto\/hublot-watch-big-bang-one-click-sapphire-diamonds-39-mm\/#primaryimage"},"thumbnailUrl":"https:\/\/www.joyeriajael.es\/wp-content\/uploads\/2024\/05\/big-bang-one-click-sapphire-diamonds-39-mm-soldier-shot.jpg","datePublished":"2024-05-08T14:31:28+00:00","dateModified":"2024-05-23T14:27:32+00:00","breadcrumb":{"@id":"https:\/\/www.joyeriajael.es\/en\/producto\/hublot-watch-big-bang-one-click-sapphire-diamonds-39-mm\/#breadcrumb"},"inLanguage":"en-US","potentialAction":[{"@type":"ReadAction","target":["https:\/\/www.joyeriajael.es\/en\/producto\/hublot-watch-big-bang-one-click-sapphire-diamonds-39-mm\/"]}]},{"@type":"ImageObject","inLanguage":"en-US","@id":"https:\/\/www.joyeriajael.es\/en\/producto\/hublot-watch-big-bang-one-click-sapphire-diamonds-39-mm\/#primaryimage","url":"https:\/\/www.joyeriajael.es\/wp-content\/uploads\/2024\/05\/big-bang-one-click-sapphire-diamonds-39-mm-soldier-shot.jpg","contentUrl":"https:\/\/www.joyeriajael.es\/wp-content\/uploads\/2024\/05\/big-bang-one-click-sapphire-diamonds-39-mm-soldier-shot.jpg","width":900,"height":900,"caption":"HUBLOT WATCH BIG BANG ONE CLICK SAPPHIRE DIAMONDS 39 MM"},{"@type":"BreadcrumbList","@id":"https:\/\/www.joyeriajael.es\/en\/producto\/hublot-watch-big-bang-one-click-sapphire-diamonds-39-mm\/#breadcrumb","itemListElement":[{"@type":"ListItem","position":1,"name":"Portada","item":"https:\/\/www.joyeriajael.es\/en\/"},{"@type":"ListItem","position":2,"name":"Online store","item":"https:\/\/www.joyeriajael.es\/tienda-online\/"},{"@type":"ListItem","position":3,"name":"Brands","item":"https:\/\/www.joyeriajael.es\/en\/brands\/"},{"@type":"ListItem","position":4,"name":"Hublot","item":"https:\/\/www.joyeriajael.es\/en\/brands\/hublot-en\/"},{"@type":"ListItem","position":5,"name":"HUBLOT WATCH BIG BANG ONE CLICK SAPPHIRE DIAMONDS 39 MM"}]},{"@type":"WebSite","@id":"https:\/\/www.joyeriajael.es\/en\/#website","url":"https:\/\/www.joyeriajael.es\/en\/","name":"Jael Joyer\u00eda","description":"Jael Joyer\u00eda en Santiago de Compostela y A Coru\u00f1a. Primeras marcas, firmas exclusivas, \u00fanico concesionario autorizado de Rolex en la provincia de A Coru\u00f1a.","publisher":{"@id":"https:\/\/www.joyeriajael.es\/en\/#organization"},"alternateName":"Jael","potentialAction":[{"@type":"SearchAction","target":{"@type":"EntryPoint","urlTemplate":"https:\/\/www.joyeriajael.es\/en\/?s={search_term_string}"},"query-input":{"@type":"PropertyValueSpecification","valueRequired":true,"valueName":"search_term_string"}}],"inLanguage":"en-US"},{"@type":"Organization","@id":"https:\/\/www.joyeriajael.es\/en\/#organization","name":"Jael","alternateName":"Jael joyer\u00eda","url":"https:\/\/www.joyeriajael.es\/en\/","logo":{"@type":"ImageObject","inLanguage":"en-US","@id":"https:\/\/www.joyeriajael.es\/en\/#\/schema\/logo\/image\/","url":"https:\/\/www.joyeriajael.es\/wp-content\/uploads\/2024\/07\/cropped-favicon-1.png","contentUrl":"https:\/\/www.joyeriajael.es\/wp-content\/uploads\/2024\/07\/cropped-favicon-1.png","width":512,"height":512,"caption":"Jael"},"image":{"@id":"https:\/\/www.joyeriajael.es\/en\/#\/schema\/logo\/image\/"}}]},"product_price_amount":"69000.00","product_price_currency":"EUR","og_availability":"out of stock","product_availability":"out of stock","product_retailer_item_id":"465.JX.4902.RX.1204","product_condition":"new"},"df_price":69000,"df_sale_price":"","df_regular_price":69000,"df_image_link":"https:\/\/www.joyeriajael.es\/wp-content\/uploads\/2024\/05\/big-bang-one-click-sapphire-diamonds-39-mm-soldier-shot-300x300.jpg","_links":{"self":[{"href":"https:\/\/www.joyeriajael.es\/en\/wp-json\/wp\/v2\/product\/71257","targetHints":{"allow":["GET"]}}],"collection":[{"href":"https:\/\/www.joyeriajael.es\/en\/wp-json\/wp\/v2\/product"}],"about":[{"href":"https:\/\/www.joyeriajael.es\/en\/wp-json\/wp\/v2\/types\/product"}],"wp:featuredmedia":[{"embeddable":true,"href":"https:\/\/www.joyeriajael.es\/en\/wp-json\/wp\/v2\/media\/71179"}],"wp:attachment":[{"href":"https:\/\/www.joyeriajael.es\/en\/wp-json\/wp\/v2\/media?parent=71257"}],"wp:term":[{"taxonomy":"product_brand","embeddable":true,"href":"https:\/\/www.joyeriajael.es\/en\/wp-json\/wp\/v2\/product_brand?post=71257"},{"taxonomy":"product_cat","embeddable":true,"href":"https:\/\/www.joyeriajael.es\/en\/wp-json\/wp\/v2\/product_cat?post=71257"},{"taxonomy":"product_tag","embeddable":true,"href":"https:\/\/www.joyeriajael.es\/en\/wp-json\/wp\/v2\/product_tag?post=71257"}],"curies":[{"name":"wp","href":"https:\/\/api.w.org\/{rel}","templated":true}]}}