{"id":75130,"date":"2024-10-24T10:03:49","date_gmt":"2024-10-24T08:03:49","guid":{"rendered":"https:\/\/www.joyeriajael.es\/tienda-online\/superocean-iii-42mm-bronze-diver-pro-iv-strap-green\/"},"modified":"2024-10-24T15:25:59","modified_gmt":"2024-10-24T13:25:59","slug":"superocean-iii-42mm-bronze-diver-pro-iv-strap-green","status":"publish","type":"product","link":"https:\/\/www.joyeriajael.es\/en\/producto\/superocean-iii-42mm-bronze-diver-pro-iv-strap-green\/","title":{"rendered":"SUPEROCEAN III 42MM, BRONZE, DIVER PRO IV STRAP GREEN"},"content":{"rendered":"<p>The new Superocean revisits the famous Slow Motion design codes, while adding modern elements such as a ceramic-inlaid bezel and brightly coloured dials. Its large hands and indexes in luminescent Super-LumiNova\u00ae make it easy to read underwater. The watch is water-resistant to 300 m (1000 ft), and is resistant to shock, sand and salt water. The bronze version uses a special alloy that offers excellent corrosion resistance, but over time develops a subtle patina that makes the watch even more unique.<\/p>\n","protected":false},"excerpt":{"rendered":"<p>The new Superocean revisits the famous Slow Motion design codes, while adding modern elements such as a ceramic-inlaid&hellip;<\/p>\n","protected":false},"featured_media":75120,"template":"","meta":{"_acf_changed":false},"product_brand":[],"product_cat":[714,3789,499,730],"product_tag":[],"class_list":{"0":"post-75130","1":"product","2":"type-product","3":"status-publish","4":"has-post-thumbnail","6":"product_cat-breitling-en","7":"product_cat-superocean-en","8":"product_cat-watches","9":"product_cat-watches-for-men","10":"pa_marca-breitling-en","12":"first","13":"instock","14":"taxable","15":"shipping-taxable","16":"purchasable","17":"product-type-simple"},"acf":[],"yoast_head":"<!-- This site is optimized with the Yoast SEO Premium plugin v27.4 (Yoast SEO v27.4) - https:\/\/yoast.com\/product\/yoast-seo-premium-wordpress\/ -->\n<title>SUPEROCEAN III 42MM, BRONZE, DIVER PRO IV STRAP GREEN<\/title>\n<meta name=\"robots\" content=\"index, follow, max-snippet:-1, max-image-preview:large, max-video-preview:-1\" \/>\n<link rel=\"canonical\" href=\"https:\/\/www.joyeriajael.es\/en\/producto\/superocean-iii-42mm-bronze-diver-pro-iv-strap-green\/\" \/>\n<meta property=\"og:locale\" content=\"en_US\" \/>\n<meta property=\"og:type\" content=\"article\" \/>\n<meta property=\"og:title\" content=\"SUPEROCEAN III 42MM, BRONZE, DIVER PRO IV STRAP GREEN\" \/>\n<meta property=\"og:description\" content=\"The new Superocean revisits the famous Slow Motion design codes, while adding modern elements such as a ceramic-inlaid&hellip;\" \/>\n<meta property=\"og:url\" content=\"https:\/\/www.joyeriajael.es\/en\/producto\/superocean-iii-42mm-bronze-diver-pro-iv-strap-green\/\" \/>\n<meta property=\"og:site_name\" content=\"Jael Joyer\u00eda\" \/>\n<meta property=\"article:modified_time\" content=\"2024-10-24T13:25:59+00:00\" \/>\n<meta property=\"og:image\" content=\"https:\/\/www.joyeriajael.es\/wp-content\/uploads\/2024\/10\/SUPEROCEAN-III-42MM-BRONCE-CORREA-DIVER-PRO-IV-VERDE_01.jpg\" \/>\n\t<meta property=\"og:image:width\" content=\"900\" \/>\n\t<meta property=\"og:image:height\" content=\"900\" \/>\n\t<meta property=\"og:image:type\" content=\"image\/jpeg\" \/>\n<meta name=\"twitter:card\" content=\"summary_large_image\" \/>\n<meta property=\"product:price:amount\" content=\"6300.00\" \/>\n<meta property=\"product:price:currency\" content=\"EUR\" \/>\n<meta property=\"og:availability\" content=\"instock\" \/>\n<meta property=\"product:availability\" content=\"instock\" \/>\n<meta property=\"product:retailer_item_id\" content=\"N17375201L1S1\" \/>\n<meta property=\"product:condition\" content=\"new\" \/>\n<!-- \/ Yoast SEO Premium plugin. -->","yoast_head_json":{"title":"SUPEROCEAN III 42MM, BRONZE, DIVER PRO IV STRAP GREEN","robots":{"index":"index","follow":"follow","max-snippet":"max-snippet:-1","max-image-preview":"max-image-preview:large","max-video-preview":"max-video-preview:-1"},"canonical":"https:\/\/www.joyeriajael.es\/en\/producto\/superocean-iii-42mm-bronze-diver-pro-iv-strap-green\/","og_locale":"en_US","og_type":"article","og_title":"SUPEROCEAN III 42MM, BRONZE, DIVER PRO IV STRAP GREEN","og_description":"The new Superocean revisits the famous Slow Motion design codes, while adding modern elements such as a ceramic-inlaid&hellip;","og_url":"https:\/\/www.joyeriajael.es\/en\/producto\/superocean-iii-42mm-bronze-diver-pro-iv-strap-green\/","og_site_name":"Jael Joyer\u00eda","article_modified_time":"2024-10-24T13:25:59+00:00","og_image":[{"width":900,"height":900,"url":"https:\/\/www.joyeriajael.es\/wp-content\/uploads\/2024\/10\/SUPEROCEAN-III-42MM-BRONCE-CORREA-DIVER-PRO-IV-VERDE_01.jpg","type":"image\/jpeg"}],"twitter_card":"summary_large_image","schema":{"@context":"https:\/\/schema.org","@graph":[{"@type":["WebPage","ItemPage"],"@id":"https:\/\/www.joyeriajael.es\/en\/producto\/superocean-iii-42mm-bronze-diver-pro-iv-strap-green\/","url":"https:\/\/www.joyeriajael.es\/en\/producto\/superocean-iii-42mm-bronze-diver-pro-iv-strap-green\/","name":"SUPEROCEAN III 42MM, BRONZE, DIVER PRO IV STRAP GREEN","isPartOf":{"@id":"https:\/\/www.joyeriajael.es\/en\/#website"},"primaryImageOfPage":{"@id":"https:\/\/www.joyeriajael.es\/en\/producto\/superocean-iii-42mm-bronze-diver-pro-iv-strap-green\/#primaryimage"},"image":{"@id":"https:\/\/www.joyeriajael.es\/en\/producto\/superocean-iii-42mm-bronze-diver-pro-iv-strap-green\/#primaryimage"},"thumbnailUrl":"https:\/\/www.joyeriajael.es\/wp-content\/uploads\/2024\/10\/SUPEROCEAN-III-42MM-BRONCE-CORREA-DIVER-PRO-IV-VERDE_01.jpg","datePublished":"2024-10-24T08:03:49+00:00","dateModified":"2024-10-24T13:25:59+00:00","breadcrumb":{"@id":"https:\/\/www.joyeriajael.es\/en\/producto\/superocean-iii-42mm-bronze-diver-pro-iv-strap-green\/#breadcrumb"},"inLanguage":"en-US","potentialAction":[{"@type":"ReadAction","target":["https:\/\/www.joyeriajael.es\/en\/producto\/superocean-iii-42mm-bronze-diver-pro-iv-strap-green\/"]}]},{"@type":"ImageObject","inLanguage":"en-US","@id":"https:\/\/www.joyeriajael.es\/en\/producto\/superocean-iii-42mm-bronze-diver-pro-iv-strap-green\/#primaryimage","url":"https:\/\/www.joyeriajael.es\/wp-content\/uploads\/2024\/10\/SUPEROCEAN-III-42MM-BRONCE-CORREA-DIVER-PRO-IV-VERDE_01.jpg","contentUrl":"https:\/\/www.joyeriajael.es\/wp-content\/uploads\/2024\/10\/SUPEROCEAN-III-42MM-BRONCE-CORREA-DIVER-PRO-IV-VERDE_01.jpg","width":900,"height":900,"caption":"SUPEROCEAN III 42MM, BRONZE, DIVER PRO IV STRAP GREEN"},{"@type":"BreadcrumbList","@id":"https:\/\/www.joyeriajael.es\/en\/producto\/superocean-iii-42mm-bronze-diver-pro-iv-strap-green\/#breadcrumb","itemListElement":[{"@type":"ListItem","position":1,"name":"Portada","item":"https:\/\/www.joyeriajael.es\/en\/"},{"@type":"ListItem","position":2,"name":"Online store","item":"https:\/\/www.joyeriajael.es\/tienda-online\/"},{"@type":"ListItem","position":3,"name":"Brands","item":"https:\/\/www.joyeriajael.es\/en\/brands\/"},{"@type":"ListItem","position":4,"name":"Breitling","item":"https:\/\/www.joyeriajael.es\/en\/brands\/breitling-en\/"},{"@type":"ListItem","position":5,"name":"SUPEROCEAN III 42MM, BRONZE, DIVER PRO IV STRAP GREEN"}]},{"@type":"WebSite","@id":"https:\/\/www.joyeriajael.es\/en\/#website","url":"https:\/\/www.joyeriajael.es\/en\/","name":"Jael Joyer\u00eda","description":"Jael Joyer\u00eda en Santiago de Compostela y A Coru\u00f1a. Primeras marcas, firmas exclusivas, \u00fanico concesionario autorizado de Rolex en la provincia de A Coru\u00f1a.","publisher":{"@id":"https:\/\/www.joyeriajael.es\/en\/#organization"},"alternateName":"Jael","potentialAction":[{"@type":"SearchAction","target":{"@type":"EntryPoint","urlTemplate":"https:\/\/www.joyeriajael.es\/en\/?s={search_term_string}"},"query-input":{"@type":"PropertyValueSpecification","valueRequired":true,"valueName":"search_term_string"}}],"inLanguage":"en-US"},{"@type":"Organization","@id":"https:\/\/www.joyeriajael.es\/en\/#organization","name":"Jael","alternateName":"Jael joyer\u00eda","url":"https:\/\/www.joyeriajael.es\/en\/","logo":{"@type":"ImageObject","inLanguage":"en-US","@id":"https:\/\/www.joyeriajael.es\/en\/#\/schema\/logo\/image\/","url":"https:\/\/www.joyeriajael.es\/wp-content\/uploads\/2024\/07\/cropped-favicon-1.png","contentUrl":"https:\/\/www.joyeriajael.es\/wp-content\/uploads\/2024\/07\/cropped-favicon-1.png","width":512,"height":512,"caption":"Jael"},"image":{"@id":"https:\/\/www.joyeriajael.es\/en\/#\/schema\/logo\/image\/"}}]},"product_price_amount":"6300.00","product_price_currency":"EUR","og_availability":"instock","product_availability":"instock","product_retailer_item_id":"N17375201L1S1","product_condition":"new"},"df_price":6300,"df_sale_price":"","df_regular_price":6300,"df_image_link":"https:\/\/www.joyeriajael.es\/wp-content\/uploads\/2024\/10\/SUPEROCEAN-III-42MM-BRONCE-CORREA-DIVER-PRO-IV-VERDE_01-300x300.jpg","_links":{"self":[{"href":"https:\/\/www.joyeriajael.es\/en\/wp-json\/wp\/v2\/product\/75130","targetHints":{"allow":["GET"]}}],"collection":[{"href":"https:\/\/www.joyeriajael.es\/en\/wp-json\/wp\/v2\/product"}],"about":[{"href":"https:\/\/www.joyeriajael.es\/en\/wp-json\/wp\/v2\/types\/product"}],"wp:featuredmedia":[{"embeddable":true,"href":"https:\/\/www.joyeriajael.es\/en\/wp-json\/wp\/v2\/media\/75120"}],"wp:attachment":[{"href":"https:\/\/www.joyeriajael.es\/en\/wp-json\/wp\/v2\/media?parent=75130"}],"wp:term":[{"taxonomy":"product_brand","embeddable":true,"href":"https:\/\/www.joyeriajael.es\/en\/wp-json\/wp\/v2\/product_brand?post=75130"},{"taxonomy":"product_cat","embeddable":true,"href":"https:\/\/www.joyeriajael.es\/en\/wp-json\/wp\/v2\/product_cat?post=75130"},{"taxonomy":"product_tag","embeddable":true,"href":"https:\/\/www.joyeriajael.es\/en\/wp-json\/wp\/v2\/product_tag?post=75130"}],"curies":[{"name":"wp","href":"https:\/\/api.w.org\/{rel}","templated":true}]}}