{"id":75265,"date":"2024-10-30T12:39:19","date_gmt":"2024-10-30T11:39:19","guid":{"rendered":"https:\/\/www.joyeriajael.es\/tienda-online\/breitling-sper-chronomat-automatic-38mm-watch\/"},"modified":"2024-11-04T12:03:24","modified_gmt":"2024-11-04T11:03:24","slug":"breitling-sper-chronomat-automatic-38mm-watch","status":"publish","type":"product","link":"https:\/\/www.joyeriajael.es\/en\/producto\/breitling-sper-chronomat-automatic-38mm-watch\/","title":{"rendered":"BREITLING SPER CHRONOMAT AUTOMATIC 38MM WATCH"},"content":{"rendered":"<p>This watch incorporates the Breitling calibre 17 with automatic mechanical movement and a power reserve of approximately 38 hours. The case is made of stainless steel and 18K red gold, with anti-reflective sapphire crystal on both sides and a diameter of 38 mm. Its metal bracelet, also in stainless steel and 18K red gold, gives it an elegant and durable look. The total weight of the watch is 151 grams and it features a calendar window on the dial.   <\/p>\n","protected":false},"excerpt":{"rendered":"<p>This watch incorporates the Breitling calibre 17 with automatic mechanical movement and a power reserve of approximately 38&hellip;<\/p>\n","protected":false},"featured_media":75256,"template":"","meta":{"_acf_changed":false},"product_brand":[],"product_cat":[714,3785,499,731],"product_tag":[],"class_list":{"0":"post-75265","1":"product","2":"type-product","3":"status-publish","4":"has-post-thumbnail","6":"product_cat-breitling-en","7":"product_cat-chronomat-en","8":"product_cat-watches","9":"product_cat-watches-for-women","10":"pa_marca-breitling-en","12":"first","13":"instock","14":"taxable","15":"shipping-taxable","16":"purchasable","17":"product-type-simple"},"acf":[],"yoast_head":"<!-- This site is optimized with the Yoast SEO Premium plugin v27.4 (Yoast SEO v27.4) - https:\/\/yoast.com\/product\/yoast-seo-premium-wordpress\/ -->\n<title>BREITLING SPER CHRONOMAT AUTOMATIC 38MM WATCH<\/title>\n<meta name=\"robots\" content=\"index, follow, max-snippet:-1, max-image-preview:large, max-video-preview:-1\" \/>\n<link rel=\"canonical\" href=\"https:\/\/www.joyeriajael.es\/en\/producto\/breitling-sper-chronomat-automatic-38mm-watch\/\" \/>\n<meta property=\"og:locale\" content=\"en_US\" \/>\n<meta property=\"og:type\" content=\"article\" \/>\n<meta property=\"og:title\" content=\"BREITLING SPER CHRONOMAT AUTOMATIC 38MM WATCH\" \/>\n<meta property=\"og:description\" content=\"This watch incorporates the Breitling calibre 17 with automatic mechanical movement and a power reserve of approximately 38&hellip;\" \/>\n<meta property=\"og:url\" content=\"https:\/\/www.joyeriajael.es\/en\/producto\/breitling-sper-chronomat-automatic-38mm-watch\/\" \/>\n<meta property=\"og:site_name\" content=\"Jael Joyer\u00eda\" \/>\n<meta property=\"article:modified_time\" content=\"2024-11-04T11:03:24+00:00\" \/>\n<meta property=\"og:image\" content=\"https:\/\/www.joyeriajael.es\/wp-content\/uploads\/2024\/10\/RELOJ-BREITLING-SPER-CHRONOMAT-AUTOMATIC-38MM-1.jpg\" \/>\n\t<meta property=\"og:image:width\" content=\"900\" \/>\n\t<meta property=\"og:image:height\" content=\"900\" \/>\n\t<meta property=\"og:image:type\" content=\"image\/jpeg\" \/>\n<meta name=\"twitter:card\" content=\"summary_large_image\" \/>\n<meta property=\"product:price:amount\" content=\"15200.00\" \/>\n<meta property=\"product:price:currency\" content=\"EUR\" \/>\n<meta property=\"og:availability\" content=\"instock\" \/>\n<meta property=\"product:availability\" content=\"instock\" \/>\n<meta property=\"product:retailer_item_id\" content=\"U17356531L1U1\" \/>\n<meta property=\"product:condition\" content=\"new\" \/>\n<!-- \/ Yoast SEO Premium plugin. -->","yoast_head_json":{"title":"BREITLING SPER CHRONOMAT AUTOMATIC 38MM WATCH","robots":{"index":"index","follow":"follow","max-snippet":"max-snippet:-1","max-image-preview":"max-image-preview:large","max-video-preview":"max-video-preview:-1"},"canonical":"https:\/\/www.joyeriajael.es\/en\/producto\/breitling-sper-chronomat-automatic-38mm-watch\/","og_locale":"en_US","og_type":"article","og_title":"BREITLING SPER CHRONOMAT AUTOMATIC 38MM WATCH","og_description":"This watch incorporates the Breitling calibre 17 with automatic mechanical movement and a power reserve of approximately 38&hellip;","og_url":"https:\/\/www.joyeriajael.es\/en\/producto\/breitling-sper-chronomat-automatic-38mm-watch\/","og_site_name":"Jael Joyer\u00eda","article_modified_time":"2024-11-04T11:03:24+00:00","og_image":[{"width":900,"height":900,"url":"https:\/\/www.joyeriajael.es\/wp-content\/uploads\/2024\/10\/RELOJ-BREITLING-SPER-CHRONOMAT-AUTOMATIC-38MM-1.jpg","type":"image\/jpeg"}],"twitter_card":"summary_large_image","schema":{"@context":"https:\/\/schema.org","@graph":[{"@type":["WebPage","ItemPage"],"@id":"https:\/\/www.joyeriajael.es\/en\/producto\/breitling-sper-chronomat-automatic-38mm-watch\/","url":"https:\/\/www.joyeriajael.es\/en\/producto\/breitling-sper-chronomat-automatic-38mm-watch\/","name":"BREITLING SPER CHRONOMAT AUTOMATIC 38MM WATCH","isPartOf":{"@id":"https:\/\/www.joyeriajael.es\/en\/#website"},"primaryImageOfPage":{"@id":"https:\/\/www.joyeriajael.es\/en\/producto\/breitling-sper-chronomat-automatic-38mm-watch\/#primaryimage"},"image":{"@id":"https:\/\/www.joyeriajael.es\/en\/producto\/breitling-sper-chronomat-automatic-38mm-watch\/#primaryimage"},"thumbnailUrl":"https:\/\/www.joyeriajael.es\/wp-content\/uploads\/2024\/10\/RELOJ-BREITLING-SPER-CHRONOMAT-AUTOMATIC-38MM-1.jpg","datePublished":"2024-10-30T11:39:19+00:00","dateModified":"2024-11-04T11:03:24+00:00","breadcrumb":{"@id":"https:\/\/www.joyeriajael.es\/en\/producto\/breitling-sper-chronomat-automatic-38mm-watch\/#breadcrumb"},"inLanguage":"en-US","potentialAction":[{"@type":"ReadAction","target":["https:\/\/www.joyeriajael.es\/en\/producto\/breitling-sper-chronomat-automatic-38mm-watch\/"]}]},{"@type":"ImageObject","inLanguage":"en-US","@id":"https:\/\/www.joyeriajael.es\/en\/producto\/breitling-sper-chronomat-automatic-38mm-watch\/#primaryimage","url":"https:\/\/www.joyeriajael.es\/wp-content\/uploads\/2024\/10\/RELOJ-BREITLING-SPER-CHRONOMAT-AUTOMATIC-38MM-1.jpg","contentUrl":"https:\/\/www.joyeriajael.es\/wp-content\/uploads\/2024\/10\/RELOJ-BREITLING-SPER-CHRONOMAT-AUTOMATIC-38MM-1.jpg","width":900,"height":900,"caption":"BREITLING SPER CHRONOMAT AUTOMATIC 38MM WATCH"},{"@type":"BreadcrumbList","@id":"https:\/\/www.joyeriajael.es\/en\/producto\/breitling-sper-chronomat-automatic-38mm-watch\/#breadcrumb","itemListElement":[{"@type":"ListItem","position":1,"name":"Portada","item":"https:\/\/www.joyeriajael.es\/en\/"},{"@type":"ListItem","position":2,"name":"Online store","item":"https:\/\/www.joyeriajael.es\/tienda-online\/"},{"@type":"ListItem","position":3,"name":"Brands","item":"https:\/\/www.joyeriajael.es\/en\/brands\/"},{"@type":"ListItem","position":4,"name":"Breitling","item":"https:\/\/www.joyeriajael.es\/en\/brands\/breitling-en\/"},{"@type":"ListItem","position":5,"name":"BREITLING SPER CHRONOMAT AUTOMATIC 38MM WATCH"}]},{"@type":"WebSite","@id":"https:\/\/www.joyeriajael.es\/en\/#website","url":"https:\/\/www.joyeriajael.es\/en\/","name":"Jael Joyer\u00eda","description":"Jael Joyer\u00eda en Santiago de Compostela y A Coru\u00f1a. Primeras marcas, firmas exclusivas, \u00fanico concesionario autorizado de Rolex en la provincia de A Coru\u00f1a.","publisher":{"@id":"https:\/\/www.joyeriajael.es\/en\/#organization"},"alternateName":"Jael","potentialAction":[{"@type":"SearchAction","target":{"@type":"EntryPoint","urlTemplate":"https:\/\/www.joyeriajael.es\/en\/?s={search_term_string}"},"query-input":{"@type":"PropertyValueSpecification","valueRequired":true,"valueName":"search_term_string"}}],"inLanguage":"en-US"},{"@type":"Organization","@id":"https:\/\/www.joyeriajael.es\/en\/#organization","name":"Jael","alternateName":"Jael joyer\u00eda","url":"https:\/\/www.joyeriajael.es\/en\/","logo":{"@type":"ImageObject","inLanguage":"en-US","@id":"https:\/\/www.joyeriajael.es\/en\/#\/schema\/logo\/image\/","url":"https:\/\/www.joyeriajael.es\/wp-content\/uploads\/2024\/07\/cropped-favicon-1.png","contentUrl":"https:\/\/www.joyeriajael.es\/wp-content\/uploads\/2024\/07\/cropped-favicon-1.png","width":512,"height":512,"caption":"Jael"},"image":{"@id":"https:\/\/www.joyeriajael.es\/en\/#\/schema\/logo\/image\/"}}]},"product_price_amount":"15200.00","product_price_currency":"EUR","og_availability":"instock","product_availability":"instock","product_retailer_item_id":"U17356531L1U1","product_condition":"new"},"df_price":15200,"df_sale_price":"","df_regular_price":15200,"df_image_link":"https:\/\/www.joyeriajael.es\/wp-content\/uploads\/2024\/10\/RELOJ-BREITLING-SPER-CHRONOMAT-AUTOMATIC-38MM-1-300x300.jpg","_links":{"self":[{"href":"https:\/\/www.joyeriajael.es\/en\/wp-json\/wp\/v2\/product\/75265","targetHints":{"allow":["GET"]}}],"collection":[{"href":"https:\/\/www.joyeriajael.es\/en\/wp-json\/wp\/v2\/product"}],"about":[{"href":"https:\/\/www.joyeriajael.es\/en\/wp-json\/wp\/v2\/types\/product"}],"wp:featuredmedia":[{"embeddable":true,"href":"https:\/\/www.joyeriajael.es\/en\/wp-json\/wp\/v2\/media\/75256"}],"wp:attachment":[{"href":"https:\/\/www.joyeriajael.es\/en\/wp-json\/wp\/v2\/media?parent=75265"}],"wp:term":[{"taxonomy":"product_brand","embeddable":true,"href":"https:\/\/www.joyeriajael.es\/en\/wp-json\/wp\/v2\/product_brand?post=75265"},{"taxonomy":"product_cat","embeddable":true,"href":"https:\/\/www.joyeriajael.es\/en\/wp-json\/wp\/v2\/product_cat?post=75265"},{"taxonomy":"product_tag","embeddable":true,"href":"https:\/\/www.joyeriajael.es\/en\/wp-json\/wp\/v2\/product_tag?post=75265"}],"curies":[{"name":"wp","href":"https:\/\/api.w.org\/{rel}","templated":true}]}}