{"id":75366,"date":"2024-10-30T12:40:32","date_gmt":"2024-10-30T11:40:32","guid":{"rendered":"https:\/\/www.joyeriajael.es\/tienda-online\/breitling-premier-b01-chrono-42-mm-watch\/"},"modified":"2024-11-04T16:53:49","modified_gmt":"2024-11-04T15:53:49","slug":"breitling-premier-b01-chrono-42-mm-watch","status":"publish","type":"product","link":"https:\/\/www.joyeriajael.es\/en\/producto\/breitling-premier-b01-chrono-42-mm-watch\/","title":{"rendered":"BREITLING PREMIER B01 CHRONO 42 MM WATCH"},"content":{"rendered":"<p>This Breitling watch with manufacture calibre 01 and automatic movement offers a 1\/4-second precision chronograph with 30-minute totalizer and a power reserve of 70 hours. Its 42 mm stainless steel case includes a fixed bezel and anti-reflective sapphire crystal, with water resistance up to 10 bar. Weighing 104.43 g, it is accompanied by an elegant green crocodile leather strap and stainless steel folding buckle, making it both stylish and functional.  <\/p>\n","protected":false},"excerpt":{"rendered":"<p>This Breitling watch with manufacture calibre 01 and automatic movement offers a 1\/4-second precision chronograph with 30-minute totalizer&hellip;<\/p>\n","protected":false},"featured_media":75360,"template":"","meta":{"_acf_changed":false},"product_brand":[],"product_cat":[714,3787,499,730],"product_tag":[],"class_list":{"0":"post-75366","1":"product","2":"type-product","3":"status-publish","4":"has-post-thumbnail","6":"product_cat-breitling-en","7":"product_cat-premier-en","8":"product_cat-watches","9":"product_cat-watches-for-men","10":"pa_marca-breitling-en","12":"first","13":"instock","14":"taxable","15":"shipping-taxable","16":"purchasable","17":"product-type-simple"},"acf":[],"yoast_head":"<!-- This site is optimized with the Yoast SEO Premium plugin v27.4 (Yoast SEO v27.4) - https:\/\/yoast.com\/product\/yoast-seo-premium-wordpress\/ -->\n<title>BREITLING PREMIER B01 CHRONO 42 MM WATCH<\/title>\n<meta name=\"robots\" content=\"index, follow, max-snippet:-1, max-image-preview:large, max-video-preview:-1\" \/>\n<link rel=\"canonical\" href=\"https:\/\/www.joyeriajael.es\/en\/producto\/breitling-premier-b01-chrono-42-mm-watch\/\" \/>\n<meta property=\"og:locale\" content=\"en_US\" \/>\n<meta property=\"og:type\" content=\"article\" \/>\n<meta property=\"og:title\" content=\"BREITLING PREMIER B01 CHRONO 42 MM WATCH\" \/>\n<meta property=\"og:description\" content=\"This Breitling watch with manufacture calibre 01 and automatic movement offers a 1\/4-second precision chronograph with 30-minute totalizer&hellip;\" \/>\n<meta property=\"og:url\" content=\"https:\/\/www.joyeriajael.es\/en\/producto\/breitling-premier-b01-chrono-42-mm-watch\/\" \/>\n<meta property=\"og:site_name\" content=\"Jael Joyer\u00eda\" \/>\n<meta property=\"article:modified_time\" content=\"2024-11-04T15:53:49+00:00\" \/>\n<meta property=\"og:image\" content=\"https:\/\/www.joyeriajael.es\/wp-content\/uploads\/2024\/10\/RELOJ-BREITLING-PREMIER-B01-CHRONO-42-MM_1.jpg\" \/>\n\t<meta property=\"og:image:width\" content=\"900\" \/>\n\t<meta property=\"og:image:height\" content=\"900\" \/>\n\t<meta property=\"og:image:type\" content=\"image\/jpeg\" \/>\n<meta name=\"twitter:card\" content=\"summary_large_image\" \/>\n<meta property=\"product:price:amount\" content=\"9000.00\" \/>\n<meta property=\"product:price:currency\" content=\"EUR\" \/>\n<meta property=\"og:availability\" content=\"instock\" \/>\n<meta property=\"product:availability\" content=\"instock\" \/>\n<meta property=\"product:retailer_item_id\" content=\"AB0145371L1P2\" \/>\n<meta property=\"product:condition\" content=\"new\" \/>\n<!-- \/ Yoast SEO Premium plugin. -->","yoast_head_json":{"title":"BREITLING PREMIER B01 CHRONO 42 MM WATCH","robots":{"index":"index","follow":"follow","max-snippet":"max-snippet:-1","max-image-preview":"max-image-preview:large","max-video-preview":"max-video-preview:-1"},"canonical":"https:\/\/www.joyeriajael.es\/en\/producto\/breitling-premier-b01-chrono-42-mm-watch\/","og_locale":"en_US","og_type":"article","og_title":"BREITLING PREMIER B01 CHRONO 42 MM WATCH","og_description":"This Breitling watch with manufacture calibre 01 and automatic movement offers a 1\/4-second precision chronograph with 30-minute totalizer&hellip;","og_url":"https:\/\/www.joyeriajael.es\/en\/producto\/breitling-premier-b01-chrono-42-mm-watch\/","og_site_name":"Jael Joyer\u00eda","article_modified_time":"2024-11-04T15:53:49+00:00","og_image":[{"width":900,"height":900,"url":"https:\/\/www.joyeriajael.es\/wp-content\/uploads\/2024\/10\/RELOJ-BREITLING-PREMIER-B01-CHRONO-42-MM_1.jpg","type":"image\/jpeg"}],"twitter_card":"summary_large_image","schema":{"@context":"https:\/\/schema.org","@graph":[{"@type":["WebPage","ItemPage"],"@id":"https:\/\/www.joyeriajael.es\/en\/producto\/breitling-premier-b01-chrono-42-mm-watch\/","url":"https:\/\/www.joyeriajael.es\/en\/producto\/breitling-premier-b01-chrono-42-mm-watch\/","name":"BREITLING PREMIER B01 CHRONO 42 MM WATCH","isPartOf":{"@id":"https:\/\/www.joyeriajael.es\/en\/#website"},"primaryImageOfPage":{"@id":"https:\/\/www.joyeriajael.es\/en\/producto\/breitling-premier-b01-chrono-42-mm-watch\/#primaryimage"},"image":{"@id":"https:\/\/www.joyeriajael.es\/en\/producto\/breitling-premier-b01-chrono-42-mm-watch\/#primaryimage"},"thumbnailUrl":"https:\/\/www.joyeriajael.es\/wp-content\/uploads\/2024\/10\/RELOJ-BREITLING-PREMIER-B01-CHRONO-42-MM_1.jpg","datePublished":"2024-10-30T11:40:32+00:00","dateModified":"2024-11-04T15:53:49+00:00","breadcrumb":{"@id":"https:\/\/www.joyeriajael.es\/en\/producto\/breitling-premier-b01-chrono-42-mm-watch\/#breadcrumb"},"inLanguage":"en-US","potentialAction":[{"@type":"ReadAction","target":["https:\/\/www.joyeriajael.es\/en\/producto\/breitling-premier-b01-chrono-42-mm-watch\/"]}]},{"@type":"ImageObject","inLanguage":"en-US","@id":"https:\/\/www.joyeriajael.es\/en\/producto\/breitling-premier-b01-chrono-42-mm-watch\/#primaryimage","url":"https:\/\/www.joyeriajael.es\/wp-content\/uploads\/2024\/10\/RELOJ-BREITLING-PREMIER-B01-CHRONO-42-MM_1.jpg","contentUrl":"https:\/\/www.joyeriajael.es\/wp-content\/uploads\/2024\/10\/RELOJ-BREITLING-PREMIER-B01-CHRONO-42-MM_1.jpg","width":900,"height":900,"caption":"BREITLING PREMIER B01 CHRONO 42 MM WATCH"},{"@type":"BreadcrumbList","@id":"https:\/\/www.joyeriajael.es\/en\/producto\/breitling-premier-b01-chrono-42-mm-watch\/#breadcrumb","itemListElement":[{"@type":"ListItem","position":1,"name":"Portada","item":"https:\/\/www.joyeriajael.es\/en\/"},{"@type":"ListItem","position":2,"name":"Online store","item":"https:\/\/www.joyeriajael.es\/tienda-online\/"},{"@type":"ListItem","position":3,"name":"Brands","item":"https:\/\/www.joyeriajael.es\/en\/brands\/"},{"@type":"ListItem","position":4,"name":"Breitling","item":"https:\/\/www.joyeriajael.es\/en\/brands\/breitling-en\/"},{"@type":"ListItem","position":5,"name":"BREITLING PREMIER B01 CHRONO 42 MM WATCH"}]},{"@type":"WebSite","@id":"https:\/\/www.joyeriajael.es\/en\/#website","url":"https:\/\/www.joyeriajael.es\/en\/","name":"Jael Joyer\u00eda","description":"Jael Joyer\u00eda en Santiago de Compostela y A Coru\u00f1a. Primeras marcas, firmas exclusivas, \u00fanico concesionario autorizado de Rolex en la provincia de A Coru\u00f1a.","publisher":{"@id":"https:\/\/www.joyeriajael.es\/en\/#organization"},"alternateName":"Jael","potentialAction":[{"@type":"SearchAction","target":{"@type":"EntryPoint","urlTemplate":"https:\/\/www.joyeriajael.es\/en\/?s={search_term_string}"},"query-input":{"@type":"PropertyValueSpecification","valueRequired":true,"valueName":"search_term_string"}}],"inLanguage":"en-US"},{"@type":"Organization","@id":"https:\/\/www.joyeriajael.es\/en\/#organization","name":"Jael","alternateName":"Jael joyer\u00eda","url":"https:\/\/www.joyeriajael.es\/en\/","logo":{"@type":"ImageObject","inLanguage":"en-US","@id":"https:\/\/www.joyeriajael.es\/en\/#\/schema\/logo\/image\/","url":"https:\/\/www.joyeriajael.es\/wp-content\/uploads\/2024\/07\/cropped-favicon-1.png","contentUrl":"https:\/\/www.joyeriajael.es\/wp-content\/uploads\/2024\/07\/cropped-favicon-1.png","width":512,"height":512,"caption":"Jael"},"image":{"@id":"https:\/\/www.joyeriajael.es\/en\/#\/schema\/logo\/image\/"}}]},"product_price_amount":"9000.00","product_price_currency":"EUR","og_availability":"instock","product_availability":"instock","product_retailer_item_id":"AB0145371L1P2","product_condition":"new"},"df_price":9000,"df_sale_price":"","df_regular_price":9000,"df_image_link":"https:\/\/www.joyeriajael.es\/wp-content\/uploads\/2024\/10\/RELOJ-BREITLING-PREMIER-B01-CHRONO-42-MM_1-300x300.jpg","_links":{"self":[{"href":"https:\/\/www.joyeriajael.es\/en\/wp-json\/wp\/v2\/product\/75366","targetHints":{"allow":["GET"]}}],"collection":[{"href":"https:\/\/www.joyeriajael.es\/en\/wp-json\/wp\/v2\/product"}],"about":[{"href":"https:\/\/www.joyeriajael.es\/en\/wp-json\/wp\/v2\/types\/product"}],"wp:featuredmedia":[{"embeddable":true,"href":"https:\/\/www.joyeriajael.es\/en\/wp-json\/wp\/v2\/media\/75360"}],"wp:attachment":[{"href":"https:\/\/www.joyeriajael.es\/en\/wp-json\/wp\/v2\/media?parent=75366"}],"wp:term":[{"taxonomy":"product_brand","embeddable":true,"href":"https:\/\/www.joyeriajael.es\/en\/wp-json\/wp\/v2\/product_brand?post=75366"},{"taxonomy":"product_cat","embeddable":true,"href":"https:\/\/www.joyeriajael.es\/en\/wp-json\/wp\/v2\/product_cat?post=75366"},{"taxonomy":"product_tag","embeddable":true,"href":"https:\/\/www.joyeriajael.es\/en\/wp-json\/wp\/v2\/product_tag?post=75366"}],"curies":[{"name":"wp","href":"https:\/\/api.w.org\/{rel}","templated":true}]}}