{"id":75606,"date":"2024-11-07T03:46:37","date_gmt":"2024-11-07T02:46:37","guid":{"rendered":"https:\/\/www.joyeriajael.es\/tienda-online\/reloj-speake-marin-ripples-metallic-green-403mm\/"},"modified":"2026-04-30T03:52:40","modified_gmt":"2026-04-30T01:52:40","slug":"reloj-speake-marin-ripples-metallic-green-403mm","status":"publish","type":"product","link":"https:\/\/www.joyeriajael.es\/en\/producto\/reloj-speake-marin-ripples-metallic-green-403mm\/","title":{"rendered":"RELOJ SPEAKE-MARIN RIPPLES METALLIC GREEN 40,3MM"},"content":{"rendered":"<p>El modelo &#8220;La City&#8221; de edici\u00f3n limitada (60 piezas) cuenta con una caja de acero inoxidable con cristales de zafiro antirreflejos y una esfera verde metalizada con acabado &#8220;Ripples&#8221;. Equipa el calibre autom\u00e1tico SMA03-T 2023 con microrrotor integrado y acabados en rodio, y se completa con una pulsera de acero inoxidable con hebilla desplegable.<\/p>\n","protected":false},"excerpt":{"rendered":"<p>El modelo &#8220;La City&#8221; de edici\u00f3n limitada (60 piezas) cuenta con una caja de acero inoxidable con cristales&hellip;<\/p>\n","protected":false},"featured_media":75832,"template":"","meta":{"_acf_changed":false},"product_brand":[],"product_cat":[710,466,3048],"product_tag":[],"class_list":{"0":"post-75606","1":"product","2":"type-product","3":"status-publish","4":"has-post-thumbnail","6":"product_cat-relojes-hombre","7":"product_cat-relojes","8":"product_cat-speake-marin","9":"pa_marca-speake-marin","11":"first","12":"instock","13":"taxable","14":"shipping-taxable","15":"purchasable","16":"product-type-simple"},"acf":[],"yoast_head":"<!-- This site is optimized with the Yoast SEO Premium plugin v27.4 (Yoast SEO v27.4) - https:\/\/yoast.com\/product\/yoast-seo-premium-wordpress\/ -->\n<title>Reloj Speake-Marin Ripples Metallic Green | 40.33mm | 604015460<\/title>\n<meta name=\"description\" content=\"Este reloj de Speake-Marin, edici\u00f3n limitada con esfera verde \u201cRipples\u201d y microrrotor integrado, une dise\u00f1o y t\u00e9cnica. \u00a1Adqui\u00e9ralo hoy!\" \/>\n<meta name=\"robots\" content=\"index, follow, max-snippet:-1, max-image-preview:large, max-video-preview:-1\" \/>\n<link rel=\"canonical\" href=\"https:\/\/www.joyeriajael.es\/en\/producto\/reloj-speake-marin-ripples-metallic-green-403mm\/\" \/>\n<meta property=\"og:locale\" content=\"en_US\" \/>\n<meta property=\"og:type\" content=\"article\" \/>\n<meta property=\"og:title\" content=\"RELOJ SPEAKE-MARIN RIPPLES METALLIC GREEN 40,3MM\" \/>\n<meta property=\"og:description\" content=\"Este reloj de Speake-Marin, edici\u00f3n limitada con esfera verde \u201cRipples\u201d y microrrotor integrado, une dise\u00f1o y t\u00e9cnica. \u00a1Adqui\u00e9ralo hoy!\" \/>\n<meta property=\"og:url\" content=\"https:\/\/www.joyeriajael.es\/en\/producto\/reloj-speake-marin-ripples-metallic-green-403mm\/\" \/>\n<meta property=\"og:site_name\" content=\"Jael Joyer\u00eda\" \/>\n<meta property=\"article:modified_time\" content=\"2026-04-30T01:52:40+00:00\" \/>\n<meta property=\"og:image\" content=\"https:\/\/www.joyeriajael.es\/wp-content\/uploads\/2024\/11\/RELOJ-SPEAKE-MARIN-RIPPLES-METALLIC-GREEN-403MM-1.jpg\" \/>\n\t<meta property=\"og:image:width\" content=\"900\" \/>\n\t<meta property=\"og:image:height\" content=\"900\" \/>\n\t<meta property=\"og:image:type\" content=\"image\/jpeg\" \/>\n<meta name=\"twitter:card\" content=\"summary_large_image\" \/>\n<meta property=\"product:price:amount\" content=\"29222.00\" \/>\n<meta property=\"product:price:currency\" content=\"EUR\" \/>\n<meta property=\"og:availability\" content=\"instock\" \/>\n<meta property=\"product:availability\" content=\"instock\" \/>\n<meta property=\"product:retailer_item_id\" content=\"604015460\" \/>\n<meta property=\"product:condition\" content=\"new\" \/>\n<!-- \/ Yoast SEO Premium plugin. -->","yoast_head_json":{"title":"Reloj Speake-Marin Ripples Metallic Green | 40.33mm | 604015460","description":"Este reloj de Speake-Marin, edici\u00f3n limitada con esfera verde \u201cRipples\u201d y microrrotor integrado, une dise\u00f1o y t\u00e9cnica. \u00a1Adqui\u00e9ralo hoy!","robots":{"index":"index","follow":"follow","max-snippet":"max-snippet:-1","max-image-preview":"max-image-preview:large","max-video-preview":"max-video-preview:-1"},"canonical":"https:\/\/www.joyeriajael.es\/en\/producto\/reloj-speake-marin-ripples-metallic-green-403mm\/","og_locale":"en_US","og_type":"article","og_title":"RELOJ SPEAKE-MARIN RIPPLES METALLIC GREEN 40,3MM","og_description":"Este reloj de Speake-Marin, edici\u00f3n limitada con esfera verde \u201cRipples\u201d y microrrotor integrado, une dise\u00f1o y t\u00e9cnica. \u00a1Adqui\u00e9ralo hoy!","og_url":"https:\/\/www.joyeriajael.es\/en\/producto\/reloj-speake-marin-ripples-metallic-green-403mm\/","og_site_name":"Jael Joyer\u00eda","article_modified_time":"2026-04-30T01:52:40+00:00","og_image":[{"width":900,"height":900,"url":"https:\/\/www.joyeriajael.es\/wp-content\/uploads\/2024\/11\/RELOJ-SPEAKE-MARIN-RIPPLES-METALLIC-GREEN-403MM-1.jpg","type":"image\/jpeg"}],"twitter_card":"summary_large_image","schema":{"@context":"https:\/\/schema.org","@graph":[{"@type":["WebPage","ItemPage"],"@id":"https:\/\/www.joyeriajael.es\/en\/producto\/reloj-speake-marin-ripples-metallic-green-403mm\/","url":"https:\/\/www.joyeriajael.es\/en\/producto\/reloj-speake-marin-ripples-metallic-green-403mm\/","name":"Reloj Speake-Marin Ripples Metallic Green | 40.33mm | 604015460","isPartOf":{"@id":"https:\/\/www.joyeriajael.es\/en\/#website"},"primaryImageOfPage":{"@id":"https:\/\/www.joyeriajael.es\/en\/producto\/reloj-speake-marin-ripples-metallic-green-403mm\/#primaryimage"},"image":{"@id":"https:\/\/www.joyeriajael.es\/en\/producto\/reloj-speake-marin-ripples-metallic-green-403mm\/#primaryimage"},"thumbnailUrl":"https:\/\/www.joyeriajael.es\/wp-content\/uploads\/2024\/11\/RELOJ-SPEAKE-MARIN-RIPPLES-METALLIC-GREEN-403MM-1.jpg","datePublished":"2024-11-07T02:46:37+00:00","dateModified":"2026-04-30T01:52:40+00:00","description":"Este reloj de Speake-Marin, edici\u00f3n limitada con esfera verde \u201cRipples\u201d y microrrotor integrado, une dise\u00f1o y t\u00e9cnica. \u00a1Adqui\u00e9ralo hoy!","breadcrumb":{"@id":"https:\/\/www.joyeriajael.es\/en\/producto\/reloj-speake-marin-ripples-metallic-green-403mm\/#breadcrumb"},"inLanguage":"en-US","potentialAction":[{"@type":"ReadAction","target":["https:\/\/www.joyeriajael.es\/en\/producto\/reloj-speake-marin-ripples-metallic-green-403mm\/"]}]},{"@type":"ImageObject","inLanguage":"en-US","@id":"https:\/\/www.joyeriajael.es\/en\/producto\/reloj-speake-marin-ripples-metallic-green-403mm\/#primaryimage","url":"https:\/\/www.joyeriajael.es\/wp-content\/uploads\/2024\/11\/RELOJ-SPEAKE-MARIN-RIPPLES-METALLIC-GREEN-403MM-1.jpg","contentUrl":"https:\/\/www.joyeriajael.es\/wp-content\/uploads\/2024\/11\/RELOJ-SPEAKE-MARIN-RIPPLES-METALLIC-GREEN-403MM-1.jpg","width":900,"height":900,"caption":"RELOJ SPEAKE-MARIN RIPPLES METALLIC GREEN 40,3MM"},{"@type":"BreadcrumbList","@id":"https:\/\/www.joyeriajael.es\/en\/producto\/reloj-speake-marin-ripples-metallic-green-403mm\/#breadcrumb","itemListElement":[{"@type":"ListItem","position":1,"name":"Portada","item":"https:\/\/www.joyeriajael.es\/en\/"},{"@type":"ListItem","position":2,"name":"Online store","item":"https:\/\/www.joyeriajael.es\/tienda-online\/"},{"@type":"ListItem","position":3,"name":"Brands","item":"https:\/\/www.joyeriajael.es\/en\/brands\/"},{"@type":"ListItem","position":4,"name":"Speake Marin","item":"https:\/\/www.joyeriajael.es\/en\/brands\/speake-marin-en\/"},{"@type":"ListItem","position":5,"name":"RELOJ SPEAKE-MARIN RIPPLES METALLIC GREEN 40,3MM"}]},{"@type":"WebSite","@id":"https:\/\/www.joyeriajael.es\/en\/#website","url":"https:\/\/www.joyeriajael.es\/en\/","name":"Jael Joyer\u00eda","description":"Jael Joyer\u00eda en Santiago de Compostela y A Coru\u00f1a. Primeras marcas, firmas exclusivas, \u00fanico concesionario autorizado de Rolex en la provincia de A Coru\u00f1a.","publisher":{"@id":"https:\/\/www.joyeriajael.es\/en\/#organization"},"alternateName":"Jael","potentialAction":[{"@type":"SearchAction","target":{"@type":"EntryPoint","urlTemplate":"https:\/\/www.joyeriajael.es\/en\/?s={search_term_string}"},"query-input":{"@type":"PropertyValueSpecification","valueRequired":true,"valueName":"search_term_string"}}],"inLanguage":"en-US"},{"@type":"Organization","@id":"https:\/\/www.joyeriajael.es\/en\/#organization","name":"Jael","alternateName":"Jael joyer\u00eda","url":"https:\/\/www.joyeriajael.es\/en\/","logo":{"@type":"ImageObject","inLanguage":"en-US","@id":"https:\/\/www.joyeriajael.es\/en\/#\/schema\/logo\/image\/","url":"https:\/\/www.joyeriajael.es\/wp-content\/uploads\/2024\/07\/cropped-favicon-1.png","contentUrl":"https:\/\/www.joyeriajael.es\/wp-content\/uploads\/2024\/07\/cropped-favicon-1.png","width":512,"height":512,"caption":"Jael"},"image":{"@id":"https:\/\/www.joyeriajael.es\/en\/#\/schema\/logo\/image\/"}}]},"product_price_amount":"29222.00","product_price_currency":"EUR","og_availability":"instock","product_availability":"instock","product_retailer_item_id":"604015460","product_condition":"new"},"df_price":29222,"df_sale_price":"","df_regular_price":29222,"df_image_link":"https:\/\/www.joyeriajael.es\/wp-content\/uploads\/2024\/11\/RELOJ-SPEAKE-MARIN-RIPPLES-METALLIC-GREEN-403MM-1-300x300.jpg","_links":{"self":[{"href":"https:\/\/www.joyeriajael.es\/en\/wp-json\/wp\/v2\/product\/75606","targetHints":{"allow":["GET"]}}],"collection":[{"href":"https:\/\/www.joyeriajael.es\/en\/wp-json\/wp\/v2\/product"}],"about":[{"href":"https:\/\/www.joyeriajael.es\/en\/wp-json\/wp\/v2\/types\/product"}],"wp:featuredmedia":[{"embeddable":true,"href":"https:\/\/www.joyeriajael.es\/en\/wp-json\/wp\/v2\/media\/75832"}],"wp:attachment":[{"href":"https:\/\/www.joyeriajael.es\/en\/wp-json\/wp\/v2\/media?parent=75606"}],"wp:term":[{"taxonomy":"product_brand","embeddable":true,"href":"https:\/\/www.joyeriajael.es\/en\/wp-json\/wp\/v2\/product_brand?post=75606"},{"taxonomy":"product_cat","embeddable":true,"href":"https:\/\/www.joyeriajael.es\/en\/wp-json\/wp\/v2\/product_cat?post=75606"},{"taxonomy":"product_tag","embeddable":true,"href":"https:\/\/www.joyeriajael.es\/en\/wp-json\/wp\/v2\/product_tag?post=75606"}],"curies":[{"name":"wp","href":"https:\/\/api.w.org\/{rel}","templated":true}]}}