{"id":75795,"date":"2024-11-01T03:45:26","date_gmt":"2024-11-01T02:45:26","guid":{"rendered":"https:\/\/www.joyeriajael.es\/tienda-online\/arnold-son-longitude-42mm-watch-2\/"},"modified":"2024-11-12T10:26:45","modified_gmt":"2024-11-12T09:26:45","slug":"arnold-son-longitude-42mm-watch-2","status":"publish","type":"product","link":"https:\/\/www.joyeriajael.es\/en\/producto\/arnold-son-longitude-42mm-watch-2\/","title":{"rendered":"ARNOLD &amp; SON LONGITUDE 42MM WATCH"},"content":{"rendered":"<p>The Longitude Titanium by Arnold &amp; Son pays homage to John Arnold&#8217;s marine chronometers, incorporating a design inspired by naval aesthetics and the precision principles of historical chronometers. With an ergonomic, water-resistant titanium case, it features a power reserve indicator and a prominent seconds hand. Its curved design and high-strength materials reflect the maritime influence and combine comfort and robustness. The vertically aligned dial recalls the layout of Arnold&#8217;s marine chronometers, essential for navigation in the 18th century.   <\/p>\n","protected":false},"excerpt":{"rendered":"<p>The Longitude Titanium by Arnold &amp; Son pays homage to John Arnold&#8217;s marine chronometers, incorporating a design inspired&hellip;<\/p>\n","protected":false},"featured_media":75766,"template":"","meta":{"_acf_changed":false},"product_brand":[],"product_cat":[3293,499,730],"product_tag":[],"class_list":{"0":"post-75795","1":"product","2":"type-product","3":"status-publish","4":"has-post-thumbnail","6":"product_cat-arnold-and-son-en","7":"product_cat-watches","8":"product_cat-watches-for-men","9":"pa_marca-arnold-son-en","11":"first","12":"instock","13":"taxable","14":"shipping-taxable","15":"purchasable","16":"product-type-simple"},"acf":[],"yoast_head":"<!-- This site is optimized with the Yoast SEO Premium plugin v27.4 (Yoast SEO v27.4) - https:\/\/yoast.com\/product\/yoast-seo-premium-wordpress\/ -->\n<title>ARNOLD &amp; SON LONGITUDE 42MM WATCH<\/title>\n<meta name=\"robots\" content=\"index, follow, max-snippet:-1, max-image-preview:large, max-video-preview:-1\" \/>\n<link rel=\"canonical\" href=\"https:\/\/www.joyeriajael.es\/en\/producto\/arnold-son-longitude-42mm-watch-2\/\" \/>\n<meta property=\"og:locale\" content=\"en_US\" \/>\n<meta property=\"og:type\" content=\"article\" \/>\n<meta property=\"og:title\" content=\"ARNOLD &amp; SON LONGITUDE 42MM WATCH\" \/>\n<meta property=\"og:description\" content=\"The Longitude Titanium by Arnold &amp; Son pays homage to John Arnold&#8217;s marine chronometers, incorporating a design inspired&hellip;\" \/>\n<meta property=\"og:url\" content=\"https:\/\/www.joyeriajael.es\/en\/producto\/arnold-son-longitude-42mm-watch-2\/\" \/>\n<meta property=\"og:site_name\" content=\"Jael Joyer\u00eda\" \/>\n<meta property=\"article:modified_time\" content=\"2024-11-12T09:26:45+00:00\" \/>\n<meta property=\"og:image\" content=\"https:\/\/www.joyeriajael.es\/wp-content\/uploads\/2024\/11\/RELOJ-ARNOLD-SON-LONGITUDE-42MM-1-1.jpg\" \/>\n\t<meta property=\"og:image:width\" content=\"900\" \/>\n\t<meta property=\"og:image:height\" content=\"900\" \/>\n\t<meta property=\"og:image:type\" content=\"image\/jpeg\" \/>\n<meta name=\"twitter:card\" content=\"summary_large_image\" \/>\n<meta property=\"product:price:amount\" content=\"24700.00\" \/>\n<meta property=\"product:price:currency\" content=\"EUR\" \/>\n<meta property=\"og:availability\" content=\"instock\" \/>\n<meta property=\"product:availability\" content=\"instock\" \/>\n<meta property=\"product:retailer_item_id\" content=\"1.LTAT.F01A.N001U\" \/>\n<meta property=\"product:condition\" content=\"new\" \/>\n<!-- \/ Yoast SEO Premium plugin. -->","yoast_head_json":{"title":"ARNOLD &amp; SON LONGITUDE 42MM WATCH","robots":{"index":"index","follow":"follow","max-snippet":"max-snippet:-1","max-image-preview":"max-image-preview:large","max-video-preview":"max-video-preview:-1"},"canonical":"https:\/\/www.joyeriajael.es\/en\/producto\/arnold-son-longitude-42mm-watch-2\/","og_locale":"en_US","og_type":"article","og_title":"ARNOLD &amp; SON LONGITUDE 42MM WATCH","og_description":"The Longitude Titanium by Arnold &amp; Son pays homage to John Arnold&#8217;s marine chronometers, incorporating a design inspired&hellip;","og_url":"https:\/\/www.joyeriajael.es\/en\/producto\/arnold-son-longitude-42mm-watch-2\/","og_site_name":"Jael Joyer\u00eda","article_modified_time":"2024-11-12T09:26:45+00:00","og_image":[{"width":900,"height":900,"url":"https:\/\/www.joyeriajael.es\/wp-content\/uploads\/2024\/11\/RELOJ-ARNOLD-SON-LONGITUDE-42MM-1-1.jpg","type":"image\/jpeg"}],"twitter_card":"summary_large_image","schema":{"@context":"https:\/\/schema.org","@graph":[{"@type":["WebPage","ItemPage"],"@id":"https:\/\/www.joyeriajael.es\/en\/producto\/arnold-son-longitude-42mm-watch-2\/","url":"https:\/\/www.joyeriajael.es\/en\/producto\/arnold-son-longitude-42mm-watch-2\/","name":"ARNOLD &amp; SON LONGITUDE 42MM WATCH","isPartOf":{"@id":"https:\/\/www.joyeriajael.es\/en\/#website"},"primaryImageOfPage":{"@id":"https:\/\/www.joyeriajael.es\/en\/producto\/arnold-son-longitude-42mm-watch-2\/#primaryimage"},"image":{"@id":"https:\/\/www.joyeriajael.es\/en\/producto\/arnold-son-longitude-42mm-watch-2\/#primaryimage"},"thumbnailUrl":"https:\/\/www.joyeriajael.es\/wp-content\/uploads\/2024\/11\/RELOJ-ARNOLD-SON-LONGITUDE-42MM-1-1.jpg","datePublished":"2024-11-01T02:45:26+00:00","dateModified":"2024-11-12T09:26:45+00:00","breadcrumb":{"@id":"https:\/\/www.joyeriajael.es\/en\/producto\/arnold-son-longitude-42mm-watch-2\/#breadcrumb"},"inLanguage":"en-US","potentialAction":[{"@type":"ReadAction","target":["https:\/\/www.joyeriajael.es\/en\/producto\/arnold-son-longitude-42mm-watch-2\/"]}]},{"@type":"ImageObject","inLanguage":"en-US","@id":"https:\/\/www.joyeriajael.es\/en\/producto\/arnold-son-longitude-42mm-watch-2\/#primaryimage","url":"https:\/\/www.joyeriajael.es\/wp-content\/uploads\/2024\/11\/RELOJ-ARNOLD-SON-LONGITUDE-42MM-1-1.jpg","contentUrl":"https:\/\/www.joyeriajael.es\/wp-content\/uploads\/2024\/11\/RELOJ-ARNOLD-SON-LONGITUDE-42MM-1-1.jpg","width":900,"height":900,"caption":"ARNOLD &amp; SON LONGITUDE 42MM WATCH"},{"@type":"BreadcrumbList","@id":"https:\/\/www.joyeriajael.es\/en\/producto\/arnold-son-longitude-42mm-watch-2\/#breadcrumb","itemListElement":[{"@type":"ListItem","position":1,"name":"Portada","item":"https:\/\/www.joyeriajael.es\/en\/"},{"@type":"ListItem","position":2,"name":"Online store","item":"https:\/\/www.joyeriajael.es\/tienda-online\/"},{"@type":"ListItem","position":3,"name":"Brands","item":"https:\/\/www.joyeriajael.es\/en\/brands\/"},{"@type":"ListItem","position":4,"name":"Arnold &amp; Son","item":"https:\/\/www.joyeriajael.es\/en\/brands\/arnold-and-son-en\/"},{"@type":"ListItem","position":5,"name":"ARNOLD &amp; SON LONGITUDE 42MM WATCH"}]},{"@type":"WebSite","@id":"https:\/\/www.joyeriajael.es\/en\/#website","url":"https:\/\/www.joyeriajael.es\/en\/","name":"Jael Joyer\u00eda","description":"Jael Joyer\u00eda en Santiago de Compostela y A Coru\u00f1a. Primeras marcas, firmas exclusivas, \u00fanico concesionario autorizado de Rolex en la provincia de A Coru\u00f1a.","publisher":{"@id":"https:\/\/www.joyeriajael.es\/en\/#organization"},"alternateName":"Jael","potentialAction":[{"@type":"SearchAction","target":{"@type":"EntryPoint","urlTemplate":"https:\/\/www.joyeriajael.es\/en\/?s={search_term_string}"},"query-input":{"@type":"PropertyValueSpecification","valueRequired":true,"valueName":"search_term_string"}}],"inLanguage":"en-US"},{"@type":"Organization","@id":"https:\/\/www.joyeriajael.es\/en\/#organization","name":"Jael","alternateName":"Jael joyer\u00eda","url":"https:\/\/www.joyeriajael.es\/en\/","logo":{"@type":"ImageObject","inLanguage":"en-US","@id":"https:\/\/www.joyeriajael.es\/en\/#\/schema\/logo\/image\/","url":"https:\/\/www.joyeriajael.es\/wp-content\/uploads\/2024\/07\/cropped-favicon-1.png","contentUrl":"https:\/\/www.joyeriajael.es\/wp-content\/uploads\/2024\/07\/cropped-favicon-1.png","width":512,"height":512,"caption":"Jael"},"image":{"@id":"https:\/\/www.joyeriajael.es\/en\/#\/schema\/logo\/image\/"}}]},"product_price_amount":"24700.00","product_price_currency":"EUR","og_availability":"instock","product_availability":"instock","product_retailer_item_id":"1.LTAT.F01A.N001U","product_condition":"new"},"df_price":24700,"df_sale_price":"","df_regular_price":24700,"df_image_link":"https:\/\/www.joyeriajael.es\/wp-content\/uploads\/2024\/11\/RELOJ-ARNOLD-SON-LONGITUDE-42MM-1-1-300x300.jpg","_links":{"self":[{"href":"https:\/\/www.joyeriajael.es\/en\/wp-json\/wp\/v2\/product\/75795","targetHints":{"allow":["GET"]}}],"collection":[{"href":"https:\/\/www.joyeriajael.es\/en\/wp-json\/wp\/v2\/product"}],"about":[{"href":"https:\/\/www.joyeriajael.es\/en\/wp-json\/wp\/v2\/types\/product"}],"wp:featuredmedia":[{"embeddable":true,"href":"https:\/\/www.joyeriajael.es\/en\/wp-json\/wp\/v2\/media\/75766"}],"wp:attachment":[{"href":"https:\/\/www.joyeriajael.es\/en\/wp-json\/wp\/v2\/media?parent=75795"}],"wp:term":[{"taxonomy":"product_brand","embeddable":true,"href":"https:\/\/www.joyeriajael.es\/en\/wp-json\/wp\/v2\/product_brand?post=75795"},{"taxonomy":"product_cat","embeddable":true,"href":"https:\/\/www.joyeriajael.es\/en\/wp-json\/wp\/v2\/product_cat?post=75795"},{"taxonomy":"product_tag","embeddable":true,"href":"https:\/\/www.joyeriajael.es\/en\/wp-json\/wp\/v2\/product_tag?post=75795"}],"curies":[{"name":"wp","href":"https:\/\/api.w.org\/{rel}","templated":true}]}}