{"id":75810,"date":"2024-11-01T03:44:49","date_gmt":"2024-11-01T02:44:49","guid":{"rendered":"https:\/\/www.joyeriajael.es\/tienda-online\/speake-marin-ripples-infinity-date-40-3-mm-watch\/"},"modified":"2024-11-12T10:28:06","modified_gmt":"2024-11-12T09:28:06","slug":"speake-marin-ripples-infinity-date-40-3-mm-watch","status":"publish","type":"product","link":"https:\/\/www.joyeriajael.es\/en\/producto\/speake-marin-ripples-infinity-date-40-3-mm-watch\/","title":{"rendered":"SPEAKE-MARIN RIPPLES INFINITY DATE 40.3 MM WATCH"},"content":{"rendered":"<p>The \u2018La City\u2019 watch features a 40.3 mm stainless steel case and a square bezel with rounded edges. Its rhodium-plated brass dial includes details such as a minute track with shiny dots and a date window at 6 o&#8217;clock. Powered by a self-winding SMA03-TD calibre with integrated micro-rotor, it offers a power reserve of 52 hours. The integrated polished steel bracelet adds a sophisticated and resistant touch.   <\/p>\n","protected":false},"excerpt":{"rendered":"<p>The \u2018La City\u2019 watch features a 40.3 mm stainless steel case and a square bezel with rounded edges.&hellip;<\/p>\n","protected":false},"featured_media":75802,"template":"","meta":{"_acf_changed":false},"product_brand":[],"product_cat":[3049,499,730],"product_tag":[],"class_list":{"0":"post-75810","1":"product","2":"type-product","3":"status-publish","4":"has-post-thumbnail","6":"product_cat-speake-marin-en","7":"product_cat-watches","8":"product_cat-watches-for-men","9":"pa_marca-speake-marin-en","11":"first","12":"outofstock","13":"taxable","14":"shipping-taxable","15":"purchasable","16":"product-type-simple"},"acf":[],"yoast_head":"<!-- This site is optimized with the Yoast SEO Premium plugin v27.4 (Yoast SEO v27.4) - https:\/\/yoast.com\/product\/yoast-seo-premium-wordpress\/ -->\n<title>SPEAKE-MARIN RIPPLES INFINITY DATE 40.3 MM WATCH<\/title>\n<meta name=\"robots\" content=\"index, follow, max-snippet:-1, max-image-preview:large, max-video-preview:-1\" \/>\n<link rel=\"canonical\" href=\"https:\/\/www.joyeriajael.es\/en\/producto\/speake-marin-ripples-infinity-date-40-3-mm-watch\/\" \/>\n<meta property=\"og:locale\" content=\"en_US\" \/>\n<meta property=\"og:type\" content=\"article\" \/>\n<meta property=\"og:title\" content=\"SPEAKE-MARIN RIPPLES INFINITY DATE 40.3 MM WATCH\" \/>\n<meta property=\"og:description\" content=\"The \u2018La City\u2019 watch features a 40.3 mm stainless steel case and a square bezel with rounded edges.&hellip;\" \/>\n<meta property=\"og:url\" content=\"https:\/\/www.joyeriajael.es\/en\/producto\/speake-marin-ripples-infinity-date-40-3-mm-watch\/\" \/>\n<meta property=\"og:site_name\" content=\"Jael Joyer\u00eda\" \/>\n<meta property=\"article:modified_time\" content=\"2024-11-12T09:28:06+00:00\" \/>\n<meta property=\"og:image\" content=\"https:\/\/www.joyeriajael.es\/wp-content\/uploads\/2024\/11\/RELOJ-SPEAKE-MARIN-RIPPLES-INFINITY-DATE-40.3-MM-1.jpg\" \/>\n\t<meta property=\"og:image:width\" content=\"900\" \/>\n\t<meta property=\"og:image:height\" content=\"900\" \/>\n\t<meta property=\"og:image:type\" content=\"image\/jpeg\" \/>\n<meta name=\"twitter:card\" content=\"summary_large_image\" \/>\n<meta property=\"product:price:amount\" content=\"29787.00\" \/>\n<meta property=\"product:price:currency\" content=\"EUR\" \/>\n<meta property=\"og:availability\" content=\"out of stock\" \/>\n<meta property=\"product:availability\" content=\"out of stock\" \/>\n<meta property=\"product:retailer_item_id\" content=\"604018440\" \/>\n<meta property=\"product:condition\" content=\"new\" \/>\n<!-- \/ Yoast SEO Premium plugin. -->","yoast_head_json":{"title":"SPEAKE-MARIN RIPPLES INFINITY DATE 40.3 MM WATCH","robots":{"index":"index","follow":"follow","max-snippet":"max-snippet:-1","max-image-preview":"max-image-preview:large","max-video-preview":"max-video-preview:-1"},"canonical":"https:\/\/www.joyeriajael.es\/en\/producto\/speake-marin-ripples-infinity-date-40-3-mm-watch\/","og_locale":"en_US","og_type":"article","og_title":"SPEAKE-MARIN RIPPLES INFINITY DATE 40.3 MM WATCH","og_description":"The \u2018La City\u2019 watch features a 40.3 mm stainless steel case and a square bezel with rounded edges.&hellip;","og_url":"https:\/\/www.joyeriajael.es\/en\/producto\/speake-marin-ripples-infinity-date-40-3-mm-watch\/","og_site_name":"Jael Joyer\u00eda","article_modified_time":"2024-11-12T09:28:06+00:00","og_image":[{"width":900,"height":900,"url":"https:\/\/www.joyeriajael.es\/wp-content\/uploads\/2024\/11\/RELOJ-SPEAKE-MARIN-RIPPLES-INFINITY-DATE-40.3-MM-1.jpg","type":"image\/jpeg"}],"twitter_card":"summary_large_image","schema":{"@context":"https:\/\/schema.org","@graph":[{"@type":["WebPage","ItemPage"],"@id":"https:\/\/www.joyeriajael.es\/en\/producto\/speake-marin-ripples-infinity-date-40-3-mm-watch\/","url":"https:\/\/www.joyeriajael.es\/en\/producto\/speake-marin-ripples-infinity-date-40-3-mm-watch\/","name":"SPEAKE-MARIN RIPPLES INFINITY DATE 40.3 MM WATCH","isPartOf":{"@id":"https:\/\/www.joyeriajael.es\/en\/#website"},"primaryImageOfPage":{"@id":"https:\/\/www.joyeriajael.es\/en\/producto\/speake-marin-ripples-infinity-date-40-3-mm-watch\/#primaryimage"},"image":{"@id":"https:\/\/www.joyeriajael.es\/en\/producto\/speake-marin-ripples-infinity-date-40-3-mm-watch\/#primaryimage"},"thumbnailUrl":"https:\/\/www.joyeriajael.es\/wp-content\/uploads\/2024\/11\/RELOJ-SPEAKE-MARIN-RIPPLES-INFINITY-DATE-40.3-MM-1.jpg","datePublished":"2024-11-01T02:44:49+00:00","dateModified":"2024-11-12T09:28:06+00:00","breadcrumb":{"@id":"https:\/\/www.joyeriajael.es\/en\/producto\/speake-marin-ripples-infinity-date-40-3-mm-watch\/#breadcrumb"},"inLanguage":"en-US","potentialAction":[{"@type":"ReadAction","target":["https:\/\/www.joyeriajael.es\/en\/producto\/speake-marin-ripples-infinity-date-40-3-mm-watch\/"]}]},{"@type":"ImageObject","inLanguage":"en-US","@id":"https:\/\/www.joyeriajael.es\/en\/producto\/speake-marin-ripples-infinity-date-40-3-mm-watch\/#primaryimage","url":"https:\/\/www.joyeriajael.es\/wp-content\/uploads\/2024\/11\/RELOJ-SPEAKE-MARIN-RIPPLES-INFINITY-DATE-40.3-MM-1.jpg","contentUrl":"https:\/\/www.joyeriajael.es\/wp-content\/uploads\/2024\/11\/RELOJ-SPEAKE-MARIN-RIPPLES-INFINITY-DATE-40.3-MM-1.jpg","width":900,"height":900,"caption":"SPEAKE-MARIN RIPPLES INFINITY DATE 40.3 MM WATCH"},{"@type":"BreadcrumbList","@id":"https:\/\/www.joyeriajael.es\/en\/producto\/speake-marin-ripples-infinity-date-40-3-mm-watch\/#breadcrumb","itemListElement":[{"@type":"ListItem","position":1,"name":"Portada","item":"https:\/\/www.joyeriajael.es\/en\/"},{"@type":"ListItem","position":2,"name":"Online store","item":"https:\/\/www.joyeriajael.es\/tienda-online\/"},{"@type":"ListItem","position":3,"name":"Brands","item":"https:\/\/www.joyeriajael.es\/en\/brands\/"},{"@type":"ListItem","position":4,"name":"Speake Marin","item":"https:\/\/www.joyeriajael.es\/en\/brands\/speake-marin-en\/"},{"@type":"ListItem","position":5,"name":"SPEAKE-MARIN RIPPLES INFINITY DATE 40.3 MM WATCH"}]},{"@type":"WebSite","@id":"https:\/\/www.joyeriajael.es\/en\/#website","url":"https:\/\/www.joyeriajael.es\/en\/","name":"Jael Joyer\u00eda","description":"Jael Joyer\u00eda en Santiago de Compostela y A Coru\u00f1a. Primeras marcas, firmas exclusivas, \u00fanico concesionario autorizado de Rolex en la provincia de A Coru\u00f1a.","publisher":{"@id":"https:\/\/www.joyeriajael.es\/en\/#organization"},"alternateName":"Jael","potentialAction":[{"@type":"SearchAction","target":{"@type":"EntryPoint","urlTemplate":"https:\/\/www.joyeriajael.es\/en\/?s={search_term_string}"},"query-input":{"@type":"PropertyValueSpecification","valueRequired":true,"valueName":"search_term_string"}}],"inLanguage":"en-US"},{"@type":"Organization","@id":"https:\/\/www.joyeriajael.es\/en\/#organization","name":"Jael","alternateName":"Jael joyer\u00eda","url":"https:\/\/www.joyeriajael.es\/en\/","logo":{"@type":"ImageObject","inLanguage":"en-US","@id":"https:\/\/www.joyeriajael.es\/en\/#\/schema\/logo\/image\/","url":"https:\/\/www.joyeriajael.es\/wp-content\/uploads\/2024\/07\/cropped-favicon-1.png","contentUrl":"https:\/\/www.joyeriajael.es\/wp-content\/uploads\/2024\/07\/cropped-favicon-1.png","width":512,"height":512,"caption":"Jael"},"image":{"@id":"https:\/\/www.joyeriajael.es\/en\/#\/schema\/logo\/image\/"}}]},"product_price_amount":"29787.00","product_price_currency":"EUR","og_availability":"out of stock","product_availability":"out of stock","product_retailer_item_id":"604018440","product_condition":"new"},"df_price":29787,"df_sale_price":"","df_regular_price":29787,"df_image_link":"https:\/\/www.joyeriajael.es\/wp-content\/uploads\/2024\/11\/RELOJ-SPEAKE-MARIN-RIPPLES-INFINITY-DATE-40.3-MM-1-300x300.jpg","_links":{"self":[{"href":"https:\/\/www.joyeriajael.es\/en\/wp-json\/wp\/v2\/product\/75810","targetHints":{"allow":["GET"]}}],"collection":[{"href":"https:\/\/www.joyeriajael.es\/en\/wp-json\/wp\/v2\/product"}],"about":[{"href":"https:\/\/www.joyeriajael.es\/en\/wp-json\/wp\/v2\/types\/product"}],"wp:featuredmedia":[{"embeddable":true,"href":"https:\/\/www.joyeriajael.es\/en\/wp-json\/wp\/v2\/media\/75802"}],"wp:attachment":[{"href":"https:\/\/www.joyeriajael.es\/en\/wp-json\/wp\/v2\/media?parent=75810"}],"wp:term":[{"taxonomy":"product_brand","embeddable":true,"href":"https:\/\/www.joyeriajael.es\/en\/wp-json\/wp\/v2\/product_brand?post=75810"},{"taxonomy":"product_cat","embeddable":true,"href":"https:\/\/www.joyeriajael.es\/en\/wp-json\/wp\/v2\/product_cat?post=75810"},{"taxonomy":"product_tag","embeddable":true,"href":"https:\/\/www.joyeriajael.es\/en\/wp-json\/wp\/v2\/product_tag?post=75810"}],"curies":[{"name":"wp","href":"https:\/\/api.w.org\/{rel}","templated":true}]}}