{"id":75954,"date":"2024-11-01T03:29:22","date_gmt":"2024-11-01T02:29:22","guid":{"rendered":"https:\/\/www.joyeriajael.es\/tienda-online\/frederique-constant-highlife-ladies-34mm-watch\/"},"modified":"2024-11-12T14:14:47","modified_gmt":"2024-11-12T13:14:47","slug":"frederique-constant-highlife-ladies-34mm-watch","status":"publish","type":"product","link":"https:\/\/www.joyeriajael.es\/en\/producto\/frederique-constant-highlife-ladies-34mm-watch\/","title":{"rendered":"FR\u00c9DERIQUE CONSTANT HIGHLIFE LADIES 34MM WATCH"},"content":{"rendered":"<p>The Highlife Ladies Automatic is the perfect balance between classic, sporty and modern. Depending on your personal preference, it can also be personalised by exchanging the original bracelet for the rubber strap that comes with the watch.<\/p>\n","protected":false},"excerpt":{"rendered":"<p>The Highlife Ladies Automatic is the perfect balance between classic, sporty and modern. Depending on your personal preference,&hellip;<\/p>\n","protected":false},"featured_media":75951,"template":"","meta":{"_acf_changed":false},"product_brand":[],"product_cat":[718,3866,499,731],"product_tag":[],"class_list":{"0":"post-75954","1":"product","2":"type-product","3":"status-publish","4":"has-post-thumbnail","6":"product_cat-frederique-constant-en","7":"product_cat-highlife-en","8":"product_cat-watches","9":"product_cat-watches-for-women","10":"pa_marca-frederique-constant-en","12":"first","13":"instock","14":"taxable","15":"shipping-taxable","16":"purchasable","17":"product-type-simple"},"acf":[],"yoast_head":"<!-- This site is optimized with the Yoast SEO Premium plugin v27.4 (Yoast SEO v27.4) - https:\/\/yoast.com\/product\/yoast-seo-premium-wordpress\/ -->\n<title>FR\u00c9DERIQUE CONSTANT HIGHLIFE LADIES 34MM WATCH<\/title>\n<meta name=\"robots\" content=\"index, follow, max-snippet:-1, max-image-preview:large, max-video-preview:-1\" \/>\n<link rel=\"canonical\" href=\"https:\/\/www.joyeriajael.es\/en\/producto\/frederique-constant-highlife-ladies-34mm-watch\/\" \/>\n<meta property=\"og:locale\" content=\"en_US\" \/>\n<meta property=\"og:type\" content=\"article\" \/>\n<meta property=\"og:title\" content=\"FR\u00c9DERIQUE CONSTANT HIGHLIFE LADIES 34MM WATCH\" \/>\n<meta property=\"og:description\" content=\"The Highlife Ladies Automatic is the perfect balance between classic, sporty and modern. Depending on your personal preference,&hellip;\" \/>\n<meta property=\"og:url\" content=\"https:\/\/www.joyeriajael.es\/en\/producto\/frederique-constant-highlife-ladies-34mm-watch\/\" \/>\n<meta property=\"og:site_name\" content=\"Jael Joyer\u00eda\" \/>\n<meta property=\"article:modified_time\" content=\"2024-11-12T13:14:47+00:00\" \/>\n<meta property=\"og:image\" content=\"https:\/\/www.joyeriajael.es\/wp-content\/uploads\/2024\/11\/RELOJ-FREDERIQUE-CONSTANT-HIGHLIFE-LADIES-34MM-1.jpg\" \/>\n\t<meta property=\"og:image:width\" content=\"900\" \/>\n\t<meta property=\"og:image:height\" content=\"900\" \/>\n\t<meta property=\"og:image:type\" content=\"image\/jpeg\" \/>\n<meta name=\"twitter:card\" content=\"summary_large_image\" \/>\n<meta property=\"product:price:amount\" content=\"2095.00\" \/>\n<meta property=\"product:price:currency\" content=\"EUR\" \/>\n<meta property=\"og:availability\" content=\"instock\" \/>\n<meta property=\"product:availability\" content=\"instock\" \/>\n<meta property=\"product:retailer_item_id\" content=\"FC303LB2NH6B\" \/>\n<meta property=\"product:condition\" content=\"new\" \/>\n<!-- \/ Yoast SEO Premium plugin. -->","yoast_head_json":{"title":"FR\u00c9DERIQUE CONSTANT HIGHLIFE LADIES 34MM WATCH","robots":{"index":"index","follow":"follow","max-snippet":"max-snippet:-1","max-image-preview":"max-image-preview:large","max-video-preview":"max-video-preview:-1"},"canonical":"https:\/\/www.joyeriajael.es\/en\/producto\/frederique-constant-highlife-ladies-34mm-watch\/","og_locale":"en_US","og_type":"article","og_title":"FR\u00c9DERIQUE CONSTANT HIGHLIFE LADIES 34MM WATCH","og_description":"The Highlife Ladies Automatic is the perfect balance between classic, sporty and modern. Depending on your personal preference,&hellip;","og_url":"https:\/\/www.joyeriajael.es\/en\/producto\/frederique-constant-highlife-ladies-34mm-watch\/","og_site_name":"Jael Joyer\u00eda","article_modified_time":"2024-11-12T13:14:47+00:00","og_image":[{"width":900,"height":900,"url":"https:\/\/www.joyeriajael.es\/wp-content\/uploads\/2024\/11\/RELOJ-FREDERIQUE-CONSTANT-HIGHLIFE-LADIES-34MM-1.jpg","type":"image\/jpeg"}],"twitter_card":"summary_large_image","schema":{"@context":"https:\/\/schema.org","@graph":[{"@type":["WebPage","ItemPage"],"@id":"https:\/\/www.joyeriajael.es\/en\/producto\/frederique-constant-highlife-ladies-34mm-watch\/","url":"https:\/\/www.joyeriajael.es\/en\/producto\/frederique-constant-highlife-ladies-34mm-watch\/","name":"FR\u00c9DERIQUE CONSTANT HIGHLIFE LADIES 34MM WATCH","isPartOf":{"@id":"https:\/\/www.joyeriajael.es\/en\/#website"},"primaryImageOfPage":{"@id":"https:\/\/www.joyeriajael.es\/en\/producto\/frederique-constant-highlife-ladies-34mm-watch\/#primaryimage"},"image":{"@id":"https:\/\/www.joyeriajael.es\/en\/producto\/frederique-constant-highlife-ladies-34mm-watch\/#primaryimage"},"thumbnailUrl":"https:\/\/www.joyeriajael.es\/wp-content\/uploads\/2024\/11\/RELOJ-FREDERIQUE-CONSTANT-HIGHLIFE-LADIES-34MM-1.jpg","datePublished":"2024-11-01T02:29:22+00:00","dateModified":"2024-11-12T13:14:47+00:00","breadcrumb":{"@id":"https:\/\/www.joyeriajael.es\/en\/producto\/frederique-constant-highlife-ladies-34mm-watch\/#breadcrumb"},"inLanguage":"en-US","potentialAction":[{"@type":"ReadAction","target":["https:\/\/www.joyeriajael.es\/en\/producto\/frederique-constant-highlife-ladies-34mm-watch\/"]}]},{"@type":"ImageObject","inLanguage":"en-US","@id":"https:\/\/www.joyeriajael.es\/en\/producto\/frederique-constant-highlife-ladies-34mm-watch\/#primaryimage","url":"https:\/\/www.joyeriajael.es\/wp-content\/uploads\/2024\/11\/RELOJ-FREDERIQUE-CONSTANT-HIGHLIFE-LADIES-34MM-1.jpg","contentUrl":"https:\/\/www.joyeriajael.es\/wp-content\/uploads\/2024\/11\/RELOJ-FREDERIQUE-CONSTANT-HIGHLIFE-LADIES-34MM-1.jpg","width":900,"height":900,"caption":"FR\u00c9DERIQUE CONSTANT HIGHLIFE LADIES 34MM WATCH"},{"@type":"BreadcrumbList","@id":"https:\/\/www.joyeriajael.es\/en\/producto\/frederique-constant-highlife-ladies-34mm-watch\/#breadcrumb","itemListElement":[{"@type":"ListItem","position":1,"name":"Portada","item":"https:\/\/www.joyeriajael.es\/en\/"},{"@type":"ListItem","position":2,"name":"Online store","item":"https:\/\/www.joyeriajael.es\/tienda-online\/"},{"@type":"ListItem","position":3,"name":"Brands","item":"https:\/\/www.joyeriajael.es\/en\/brands\/"},{"@type":"ListItem","position":4,"name":"Frederique Constant","item":"https:\/\/www.joyeriajael.es\/en\/brands\/frederique-constant-en\/"},{"@type":"ListItem","position":5,"name":"FR\u00c9DERIQUE CONSTANT HIGHLIFE LADIES 34MM WATCH"}]},{"@type":"WebSite","@id":"https:\/\/www.joyeriajael.es\/en\/#website","url":"https:\/\/www.joyeriajael.es\/en\/","name":"Jael Joyer\u00eda","description":"Jael Joyer\u00eda en Santiago de Compostela y A Coru\u00f1a. Primeras marcas, firmas exclusivas, \u00fanico concesionario autorizado de Rolex en la provincia de A Coru\u00f1a.","publisher":{"@id":"https:\/\/www.joyeriajael.es\/en\/#organization"},"alternateName":"Jael","potentialAction":[{"@type":"SearchAction","target":{"@type":"EntryPoint","urlTemplate":"https:\/\/www.joyeriajael.es\/en\/?s={search_term_string}"},"query-input":{"@type":"PropertyValueSpecification","valueRequired":true,"valueName":"search_term_string"}}],"inLanguage":"en-US"},{"@type":"Organization","@id":"https:\/\/www.joyeriajael.es\/en\/#organization","name":"Jael","alternateName":"Jael joyer\u00eda","url":"https:\/\/www.joyeriajael.es\/en\/","logo":{"@type":"ImageObject","inLanguage":"en-US","@id":"https:\/\/www.joyeriajael.es\/en\/#\/schema\/logo\/image\/","url":"https:\/\/www.joyeriajael.es\/wp-content\/uploads\/2024\/07\/cropped-favicon-1.png","contentUrl":"https:\/\/www.joyeriajael.es\/wp-content\/uploads\/2024\/07\/cropped-favicon-1.png","width":512,"height":512,"caption":"Jael"},"image":{"@id":"https:\/\/www.joyeriajael.es\/en\/#\/schema\/logo\/image\/"}}]},"product_price_amount":"2095.00","product_price_currency":"EUR","og_availability":"instock","product_availability":"instock","product_retailer_item_id":"FC303LB2NH6B","product_condition":"new"},"df_price":2095,"df_sale_price":"","df_regular_price":2095,"df_image_link":"https:\/\/www.joyeriajael.es\/wp-content\/uploads\/2024\/11\/RELOJ-FREDERIQUE-CONSTANT-HIGHLIFE-LADIES-34MM-1-300x300.jpg","_links":{"self":[{"href":"https:\/\/www.joyeriajael.es\/en\/wp-json\/wp\/v2\/product\/75954","targetHints":{"allow":["GET"]}}],"collection":[{"href":"https:\/\/www.joyeriajael.es\/en\/wp-json\/wp\/v2\/product"}],"about":[{"href":"https:\/\/www.joyeriajael.es\/en\/wp-json\/wp\/v2\/types\/product"}],"wp:featuredmedia":[{"embeddable":true,"href":"https:\/\/www.joyeriajael.es\/en\/wp-json\/wp\/v2\/media\/75951"}],"wp:attachment":[{"href":"https:\/\/www.joyeriajael.es\/en\/wp-json\/wp\/v2\/media?parent=75954"}],"wp:term":[{"taxonomy":"product_brand","embeddable":true,"href":"https:\/\/www.joyeriajael.es\/en\/wp-json\/wp\/v2\/product_brand?post=75954"},{"taxonomy":"product_cat","embeddable":true,"href":"https:\/\/www.joyeriajael.es\/en\/wp-json\/wp\/v2\/product_cat?post=75954"},{"taxonomy":"product_tag","embeddable":true,"href":"https:\/\/www.joyeriajael.es\/en\/wp-json\/wp\/v2\/product_tag?post=75954"}],"curies":[{"name":"wp","href":"https:\/\/api.w.org\/{rel}","templated":true}]}}