{"id":76089,"date":"2024-11-01T03:27:35","date_gmt":"2024-11-01T02:27:35","guid":{"rendered":"https:\/\/www.joyeriajael.es\/tienda-online\/bulgari-bulgari-21mm\/"},"modified":"2024-11-13T16:57:51","modified_gmt":"2024-11-13T15:57:51","slug":"bulgari-bulgari-21mm","status":"publish","type":"product","link":"https:\/\/www.joyeriajael.es\/en\/producto\/bulgari-bulgari-21mm\/","title":{"rendered":"BULGARI BULGARI 21MM"},"content":{"rendered":"<p>Fusing two of the emblems of Bvlgari&#8217;s pioneering spirit and innovative design, the Bvlgari Bvlgari Tubogas watch brings together the tubular lightness of the famous Tubogas jewellery technique with the Maison&#8217;s iconic aesthetic signature. The double logo engraved on the 18 Ct yellow gold bezel, inspired by the circular inscriptions on ancient Roman coins, frames the black lacquered dial and expresses Bvlgari&#8217;s unique ability to fuse culture and modernity in creations that transcend time and trends. The supple two-turn bracelet in three golds is inspired by the Maison&#8217;s Historical Archives.  <\/p>\n","protected":false},"excerpt":{"rendered":"<p>Fusing two of the emblems of Bvlgari&#8217;s pioneering spirit and innovative design, the Bvlgari Bvlgari Tubogas watch brings&hellip;<\/p>\n","protected":false},"featured_media":76085,"template":"","meta":{"_acf_changed":false},"product_brand":[],"product_cat":[715,3797,499,731],"product_tag":[],"class_list":{"0":"post-76089","1":"product","2":"type-product","3":"status-publish","4":"has-post-thumbnail","6":"product_cat-bulgari-en","7":"product_cat-bulgari-bulgari-en","8":"product_cat-watches","9":"product_cat-watches-for-women","10":"pa_marca-bvlgari-en","12":"first","13":"instock","14":"taxable","15":"shipping-taxable","16":"purchasable","17":"product-type-simple"},"acf":[],"yoast_head":"<!-- This site is optimized with the Yoast SEO Premium plugin v27.4 (Yoast SEO v27.4) - https:\/\/yoast.com\/product\/yoast-seo-premium-wordpress\/ -->\n<title>BULGARI BULGARI 21MM<\/title>\n<meta name=\"robots\" content=\"index, follow, max-snippet:-1, max-image-preview:large, max-video-preview:-1\" \/>\n<link rel=\"canonical\" href=\"https:\/\/www.joyeriajael.es\/en\/producto\/bulgari-bulgari-21mm\/\" \/>\n<meta property=\"og:locale\" content=\"en_US\" \/>\n<meta property=\"og:type\" content=\"article\" \/>\n<meta property=\"og:title\" content=\"BULGARI BULGARI 21MM\" \/>\n<meta property=\"og:description\" content=\"Fusing two of the emblems of Bvlgari&#8217;s pioneering spirit and innovative design, the Bvlgari Bvlgari Tubogas watch brings&hellip;\" \/>\n<meta property=\"og:url\" content=\"https:\/\/www.joyeriajael.es\/en\/producto\/bulgari-bulgari-21mm\/\" \/>\n<meta property=\"og:site_name\" content=\"Jael Joyer\u00eda\" \/>\n<meta property=\"article:modified_time\" content=\"2024-11-13T15:57:51+00:00\" \/>\n<meta property=\"og:image\" content=\"https:\/\/www.joyeriajael.es\/wp-content\/uploads\/2024\/11\/BULGARI-BULGARI-21MM-1.jpg\" \/>\n\t<meta property=\"og:image:width\" content=\"900\" \/>\n\t<meta property=\"og:image:height\" content=\"900\" \/>\n\t<meta property=\"og:image:type\" content=\"image\/jpeg\" \/>\n<meta name=\"twitter:card\" content=\"summary_large_image\" \/>\n<meta property=\"product:price:amount\" content=\"47500.00\" \/>\n<meta property=\"product:price:currency\" content=\"EUR\" \/>\n<meta property=\"og:availability\" content=\"instock\" \/>\n<meta property=\"product:availability\" content=\"instock\" \/>\n<meta property=\"product:retailer_item_id\" content=\"103776\" \/>\n<meta property=\"product:condition\" content=\"new\" \/>\n<!-- \/ Yoast SEO Premium plugin. -->","yoast_head_json":{"title":"BULGARI BULGARI 21MM","robots":{"index":"index","follow":"follow","max-snippet":"max-snippet:-1","max-image-preview":"max-image-preview:large","max-video-preview":"max-video-preview:-1"},"canonical":"https:\/\/www.joyeriajael.es\/en\/producto\/bulgari-bulgari-21mm\/","og_locale":"en_US","og_type":"article","og_title":"BULGARI BULGARI 21MM","og_description":"Fusing two of the emblems of Bvlgari&#8217;s pioneering spirit and innovative design, the Bvlgari Bvlgari Tubogas watch brings&hellip;","og_url":"https:\/\/www.joyeriajael.es\/en\/producto\/bulgari-bulgari-21mm\/","og_site_name":"Jael Joyer\u00eda","article_modified_time":"2024-11-13T15:57:51+00:00","og_image":[{"width":900,"height":900,"url":"https:\/\/www.joyeriajael.es\/wp-content\/uploads\/2024\/11\/BULGARI-BULGARI-21MM-1.jpg","type":"image\/jpeg"}],"twitter_card":"summary_large_image","schema":{"@context":"https:\/\/schema.org","@graph":[{"@type":["WebPage","ItemPage"],"@id":"https:\/\/www.joyeriajael.es\/en\/producto\/bulgari-bulgari-21mm\/","url":"https:\/\/www.joyeriajael.es\/en\/producto\/bulgari-bulgari-21mm\/","name":"BULGARI BULGARI 21MM","isPartOf":{"@id":"https:\/\/www.joyeriajael.es\/en\/#website"},"primaryImageOfPage":{"@id":"https:\/\/www.joyeriajael.es\/en\/producto\/bulgari-bulgari-21mm\/#primaryimage"},"image":{"@id":"https:\/\/www.joyeriajael.es\/en\/producto\/bulgari-bulgari-21mm\/#primaryimage"},"thumbnailUrl":"https:\/\/www.joyeriajael.es\/wp-content\/uploads\/2024\/11\/BULGARI-BULGARI-21MM-1.jpg","datePublished":"2024-11-01T02:27:35+00:00","dateModified":"2024-11-13T15:57:51+00:00","breadcrumb":{"@id":"https:\/\/www.joyeriajael.es\/en\/producto\/bulgari-bulgari-21mm\/#breadcrumb"},"inLanguage":"en-US","potentialAction":[{"@type":"ReadAction","target":["https:\/\/www.joyeriajael.es\/en\/producto\/bulgari-bulgari-21mm\/"]}]},{"@type":"ImageObject","inLanguage":"en-US","@id":"https:\/\/www.joyeriajael.es\/en\/producto\/bulgari-bulgari-21mm\/#primaryimage","url":"https:\/\/www.joyeriajael.es\/wp-content\/uploads\/2024\/11\/BULGARI-BULGARI-21MM-1.jpg","contentUrl":"https:\/\/www.joyeriajael.es\/wp-content\/uploads\/2024\/11\/BULGARI-BULGARI-21MM-1.jpg","width":900,"height":900,"caption":"BULGARI BULGARI 21MM"},{"@type":"BreadcrumbList","@id":"https:\/\/www.joyeriajael.es\/en\/producto\/bulgari-bulgari-21mm\/#breadcrumb","itemListElement":[{"@type":"ListItem","position":1,"name":"Portada","item":"https:\/\/www.joyeriajael.es\/en\/"},{"@type":"ListItem","position":2,"name":"Online store","item":"https:\/\/www.joyeriajael.es\/tienda-online\/"},{"@type":"ListItem","position":3,"name":"Brands","item":"https:\/\/www.joyeriajael.es\/en\/brands\/"},{"@type":"ListItem","position":4,"name":"Bulgari","item":"https:\/\/www.joyeriajael.es\/en\/brands\/bulgari-en\/"},{"@type":"ListItem","position":5,"name":"BULGARI BULGARI 21MM"}]},{"@type":"WebSite","@id":"https:\/\/www.joyeriajael.es\/en\/#website","url":"https:\/\/www.joyeriajael.es\/en\/","name":"Jael Joyer\u00eda","description":"Jael Joyer\u00eda en Santiago de Compostela y A Coru\u00f1a. Primeras marcas, firmas exclusivas, \u00fanico concesionario autorizado de Rolex en la provincia de A Coru\u00f1a.","publisher":{"@id":"https:\/\/www.joyeriajael.es\/en\/#organization"},"alternateName":"Jael","potentialAction":[{"@type":"SearchAction","target":{"@type":"EntryPoint","urlTemplate":"https:\/\/www.joyeriajael.es\/en\/?s={search_term_string}"},"query-input":{"@type":"PropertyValueSpecification","valueRequired":true,"valueName":"search_term_string"}}],"inLanguage":"en-US"},{"@type":"Organization","@id":"https:\/\/www.joyeriajael.es\/en\/#organization","name":"Jael","alternateName":"Jael joyer\u00eda","url":"https:\/\/www.joyeriajael.es\/en\/","logo":{"@type":"ImageObject","inLanguage":"en-US","@id":"https:\/\/www.joyeriajael.es\/en\/#\/schema\/logo\/image\/","url":"https:\/\/www.joyeriajael.es\/wp-content\/uploads\/2024\/07\/cropped-favicon-1.png","contentUrl":"https:\/\/www.joyeriajael.es\/wp-content\/uploads\/2024\/07\/cropped-favicon-1.png","width":512,"height":512,"caption":"Jael"},"image":{"@id":"https:\/\/www.joyeriajael.es\/en\/#\/schema\/logo\/image\/"}}]},"product_price_amount":"47500.00","product_price_currency":"EUR","og_availability":"instock","product_availability":"instock","product_retailer_item_id":"103776","product_condition":"new"},"df_price":47500,"df_sale_price":"","df_regular_price":47500,"df_image_link":"https:\/\/www.joyeriajael.es\/wp-content\/uploads\/2024\/11\/BULGARI-BULGARI-21MM-1-300x300.jpg","_links":{"self":[{"href":"https:\/\/www.joyeriajael.es\/en\/wp-json\/wp\/v2\/product\/76089","targetHints":{"allow":["GET"]}}],"collection":[{"href":"https:\/\/www.joyeriajael.es\/en\/wp-json\/wp\/v2\/product"}],"about":[{"href":"https:\/\/www.joyeriajael.es\/en\/wp-json\/wp\/v2\/types\/product"}],"wp:featuredmedia":[{"embeddable":true,"href":"https:\/\/www.joyeriajael.es\/en\/wp-json\/wp\/v2\/media\/76085"}],"wp:attachment":[{"href":"https:\/\/www.joyeriajael.es\/en\/wp-json\/wp\/v2\/media?parent=76089"}],"wp:term":[{"taxonomy":"product_brand","embeddable":true,"href":"https:\/\/www.joyeriajael.es\/en\/wp-json\/wp\/v2\/product_brand?post=76089"},{"taxonomy":"product_cat","embeddable":true,"href":"https:\/\/www.joyeriajael.es\/en\/wp-json\/wp\/v2\/product_cat?post=76089"},{"taxonomy":"product_tag","embeddable":true,"href":"https:\/\/www.joyeriajael.es\/en\/wp-json\/wp\/v2\/product_tag?post=76089"}],"curies":[{"name":"wp","href":"https:\/\/api.w.org\/{rel}","templated":true}]}}