{"id":76449,"date":"2024-11-09T03:40:34","date_gmt":"2024-11-09T02:40:34","guid":{"rendered":"https:\/\/www.joyeriajael.es\/tienda-online\/garmin-vivoactive-5-gps-watch\/"},"modified":"2024-11-15T11:21:18","modified_gmt":"2024-11-15T10:21:18","slug":"garmin-vivoactive-5-gps-watch","status":"publish","type":"product","link":"https:\/\/www.joyeriajael.es\/en\/producto\/garmin-vivoactive-5-gps-watch\/","title":{"rendered":"GARMIN VIVOACTIVE 5 GPS WATCH"},"content":{"rendered":"<p>The v\u00edvoactive 5 is an advanced smartwatch that offers up to 11 days of battery life and innovative features like the Body Battery\u2122 power monitor and sleep score with personalised tips. It includes over 30 sports apps, workouts, and Garmin Coach to improve your performance. Plus, it&#8217;s inclusive with features designed for wheelchair users. It&#8217;s your ally to know yourself better and reach your health and fitness goals.   <\/p>\n","protected":false},"excerpt":{"rendered":"<p>The v\u00edvoactive 5 is an advanced smartwatch that offers up to 11 days of battery life and innovative&hellip;<\/p>\n","protected":false},"featured_media":76445,"template":"","meta":{"_acf_changed":false},"product_brand":[],"product_cat":[719,499,730],"product_tag":[],"class_list":{"0":"post-76449","1":"product","2":"type-product","3":"status-publish","4":"has-post-thumbnail","6":"product_cat-garmin-en","7":"product_cat-watches","8":"product_cat-watches-for-men","9":"pa_marca-garmin-en","11":"first","12":"outofstock","13":"taxable","14":"shipping-taxable","15":"purchasable","16":"product-type-simple"},"acf":[],"yoast_head":"<!-- This site is optimized with the Yoast SEO Premium plugin v27.4 (Yoast SEO v27.4) - https:\/\/yoast.com\/product\/yoast-seo-premium-wordpress\/ -->\n<title>GARMIN VIVOACTIVE 5 GPS WATCH<\/title>\n<meta name=\"robots\" content=\"index, follow, max-snippet:-1, max-image-preview:large, max-video-preview:-1\" \/>\n<link rel=\"canonical\" href=\"https:\/\/www.joyeriajael.es\/en\/producto\/garmin-vivoactive-5-gps-watch\/\" \/>\n<meta property=\"og:locale\" content=\"en_US\" \/>\n<meta property=\"og:type\" content=\"article\" \/>\n<meta property=\"og:title\" content=\"GARMIN VIVOACTIVE 5 GPS WATCH\" \/>\n<meta property=\"og:description\" content=\"The v\u00edvoactive 5 is an advanced smartwatch that offers up to 11 days of battery life and innovative&hellip;\" \/>\n<meta property=\"og:url\" content=\"https:\/\/www.joyeriajael.es\/en\/producto\/garmin-vivoactive-5-gps-watch\/\" \/>\n<meta property=\"og:site_name\" content=\"Jael Joyer\u00eda\" \/>\n<meta property=\"article:modified_time\" content=\"2024-11-15T10:21:18+00:00\" \/>\n<meta property=\"og:image\" content=\"https:\/\/www.joyeriajael.es\/wp-content\/uploads\/2024\/11\/RELOJ-GARMIN-VIVOACTIVE-5-GPS_01.jpg\" \/>\n\t<meta property=\"og:image:width\" content=\"900\" \/>\n\t<meta property=\"og:image:height\" content=\"900\" \/>\n\t<meta property=\"og:image:type\" content=\"image\/jpeg\" \/>\n<meta name=\"twitter:card\" content=\"summary_large_image\" \/>\n<meta property=\"product:price:amount\" content=\"295.00\" \/>\n<meta property=\"product:price:currency\" content=\"EUR\" \/>\n<meta property=\"og:availability\" content=\"out of stock\" \/>\n<meta property=\"product:availability\" content=\"out of stock\" \/>\n<meta property=\"product:retailer_item_id\" content=\"010-02862-10\" \/>\n<meta property=\"product:condition\" content=\"new\" \/>\n<!-- \/ Yoast SEO Premium plugin. -->","yoast_head_json":{"title":"GARMIN VIVOACTIVE 5 GPS WATCH","robots":{"index":"index","follow":"follow","max-snippet":"max-snippet:-1","max-image-preview":"max-image-preview:large","max-video-preview":"max-video-preview:-1"},"canonical":"https:\/\/www.joyeriajael.es\/en\/producto\/garmin-vivoactive-5-gps-watch\/","og_locale":"en_US","og_type":"article","og_title":"GARMIN VIVOACTIVE 5 GPS WATCH","og_description":"The v\u00edvoactive 5 is an advanced smartwatch that offers up to 11 days of battery life and innovative&hellip;","og_url":"https:\/\/www.joyeriajael.es\/en\/producto\/garmin-vivoactive-5-gps-watch\/","og_site_name":"Jael Joyer\u00eda","article_modified_time":"2024-11-15T10:21:18+00:00","og_image":[{"width":900,"height":900,"url":"https:\/\/www.joyeriajael.es\/wp-content\/uploads\/2024\/11\/RELOJ-GARMIN-VIVOACTIVE-5-GPS_01.jpg","type":"image\/jpeg"}],"twitter_card":"summary_large_image","schema":{"@context":"https:\/\/schema.org","@graph":[{"@type":["WebPage","ItemPage"],"@id":"https:\/\/www.joyeriajael.es\/en\/producto\/garmin-vivoactive-5-gps-watch\/","url":"https:\/\/www.joyeriajael.es\/en\/producto\/garmin-vivoactive-5-gps-watch\/","name":"GARMIN VIVOACTIVE 5 GPS WATCH","isPartOf":{"@id":"https:\/\/www.joyeriajael.es\/en\/#website"},"primaryImageOfPage":{"@id":"https:\/\/www.joyeriajael.es\/en\/producto\/garmin-vivoactive-5-gps-watch\/#primaryimage"},"image":{"@id":"https:\/\/www.joyeriajael.es\/en\/producto\/garmin-vivoactive-5-gps-watch\/#primaryimage"},"thumbnailUrl":"https:\/\/www.joyeriajael.es\/wp-content\/uploads\/2024\/11\/RELOJ-GARMIN-VIVOACTIVE-5-GPS_01.jpg","datePublished":"2024-11-09T02:40:34+00:00","dateModified":"2024-11-15T10:21:18+00:00","breadcrumb":{"@id":"https:\/\/www.joyeriajael.es\/en\/producto\/garmin-vivoactive-5-gps-watch\/#breadcrumb"},"inLanguage":"en-US","potentialAction":[{"@type":"ReadAction","target":["https:\/\/www.joyeriajael.es\/en\/producto\/garmin-vivoactive-5-gps-watch\/"]}]},{"@type":"ImageObject","inLanguage":"en-US","@id":"https:\/\/www.joyeriajael.es\/en\/producto\/garmin-vivoactive-5-gps-watch\/#primaryimage","url":"https:\/\/www.joyeriajael.es\/wp-content\/uploads\/2024\/11\/RELOJ-GARMIN-VIVOACTIVE-5-GPS_01.jpg","contentUrl":"https:\/\/www.joyeriajael.es\/wp-content\/uploads\/2024\/11\/RELOJ-GARMIN-VIVOACTIVE-5-GPS_01.jpg","width":900,"height":900,"caption":"GARMIN VIVOACTIVE 5 GPS WATCH"},{"@type":"BreadcrumbList","@id":"https:\/\/www.joyeriajael.es\/en\/producto\/garmin-vivoactive-5-gps-watch\/#breadcrumb","itemListElement":[{"@type":"ListItem","position":1,"name":"Portada","item":"https:\/\/www.joyeriajael.es\/en\/"},{"@type":"ListItem","position":2,"name":"Online store","item":"https:\/\/www.joyeriajael.es\/tienda-online\/"},{"@type":"ListItem","position":3,"name":"Brands","item":"https:\/\/www.joyeriajael.es\/en\/brands\/"},{"@type":"ListItem","position":4,"name":"Garmin","item":"https:\/\/www.joyeriajael.es\/en\/brands\/garmin-en\/"},{"@type":"ListItem","position":5,"name":"GARMIN VIVOACTIVE 5 GPS WATCH"}]},{"@type":"WebSite","@id":"https:\/\/www.joyeriajael.es\/en\/#website","url":"https:\/\/www.joyeriajael.es\/en\/","name":"Jael Joyer\u00eda","description":"Jael Joyer\u00eda en Santiago de Compostela y A Coru\u00f1a. Primeras marcas, firmas exclusivas, \u00fanico concesionario autorizado de Rolex en la provincia de A Coru\u00f1a.","publisher":{"@id":"https:\/\/www.joyeriajael.es\/en\/#organization"},"alternateName":"Jael","potentialAction":[{"@type":"SearchAction","target":{"@type":"EntryPoint","urlTemplate":"https:\/\/www.joyeriajael.es\/en\/?s={search_term_string}"},"query-input":{"@type":"PropertyValueSpecification","valueRequired":true,"valueName":"search_term_string"}}],"inLanguage":"en-US"},{"@type":"Organization","@id":"https:\/\/www.joyeriajael.es\/en\/#organization","name":"Jael","alternateName":"Jael joyer\u00eda","url":"https:\/\/www.joyeriajael.es\/en\/","logo":{"@type":"ImageObject","inLanguage":"en-US","@id":"https:\/\/www.joyeriajael.es\/en\/#\/schema\/logo\/image\/","url":"https:\/\/www.joyeriajael.es\/wp-content\/uploads\/2024\/07\/cropped-favicon-1.png","contentUrl":"https:\/\/www.joyeriajael.es\/wp-content\/uploads\/2024\/07\/cropped-favicon-1.png","width":512,"height":512,"caption":"Jael"},"image":{"@id":"https:\/\/www.joyeriajael.es\/en\/#\/schema\/logo\/image\/"}}]},"product_price_amount":"295.00","product_price_currency":"EUR","og_availability":"out of stock","product_availability":"out of stock","product_retailer_item_id":"010-02862-10","product_condition":"new"},"df_price":295,"df_sale_price":"","df_regular_price":295,"df_image_link":"https:\/\/www.joyeriajael.es\/wp-content\/uploads\/2024\/11\/RELOJ-GARMIN-VIVOACTIVE-5-GPS_01-300x300.jpg","_links":{"self":[{"href":"https:\/\/www.joyeriajael.es\/en\/wp-json\/wp\/v2\/product\/76449","targetHints":{"allow":["GET"]}}],"collection":[{"href":"https:\/\/www.joyeriajael.es\/en\/wp-json\/wp\/v2\/product"}],"about":[{"href":"https:\/\/www.joyeriajael.es\/en\/wp-json\/wp\/v2\/types\/product"}],"wp:featuredmedia":[{"embeddable":true,"href":"https:\/\/www.joyeriajael.es\/en\/wp-json\/wp\/v2\/media\/76445"}],"wp:attachment":[{"href":"https:\/\/www.joyeriajael.es\/en\/wp-json\/wp\/v2\/media?parent=76449"}],"wp:term":[{"taxonomy":"product_brand","embeddable":true,"href":"https:\/\/www.joyeriajael.es\/en\/wp-json\/wp\/v2\/product_brand?post=76449"},{"taxonomy":"product_cat","embeddable":true,"href":"https:\/\/www.joyeriajael.es\/en\/wp-json\/wp\/v2\/product_cat?post=76449"},{"taxonomy":"product_tag","embeddable":true,"href":"https:\/\/www.joyeriajael.es\/en\/wp-json\/wp\/v2\/product_tag?post=76449"}],"curies":[{"name":"wp","href":"https:\/\/api.w.org\/{rel}","templated":true}]}}