{"id":76469,"date":"2024-11-05T03:34:36","date_gmt":"2024-11-05T02:34:36","guid":{"rendered":"https:\/\/www.joyeriajael.es\/tienda-online\/garmin-marq-commander-gen-2-carbon-watch\/"},"modified":"2024-11-15T11:49:58","modified_gmt":"2024-11-15T10:49:58","slug":"garmin-marq-commander-gen-2-carbon-watch","status":"publish","type":"product","link":"https:\/\/www.joyeriajael.es\/en\/producto\/garmin-marq-commander-gen-2-carbon-watch\/","title":{"rendered":"GARMIN MARQ COMMANDER GEN 2 CARBON WATCH"},"content":{"rendered":"<p>The MARQ Commander Carbon Edition combines modern design and exceptional functionality for those who demand the best. Made from fused carbon fibre, it features a sapphire lens, AMOLED touchscreen display and UTC markings on the bezel. Its jacquard nylon strap adds style, while the stealth mode and ballistic calculator reinforce its mission utility. This watch is a medal of honour for those seeking excellence in the field.   <\/p>\n","protected":false},"excerpt":{"rendered":"<p>The MARQ Commander Carbon Edition combines modern design and exceptional functionality for those who demand the best. Made&hellip;<\/p>\n","protected":false},"featured_media":76461,"template":"","meta":{"_acf_changed":false},"product_brand":[],"product_cat":[719,3871,499,730],"product_tag":[],"class_list":{"0":"post-76469","1":"product","2":"type-product","3":"status-publish","4":"has-post-thumbnail","6":"product_cat-garmin-en","7":"product_cat-marq-en","8":"product_cat-watches","9":"product_cat-watches-for-men","10":"pa_marca-garmin-en","12":"first","13":"instock","14":"taxable","15":"shipping-taxable","16":"purchasable","17":"product-type-simple"},"acf":[],"yoast_head":"<!-- This site is optimized with the Yoast SEO Premium plugin v27.4 (Yoast SEO v27.4) - https:\/\/yoast.com\/product\/yoast-seo-premium-wordpress\/ -->\n<title>GARMIN MARQ COMMANDER GEN 2 CARBON WATCH<\/title>\n<meta name=\"robots\" content=\"index, follow, max-snippet:-1, max-image-preview:large, max-video-preview:-1\" \/>\n<link rel=\"canonical\" href=\"https:\/\/www.joyeriajael.es\/en\/producto\/garmin-marq-commander-gen-2-carbon-watch\/\" \/>\n<meta property=\"og:locale\" content=\"en_US\" \/>\n<meta property=\"og:type\" content=\"article\" \/>\n<meta property=\"og:title\" content=\"GARMIN MARQ COMMANDER GEN 2 CARBON WATCH\" \/>\n<meta property=\"og:description\" content=\"The MARQ Commander Carbon Edition combines modern design and exceptional functionality for those who demand the best. Made&hellip;\" \/>\n<meta property=\"og:url\" content=\"https:\/\/www.joyeriajael.es\/en\/producto\/garmin-marq-commander-gen-2-carbon-watch\/\" \/>\n<meta property=\"og:site_name\" content=\"Jael Joyer\u00eda\" \/>\n<meta property=\"article:modified_time\" content=\"2024-11-15T10:49:58+00:00\" \/>\n<meta property=\"og:image\" content=\"https:\/\/www.joyeriajael.es\/wp-content\/uploads\/2024\/11\/RELOJ-GARMIN-MARQ-COMMANDER-GEN-2-CARBON_01.jpg\" \/>\n\t<meta property=\"og:image:width\" content=\"900\" \/>\n\t<meta property=\"og:image:height\" content=\"900\" \/>\n\t<meta property=\"og:image:type\" content=\"image\/jpeg\" \/>\n<meta name=\"twitter:card\" content=\"summary_large_image\" \/>\n<meta property=\"product:price:amount\" content=\"3200.00\" \/>\n<meta property=\"product:price:currency\" content=\"EUR\" \/>\n<meta property=\"og:availability\" content=\"instock\" \/>\n<meta property=\"product:availability\" content=\"instock\" \/>\n<meta property=\"product:retailer_item_id\" content=\"010-02722-01\" \/>\n<meta property=\"product:condition\" content=\"new\" \/>\n<!-- \/ Yoast SEO Premium plugin. -->","yoast_head_json":{"title":"GARMIN MARQ COMMANDER GEN 2 CARBON WATCH","robots":{"index":"index","follow":"follow","max-snippet":"max-snippet:-1","max-image-preview":"max-image-preview:large","max-video-preview":"max-video-preview:-1"},"canonical":"https:\/\/www.joyeriajael.es\/en\/producto\/garmin-marq-commander-gen-2-carbon-watch\/","og_locale":"en_US","og_type":"article","og_title":"GARMIN MARQ COMMANDER GEN 2 CARBON WATCH","og_description":"The MARQ Commander Carbon Edition combines modern design and exceptional functionality for those who demand the best. Made&hellip;","og_url":"https:\/\/www.joyeriajael.es\/en\/producto\/garmin-marq-commander-gen-2-carbon-watch\/","og_site_name":"Jael Joyer\u00eda","article_modified_time":"2024-11-15T10:49:58+00:00","og_image":[{"width":900,"height":900,"url":"https:\/\/www.joyeriajael.es\/wp-content\/uploads\/2024\/11\/RELOJ-GARMIN-MARQ-COMMANDER-GEN-2-CARBON_01.jpg","type":"image\/jpeg"}],"twitter_card":"summary_large_image","schema":{"@context":"https:\/\/schema.org","@graph":[{"@type":["WebPage","ItemPage"],"@id":"https:\/\/www.joyeriajael.es\/en\/producto\/garmin-marq-commander-gen-2-carbon-watch\/","url":"https:\/\/www.joyeriajael.es\/en\/producto\/garmin-marq-commander-gen-2-carbon-watch\/","name":"GARMIN MARQ COMMANDER GEN 2 CARBON WATCH","isPartOf":{"@id":"https:\/\/www.joyeriajael.es\/en\/#website"},"primaryImageOfPage":{"@id":"https:\/\/www.joyeriajael.es\/en\/producto\/garmin-marq-commander-gen-2-carbon-watch\/#primaryimage"},"image":{"@id":"https:\/\/www.joyeriajael.es\/en\/producto\/garmin-marq-commander-gen-2-carbon-watch\/#primaryimage"},"thumbnailUrl":"https:\/\/www.joyeriajael.es\/wp-content\/uploads\/2024\/11\/RELOJ-GARMIN-MARQ-COMMANDER-GEN-2-CARBON_01.jpg","datePublished":"2024-11-05T02:34:36+00:00","dateModified":"2024-11-15T10:49:58+00:00","breadcrumb":{"@id":"https:\/\/www.joyeriajael.es\/en\/producto\/garmin-marq-commander-gen-2-carbon-watch\/#breadcrumb"},"inLanguage":"en-US","potentialAction":[{"@type":"ReadAction","target":["https:\/\/www.joyeriajael.es\/en\/producto\/garmin-marq-commander-gen-2-carbon-watch\/"]}]},{"@type":"ImageObject","inLanguage":"en-US","@id":"https:\/\/www.joyeriajael.es\/en\/producto\/garmin-marq-commander-gen-2-carbon-watch\/#primaryimage","url":"https:\/\/www.joyeriajael.es\/wp-content\/uploads\/2024\/11\/RELOJ-GARMIN-MARQ-COMMANDER-GEN-2-CARBON_01.jpg","contentUrl":"https:\/\/www.joyeriajael.es\/wp-content\/uploads\/2024\/11\/RELOJ-GARMIN-MARQ-COMMANDER-GEN-2-CARBON_01.jpg","width":900,"height":900,"caption":"GARMIN MARQ COMMANDER GEN 2 CARBON WATCH"},{"@type":"BreadcrumbList","@id":"https:\/\/www.joyeriajael.es\/en\/producto\/garmin-marq-commander-gen-2-carbon-watch\/#breadcrumb","itemListElement":[{"@type":"ListItem","position":1,"name":"Portada","item":"https:\/\/www.joyeriajael.es\/en\/"},{"@type":"ListItem","position":2,"name":"Online store","item":"https:\/\/www.joyeriajael.es\/tienda-online\/"},{"@type":"ListItem","position":3,"name":"Brands","item":"https:\/\/www.joyeriajael.es\/en\/brands\/"},{"@type":"ListItem","position":4,"name":"Garmin","item":"https:\/\/www.joyeriajael.es\/en\/brands\/garmin-en\/"},{"@type":"ListItem","position":5,"name":"GARMIN MARQ COMMANDER GEN 2 CARBON WATCH"}]},{"@type":"WebSite","@id":"https:\/\/www.joyeriajael.es\/en\/#website","url":"https:\/\/www.joyeriajael.es\/en\/","name":"Jael Joyer\u00eda","description":"Jael Joyer\u00eda en Santiago de Compostela y A Coru\u00f1a. Primeras marcas, firmas exclusivas, \u00fanico concesionario autorizado de Rolex en la provincia de A Coru\u00f1a.","publisher":{"@id":"https:\/\/www.joyeriajael.es\/en\/#organization"},"alternateName":"Jael","potentialAction":[{"@type":"SearchAction","target":{"@type":"EntryPoint","urlTemplate":"https:\/\/www.joyeriajael.es\/en\/?s={search_term_string}"},"query-input":{"@type":"PropertyValueSpecification","valueRequired":true,"valueName":"search_term_string"}}],"inLanguage":"en-US"},{"@type":"Organization","@id":"https:\/\/www.joyeriajael.es\/en\/#organization","name":"Jael","alternateName":"Jael joyer\u00eda","url":"https:\/\/www.joyeriajael.es\/en\/","logo":{"@type":"ImageObject","inLanguage":"en-US","@id":"https:\/\/www.joyeriajael.es\/en\/#\/schema\/logo\/image\/","url":"https:\/\/www.joyeriajael.es\/wp-content\/uploads\/2024\/07\/cropped-favicon-1.png","contentUrl":"https:\/\/www.joyeriajael.es\/wp-content\/uploads\/2024\/07\/cropped-favicon-1.png","width":512,"height":512,"caption":"Jael"},"image":{"@id":"https:\/\/www.joyeriajael.es\/en\/#\/schema\/logo\/image\/"}}]},"product_price_amount":"3200.00","product_price_currency":"EUR","og_availability":"instock","product_availability":"instock","product_retailer_item_id":"010-02722-01","product_condition":"new"},"df_price":3200,"df_sale_price":"","df_regular_price":3200,"df_image_link":"https:\/\/www.joyeriajael.es\/wp-content\/uploads\/2024\/11\/RELOJ-GARMIN-MARQ-COMMANDER-GEN-2-CARBON_01-300x300.jpg","_links":{"self":[{"href":"https:\/\/www.joyeriajael.es\/en\/wp-json\/wp\/v2\/product\/76469","targetHints":{"allow":["GET"]}}],"collection":[{"href":"https:\/\/www.joyeriajael.es\/en\/wp-json\/wp\/v2\/product"}],"about":[{"href":"https:\/\/www.joyeriajael.es\/en\/wp-json\/wp\/v2\/types\/product"}],"wp:featuredmedia":[{"embeddable":true,"href":"https:\/\/www.joyeriajael.es\/en\/wp-json\/wp\/v2\/media\/76461"}],"wp:attachment":[{"href":"https:\/\/www.joyeriajael.es\/en\/wp-json\/wp\/v2\/media?parent=76469"}],"wp:term":[{"taxonomy":"product_brand","embeddable":true,"href":"https:\/\/www.joyeriajael.es\/en\/wp-json\/wp\/v2\/product_brand?post=76469"},{"taxonomy":"product_cat","embeddable":true,"href":"https:\/\/www.joyeriajael.es\/en\/wp-json\/wp\/v2\/product_cat?post=76469"},{"taxonomy":"product_tag","embeddable":true,"href":"https:\/\/www.joyeriajael.es\/en\/wp-json\/wp\/v2\/product_tag?post=76469"}],"curies":[{"name":"wp","href":"https:\/\/api.w.org\/{rel}","templated":true}]}}