{"id":76519,"date":"2024-11-05T03:34:47","date_gmt":"2024-11-05T02:34:47","guid":{"rendered":"https:\/\/www.joyeriajael.es\/tienda-online\/garmin-venu-3s-pink-watch\/"},"modified":"2024-11-15T12:57:27","modified_gmt":"2024-11-15T11:57:27","slug":"garmin-venu-3s-pink-watch","status":"publish","type":"product","link":"https:\/\/www.joyeriajael.es\/en\/producto\/garmin-venu-3s-pink-watch\/","title":{"rendered":"GARMIN VENU 3S PINK WATCH"},"content":{"rendered":"<p>The Garmin Venu 3S offers up to 10 days of battery life, advanced features to monitor sleep quality and your body&#8217;s energy level. With over 30 sports apps, animated workouts and Garmin Coach, optimise your workouts. It allows calls to be made and messages to be answered from the wrist, and is also designed for wheelchair users, providing adapted tracking. It is a smartwatch that combines health, exercise and communication in one device.<\/p>\n","protected":false},"excerpt":{"rendered":"<p>The Garmin Venu 3S offers up to 10 days of battery life, advanced features to monitor sleep quality&hellip;<\/p>\n","protected":false},"featured_media":76512,"template":"","meta":{"_acf_changed":false},"product_brand":[],"product_cat":[719,499,731],"product_tag":[],"class_list":{"0":"post-76519","1":"product","2":"type-product","3":"status-publish","4":"has-post-thumbnail","6":"product_cat-garmin-en","7":"product_cat-watches","8":"product_cat-watches-for-women","9":"pa_marca-garmin-en","11":"first","12":"outofstock","13":"taxable","14":"shipping-taxable","15":"purchasable","16":"product-type-simple"},"acf":[],"yoast_head":"<!-- This site is optimized with the Yoast SEO Premium plugin v27.4 (Yoast SEO v27.4) - https:\/\/yoast.com\/product\/yoast-seo-premium-wordpress\/ -->\n<title>GARMIN VENU 3S PINK WATCH<\/title>\n<meta name=\"robots\" content=\"index, follow, max-snippet:-1, max-image-preview:large, max-video-preview:-1\" \/>\n<link rel=\"canonical\" href=\"https:\/\/www.joyeriajael.es\/en\/producto\/garmin-venu-3s-pink-watch\/\" \/>\n<meta property=\"og:locale\" content=\"en_US\" \/>\n<meta property=\"og:type\" content=\"article\" \/>\n<meta property=\"og:title\" content=\"GARMIN VENU 3S PINK WATCH\" \/>\n<meta property=\"og:description\" content=\"The Garmin Venu 3S offers up to 10 days of battery life, advanced features to monitor sleep quality&hellip;\" \/>\n<meta property=\"og:url\" content=\"https:\/\/www.joyeriajael.es\/en\/producto\/garmin-venu-3s-pink-watch\/\" \/>\n<meta property=\"og:site_name\" content=\"Jael Joyer\u00eda\" \/>\n<meta property=\"article:modified_time\" content=\"2024-11-15T11:57:27+00:00\" \/>\n<meta property=\"og:image\" content=\"https:\/\/www.joyeriajael.es\/wp-content\/uploads\/2024\/11\/RELOJ-GARMIN-VENU-3S-ROSA_01.jpg\" \/>\n\t<meta property=\"og:image:width\" content=\"900\" \/>\n\t<meta property=\"og:image:height\" content=\"900\" \/>\n\t<meta property=\"og:image:type\" content=\"image\/jpeg\" \/>\n<meta name=\"twitter:card\" content=\"summary_large_image\" \/>\n<meta property=\"product:price:amount\" content=\"499.00\" \/>\n<meta property=\"product:price:currency\" content=\"EUR\" \/>\n<meta property=\"og:availability\" content=\"out of stock\" \/>\n<meta property=\"product:availability\" content=\"out of stock\" \/>\n<meta property=\"product:retailer_item_id\" content=\"010-02785-03\" \/>\n<meta property=\"product:condition\" content=\"new\" \/>\n<!-- \/ Yoast SEO Premium plugin. -->","yoast_head_json":{"title":"GARMIN VENU 3S PINK WATCH","robots":{"index":"index","follow":"follow","max-snippet":"max-snippet:-1","max-image-preview":"max-image-preview:large","max-video-preview":"max-video-preview:-1"},"canonical":"https:\/\/www.joyeriajael.es\/en\/producto\/garmin-venu-3s-pink-watch\/","og_locale":"en_US","og_type":"article","og_title":"GARMIN VENU 3S PINK WATCH","og_description":"The Garmin Venu 3S offers up to 10 days of battery life, advanced features to monitor sleep quality&hellip;","og_url":"https:\/\/www.joyeriajael.es\/en\/producto\/garmin-venu-3s-pink-watch\/","og_site_name":"Jael Joyer\u00eda","article_modified_time":"2024-11-15T11:57:27+00:00","og_image":[{"width":900,"height":900,"url":"https:\/\/www.joyeriajael.es\/wp-content\/uploads\/2024\/11\/RELOJ-GARMIN-VENU-3S-ROSA_01.jpg","type":"image\/jpeg"}],"twitter_card":"summary_large_image","schema":{"@context":"https:\/\/schema.org","@graph":[{"@type":["WebPage","ItemPage"],"@id":"https:\/\/www.joyeriajael.es\/en\/producto\/garmin-venu-3s-pink-watch\/","url":"https:\/\/www.joyeriajael.es\/en\/producto\/garmin-venu-3s-pink-watch\/","name":"GARMIN VENU 3S PINK WATCH","isPartOf":{"@id":"https:\/\/www.joyeriajael.es\/en\/#website"},"primaryImageOfPage":{"@id":"https:\/\/www.joyeriajael.es\/en\/producto\/garmin-venu-3s-pink-watch\/#primaryimage"},"image":{"@id":"https:\/\/www.joyeriajael.es\/en\/producto\/garmin-venu-3s-pink-watch\/#primaryimage"},"thumbnailUrl":"https:\/\/www.joyeriajael.es\/wp-content\/uploads\/2024\/11\/RELOJ-GARMIN-VENU-3S-ROSA_01.jpg","datePublished":"2024-11-05T02:34:47+00:00","dateModified":"2024-11-15T11:57:27+00:00","breadcrumb":{"@id":"https:\/\/www.joyeriajael.es\/en\/producto\/garmin-venu-3s-pink-watch\/#breadcrumb"},"inLanguage":"en-US","potentialAction":[{"@type":"ReadAction","target":["https:\/\/www.joyeriajael.es\/en\/producto\/garmin-venu-3s-pink-watch\/"]}]},{"@type":"ImageObject","inLanguage":"en-US","@id":"https:\/\/www.joyeriajael.es\/en\/producto\/garmin-venu-3s-pink-watch\/#primaryimage","url":"https:\/\/www.joyeriajael.es\/wp-content\/uploads\/2024\/11\/RELOJ-GARMIN-VENU-3S-ROSA_01.jpg","contentUrl":"https:\/\/www.joyeriajael.es\/wp-content\/uploads\/2024\/11\/RELOJ-GARMIN-VENU-3S-ROSA_01.jpg","width":900,"height":900,"caption":"GARMIN VENU 3S PINK WATCH"},{"@type":"BreadcrumbList","@id":"https:\/\/www.joyeriajael.es\/en\/producto\/garmin-venu-3s-pink-watch\/#breadcrumb","itemListElement":[{"@type":"ListItem","position":1,"name":"Portada","item":"https:\/\/www.joyeriajael.es\/en\/"},{"@type":"ListItem","position":2,"name":"Online store","item":"https:\/\/www.joyeriajael.es\/tienda-online\/"},{"@type":"ListItem","position":3,"name":"Brands","item":"https:\/\/www.joyeriajael.es\/en\/brands\/"},{"@type":"ListItem","position":4,"name":"Garmin","item":"https:\/\/www.joyeriajael.es\/en\/brands\/garmin-en\/"},{"@type":"ListItem","position":5,"name":"GARMIN VENU 3S PINK WATCH"}]},{"@type":"WebSite","@id":"https:\/\/www.joyeriajael.es\/en\/#website","url":"https:\/\/www.joyeriajael.es\/en\/","name":"Jael Joyer\u00eda","description":"Jael Joyer\u00eda en Santiago de Compostela y A Coru\u00f1a. Primeras marcas, firmas exclusivas, \u00fanico concesionario autorizado de Rolex en la provincia de A Coru\u00f1a.","publisher":{"@id":"https:\/\/www.joyeriajael.es\/en\/#organization"},"alternateName":"Jael","potentialAction":[{"@type":"SearchAction","target":{"@type":"EntryPoint","urlTemplate":"https:\/\/www.joyeriajael.es\/en\/?s={search_term_string}"},"query-input":{"@type":"PropertyValueSpecification","valueRequired":true,"valueName":"search_term_string"}}],"inLanguage":"en-US"},{"@type":"Organization","@id":"https:\/\/www.joyeriajael.es\/en\/#organization","name":"Jael","alternateName":"Jael joyer\u00eda","url":"https:\/\/www.joyeriajael.es\/en\/","logo":{"@type":"ImageObject","inLanguage":"en-US","@id":"https:\/\/www.joyeriajael.es\/en\/#\/schema\/logo\/image\/","url":"https:\/\/www.joyeriajael.es\/wp-content\/uploads\/2024\/07\/cropped-favicon-1.png","contentUrl":"https:\/\/www.joyeriajael.es\/wp-content\/uploads\/2024\/07\/cropped-favicon-1.png","width":512,"height":512,"caption":"Jael"},"image":{"@id":"https:\/\/www.joyeriajael.es\/en\/#\/schema\/logo\/image\/"}}]},"product_price_amount":"499.00","product_price_currency":"EUR","og_availability":"out of stock","product_availability":"out of stock","product_retailer_item_id":"010-02785-03","product_condition":"new"},"df_price":499,"df_sale_price":"","df_regular_price":499,"df_image_link":"https:\/\/www.joyeriajael.es\/wp-content\/uploads\/2024\/11\/RELOJ-GARMIN-VENU-3S-ROSA_01-300x300.jpg","_links":{"self":[{"href":"https:\/\/www.joyeriajael.es\/en\/wp-json\/wp\/v2\/product\/76519","targetHints":{"allow":["GET"]}}],"collection":[{"href":"https:\/\/www.joyeriajael.es\/en\/wp-json\/wp\/v2\/product"}],"about":[{"href":"https:\/\/www.joyeriajael.es\/en\/wp-json\/wp\/v2\/types\/product"}],"wp:featuredmedia":[{"embeddable":true,"href":"https:\/\/www.joyeriajael.es\/en\/wp-json\/wp\/v2\/media\/76512"}],"wp:attachment":[{"href":"https:\/\/www.joyeriajael.es\/en\/wp-json\/wp\/v2\/media?parent=76519"}],"wp:term":[{"taxonomy":"product_brand","embeddable":true,"href":"https:\/\/www.joyeriajael.es\/en\/wp-json\/wp\/v2\/product_brand?post=76519"},{"taxonomy":"product_cat","embeddable":true,"href":"https:\/\/www.joyeriajael.es\/en\/wp-json\/wp\/v2\/product_cat?post=76519"},{"taxonomy":"product_tag","embeddable":true,"href":"https:\/\/www.joyeriajael.es\/en\/wp-json\/wp\/v2\/product_tag?post=76519"}],"curies":[{"name":"wp","href":"https:\/\/api.w.org\/{rel}","templated":true}]}}