{"id":76551,"date":"2024-11-13T03:24:16","date_gmt":"2024-11-13T02:24:16","guid":{"rendered":"https:\/\/www.joyeriajael.es\/tienda-online\/american-classic-boulton-watch-acero-dorado-esf-beige-no-arabes\/"},"modified":"2024-11-15T13:39:01","modified_gmt":"2024-11-15T12:39:01","slug":"american-classic-boulton-watch-acero-dorado-esf-beige-no-arabes","status":"publish","type":"product","link":"https:\/\/www.joyeriajael.es\/en\/producto\/american-classic-boulton-watch-acero-dorado-esf-beige-no-arabes\/","title":{"rendered":"AMERICAN CLASSIC BOULTON WATCH ,ACERO DORADO ESF.BEIGE N\u00ba ARABES"},"content":{"rendered":"<p>First launched in 1941, the Boulton was one of the most famous watches of that decade. Reintroduced in the 1980s, the Boulton has been adapted to modern life with slightly larger proportions than its original version. The leather strap and steel case represent the true American spirit with the precision of modern Swiss watchmaking. The Boulton Quartz has a unique shape and the character of a classic Hamilton, evoking a contemporary and modern style and functionality.<\/p>\n","protected":false},"excerpt":{"rendered":"<p>First launched in 1941, the Boulton was one of the most famous watches of that decade. Reintroduced in&hellip;<\/p>\n","protected":false},"featured_media":76547,"template":"","meta":{"_acf_changed":false},"product_brand":[],"product_cat":[720,499,730],"product_tag":[],"class_list":{"0":"post-76551","1":"product","2":"type-product","3":"status-publish","4":"has-post-thumbnail","6":"product_cat-hamilton-en","7":"product_cat-watches","8":"product_cat-watches-for-men","9":"pa_marca-hamilton-en","11":"first","12":"outofstock","13":"taxable","14":"shipping-taxable","15":"purchasable","16":"product-type-simple"},"acf":[],"yoast_head":"<!-- This site is optimized with the Yoast SEO Premium plugin v27.4 (Yoast SEO v27.4) - https:\/\/yoast.com\/product\/yoast-seo-premium-wordpress\/ -->\n<title>AMERICAN CLASSIC BOULTON WATCH ,ACERO DORADO ESF.BEIGE N\u00ba ARABES<\/title>\n<meta name=\"robots\" content=\"index, follow, max-snippet:-1, max-image-preview:large, max-video-preview:-1\" \/>\n<link rel=\"canonical\" href=\"https:\/\/www.joyeriajael.es\/en\/producto\/american-classic-boulton-watch-acero-dorado-esf-beige-no-arabes\/\" \/>\n<meta property=\"og:locale\" content=\"en_US\" \/>\n<meta property=\"og:type\" content=\"article\" \/>\n<meta property=\"og:title\" content=\"AMERICAN CLASSIC BOULTON WATCH ,ACERO DORADO ESF.BEIGE N\u00ba ARABES\" \/>\n<meta property=\"og:description\" content=\"First launched in 1941, the Boulton was one of the most famous watches of that decade. Reintroduced in&hellip;\" \/>\n<meta property=\"og:url\" content=\"https:\/\/www.joyeriajael.es\/en\/producto\/american-classic-boulton-watch-acero-dorado-esf-beige-no-arabes\/\" \/>\n<meta property=\"og:site_name\" content=\"Jael Joyer\u00eda\" \/>\n<meta property=\"article:modified_time\" content=\"2024-11-15T12:39:01+00:00\" \/>\n<meta property=\"og:image\" content=\"https:\/\/www.joyeriajael.es\/wp-content\/uploads\/2024\/11\/AMERICAN-CLASSIC-BOULTON-ACERO-DORADO-ESF.BEIGE-No-ARABES_01.jpg\" \/>\n\t<meta property=\"og:image:width\" content=\"900\" \/>\n\t<meta property=\"og:image:height\" content=\"900\" \/>\n\t<meta property=\"og:image:type\" content=\"image\/jpeg\" \/>\n<meta name=\"twitter:card\" content=\"summary_large_image\" \/>\n<meta property=\"product:price:amount\" content=\"775.00\" \/>\n<meta property=\"product:price:currency\" content=\"EUR\" \/>\n<meta property=\"og:availability\" content=\"out of stock\" \/>\n<meta property=\"product:availability\" content=\"out of stock\" \/>\n<meta property=\"product:retailer_item_id\" content=\"H13431553\" \/>\n<meta property=\"product:condition\" content=\"new\" \/>\n<!-- \/ Yoast SEO Premium plugin. -->","yoast_head_json":{"title":"AMERICAN CLASSIC BOULTON WATCH ,ACERO DORADO ESF.BEIGE N\u00ba ARABES","robots":{"index":"index","follow":"follow","max-snippet":"max-snippet:-1","max-image-preview":"max-image-preview:large","max-video-preview":"max-video-preview:-1"},"canonical":"https:\/\/www.joyeriajael.es\/en\/producto\/american-classic-boulton-watch-acero-dorado-esf-beige-no-arabes\/","og_locale":"en_US","og_type":"article","og_title":"AMERICAN CLASSIC BOULTON WATCH ,ACERO DORADO ESF.BEIGE N\u00ba ARABES","og_description":"First launched in 1941, the Boulton was one of the most famous watches of that decade. Reintroduced in&hellip;","og_url":"https:\/\/www.joyeriajael.es\/en\/producto\/american-classic-boulton-watch-acero-dorado-esf-beige-no-arabes\/","og_site_name":"Jael Joyer\u00eda","article_modified_time":"2024-11-15T12:39:01+00:00","og_image":[{"width":900,"height":900,"url":"https:\/\/www.joyeriajael.es\/wp-content\/uploads\/2024\/11\/AMERICAN-CLASSIC-BOULTON-ACERO-DORADO-ESF.BEIGE-No-ARABES_01.jpg","type":"image\/jpeg"}],"twitter_card":"summary_large_image","schema":{"@context":"https:\/\/schema.org","@graph":[{"@type":["WebPage","ItemPage"],"@id":"https:\/\/www.joyeriajael.es\/en\/producto\/american-classic-boulton-watch-acero-dorado-esf-beige-no-arabes\/","url":"https:\/\/www.joyeriajael.es\/en\/producto\/american-classic-boulton-watch-acero-dorado-esf-beige-no-arabes\/","name":"AMERICAN CLASSIC BOULTON WATCH ,ACERO DORADO ESF.BEIGE N\u00ba ARABES","isPartOf":{"@id":"https:\/\/www.joyeriajael.es\/en\/#website"},"primaryImageOfPage":{"@id":"https:\/\/www.joyeriajael.es\/en\/producto\/american-classic-boulton-watch-acero-dorado-esf-beige-no-arabes\/#primaryimage"},"image":{"@id":"https:\/\/www.joyeriajael.es\/en\/producto\/american-classic-boulton-watch-acero-dorado-esf-beige-no-arabes\/#primaryimage"},"thumbnailUrl":"https:\/\/www.joyeriajael.es\/wp-content\/uploads\/2024\/11\/AMERICAN-CLASSIC-BOULTON-ACERO-DORADO-ESF.BEIGE-No-ARABES_01.jpg","datePublished":"2024-11-13T02:24:16+00:00","dateModified":"2024-11-15T12:39:01+00:00","breadcrumb":{"@id":"https:\/\/www.joyeriajael.es\/en\/producto\/american-classic-boulton-watch-acero-dorado-esf-beige-no-arabes\/#breadcrumb"},"inLanguage":"en-US","potentialAction":[{"@type":"ReadAction","target":["https:\/\/www.joyeriajael.es\/en\/producto\/american-classic-boulton-watch-acero-dorado-esf-beige-no-arabes\/"]}]},{"@type":"ImageObject","inLanguage":"en-US","@id":"https:\/\/www.joyeriajael.es\/en\/producto\/american-classic-boulton-watch-acero-dorado-esf-beige-no-arabes\/#primaryimage","url":"https:\/\/www.joyeriajael.es\/wp-content\/uploads\/2024\/11\/AMERICAN-CLASSIC-BOULTON-ACERO-DORADO-ESF.BEIGE-No-ARABES_01.jpg","contentUrl":"https:\/\/www.joyeriajael.es\/wp-content\/uploads\/2024\/11\/AMERICAN-CLASSIC-BOULTON-ACERO-DORADO-ESF.BEIGE-No-ARABES_01.jpg","width":900,"height":900,"caption":"AMERICAN CLASSIC BOULTON WATCH ,ACERO DORADO ESF.BEIGE N\u00ba ARABES"},{"@type":"BreadcrumbList","@id":"https:\/\/www.joyeriajael.es\/en\/producto\/american-classic-boulton-watch-acero-dorado-esf-beige-no-arabes\/#breadcrumb","itemListElement":[{"@type":"ListItem","position":1,"name":"Portada","item":"https:\/\/www.joyeriajael.es\/en\/"},{"@type":"ListItem","position":2,"name":"Online store","item":"https:\/\/www.joyeriajael.es\/tienda-online\/"},{"@type":"ListItem","position":3,"name":"Brands","item":"https:\/\/www.joyeriajael.es\/en\/brands\/"},{"@type":"ListItem","position":4,"name":"Hamilton","item":"https:\/\/www.joyeriajael.es\/en\/brands\/hamilton-en\/"},{"@type":"ListItem","position":5,"name":"AMERICAN CLASSIC BOULTON WATCH ,ACERO DORADO ESF.BEIGE N\u00ba ARABES"}]},{"@type":"WebSite","@id":"https:\/\/www.joyeriajael.es\/en\/#website","url":"https:\/\/www.joyeriajael.es\/en\/","name":"Jael Joyer\u00eda","description":"Jael Joyer\u00eda en Santiago de Compostela y A Coru\u00f1a. Primeras marcas, firmas exclusivas, \u00fanico concesionario autorizado de Rolex en la provincia de A Coru\u00f1a.","publisher":{"@id":"https:\/\/www.joyeriajael.es\/en\/#organization"},"alternateName":"Jael","potentialAction":[{"@type":"SearchAction","target":{"@type":"EntryPoint","urlTemplate":"https:\/\/www.joyeriajael.es\/en\/?s={search_term_string}"},"query-input":{"@type":"PropertyValueSpecification","valueRequired":true,"valueName":"search_term_string"}}],"inLanguage":"en-US"},{"@type":"Organization","@id":"https:\/\/www.joyeriajael.es\/en\/#organization","name":"Jael","alternateName":"Jael joyer\u00eda","url":"https:\/\/www.joyeriajael.es\/en\/","logo":{"@type":"ImageObject","inLanguage":"en-US","@id":"https:\/\/www.joyeriajael.es\/en\/#\/schema\/logo\/image\/","url":"https:\/\/www.joyeriajael.es\/wp-content\/uploads\/2024\/07\/cropped-favicon-1.png","contentUrl":"https:\/\/www.joyeriajael.es\/wp-content\/uploads\/2024\/07\/cropped-favicon-1.png","width":512,"height":512,"caption":"Jael"},"image":{"@id":"https:\/\/www.joyeriajael.es\/en\/#\/schema\/logo\/image\/"}}]},"product_price_amount":"775.00","product_price_currency":"EUR","og_availability":"out of stock","product_availability":"out of stock","product_retailer_item_id":"H13431553","product_condition":"new"},"df_price":775,"df_sale_price":"","df_regular_price":775,"df_image_link":"https:\/\/www.joyeriajael.es\/wp-content\/uploads\/2024\/11\/AMERICAN-CLASSIC-BOULTON-ACERO-DORADO-ESF.BEIGE-No-ARABES_01-300x300.jpg","_links":{"self":[{"href":"https:\/\/www.joyeriajael.es\/en\/wp-json\/wp\/v2\/product\/76551","targetHints":{"allow":["GET"]}}],"collection":[{"href":"https:\/\/www.joyeriajael.es\/en\/wp-json\/wp\/v2\/product"}],"about":[{"href":"https:\/\/www.joyeriajael.es\/en\/wp-json\/wp\/v2\/types\/product"}],"wp:featuredmedia":[{"embeddable":true,"href":"https:\/\/www.joyeriajael.es\/en\/wp-json\/wp\/v2\/media\/76547"}],"wp:attachment":[{"href":"https:\/\/www.joyeriajael.es\/en\/wp-json\/wp\/v2\/media?parent=76551"}],"wp:term":[{"taxonomy":"product_brand","embeddable":true,"href":"https:\/\/www.joyeriajael.es\/en\/wp-json\/wp\/v2\/product_brand?post=76551"},{"taxonomy":"product_cat","embeddable":true,"href":"https:\/\/www.joyeriajael.es\/en\/wp-json\/wp\/v2\/product_cat?post=76551"},{"taxonomy":"product_tag","embeddable":true,"href":"https:\/\/www.joyeriajael.es\/en\/wp-json\/wp\/v2\/product_tag?post=76551"}],"curies":[{"name":"wp","href":"https:\/\/api.w.org\/{rel}","templated":true}]}}