{"id":76598,"date":"2024-11-05T03:21:47","date_gmt":"2024-11-05T02:21:47","guid":{"rendered":"https:\/\/www.joyeriajael.es\/tienda-online\/hamilton-khaki-scuba-40mm-watch\/"},"modified":"2024-11-15T14:20:11","modified_gmt":"2024-11-15T13:20:11","slug":"hamilton-khaki-scuba-40mm-watch","status":"publish","type":"product","link":"https:\/\/www.joyeriajael.es\/en\/producto\/hamilton-khaki-scuba-40mm-watch\/","title":{"rendered":"HAMILTON KHAKI SCUBA 40MM WATCH"},"content":{"rendered":"<p>Whether on the beach, in the pool or submerged in deep water, the new Khaki Navy Scuba is always guaranteed to add a touch of style. With its acid yellow rubber strap and contrasting black dial, this eye-catching model for modern sailors, snorkellers, surfers and beach lovers is also functional. Whether you want to time your swim session, your run or your time in the sun, this model will keep you cool, even in hot temperatures.<\/p>\n","protected":false},"excerpt":{"rendered":"<p>Whether on the beach, in the pool or submerged in deep water, the new Khaki Navy Scuba is&hellip;<\/p>\n","protected":false},"featured_media":76585,"template":"","meta":{"_acf_changed":false},"product_brand":[],"product_cat":[720,3807,499,730],"product_tag":[],"class_list":{"0":"post-76598","1":"product","2":"type-product","3":"status-publish","4":"has-post-thumbnail","6":"product_cat-hamilton-en","7":"product_cat-khaki-navy-en","8":"product_cat-watches","9":"product_cat-watches-for-men","10":"pa_marca-hamilton-en","12":"first","13":"instock","14":"taxable","15":"shipping-taxable","16":"purchasable","17":"product-type-simple"},"acf":[],"yoast_head":"<!-- This site is optimized with the Yoast SEO Premium plugin v27.4 (Yoast SEO v27.4) - https:\/\/yoast.com\/product\/yoast-seo-premium-wordpress\/ -->\n<title>HAMILTON KHAKI SCUBA 40MM WATCH<\/title>\n<meta name=\"robots\" content=\"index, follow, max-snippet:-1, max-image-preview:large, max-video-preview:-1\" \/>\n<link rel=\"canonical\" href=\"https:\/\/www.joyeriajael.es\/en\/producto\/hamilton-khaki-scuba-40mm-watch\/\" \/>\n<meta property=\"og:locale\" content=\"en_US\" \/>\n<meta property=\"og:type\" content=\"article\" \/>\n<meta property=\"og:title\" content=\"HAMILTON KHAKI SCUBA 40MM WATCH\" \/>\n<meta property=\"og:description\" content=\"Whether on the beach, in the pool or submerged in deep water, the new Khaki Navy Scuba is&hellip;\" \/>\n<meta property=\"og:url\" content=\"https:\/\/www.joyeriajael.es\/en\/producto\/hamilton-khaki-scuba-40mm-watch\/\" \/>\n<meta property=\"og:site_name\" content=\"Jael Joyer\u00eda\" \/>\n<meta property=\"article:modified_time\" content=\"2024-11-15T13:20:11+00:00\" \/>\n<meta property=\"og:image\" content=\"https:\/\/www.joyeriajael.es\/wp-content\/uploads\/2024\/11\/RELOJ-HAMILTON-KHAKI-SCUBA-40MM_01.jpg\" \/>\n\t<meta property=\"og:image:width\" content=\"900\" \/>\n\t<meta property=\"og:image:height\" content=\"900\" \/>\n\t<meta property=\"og:image:type\" content=\"image\/jpeg\" \/>\n<meta name=\"twitter:card\" content=\"summary_large_image\" \/>\n<meta property=\"product:price:amount\" content=\"895.00\" \/>\n<meta property=\"product:price:currency\" content=\"EUR\" \/>\n<meta property=\"og:availability\" content=\"instock\" \/>\n<meta property=\"product:availability\" content=\"instock\" \/>\n<meta property=\"product:retailer_item_id\" content=\"H82395332\" \/>\n<meta property=\"product:condition\" content=\"new\" \/>\n<!-- \/ Yoast SEO Premium plugin. -->","yoast_head_json":{"title":"HAMILTON KHAKI SCUBA 40MM WATCH","robots":{"index":"index","follow":"follow","max-snippet":"max-snippet:-1","max-image-preview":"max-image-preview:large","max-video-preview":"max-video-preview:-1"},"canonical":"https:\/\/www.joyeriajael.es\/en\/producto\/hamilton-khaki-scuba-40mm-watch\/","og_locale":"en_US","og_type":"article","og_title":"HAMILTON KHAKI SCUBA 40MM WATCH","og_description":"Whether on the beach, in the pool or submerged in deep water, the new Khaki Navy Scuba is&hellip;","og_url":"https:\/\/www.joyeriajael.es\/en\/producto\/hamilton-khaki-scuba-40mm-watch\/","og_site_name":"Jael Joyer\u00eda","article_modified_time":"2024-11-15T13:20:11+00:00","og_image":[{"width":900,"height":900,"url":"https:\/\/www.joyeriajael.es\/wp-content\/uploads\/2024\/11\/RELOJ-HAMILTON-KHAKI-SCUBA-40MM_01.jpg","type":"image\/jpeg"}],"twitter_card":"summary_large_image","schema":{"@context":"https:\/\/schema.org","@graph":[{"@type":["WebPage","ItemPage"],"@id":"https:\/\/www.joyeriajael.es\/en\/producto\/hamilton-khaki-scuba-40mm-watch\/","url":"https:\/\/www.joyeriajael.es\/en\/producto\/hamilton-khaki-scuba-40mm-watch\/","name":"HAMILTON KHAKI SCUBA 40MM WATCH","isPartOf":{"@id":"https:\/\/www.joyeriajael.es\/en\/#website"},"primaryImageOfPage":{"@id":"https:\/\/www.joyeriajael.es\/en\/producto\/hamilton-khaki-scuba-40mm-watch\/#primaryimage"},"image":{"@id":"https:\/\/www.joyeriajael.es\/en\/producto\/hamilton-khaki-scuba-40mm-watch\/#primaryimage"},"thumbnailUrl":"https:\/\/www.joyeriajael.es\/wp-content\/uploads\/2024\/11\/RELOJ-HAMILTON-KHAKI-SCUBA-40MM_01.jpg","datePublished":"2024-11-05T02:21:47+00:00","dateModified":"2024-11-15T13:20:11+00:00","breadcrumb":{"@id":"https:\/\/www.joyeriajael.es\/en\/producto\/hamilton-khaki-scuba-40mm-watch\/#breadcrumb"},"inLanguage":"en-US","potentialAction":[{"@type":"ReadAction","target":["https:\/\/www.joyeriajael.es\/en\/producto\/hamilton-khaki-scuba-40mm-watch\/"]}]},{"@type":"ImageObject","inLanguage":"en-US","@id":"https:\/\/www.joyeriajael.es\/en\/producto\/hamilton-khaki-scuba-40mm-watch\/#primaryimage","url":"https:\/\/www.joyeriajael.es\/wp-content\/uploads\/2024\/11\/RELOJ-HAMILTON-KHAKI-SCUBA-40MM_01.jpg","contentUrl":"https:\/\/www.joyeriajael.es\/wp-content\/uploads\/2024\/11\/RELOJ-HAMILTON-KHAKI-SCUBA-40MM_01.jpg","width":900,"height":900,"caption":"HAMILTON KHAKI SCUBA 40MM WATCH"},{"@type":"BreadcrumbList","@id":"https:\/\/www.joyeriajael.es\/en\/producto\/hamilton-khaki-scuba-40mm-watch\/#breadcrumb","itemListElement":[{"@type":"ListItem","position":1,"name":"Portada","item":"https:\/\/www.joyeriajael.es\/en\/"},{"@type":"ListItem","position":2,"name":"Online store","item":"https:\/\/www.joyeriajael.es\/tienda-online\/"},{"@type":"ListItem","position":3,"name":"Brands","item":"https:\/\/www.joyeriajael.es\/en\/brands\/"},{"@type":"ListItem","position":4,"name":"Hamilton","item":"https:\/\/www.joyeriajael.es\/en\/brands\/hamilton-en\/"},{"@type":"ListItem","position":5,"name":"HAMILTON KHAKI SCUBA 40MM WATCH"}]},{"@type":"WebSite","@id":"https:\/\/www.joyeriajael.es\/en\/#website","url":"https:\/\/www.joyeriajael.es\/en\/","name":"Jael Joyer\u00eda","description":"Jael Joyer\u00eda en Santiago de Compostela y A Coru\u00f1a. Primeras marcas, firmas exclusivas, \u00fanico concesionario autorizado de Rolex en la provincia de A Coru\u00f1a.","publisher":{"@id":"https:\/\/www.joyeriajael.es\/en\/#organization"},"alternateName":"Jael","potentialAction":[{"@type":"SearchAction","target":{"@type":"EntryPoint","urlTemplate":"https:\/\/www.joyeriajael.es\/en\/?s={search_term_string}"},"query-input":{"@type":"PropertyValueSpecification","valueRequired":true,"valueName":"search_term_string"}}],"inLanguage":"en-US"},{"@type":"Organization","@id":"https:\/\/www.joyeriajael.es\/en\/#organization","name":"Jael","alternateName":"Jael joyer\u00eda","url":"https:\/\/www.joyeriajael.es\/en\/","logo":{"@type":"ImageObject","inLanguage":"en-US","@id":"https:\/\/www.joyeriajael.es\/en\/#\/schema\/logo\/image\/","url":"https:\/\/www.joyeriajael.es\/wp-content\/uploads\/2024\/07\/cropped-favicon-1.png","contentUrl":"https:\/\/www.joyeriajael.es\/wp-content\/uploads\/2024\/07\/cropped-favicon-1.png","width":512,"height":512,"caption":"Jael"},"image":{"@id":"https:\/\/www.joyeriajael.es\/en\/#\/schema\/logo\/image\/"}}]},"product_price_amount":"895.00","product_price_currency":"EUR","og_availability":"instock","product_availability":"instock","product_retailer_item_id":"H82395332","product_condition":"new"},"df_price":895,"df_sale_price":"","df_regular_price":895,"df_image_link":"https:\/\/www.joyeriajael.es\/wp-content\/uploads\/2024\/11\/RELOJ-HAMILTON-KHAKI-SCUBA-40MM_01-300x300.jpg","_links":{"self":[{"href":"https:\/\/www.joyeriajael.es\/en\/wp-json\/wp\/v2\/product\/76598","targetHints":{"allow":["GET"]}}],"collection":[{"href":"https:\/\/www.joyeriajael.es\/en\/wp-json\/wp\/v2\/product"}],"about":[{"href":"https:\/\/www.joyeriajael.es\/en\/wp-json\/wp\/v2\/types\/product"}],"wp:featuredmedia":[{"embeddable":true,"href":"https:\/\/www.joyeriajael.es\/en\/wp-json\/wp\/v2\/media\/76585"}],"wp:attachment":[{"href":"https:\/\/www.joyeriajael.es\/en\/wp-json\/wp\/v2\/media?parent=76598"}],"wp:term":[{"taxonomy":"product_brand","embeddable":true,"href":"https:\/\/www.joyeriajael.es\/en\/wp-json\/wp\/v2\/product_brand?post=76598"},{"taxonomy":"product_cat","embeddable":true,"href":"https:\/\/www.joyeriajael.es\/en\/wp-json\/wp\/v2\/product_cat?post=76598"},{"taxonomy":"product_tag","embeddable":true,"href":"https:\/\/www.joyeriajael.es\/en\/wp-json\/wp\/v2\/product_tag?post=76598"}],"curies":[{"name":"wp","href":"https:\/\/api.w.org\/{rel}","templated":true}]}}