{"id":76629,"date":"2024-11-05T03:21:37","date_gmt":"2024-11-05T02:21:37","guid":{"rendered":"https:\/\/www.joyeriajael.es\/tienda-online\/hamilton-khaki-pilot-day-date-watch-42mm\/"},"modified":"2024-11-18T10:23:27","modified_gmt":"2024-11-18T09:23:27","slug":"hamilton-khaki-pilot-day-date-watch-42mm","status":"publish","type":"product","link":"https:\/\/www.joyeriajael.es\/en\/producto\/hamilton-khaki-pilot-day-date-watch-42mm\/","title":{"rendered":"HAMILTON KHAKI PILOT DAY DATE WATCH 42MM"},"content":{"rendered":"<div class=\"product attribute description\">\n<div class=\"value\">\n<div data-content-type=\"html\" data-appearance=\"default\" data-element=\"main\" data-decoded=\"true\">Designed for true aviation enthusiasts, the Khaki Aviation Pilot Day Date evokes the Khaki spirit of exploration and adventure. Powered by the H-30 automatic movement with an 80-hour power reserve and a Nivachron\u2122 regulating spring, this model features a day\/date window and larger numerals on the dial for greater legibility. The Khaki Aviation Day Date 42 mm is mounted on a modern stainless steel bracelet, combined with a deep blue dial that evokes the possibilities of an open, clear sky.<\/div>\n<\/div>\n<\/div>\n<div class=\"product info detailed\">\n<div id=\"product-data-items\" class=\"product data items mage-accordion-disabled\">\n<div class=\"element\" role=\"tablist\">\n<div id=\"tab-label-additional\" class=\"accordion-title\" role=\"tab\" data-role=\"collapsible\" data-collapsible=\"true\" aria-controls=\"additional\" aria-selected=\"false\" aria-expanded=\"true\">\n<div class=\"data switch\" tabindex=\"0\" data-role=\"trigger\"><\/div>\n<\/div>\n<\/div>\n<\/div>\n<\/div>\n","protected":false},"excerpt":{"rendered":"<p>Designed for true aviation enthusiasts, the Khaki Aviation Pilot Day Date evokes the Khaki spirit of exploration and&hellip;<\/p>\n","protected":false},"featured_media":76625,"template":"","meta":{"_acf_changed":false},"product_brand":[],"product_cat":[720,499,730],"product_tag":[],"class_list":{"0":"post-76629","1":"product","2":"type-product","3":"status-publish","4":"has-post-thumbnail","6":"product_cat-hamilton-en","7":"product_cat-watches","8":"product_cat-watches-for-men","9":"pa_marca-hamilton-en","11":"first","12":"outofstock","13":"taxable","14":"shipping-taxable","15":"purchasable","16":"product-type-simple"},"acf":[],"yoast_head":"<!-- This site is optimized with the Yoast SEO Premium plugin v27.4 (Yoast SEO v27.4) - https:\/\/yoast.com\/product\/yoast-seo-premium-wordpress\/ -->\n<title>HAMILTON KHAKI PILOT DAY DATE WATCH 42MM<\/title>\n<meta name=\"robots\" content=\"index, follow, max-snippet:-1, max-image-preview:large, max-video-preview:-1\" \/>\n<link rel=\"canonical\" href=\"https:\/\/www.joyeriajael.es\/en\/producto\/hamilton-khaki-pilot-day-date-watch-42mm\/\" \/>\n<meta property=\"og:locale\" content=\"en_US\" \/>\n<meta property=\"og:type\" content=\"article\" \/>\n<meta property=\"og:title\" content=\"HAMILTON KHAKI PILOT DAY DATE WATCH 42MM\" \/>\n<meta property=\"og:description\" content=\"Designed for true aviation enthusiasts, the Khaki Aviation Pilot Day Date evokes the Khaki spirit of exploration and&hellip;\" \/>\n<meta property=\"og:url\" content=\"https:\/\/www.joyeriajael.es\/en\/producto\/hamilton-khaki-pilot-day-date-watch-42mm\/\" \/>\n<meta property=\"og:site_name\" content=\"Jael Joyer\u00eda\" \/>\n<meta property=\"article:modified_time\" content=\"2024-11-18T09:23:27+00:00\" \/>\n<meta property=\"og:image\" content=\"https:\/\/www.joyeriajael.es\/wp-content\/uploads\/2024\/11\/RELOJ-HAMILTON-KHAKI-PILOT-DAY-DATE-42MM_01.jpg\" \/>\n\t<meta property=\"og:image:width\" content=\"900\" \/>\n\t<meta property=\"og:image:height\" content=\"900\" \/>\n\t<meta property=\"og:image:type\" content=\"image\/jpeg\" \/>\n<meta name=\"twitter:card\" content=\"summary_large_image\" \/>\n<meta property=\"product:price:amount\" content=\"1155.00\" \/>\n<meta property=\"product:price:currency\" content=\"EUR\" \/>\n<meta property=\"og:availability\" content=\"out of stock\" \/>\n<meta property=\"product:availability\" content=\"out of stock\" \/>\n<meta property=\"product:retailer_item_id\" content=\"H64635140\" \/>\n<meta property=\"product:condition\" content=\"new\" \/>\n<!-- \/ Yoast SEO Premium plugin. -->","yoast_head_json":{"title":"HAMILTON KHAKI PILOT DAY DATE WATCH 42MM","robots":{"index":"index","follow":"follow","max-snippet":"max-snippet:-1","max-image-preview":"max-image-preview:large","max-video-preview":"max-video-preview:-1"},"canonical":"https:\/\/www.joyeriajael.es\/en\/producto\/hamilton-khaki-pilot-day-date-watch-42mm\/","og_locale":"en_US","og_type":"article","og_title":"HAMILTON KHAKI PILOT DAY DATE WATCH 42MM","og_description":"Designed for true aviation enthusiasts, the Khaki Aviation Pilot Day Date evokes the Khaki spirit of exploration and&hellip;","og_url":"https:\/\/www.joyeriajael.es\/en\/producto\/hamilton-khaki-pilot-day-date-watch-42mm\/","og_site_name":"Jael Joyer\u00eda","article_modified_time":"2024-11-18T09:23:27+00:00","og_image":[{"width":900,"height":900,"url":"https:\/\/www.joyeriajael.es\/wp-content\/uploads\/2024\/11\/RELOJ-HAMILTON-KHAKI-PILOT-DAY-DATE-42MM_01.jpg","type":"image\/jpeg"}],"twitter_card":"summary_large_image","schema":{"@context":"https:\/\/schema.org","@graph":[{"@type":["WebPage","ItemPage"],"@id":"https:\/\/www.joyeriajael.es\/en\/producto\/hamilton-khaki-pilot-day-date-watch-42mm\/","url":"https:\/\/www.joyeriajael.es\/en\/producto\/hamilton-khaki-pilot-day-date-watch-42mm\/","name":"HAMILTON KHAKI PILOT DAY DATE WATCH 42MM","isPartOf":{"@id":"https:\/\/www.joyeriajael.es\/en\/#website"},"primaryImageOfPage":{"@id":"https:\/\/www.joyeriajael.es\/en\/producto\/hamilton-khaki-pilot-day-date-watch-42mm\/#primaryimage"},"image":{"@id":"https:\/\/www.joyeriajael.es\/en\/producto\/hamilton-khaki-pilot-day-date-watch-42mm\/#primaryimage"},"thumbnailUrl":"https:\/\/www.joyeriajael.es\/wp-content\/uploads\/2024\/11\/RELOJ-HAMILTON-KHAKI-PILOT-DAY-DATE-42MM_01.jpg","datePublished":"2024-11-05T02:21:37+00:00","dateModified":"2024-11-18T09:23:27+00:00","breadcrumb":{"@id":"https:\/\/www.joyeriajael.es\/en\/producto\/hamilton-khaki-pilot-day-date-watch-42mm\/#breadcrumb"},"inLanguage":"en-US","potentialAction":[{"@type":"ReadAction","target":["https:\/\/www.joyeriajael.es\/en\/producto\/hamilton-khaki-pilot-day-date-watch-42mm\/"]}]},{"@type":"ImageObject","inLanguage":"en-US","@id":"https:\/\/www.joyeriajael.es\/en\/producto\/hamilton-khaki-pilot-day-date-watch-42mm\/#primaryimage","url":"https:\/\/www.joyeriajael.es\/wp-content\/uploads\/2024\/11\/RELOJ-HAMILTON-KHAKI-PILOT-DAY-DATE-42MM_01.jpg","contentUrl":"https:\/\/www.joyeriajael.es\/wp-content\/uploads\/2024\/11\/RELOJ-HAMILTON-KHAKI-PILOT-DAY-DATE-42MM_01.jpg","width":900,"height":900,"caption":"HAMILTON KHAKI PILOT DAY DATE WATCH 42MM"},{"@type":"BreadcrumbList","@id":"https:\/\/www.joyeriajael.es\/en\/producto\/hamilton-khaki-pilot-day-date-watch-42mm\/#breadcrumb","itemListElement":[{"@type":"ListItem","position":1,"name":"Portada","item":"https:\/\/www.joyeriajael.es\/en\/"},{"@type":"ListItem","position":2,"name":"Online store","item":"https:\/\/www.joyeriajael.es\/tienda-online\/"},{"@type":"ListItem","position":3,"name":"Brands","item":"https:\/\/www.joyeriajael.es\/en\/brands\/"},{"@type":"ListItem","position":4,"name":"Hamilton","item":"https:\/\/www.joyeriajael.es\/en\/brands\/hamilton-en\/"},{"@type":"ListItem","position":5,"name":"HAMILTON KHAKI PILOT DAY DATE WATCH 42MM"}]},{"@type":"WebSite","@id":"https:\/\/www.joyeriajael.es\/en\/#website","url":"https:\/\/www.joyeriajael.es\/en\/","name":"Jael Joyer\u00eda","description":"Jael Joyer\u00eda en Santiago de Compostela y A Coru\u00f1a. Primeras marcas, firmas exclusivas, \u00fanico concesionario autorizado de Rolex en la provincia de A Coru\u00f1a.","publisher":{"@id":"https:\/\/www.joyeriajael.es\/en\/#organization"},"alternateName":"Jael","potentialAction":[{"@type":"SearchAction","target":{"@type":"EntryPoint","urlTemplate":"https:\/\/www.joyeriajael.es\/en\/?s={search_term_string}"},"query-input":{"@type":"PropertyValueSpecification","valueRequired":true,"valueName":"search_term_string"}}],"inLanguage":"en-US"},{"@type":"Organization","@id":"https:\/\/www.joyeriajael.es\/en\/#organization","name":"Jael","alternateName":"Jael joyer\u00eda","url":"https:\/\/www.joyeriajael.es\/en\/","logo":{"@type":"ImageObject","inLanguage":"en-US","@id":"https:\/\/www.joyeriajael.es\/en\/#\/schema\/logo\/image\/","url":"https:\/\/www.joyeriajael.es\/wp-content\/uploads\/2024\/07\/cropped-favicon-1.png","contentUrl":"https:\/\/www.joyeriajael.es\/wp-content\/uploads\/2024\/07\/cropped-favicon-1.png","width":512,"height":512,"caption":"Jael"},"image":{"@id":"https:\/\/www.joyeriajael.es\/en\/#\/schema\/logo\/image\/"}}]},"product_price_amount":"1155.00","product_price_currency":"EUR","og_availability":"out of stock","product_availability":"out of stock","product_retailer_item_id":"H64635140","product_condition":"new"},"df_price":1155,"df_sale_price":"","df_regular_price":1155,"df_image_link":"https:\/\/www.joyeriajael.es\/wp-content\/uploads\/2024\/11\/RELOJ-HAMILTON-KHAKI-PILOT-DAY-DATE-42MM_01-300x300.jpg","_links":{"self":[{"href":"https:\/\/www.joyeriajael.es\/en\/wp-json\/wp\/v2\/product\/76629","targetHints":{"allow":["GET"]}}],"collection":[{"href":"https:\/\/www.joyeriajael.es\/en\/wp-json\/wp\/v2\/product"}],"about":[{"href":"https:\/\/www.joyeriajael.es\/en\/wp-json\/wp\/v2\/types\/product"}],"wp:featuredmedia":[{"embeddable":true,"href":"https:\/\/www.joyeriajael.es\/en\/wp-json\/wp\/v2\/media\/76625"}],"wp:attachment":[{"href":"https:\/\/www.joyeriajael.es\/en\/wp-json\/wp\/v2\/media?parent=76629"}],"wp:term":[{"taxonomy":"product_brand","embeddable":true,"href":"https:\/\/www.joyeriajael.es\/en\/wp-json\/wp\/v2\/product_brand?post=76629"},{"taxonomy":"product_cat","embeddable":true,"href":"https:\/\/www.joyeriajael.es\/en\/wp-json\/wp\/v2\/product_cat?post=76629"},{"taxonomy":"product_tag","embeddable":true,"href":"https:\/\/www.joyeriajael.es\/en\/wp-json\/wp\/v2\/product_tag?post=76629"}],"curies":[{"name":"wp","href":"https:\/\/api.w.org\/{rel}","templated":true}]}}