{"id":76750,"date":"2024-11-07T03:46:32","date_gmt":"2024-11-07T02:46:32","guid":{"rendered":"https:\/\/www.joyeriajael.es\/tienda-online\/baume-mercier-riviera-33mm-watch-2\/"},"modified":"2024-11-20T14:12:51","modified_gmt":"2024-11-20T13:12:51","slug":"baume-mercier-riviera-33mm-watch-2","status":"publish","type":"product","link":"https:\/\/www.joyeriajael.es\/en\/producto\/baume-mercier-riviera-33mm-watch-2\/","title":{"rendered":"BAUME &amp; MERCIER RIVIERA 33MM WATCH"},"content":{"rendered":"<p class=\"product-detail__description--desktop\">This version embodies grace and a majestic femininity inspired by the nobility and softness of the white cultured mother-of-pearl covering its dial, beautifully lined with waves of transparent intaglio. Iridescent tones with delicate reflections bring the time reading to life, illuminating the hours and minutes, marked by Roman numerals, Superluminova riveted hour-markers (C1, blue emission) and rhodium-plated faceted hands. At 3 o&#8217;clock, the date appears discreetly.<\/p>\n","protected":false},"excerpt":{"rendered":"<p>This version embodies grace and a majestic femininity inspired by the nobility and softness of the white cultured&hellip;<\/p>\n","protected":false},"featured_media":76746,"template":"","meta":{"_acf_changed":false},"product_brand":[],"product_cat":[2806,3859,499,730,731],"product_tag":[],"class_list":{"0":"post-76750","1":"product","2":"type-product","3":"status-publish","4":"has-post-thumbnail","6":"product_cat-baume-et-mercier-en","7":"product_cat-riviera-en","8":"product_cat-watches","9":"product_cat-watches-for-men","10":"product_cat-watches-for-women","11":"pa_marca-baume-mercier-en","13":"first","14":"outofstock","15":"taxable","16":"shipping-taxable","17":"purchasable","18":"product-type-simple"},"acf":[],"yoast_head":"<!-- This site is optimized with the Yoast SEO Premium plugin v27.4 (Yoast SEO v27.4) - https:\/\/yoast.com\/product\/yoast-seo-premium-wordpress\/ -->\n<title>BAUME &amp; MERCIER RIVIERA 33MM WATCH<\/title>\n<meta name=\"robots\" content=\"index, follow, max-snippet:-1, max-image-preview:large, max-video-preview:-1\" \/>\n<link rel=\"canonical\" href=\"https:\/\/www.joyeriajael.es\/en\/producto\/baume-mercier-riviera-33mm-watch-2\/\" \/>\n<meta property=\"og:locale\" content=\"en_US\" \/>\n<meta property=\"og:type\" content=\"article\" \/>\n<meta property=\"og:title\" content=\"BAUME &amp; MERCIER RIVIERA 33MM WATCH\" \/>\n<meta property=\"og:description\" content=\"This version embodies grace and a majestic femininity inspired by the nobility and softness of the white cultured&hellip;\" \/>\n<meta property=\"og:url\" content=\"https:\/\/www.joyeriajael.es\/en\/producto\/baume-mercier-riviera-33mm-watch-2\/\" \/>\n<meta property=\"og:site_name\" content=\"Jael Joyer\u00eda\" \/>\n<meta property=\"article:modified_time\" content=\"2024-11-20T13:12:51+00:00\" \/>\n<meta property=\"og:image\" content=\"https:\/\/www.joyeriajael.es\/wp-content\/uploads\/2024\/11\/RELOJ-BAUME-MERCIER-RIVIERA-33MM_01.jpg\" \/>\n\t<meta property=\"og:image:width\" content=\"900\" \/>\n\t<meta property=\"og:image:height\" content=\"900\" \/>\n\t<meta property=\"og:image:type\" content=\"image\/jpeg\" \/>\n<meta name=\"twitter:card\" content=\"summary_large_image\" \/>\n<meta property=\"product:price:amount\" content=\"2700.00\" \/>\n<meta property=\"product:price:currency\" content=\"EUR\" \/>\n<meta property=\"og:availability\" content=\"out of stock\" \/>\n<meta property=\"product:availability\" content=\"out of stock\" \/>\n<meta property=\"product:retailer_item_id\" content=\"10837\" \/>\n<meta property=\"product:condition\" content=\"new\" \/>\n<!-- \/ Yoast SEO Premium plugin. -->","yoast_head_json":{"title":"BAUME &amp; MERCIER RIVIERA 33MM WATCH","robots":{"index":"index","follow":"follow","max-snippet":"max-snippet:-1","max-image-preview":"max-image-preview:large","max-video-preview":"max-video-preview:-1"},"canonical":"https:\/\/www.joyeriajael.es\/en\/producto\/baume-mercier-riviera-33mm-watch-2\/","og_locale":"en_US","og_type":"article","og_title":"BAUME &amp; MERCIER RIVIERA 33MM WATCH","og_description":"This version embodies grace and a majestic femininity inspired by the nobility and softness of the white cultured&hellip;","og_url":"https:\/\/www.joyeriajael.es\/en\/producto\/baume-mercier-riviera-33mm-watch-2\/","og_site_name":"Jael Joyer\u00eda","article_modified_time":"2024-11-20T13:12:51+00:00","og_image":[{"width":900,"height":900,"url":"https:\/\/www.joyeriajael.es\/wp-content\/uploads\/2024\/11\/RELOJ-BAUME-MERCIER-RIVIERA-33MM_01.jpg","type":"image\/jpeg"}],"twitter_card":"summary_large_image","schema":{"@context":"https:\/\/schema.org","@graph":[{"@type":["WebPage","ItemPage"],"@id":"https:\/\/www.joyeriajael.es\/en\/producto\/baume-mercier-riviera-33mm-watch-2\/","url":"https:\/\/www.joyeriajael.es\/en\/producto\/baume-mercier-riviera-33mm-watch-2\/","name":"BAUME &amp; MERCIER RIVIERA 33MM WATCH","isPartOf":{"@id":"https:\/\/www.joyeriajael.es\/en\/#website"},"primaryImageOfPage":{"@id":"https:\/\/www.joyeriajael.es\/en\/producto\/baume-mercier-riviera-33mm-watch-2\/#primaryimage"},"image":{"@id":"https:\/\/www.joyeriajael.es\/en\/producto\/baume-mercier-riviera-33mm-watch-2\/#primaryimage"},"thumbnailUrl":"https:\/\/www.joyeriajael.es\/wp-content\/uploads\/2024\/11\/RELOJ-BAUME-MERCIER-RIVIERA-33MM_01.jpg","datePublished":"2024-11-07T02:46:32+00:00","dateModified":"2024-11-20T13:12:51+00:00","breadcrumb":{"@id":"https:\/\/www.joyeriajael.es\/en\/producto\/baume-mercier-riviera-33mm-watch-2\/#breadcrumb"},"inLanguage":"en-US","potentialAction":[{"@type":"ReadAction","target":["https:\/\/www.joyeriajael.es\/en\/producto\/baume-mercier-riviera-33mm-watch-2\/"]}]},{"@type":"ImageObject","inLanguage":"en-US","@id":"https:\/\/www.joyeriajael.es\/en\/producto\/baume-mercier-riviera-33mm-watch-2\/#primaryimage","url":"https:\/\/www.joyeriajael.es\/wp-content\/uploads\/2024\/11\/RELOJ-BAUME-MERCIER-RIVIERA-33MM_01.jpg","contentUrl":"https:\/\/www.joyeriajael.es\/wp-content\/uploads\/2024\/11\/RELOJ-BAUME-MERCIER-RIVIERA-33MM_01.jpg","width":900,"height":900,"caption":"BAUME &amp; MERCIER RIVIERA 33MM WATCH"},{"@type":"BreadcrumbList","@id":"https:\/\/www.joyeriajael.es\/en\/producto\/baume-mercier-riviera-33mm-watch-2\/#breadcrumb","itemListElement":[{"@type":"ListItem","position":1,"name":"Portada","item":"https:\/\/www.joyeriajael.es\/en\/"},{"@type":"ListItem","position":2,"name":"Online store","item":"https:\/\/www.joyeriajael.es\/tienda-online\/"},{"@type":"ListItem","position":3,"name":"Brands","item":"https:\/\/www.joyeriajael.es\/en\/brands\/"},{"@type":"ListItem","position":4,"name":"Baume &amp; Mercier","item":"https:\/\/www.joyeriajael.es\/en\/brands\/baume-et-mercier-en\/"},{"@type":"ListItem","position":5,"name":"BAUME &amp; MERCIER RIVIERA 33MM WATCH"}]},{"@type":"WebSite","@id":"https:\/\/www.joyeriajael.es\/en\/#website","url":"https:\/\/www.joyeriajael.es\/en\/","name":"Jael Joyer\u00eda","description":"Jael Joyer\u00eda en Santiago de Compostela y A Coru\u00f1a. Primeras marcas, firmas exclusivas, \u00fanico concesionario autorizado de Rolex en la provincia de A Coru\u00f1a.","publisher":{"@id":"https:\/\/www.joyeriajael.es\/en\/#organization"},"alternateName":"Jael","potentialAction":[{"@type":"SearchAction","target":{"@type":"EntryPoint","urlTemplate":"https:\/\/www.joyeriajael.es\/en\/?s={search_term_string}"},"query-input":{"@type":"PropertyValueSpecification","valueRequired":true,"valueName":"search_term_string"}}],"inLanguage":"en-US"},{"@type":"Organization","@id":"https:\/\/www.joyeriajael.es\/en\/#organization","name":"Jael","alternateName":"Jael joyer\u00eda","url":"https:\/\/www.joyeriajael.es\/en\/","logo":{"@type":"ImageObject","inLanguage":"en-US","@id":"https:\/\/www.joyeriajael.es\/en\/#\/schema\/logo\/image\/","url":"https:\/\/www.joyeriajael.es\/wp-content\/uploads\/2024\/07\/cropped-favicon-1.png","contentUrl":"https:\/\/www.joyeriajael.es\/wp-content\/uploads\/2024\/07\/cropped-favicon-1.png","width":512,"height":512,"caption":"Jael"},"image":{"@id":"https:\/\/www.joyeriajael.es\/en\/#\/schema\/logo\/image\/"}}]},"product_price_amount":"2700.00","product_price_currency":"EUR","og_availability":"out of stock","product_availability":"out of stock","product_retailer_item_id":"10837","product_condition":"new"},"df_price":2700,"df_sale_price":"","df_regular_price":2700,"df_image_link":"https:\/\/www.joyeriajael.es\/wp-content\/uploads\/2024\/11\/RELOJ-BAUME-MERCIER-RIVIERA-33MM_01-300x300.jpg","_links":{"self":[{"href":"https:\/\/www.joyeriajael.es\/en\/wp-json\/wp\/v2\/product\/76750","targetHints":{"allow":["GET"]}}],"collection":[{"href":"https:\/\/www.joyeriajael.es\/en\/wp-json\/wp\/v2\/product"}],"about":[{"href":"https:\/\/www.joyeriajael.es\/en\/wp-json\/wp\/v2\/types\/product"}],"wp:featuredmedia":[{"embeddable":true,"href":"https:\/\/www.joyeriajael.es\/en\/wp-json\/wp\/v2\/media\/76746"}],"wp:attachment":[{"href":"https:\/\/www.joyeriajael.es\/en\/wp-json\/wp\/v2\/media?parent=76750"}],"wp:term":[{"taxonomy":"product_brand","embeddable":true,"href":"https:\/\/www.joyeriajael.es\/en\/wp-json\/wp\/v2\/product_brand?post=76750"},{"taxonomy":"product_cat","embeddable":true,"href":"https:\/\/www.joyeriajael.es\/en\/wp-json\/wp\/v2\/product_cat?post=76750"},{"taxonomy":"product_tag","embeddable":true,"href":"https:\/\/www.joyeriajael.es\/en\/wp-json\/wp\/v2\/product_tag?post=76750"}],"curies":[{"name":"wp","href":"https:\/\/api.w.org\/{rel}","templated":true}]}}