{"id":76803,"date":"2024-11-07T03:46:23","date_gmt":"2024-11-07T02:46:23","guid":{"rendered":"https:\/\/www.joyeriajael.es\/tienda-online\/reloj-baume-mercier-riviera-watch-39mm\/"},"modified":"2024-11-20T15:25:46","modified_gmt":"2024-11-20T14:25:46","slug":"reloj-baume-mercier-riviera-watch-39mm","status":"publish","type":"product","link":"https:\/\/www.joyeriajael.es\/en\/producto\/reloj-baume-mercier-riviera-watch-39mm\/","title":{"rendered":"RELOJ BAUME &amp; MERCIER RIVIERA WATCH 39MM"},"content":{"rendered":"<p class=\"product-detail__description--desktop\">The quintessence of elegance, it displays the beauty and opulence of the region&#8217;s lavish lifestyle. The gold shimmers as the light fades, just as the warmly hued villas on the horizon are illuminated in the evening. In the most exclusive spaces, hidden from view and jealously guarded as a secret, where music and laughter open the evening and echo in a jovial atmosphere, someone, perhaps a man or perhaps a woman, proudly displays his or her watch. In this gold Riviera, its noble materials symbolise success and a passion for beauty and refinement. Comparable to the enduring legacy of the French Riviera, this piece perpetuates the timeless appeal of creative craftsmanship that makes time a timeless jewel.<\/p>\n","protected":false},"excerpt":{"rendered":"<p>The quintessence of elegance, it displays the beauty and opulence of the region&#8217;s lavish lifestyle. The gold shimmers&hellip;<\/p>\n","protected":false},"featured_media":76793,"template":"","meta":{"_acf_changed":false},"product_brand":[],"product_cat":[2806,3859],"product_tag":[],"class_list":{"0":"post-76803","1":"product","2":"type-product","3":"status-publish","4":"has-post-thumbnail","6":"product_cat-baume-et-mercier-en","7":"product_cat-riviera-en","8":"pa_marca-baume-mercier-en","10":"first","11":"outofstock","12":"taxable","13":"shipping-taxable","14":"purchasable","15":"product-type-simple"},"acf":[],"yoast_head":"<!-- This site is optimized with the Yoast SEO Premium plugin v27.4 (Yoast SEO v27.4) - https:\/\/yoast.com\/product\/yoast-seo-premium-wordpress\/ -->\n<title>RELOJ BAUME &amp; MERCIER RIVIERA WATCH 39MM<\/title>\n<meta name=\"robots\" content=\"index, follow, max-snippet:-1, max-image-preview:large, max-video-preview:-1\" \/>\n<link rel=\"canonical\" href=\"https:\/\/www.joyeriajael.es\/en\/producto\/reloj-baume-mercier-riviera-watch-39mm\/\" \/>\n<meta property=\"og:locale\" content=\"en_US\" \/>\n<meta property=\"og:type\" content=\"article\" \/>\n<meta property=\"og:title\" content=\"RELOJ BAUME &amp; MERCIER RIVIERA WATCH 39MM\" \/>\n<meta property=\"og:description\" content=\"The quintessence of elegance, it displays the beauty and opulence of the region&#8217;s lavish lifestyle. The gold shimmers&hellip;\" \/>\n<meta property=\"og:url\" content=\"https:\/\/www.joyeriajael.es\/en\/producto\/reloj-baume-mercier-riviera-watch-39mm\/\" \/>\n<meta property=\"og:site_name\" content=\"Jael Joyer\u00eda\" \/>\n<meta property=\"article:modified_time\" content=\"2024-11-20T14:25:46+00:00\" \/>\n<meta property=\"og:image\" content=\"https:\/\/www.joyeriajael.es\/wp-content\/uploads\/2024\/11\/RELOJ-BAUME-MERCIER-RIVIERA-39MM_01.jpg\" \/>\n\t<meta property=\"og:image:width\" content=\"900\" \/>\n\t<meta property=\"og:image:height\" content=\"900\" \/>\n\t<meta property=\"og:image:type\" content=\"image\/jpeg\" \/>\n<meta name=\"twitter:card\" content=\"summary_large_image\" \/>\n<meta property=\"product:price:amount\" content=\"20500.00\" \/>\n<meta property=\"product:price:currency\" content=\"EUR\" \/>\n<meta property=\"og:availability\" content=\"out of stock\" \/>\n<meta property=\"product:availability\" content=\"out of stock\" \/>\n<meta property=\"product:retailer_item_id\" content=\"10787\" \/>\n<meta property=\"product:condition\" content=\"new\" \/>\n<!-- \/ Yoast SEO Premium plugin. -->","yoast_head_json":{"title":"RELOJ BAUME &amp; MERCIER RIVIERA WATCH 39MM","robots":{"index":"index","follow":"follow","max-snippet":"max-snippet:-1","max-image-preview":"max-image-preview:large","max-video-preview":"max-video-preview:-1"},"canonical":"https:\/\/www.joyeriajael.es\/en\/producto\/reloj-baume-mercier-riviera-watch-39mm\/","og_locale":"en_US","og_type":"article","og_title":"RELOJ BAUME &amp; MERCIER RIVIERA WATCH 39MM","og_description":"The quintessence of elegance, it displays the beauty and opulence of the region&#8217;s lavish lifestyle. The gold shimmers&hellip;","og_url":"https:\/\/www.joyeriajael.es\/en\/producto\/reloj-baume-mercier-riviera-watch-39mm\/","og_site_name":"Jael Joyer\u00eda","article_modified_time":"2024-11-20T14:25:46+00:00","og_image":[{"width":900,"height":900,"url":"https:\/\/www.joyeriajael.es\/wp-content\/uploads\/2024\/11\/RELOJ-BAUME-MERCIER-RIVIERA-39MM_01.jpg","type":"image\/jpeg"}],"twitter_card":"summary_large_image","schema":{"@context":"https:\/\/schema.org","@graph":[{"@type":["WebPage","ItemPage"],"@id":"https:\/\/www.joyeriajael.es\/en\/producto\/reloj-baume-mercier-riviera-watch-39mm\/","url":"https:\/\/www.joyeriajael.es\/en\/producto\/reloj-baume-mercier-riviera-watch-39mm\/","name":"RELOJ BAUME &amp; MERCIER RIVIERA WATCH 39MM","isPartOf":{"@id":"https:\/\/www.joyeriajael.es\/en\/#website"},"primaryImageOfPage":{"@id":"https:\/\/www.joyeriajael.es\/en\/producto\/reloj-baume-mercier-riviera-watch-39mm\/#primaryimage"},"image":{"@id":"https:\/\/www.joyeriajael.es\/en\/producto\/reloj-baume-mercier-riviera-watch-39mm\/#primaryimage"},"thumbnailUrl":"https:\/\/www.joyeriajael.es\/wp-content\/uploads\/2024\/11\/RELOJ-BAUME-MERCIER-RIVIERA-39MM_01.jpg","datePublished":"2024-11-07T02:46:23+00:00","dateModified":"2024-11-20T14:25:46+00:00","breadcrumb":{"@id":"https:\/\/www.joyeriajael.es\/en\/producto\/reloj-baume-mercier-riviera-watch-39mm\/#breadcrumb"},"inLanguage":"en-US","potentialAction":[{"@type":"ReadAction","target":["https:\/\/www.joyeriajael.es\/en\/producto\/reloj-baume-mercier-riviera-watch-39mm\/"]}]},{"@type":"ImageObject","inLanguage":"en-US","@id":"https:\/\/www.joyeriajael.es\/en\/producto\/reloj-baume-mercier-riviera-watch-39mm\/#primaryimage","url":"https:\/\/www.joyeriajael.es\/wp-content\/uploads\/2024\/11\/RELOJ-BAUME-MERCIER-RIVIERA-39MM_01.jpg","contentUrl":"https:\/\/www.joyeriajael.es\/wp-content\/uploads\/2024\/11\/RELOJ-BAUME-MERCIER-RIVIERA-39MM_01.jpg","width":900,"height":900,"caption":"RELOJ BAUME &amp; MERCIER RIVIERA WATCH 39MM"},{"@type":"BreadcrumbList","@id":"https:\/\/www.joyeriajael.es\/en\/producto\/reloj-baume-mercier-riviera-watch-39mm\/#breadcrumb","itemListElement":[{"@type":"ListItem","position":1,"name":"Portada","item":"https:\/\/www.joyeriajael.es\/en\/"},{"@type":"ListItem","position":2,"name":"Online store","item":"https:\/\/www.joyeriajael.es\/tienda-online\/"},{"@type":"ListItem","position":3,"name":"Brands","item":"https:\/\/www.joyeriajael.es\/en\/brands\/"},{"@type":"ListItem","position":4,"name":"Baume &amp; Mercier","item":"https:\/\/www.joyeriajael.es\/en\/brands\/baume-et-mercier-en\/"},{"@type":"ListItem","position":5,"name":"RELOJ BAUME &amp; MERCIER RIVIERA WATCH 39MM"}]},{"@type":"WebSite","@id":"https:\/\/www.joyeriajael.es\/en\/#website","url":"https:\/\/www.joyeriajael.es\/en\/","name":"Jael Joyer\u00eda","description":"Jael Joyer\u00eda en Santiago de Compostela y A Coru\u00f1a. Primeras marcas, firmas exclusivas, \u00fanico concesionario autorizado de Rolex en la provincia de A Coru\u00f1a.","publisher":{"@id":"https:\/\/www.joyeriajael.es\/en\/#organization"},"alternateName":"Jael","potentialAction":[{"@type":"SearchAction","target":{"@type":"EntryPoint","urlTemplate":"https:\/\/www.joyeriajael.es\/en\/?s={search_term_string}"},"query-input":{"@type":"PropertyValueSpecification","valueRequired":true,"valueName":"search_term_string"}}],"inLanguage":"en-US"},{"@type":"Organization","@id":"https:\/\/www.joyeriajael.es\/en\/#organization","name":"Jael","alternateName":"Jael joyer\u00eda","url":"https:\/\/www.joyeriajael.es\/en\/","logo":{"@type":"ImageObject","inLanguage":"en-US","@id":"https:\/\/www.joyeriajael.es\/en\/#\/schema\/logo\/image\/","url":"https:\/\/www.joyeriajael.es\/wp-content\/uploads\/2024\/07\/cropped-favicon-1.png","contentUrl":"https:\/\/www.joyeriajael.es\/wp-content\/uploads\/2024\/07\/cropped-favicon-1.png","width":512,"height":512,"caption":"Jael"},"image":{"@id":"https:\/\/www.joyeriajael.es\/en\/#\/schema\/logo\/image\/"}}]},"product_price_amount":"20500.00","product_price_currency":"EUR","og_availability":"out of stock","product_availability":"out of stock","product_retailer_item_id":"10787","product_condition":"new"},"df_price":20500,"df_sale_price":"","df_regular_price":20500,"df_image_link":"https:\/\/www.joyeriajael.es\/wp-content\/uploads\/2024\/11\/RELOJ-BAUME-MERCIER-RIVIERA-39MM_01-300x300.jpg","_links":{"self":[{"href":"https:\/\/www.joyeriajael.es\/en\/wp-json\/wp\/v2\/product\/76803","targetHints":{"allow":["GET"]}}],"collection":[{"href":"https:\/\/www.joyeriajael.es\/en\/wp-json\/wp\/v2\/product"}],"about":[{"href":"https:\/\/www.joyeriajael.es\/en\/wp-json\/wp\/v2\/types\/product"}],"wp:featuredmedia":[{"embeddable":true,"href":"https:\/\/www.joyeriajael.es\/en\/wp-json\/wp\/v2\/media\/76793"}],"wp:attachment":[{"href":"https:\/\/www.joyeriajael.es\/en\/wp-json\/wp\/v2\/media?parent=76803"}],"wp:term":[{"taxonomy":"product_brand","embeddable":true,"href":"https:\/\/www.joyeriajael.es\/en\/wp-json\/wp\/v2\/product_brand?post=76803"},{"taxonomy":"product_cat","embeddable":true,"href":"https:\/\/www.joyeriajael.es\/en\/wp-json\/wp\/v2\/product_cat?post=76803"},{"taxonomy":"product_tag","embeddable":true,"href":"https:\/\/www.joyeriajael.es\/en\/wp-json\/wp\/v2\/product_tag?post=76803"}],"curies":[{"name":"wp","href":"https:\/\/api.w.org\/{rel}","templated":true}]}}