{"id":76849,"date":"2024-11-07T03:46:15","date_gmt":"2024-11-07T02:46:15","guid":{"rendered":"https:\/\/www.joyeriajael.es\/tienda-online\/reloj-baume-mercier-classima-watch-42mm-3\/"},"modified":"2024-11-20T16:11:24","modified_gmt":"2024-11-20T15:11:24","slug":"reloj-baume-mercier-classima-watch-42mm-3","status":"publish","type":"product","link":"https:\/\/www.joyeriajael.es\/en\/producto\/reloj-baume-mercier-classima-watch-42mm-3\/","title":{"rendered":"RELOJ BAUME &amp; MERCIER CLASSIMA WATCH 42MM"},"content":{"rendered":"<p class=\"product-detail__description--desktop\">The Classima 10782 watch displays elegance and functionality thanks to its sand-finished \u2018soleil\u2019 satin-brushed dial with highlight trim and anthracite counters at 12 and 6 o&#8217;clock, in a fascinating visual contrast. In a 42 mm case in meticulously crafted polished stainless steel, the watch combines durability and timeless style. Incorporating a reliable automatic movement with a 48-hour power reserve and water-resistance of up to 5 ATM, it is suitable for a variety of occasions. To enhance its versatility, the watch is fitted with an interchangeable sanded calfskin suede strap for comfort and style in equal measure. The triple stainless steel folding clasp with safety pushers allows the wearer to enjoy complete peace of mind while displaying this exquisite creation.<\/p>\n","protected":false},"excerpt":{"rendered":"<p>The Classima 10782 watch displays elegance and functionality thanks to its sand-finished \u2018soleil\u2019 satin-brushed dial with highlight trim&hellip;<\/p>\n","protected":false},"featured_media":76841,"template":"","meta":{"_acf_changed":false},"product_brand":[],"product_cat":[2806,3858,499,730],"product_tag":[],"class_list":{"0":"post-76849","1":"product","2":"type-product","3":"status-publish","4":"has-post-thumbnail","6":"product_cat-baume-et-mercier-en","7":"product_cat-classima-en","8":"product_cat-watches","9":"product_cat-watches-for-men","10":"pa_marca-baume-mercier-en","12":"first","13":"outofstock","14":"taxable","15":"shipping-taxable","16":"purchasable","17":"product-type-simple"},"acf":[],"yoast_head":"<!-- This site is optimized with the Yoast SEO Premium plugin v27.3 (Yoast SEO v27.3) - https:\/\/yoast.com\/product\/yoast-seo-premium-wordpress\/ -->\n<title>RELOJ BAUME &amp; MERCIER CLASSIMA WATCH 42MM<\/title>\n<meta name=\"robots\" content=\"index, follow, max-snippet:-1, max-image-preview:large, max-video-preview:-1\" \/>\n<link rel=\"canonical\" href=\"https:\/\/www.joyeriajael.es\/en\/producto\/reloj-baume-mercier-classima-watch-42mm-3\/\" \/>\n<meta property=\"og:locale\" content=\"en_US\" \/>\n<meta property=\"og:type\" content=\"article\" \/>\n<meta property=\"og:title\" content=\"RELOJ BAUME &amp; MERCIER CLASSIMA WATCH 42MM\" \/>\n<meta property=\"og:description\" content=\"The Classima 10782 watch displays elegance and functionality thanks to its sand-finished \u2018soleil\u2019 satin-brushed dial with highlight trim&hellip;\" \/>\n<meta property=\"og:url\" content=\"https:\/\/www.joyeriajael.es\/en\/producto\/reloj-baume-mercier-classima-watch-42mm-3\/\" \/>\n<meta property=\"og:site_name\" content=\"Jael Joyer\u00eda\" \/>\n<meta property=\"article:modified_time\" content=\"2024-11-20T15:11:24+00:00\" \/>\n<meta property=\"og:image\" content=\"https:\/\/www.joyeriajael.es\/wp-content\/uploads\/2024\/11\/RELOJ-BAUME-MERCIER-CLASSIMA-42MM_01-2.jpg\" \/>\n\t<meta property=\"og:image:width\" content=\"900\" \/>\n\t<meta property=\"og:image:height\" content=\"900\" \/>\n\t<meta property=\"og:image:type\" content=\"image\/jpeg\" \/>\n<meta name=\"twitter:card\" content=\"summary_large_image\" \/>\n<meta property=\"product:price:amount\" content=\"3300.00\" \/>\n<meta property=\"product:price:currency\" content=\"EUR\" \/>\n<meta property=\"og:availability\" content=\"out of stock\" \/>\n<meta property=\"product:availability\" content=\"out of stock\" \/>\n<meta property=\"product:retailer_item_id\" content=\"10782\" \/>\n<meta property=\"product:condition\" content=\"new\" \/>\n<!-- \/ Yoast SEO Premium plugin. -->","yoast_head_json":{"title":"RELOJ BAUME &amp; MERCIER CLASSIMA WATCH 42MM","robots":{"index":"index","follow":"follow","max-snippet":"max-snippet:-1","max-image-preview":"max-image-preview:large","max-video-preview":"max-video-preview:-1"},"canonical":"https:\/\/www.joyeriajael.es\/en\/producto\/reloj-baume-mercier-classima-watch-42mm-3\/","og_locale":"en_US","og_type":"article","og_title":"RELOJ BAUME &amp; MERCIER CLASSIMA WATCH 42MM","og_description":"The Classima 10782 watch displays elegance and functionality thanks to its sand-finished \u2018soleil\u2019 satin-brushed dial with highlight trim&hellip;","og_url":"https:\/\/www.joyeriajael.es\/en\/producto\/reloj-baume-mercier-classima-watch-42mm-3\/","og_site_name":"Jael Joyer\u00eda","article_modified_time":"2024-11-20T15:11:24+00:00","og_image":[{"width":900,"height":900,"url":"https:\/\/www.joyeriajael.es\/wp-content\/uploads\/2024\/11\/RELOJ-BAUME-MERCIER-CLASSIMA-42MM_01-2.jpg","type":"image\/jpeg"}],"twitter_card":"summary_large_image","schema":{"@context":"https:\/\/schema.org","@graph":[{"@type":["WebPage","ItemPage"],"@id":"https:\/\/www.joyeriajael.es\/en\/producto\/reloj-baume-mercier-classima-watch-42mm-3\/","url":"https:\/\/www.joyeriajael.es\/en\/producto\/reloj-baume-mercier-classima-watch-42mm-3\/","name":"RELOJ BAUME &amp; MERCIER CLASSIMA WATCH 42MM","isPartOf":{"@id":"https:\/\/www.joyeriajael.es\/en\/#website"},"primaryImageOfPage":{"@id":"https:\/\/www.joyeriajael.es\/en\/producto\/reloj-baume-mercier-classima-watch-42mm-3\/#primaryimage"},"image":{"@id":"https:\/\/www.joyeriajael.es\/en\/producto\/reloj-baume-mercier-classima-watch-42mm-3\/#primaryimage"},"thumbnailUrl":"https:\/\/www.joyeriajael.es\/wp-content\/uploads\/2024\/11\/RELOJ-BAUME-MERCIER-CLASSIMA-42MM_01-2.jpg","datePublished":"2024-11-07T02:46:15+00:00","dateModified":"2024-11-20T15:11:24+00:00","breadcrumb":{"@id":"https:\/\/www.joyeriajael.es\/en\/producto\/reloj-baume-mercier-classima-watch-42mm-3\/#breadcrumb"},"inLanguage":"en-US","potentialAction":[{"@type":"ReadAction","target":["https:\/\/www.joyeriajael.es\/en\/producto\/reloj-baume-mercier-classima-watch-42mm-3\/"]}]},{"@type":"ImageObject","inLanguage":"en-US","@id":"https:\/\/www.joyeriajael.es\/en\/producto\/reloj-baume-mercier-classima-watch-42mm-3\/#primaryimage","url":"https:\/\/www.joyeriajael.es\/wp-content\/uploads\/2024\/11\/RELOJ-BAUME-MERCIER-CLASSIMA-42MM_01-2.jpg","contentUrl":"https:\/\/www.joyeriajael.es\/wp-content\/uploads\/2024\/11\/RELOJ-BAUME-MERCIER-CLASSIMA-42MM_01-2.jpg","width":900,"height":900,"caption":"RELOJ BAUME &amp; MERCIER CLASSIMA WATCH 42MM"},{"@type":"BreadcrumbList","@id":"https:\/\/www.joyeriajael.es\/en\/producto\/reloj-baume-mercier-classima-watch-42mm-3\/#breadcrumb","itemListElement":[{"@type":"ListItem","position":1,"name":"Portada","item":"https:\/\/www.joyeriajael.es\/en\/"},{"@type":"ListItem","position":2,"name":"Online store","item":"https:\/\/www.joyeriajael.es\/tienda-online\/"},{"@type":"ListItem","position":3,"name":"Brands","item":"https:\/\/www.joyeriajael.es\/en\/brands\/"},{"@type":"ListItem","position":4,"name":"Baume &amp; Mercier","item":"https:\/\/www.joyeriajael.es\/en\/brands\/baume-et-mercier-en\/"},{"@type":"ListItem","position":5,"name":"RELOJ BAUME &amp; MERCIER CLASSIMA WATCH 42MM"}]},{"@type":"WebSite","@id":"https:\/\/www.joyeriajael.es\/en\/#website","url":"https:\/\/www.joyeriajael.es\/en\/","name":"Jael Joyer\u00eda","description":"Jael Joyer\u00eda en Santiago de Compostela y A Coru\u00f1a. Primeras marcas, firmas exclusivas, \u00fanico concesionario autorizado de Rolex en la provincia de A Coru\u00f1a.","publisher":{"@id":"https:\/\/www.joyeriajael.es\/en\/#organization"},"alternateName":"Jael","potentialAction":[{"@type":"SearchAction","target":{"@type":"EntryPoint","urlTemplate":"https:\/\/www.joyeriajael.es\/en\/?s={search_term_string}"},"query-input":{"@type":"PropertyValueSpecification","valueRequired":true,"valueName":"search_term_string"}}],"inLanguage":"en-US"},{"@type":"Organization","@id":"https:\/\/www.joyeriajael.es\/en\/#organization","name":"Jael","alternateName":"Jael joyer\u00eda","url":"https:\/\/www.joyeriajael.es\/en\/","logo":{"@type":"ImageObject","inLanguage":"en-US","@id":"https:\/\/www.joyeriajael.es\/en\/#\/schema\/logo\/image\/","url":"https:\/\/www.joyeriajael.es\/wp-content\/uploads\/2024\/07\/cropped-favicon-1.png","contentUrl":"https:\/\/www.joyeriajael.es\/wp-content\/uploads\/2024\/07\/cropped-favicon-1.png","width":512,"height":512,"caption":"Jael"},"image":{"@id":"https:\/\/www.joyeriajael.es\/en\/#\/schema\/logo\/image\/"}}]},"product_price_amount":"3300.00","product_price_currency":"EUR","og_availability":"out of stock","product_availability":"out of stock","product_retailer_item_id":"10782","product_condition":"new"},"df_price":3300,"df_sale_price":"","df_regular_price":3300,"df_image_link":"https:\/\/www.joyeriajael.es\/wp-content\/uploads\/2024\/11\/RELOJ-BAUME-MERCIER-CLASSIMA-42MM_01-2-300x300.jpg","_links":{"self":[{"href":"https:\/\/www.joyeriajael.es\/en\/wp-json\/wp\/v2\/product\/76849","targetHints":{"allow":["GET"]}}],"collection":[{"href":"https:\/\/www.joyeriajael.es\/en\/wp-json\/wp\/v2\/product"}],"about":[{"href":"https:\/\/www.joyeriajael.es\/en\/wp-json\/wp\/v2\/types\/product"}],"wp:featuredmedia":[{"embeddable":true,"href":"https:\/\/www.joyeriajael.es\/en\/wp-json\/wp\/v2\/media\/76841"}],"wp:attachment":[{"href":"https:\/\/www.joyeriajael.es\/en\/wp-json\/wp\/v2\/media?parent=76849"}],"wp:term":[{"taxonomy":"product_brand","embeddable":true,"href":"https:\/\/www.joyeriajael.es\/en\/wp-json\/wp\/v2\/product_brand?post=76849"},{"taxonomy":"product_cat","embeddable":true,"href":"https:\/\/www.joyeriajael.es\/en\/wp-json\/wp\/v2\/product_cat?post=76849"},{"taxonomy":"product_tag","embeddable":true,"href":"https:\/\/www.joyeriajael.es\/en\/wp-json\/wp\/v2\/product_tag?post=76849"}],"curies":[{"name":"wp","href":"https:\/\/api.w.org\/{rel}","templated":true}]}}