{"id":76865,"date":"2024-11-07T03:45:43","date_gmt":"2024-11-07T02:45:43","guid":{"rendered":"https:\/\/www.joyeriajael.es\/tienda-online\/baume-mercier-hampton-watch-35-x-22mm-3\/"},"modified":"2024-11-20T16:41:49","modified_gmt":"2024-11-20T15:41:49","slug":"baume-mercier-hampton-watch-35-x-22mm-3","status":"publish","type":"product","link":"https:\/\/www.joyeriajael.es\/en\/producto\/baume-mercier-hampton-watch-35-x-22mm-3\/","title":{"rendered":"BAUME &amp; MERCIER HAMPTON WATCH 35 x 22MM"},"content":{"rendered":"<p>Experience the appeal of this watch powered by a quartz movement, a symbol of precision. In an 18-carat rose gold and polished titanium case, its opaline dial exudes timeless elegance, with gilded Arabic numerals and sword-shaped hands elegantly indicating the passage of time. <\/p>\n","protected":false},"excerpt":{"rendered":"<p>Experience the appeal of this watch powered by a quartz movement, a symbol of precision. In an 18-carat&hellip;<\/p>\n","protected":false},"featured_media":76853,"template":"","meta":{"_acf_changed":false},"product_brand":[],"product_cat":[2806,499,731],"product_tag":[],"class_list":{"0":"post-76865","1":"product","2":"type-product","3":"status-publish","4":"has-post-thumbnail","6":"product_cat-baume-et-mercier-en","7":"product_cat-watches","8":"product_cat-watches-for-women","9":"pa_marca-baume-mercier-en","11":"first","12":"outofstock","13":"taxable","14":"shipping-taxable","15":"purchasable","16":"product-type-simple"},"acf":[],"yoast_head":"<!-- This site is optimized with the Yoast SEO Premium plugin v27.4 (Yoast SEO v27.4) - https:\/\/yoast.com\/product\/yoast-seo-premium-wordpress\/ -->\n<title>BAUME &amp; MERCIER HAMPTON WATCH 35 x 22MM<\/title>\n<meta name=\"robots\" content=\"index, follow, max-snippet:-1, max-image-preview:large, max-video-preview:-1\" \/>\n<link rel=\"canonical\" href=\"https:\/\/www.joyeriajael.es\/en\/producto\/baume-mercier-hampton-watch-35-x-22mm-3\/\" \/>\n<meta property=\"og:locale\" content=\"en_US\" \/>\n<meta property=\"og:type\" content=\"article\" \/>\n<meta property=\"og:title\" content=\"BAUME &amp; MERCIER HAMPTON WATCH 35 x 22MM\" \/>\n<meta property=\"og:description\" content=\"Experience the appeal of this watch powered by a quartz movement, a symbol of precision. In an 18-carat&hellip;\" \/>\n<meta property=\"og:url\" content=\"https:\/\/www.joyeriajael.es\/en\/producto\/baume-mercier-hampton-watch-35-x-22mm-3\/\" \/>\n<meta property=\"og:site_name\" content=\"Jael Joyer\u00eda\" \/>\n<meta property=\"article:modified_time\" content=\"2024-11-20T15:41:49+00:00\" \/>\n<meta property=\"og:image\" content=\"https:\/\/www.joyeriajael.es\/wp-content\/uploads\/2024\/11\/RELOJ-BAUME-MERCIER-HAMPTON-35-x-22MM-1-1.jpg\" \/>\n\t<meta property=\"og:image:width\" content=\"900\" \/>\n\t<meta property=\"og:image:height\" content=\"900\" \/>\n\t<meta property=\"og:image:type\" content=\"image\/jpeg\" \/>\n<meta name=\"twitter:card\" content=\"summary_large_image\" \/>\n<meta property=\"product:price:amount\" content=\"4300.00\" \/>\n<meta property=\"product:price:currency\" content=\"EUR\" \/>\n<meta property=\"og:availability\" content=\"out of stock\" \/>\n<meta property=\"product:availability\" content=\"out of stock\" \/>\n<meta property=\"product:retailer_item_id\" content=\"10752\" \/>\n<meta property=\"product:condition\" content=\"new\" \/>\n<!-- \/ Yoast SEO Premium plugin. -->","yoast_head_json":{"title":"BAUME &amp; MERCIER HAMPTON WATCH 35 x 22MM","robots":{"index":"index","follow":"follow","max-snippet":"max-snippet:-1","max-image-preview":"max-image-preview:large","max-video-preview":"max-video-preview:-1"},"canonical":"https:\/\/www.joyeriajael.es\/en\/producto\/baume-mercier-hampton-watch-35-x-22mm-3\/","og_locale":"en_US","og_type":"article","og_title":"BAUME &amp; MERCIER HAMPTON WATCH 35 x 22MM","og_description":"Experience the appeal of this watch powered by a quartz movement, a symbol of precision. In an 18-carat&hellip;","og_url":"https:\/\/www.joyeriajael.es\/en\/producto\/baume-mercier-hampton-watch-35-x-22mm-3\/","og_site_name":"Jael Joyer\u00eda","article_modified_time":"2024-11-20T15:41:49+00:00","og_image":[{"width":900,"height":900,"url":"https:\/\/www.joyeriajael.es\/wp-content\/uploads\/2024\/11\/RELOJ-BAUME-MERCIER-HAMPTON-35-x-22MM-1-1.jpg","type":"image\/jpeg"}],"twitter_card":"summary_large_image","schema":{"@context":"https:\/\/schema.org","@graph":[{"@type":["WebPage","ItemPage"],"@id":"https:\/\/www.joyeriajael.es\/en\/producto\/baume-mercier-hampton-watch-35-x-22mm-3\/","url":"https:\/\/www.joyeriajael.es\/en\/producto\/baume-mercier-hampton-watch-35-x-22mm-3\/","name":"BAUME &amp; MERCIER HAMPTON WATCH 35 x 22MM","isPartOf":{"@id":"https:\/\/www.joyeriajael.es\/en\/#website"},"primaryImageOfPage":{"@id":"https:\/\/www.joyeriajael.es\/en\/producto\/baume-mercier-hampton-watch-35-x-22mm-3\/#primaryimage"},"image":{"@id":"https:\/\/www.joyeriajael.es\/en\/producto\/baume-mercier-hampton-watch-35-x-22mm-3\/#primaryimage"},"thumbnailUrl":"https:\/\/www.joyeriajael.es\/wp-content\/uploads\/2024\/11\/RELOJ-BAUME-MERCIER-HAMPTON-35-x-22MM-1-1.jpg","datePublished":"2024-11-07T02:45:43+00:00","dateModified":"2024-11-20T15:41:49+00:00","breadcrumb":{"@id":"https:\/\/www.joyeriajael.es\/en\/producto\/baume-mercier-hampton-watch-35-x-22mm-3\/#breadcrumb"},"inLanguage":"en-US","potentialAction":[{"@type":"ReadAction","target":["https:\/\/www.joyeriajael.es\/en\/producto\/baume-mercier-hampton-watch-35-x-22mm-3\/"]}]},{"@type":"ImageObject","inLanguage":"en-US","@id":"https:\/\/www.joyeriajael.es\/en\/producto\/baume-mercier-hampton-watch-35-x-22mm-3\/#primaryimage","url":"https:\/\/www.joyeriajael.es\/wp-content\/uploads\/2024\/11\/RELOJ-BAUME-MERCIER-HAMPTON-35-x-22MM-1-1.jpg","contentUrl":"https:\/\/www.joyeriajael.es\/wp-content\/uploads\/2024\/11\/RELOJ-BAUME-MERCIER-HAMPTON-35-x-22MM-1-1.jpg","width":900,"height":900,"caption":"BAUME &amp; MERCIER HAMPTON WATCH 35 x 22MM"},{"@type":"BreadcrumbList","@id":"https:\/\/www.joyeriajael.es\/en\/producto\/baume-mercier-hampton-watch-35-x-22mm-3\/#breadcrumb","itemListElement":[{"@type":"ListItem","position":1,"name":"Portada","item":"https:\/\/www.joyeriajael.es\/en\/"},{"@type":"ListItem","position":2,"name":"Online store","item":"https:\/\/www.joyeriajael.es\/tienda-online\/"},{"@type":"ListItem","position":3,"name":"Brands","item":"https:\/\/www.joyeriajael.es\/en\/brands\/"},{"@type":"ListItem","position":4,"name":"Baume &amp; Mercier","item":"https:\/\/www.joyeriajael.es\/en\/brands\/baume-et-mercier-en\/"},{"@type":"ListItem","position":5,"name":"BAUME &amp; MERCIER HAMPTON WATCH 35 x 22MM"}]},{"@type":"WebSite","@id":"https:\/\/www.joyeriajael.es\/en\/#website","url":"https:\/\/www.joyeriajael.es\/en\/","name":"Jael Joyer\u00eda","description":"Jael Joyer\u00eda en Santiago de Compostela y A Coru\u00f1a. Primeras marcas, firmas exclusivas, \u00fanico concesionario autorizado de Rolex en la provincia de A Coru\u00f1a.","publisher":{"@id":"https:\/\/www.joyeriajael.es\/en\/#organization"},"alternateName":"Jael","potentialAction":[{"@type":"SearchAction","target":{"@type":"EntryPoint","urlTemplate":"https:\/\/www.joyeriajael.es\/en\/?s={search_term_string}"},"query-input":{"@type":"PropertyValueSpecification","valueRequired":true,"valueName":"search_term_string"}}],"inLanguage":"en-US"},{"@type":"Organization","@id":"https:\/\/www.joyeriajael.es\/en\/#organization","name":"Jael","alternateName":"Jael joyer\u00eda","url":"https:\/\/www.joyeriajael.es\/en\/","logo":{"@type":"ImageObject","inLanguage":"en-US","@id":"https:\/\/www.joyeriajael.es\/en\/#\/schema\/logo\/image\/","url":"https:\/\/www.joyeriajael.es\/wp-content\/uploads\/2024\/07\/cropped-favicon-1.png","contentUrl":"https:\/\/www.joyeriajael.es\/wp-content\/uploads\/2024\/07\/cropped-favicon-1.png","width":512,"height":512,"caption":"Jael"},"image":{"@id":"https:\/\/www.joyeriajael.es\/en\/#\/schema\/logo\/image\/"}}]},"product_price_amount":"4300.00","product_price_currency":"EUR","og_availability":"out of stock","product_availability":"out of stock","product_retailer_item_id":"10752","product_condition":"new"},"df_price":4300,"df_sale_price":"","df_regular_price":4300,"df_image_link":"https:\/\/www.joyeriajael.es\/wp-content\/uploads\/2024\/11\/RELOJ-BAUME-MERCIER-HAMPTON-35-x-22MM-1-1-300x300.jpg","_links":{"self":[{"href":"https:\/\/www.joyeriajael.es\/en\/wp-json\/wp\/v2\/product\/76865","targetHints":{"allow":["GET"]}}],"collection":[{"href":"https:\/\/www.joyeriajael.es\/en\/wp-json\/wp\/v2\/product"}],"about":[{"href":"https:\/\/www.joyeriajael.es\/en\/wp-json\/wp\/v2\/types\/product"}],"wp:featuredmedia":[{"embeddable":true,"href":"https:\/\/www.joyeriajael.es\/en\/wp-json\/wp\/v2\/media\/76853"}],"wp:attachment":[{"href":"https:\/\/www.joyeriajael.es\/en\/wp-json\/wp\/v2\/media?parent=76865"}],"wp:term":[{"taxonomy":"product_brand","embeddable":true,"href":"https:\/\/www.joyeriajael.es\/en\/wp-json\/wp\/v2\/product_brand?post=76865"},{"taxonomy":"product_cat","embeddable":true,"href":"https:\/\/www.joyeriajael.es\/en\/wp-json\/wp\/v2\/product_cat?post=76865"},{"taxonomy":"product_tag","embeddable":true,"href":"https:\/\/www.joyeriajael.es\/en\/wp-json\/wp\/v2\/product_tag?post=76865"}],"curies":[{"name":"wp","href":"https:\/\/api.w.org\/{rel}","templated":true}]}}