{"id":77157,"date":"2024-11-07T03:43:21","date_gmt":"2024-11-07T02:43:21","guid":{"rendered":"https:\/\/www.joyeriajael.es\/tienda-online\/hublot-square-bang-unico-ceramic-gold-magic-42mm-watch\/"},"modified":"2024-11-25T13:55:42","modified_gmt":"2024-11-25T12:55:42","slug":"hublot-square-bang-unico-ceramic-gold-magic-42mm-watch","status":"publish","type":"product","link":"https:\/\/www.joyeriajael.es\/en\/producto\/hublot-square-bang-unico-ceramic-gold-magic-42mm-watch\/","title":{"rendered":"HUBLOT SQUARE BANG UNICO CERAMIC GOLD MAGIC 42MM WATCH"},"content":{"rendered":"<p>When developing its own automatic chronograph movement, Hublot wanted it to be, like all its creations, the first, different and unique. As the heart and soul of the watch, this \u2018open-heart\u2019 movement reveals its completely reinvented design. Its construction consists of 354 components that have been simplified to the maximum to improve its reliability and robustness.<\/p>\n","protected":false},"excerpt":{"rendered":"<p>When developing its own automatic chronograph movement, Hublot wanted it to be, like all its creations, the first,&hellip;<\/p>\n","protected":false},"featured_media":77153,"template":"","meta":{"_acf_changed":false},"product_brand":[],"product_cat":[2795,3833,499,730],"product_tag":[],"class_list":{"0":"post-77157","1":"product","2":"type-product","3":"status-publish","4":"has-post-thumbnail","6":"product_cat-hublot-en","7":"product_cat-square-bang-en","8":"product_cat-watches","9":"product_cat-watches-for-men","10":"pa_marca-hublot-en","12":"first","13":"outofstock","14":"taxable","15":"shipping-taxable","16":"purchasable","17":"product-type-simple"},"acf":[],"yoast_head":"<!-- This site is optimized with the Yoast SEO Premium plugin v27.4 (Yoast SEO v27.4) - https:\/\/yoast.com\/product\/yoast-seo-premium-wordpress\/ -->\n<title>HUBLOT SQUARE BANG UNICO CERAMIC GOLD MAGIC 42MM WATCH<\/title>\n<meta name=\"robots\" content=\"index, follow, max-snippet:-1, max-image-preview:large, max-video-preview:-1\" \/>\n<link rel=\"canonical\" href=\"https:\/\/www.joyeriajael.es\/en\/producto\/hublot-square-bang-unico-ceramic-gold-magic-42mm-watch\/\" \/>\n<meta property=\"og:locale\" content=\"en_US\" \/>\n<meta property=\"og:type\" content=\"article\" \/>\n<meta property=\"og:title\" content=\"HUBLOT SQUARE BANG UNICO CERAMIC GOLD MAGIC 42MM WATCH\" \/>\n<meta property=\"og:description\" content=\"When developing its own automatic chronograph movement, Hublot wanted it to be, like all its creations, the first,&hellip;\" \/>\n<meta property=\"og:url\" content=\"https:\/\/www.joyeriajael.es\/en\/producto\/hublot-square-bang-unico-ceramic-gold-magic-42mm-watch\/\" \/>\n<meta property=\"og:site_name\" content=\"Jael Joyer\u00eda\" \/>\n<meta property=\"article:modified_time\" content=\"2024-11-25T12:55:42+00:00\" \/>\n<meta property=\"og:image\" content=\"https:\/\/www.joyeriajael.es\/wp-content\/uploads\/2024\/11\/RELOJ-HUBLOT-SQUARE-BANG-UNICO-CERAMIC-MAGIC-GOLD-42MM-1.jpg\" \/>\n\t<meta property=\"og:image:width\" content=\"900\" \/>\n\t<meta property=\"og:image:height\" content=\"900\" \/>\n\t<meta property=\"og:image:type\" content=\"image\/jpeg\" \/>\n<meta name=\"twitter:card\" content=\"summary_large_image\" \/>\n<meta property=\"product:price:amount\" content=\"33000.00\" \/>\n<meta property=\"product:price:currency\" content=\"EUR\" \/>\n<meta property=\"og:availability\" content=\"out of stock\" \/>\n<meta property=\"product:availability\" content=\"out of stock\" \/>\n<meta property=\"product:retailer_item_id\" content=\"821.CM.0130.RX\" \/>\n<meta property=\"product:condition\" content=\"new\" \/>\n<!-- \/ Yoast SEO Premium plugin. -->","yoast_head_json":{"title":"HUBLOT SQUARE BANG UNICO CERAMIC GOLD MAGIC 42MM WATCH","robots":{"index":"index","follow":"follow","max-snippet":"max-snippet:-1","max-image-preview":"max-image-preview:large","max-video-preview":"max-video-preview:-1"},"canonical":"https:\/\/www.joyeriajael.es\/en\/producto\/hublot-square-bang-unico-ceramic-gold-magic-42mm-watch\/","og_locale":"en_US","og_type":"article","og_title":"HUBLOT SQUARE BANG UNICO CERAMIC GOLD MAGIC 42MM WATCH","og_description":"When developing its own automatic chronograph movement, Hublot wanted it to be, like all its creations, the first,&hellip;","og_url":"https:\/\/www.joyeriajael.es\/en\/producto\/hublot-square-bang-unico-ceramic-gold-magic-42mm-watch\/","og_site_name":"Jael Joyer\u00eda","article_modified_time":"2024-11-25T12:55:42+00:00","og_image":[{"width":900,"height":900,"url":"https:\/\/www.joyeriajael.es\/wp-content\/uploads\/2024\/11\/RELOJ-HUBLOT-SQUARE-BANG-UNICO-CERAMIC-MAGIC-GOLD-42MM-1.jpg","type":"image\/jpeg"}],"twitter_card":"summary_large_image","schema":{"@context":"https:\/\/schema.org","@graph":[{"@type":["WebPage","ItemPage"],"@id":"https:\/\/www.joyeriajael.es\/en\/producto\/hublot-square-bang-unico-ceramic-gold-magic-42mm-watch\/","url":"https:\/\/www.joyeriajael.es\/en\/producto\/hublot-square-bang-unico-ceramic-gold-magic-42mm-watch\/","name":"HUBLOT SQUARE BANG UNICO CERAMIC GOLD MAGIC 42MM WATCH","isPartOf":{"@id":"https:\/\/www.joyeriajael.es\/en\/#website"},"primaryImageOfPage":{"@id":"https:\/\/www.joyeriajael.es\/en\/producto\/hublot-square-bang-unico-ceramic-gold-magic-42mm-watch\/#primaryimage"},"image":{"@id":"https:\/\/www.joyeriajael.es\/en\/producto\/hublot-square-bang-unico-ceramic-gold-magic-42mm-watch\/#primaryimage"},"thumbnailUrl":"https:\/\/www.joyeriajael.es\/wp-content\/uploads\/2024\/11\/RELOJ-HUBLOT-SQUARE-BANG-UNICO-CERAMIC-MAGIC-GOLD-42MM-1.jpg","datePublished":"2024-11-07T02:43:21+00:00","dateModified":"2024-11-25T12:55:42+00:00","breadcrumb":{"@id":"https:\/\/www.joyeriajael.es\/en\/producto\/hublot-square-bang-unico-ceramic-gold-magic-42mm-watch\/#breadcrumb"},"inLanguage":"en-US","potentialAction":[{"@type":"ReadAction","target":["https:\/\/www.joyeriajael.es\/en\/producto\/hublot-square-bang-unico-ceramic-gold-magic-42mm-watch\/"]}]},{"@type":"ImageObject","inLanguage":"en-US","@id":"https:\/\/www.joyeriajael.es\/en\/producto\/hublot-square-bang-unico-ceramic-gold-magic-42mm-watch\/#primaryimage","url":"https:\/\/www.joyeriajael.es\/wp-content\/uploads\/2024\/11\/RELOJ-HUBLOT-SQUARE-BANG-UNICO-CERAMIC-MAGIC-GOLD-42MM-1.jpg","contentUrl":"https:\/\/www.joyeriajael.es\/wp-content\/uploads\/2024\/11\/RELOJ-HUBLOT-SQUARE-BANG-UNICO-CERAMIC-MAGIC-GOLD-42MM-1.jpg","width":900,"height":900,"caption":"HUBLOT SQUARE BANG UNICO CERAMIC GOLD MAGIC 42MM WATCH"},{"@type":"BreadcrumbList","@id":"https:\/\/www.joyeriajael.es\/en\/producto\/hublot-square-bang-unico-ceramic-gold-magic-42mm-watch\/#breadcrumb","itemListElement":[{"@type":"ListItem","position":1,"name":"Portada","item":"https:\/\/www.joyeriajael.es\/en\/"},{"@type":"ListItem","position":2,"name":"Online store","item":"https:\/\/www.joyeriajael.es\/tienda-online\/"},{"@type":"ListItem","position":3,"name":"Brands","item":"https:\/\/www.joyeriajael.es\/en\/brands\/"},{"@type":"ListItem","position":4,"name":"Hublot","item":"https:\/\/www.joyeriajael.es\/en\/brands\/hublot-en\/"},{"@type":"ListItem","position":5,"name":"HUBLOT SQUARE BANG UNICO CERAMIC GOLD MAGIC 42MM WATCH"}]},{"@type":"WebSite","@id":"https:\/\/www.joyeriajael.es\/en\/#website","url":"https:\/\/www.joyeriajael.es\/en\/","name":"Jael Joyer\u00eda","description":"Jael Joyer\u00eda en Santiago de Compostela y A Coru\u00f1a. Primeras marcas, firmas exclusivas, \u00fanico concesionario autorizado de Rolex en la provincia de A Coru\u00f1a.","publisher":{"@id":"https:\/\/www.joyeriajael.es\/en\/#organization"},"alternateName":"Jael","potentialAction":[{"@type":"SearchAction","target":{"@type":"EntryPoint","urlTemplate":"https:\/\/www.joyeriajael.es\/en\/?s={search_term_string}"},"query-input":{"@type":"PropertyValueSpecification","valueRequired":true,"valueName":"search_term_string"}}],"inLanguage":"en-US"},{"@type":"Organization","@id":"https:\/\/www.joyeriajael.es\/en\/#organization","name":"Jael","alternateName":"Jael joyer\u00eda","url":"https:\/\/www.joyeriajael.es\/en\/","logo":{"@type":"ImageObject","inLanguage":"en-US","@id":"https:\/\/www.joyeriajael.es\/en\/#\/schema\/logo\/image\/","url":"https:\/\/www.joyeriajael.es\/wp-content\/uploads\/2024\/07\/cropped-favicon-1.png","contentUrl":"https:\/\/www.joyeriajael.es\/wp-content\/uploads\/2024\/07\/cropped-favicon-1.png","width":512,"height":512,"caption":"Jael"},"image":{"@id":"https:\/\/www.joyeriajael.es\/en\/#\/schema\/logo\/image\/"}}]},"product_price_amount":"33000.00","product_price_currency":"EUR","og_availability":"out of stock","product_availability":"out of stock","product_retailer_item_id":"821.CM.0130.RX","product_condition":"new"},"df_price":33000,"df_sale_price":"","df_regular_price":33000,"df_image_link":"https:\/\/www.joyeriajael.es\/wp-content\/uploads\/2024\/11\/RELOJ-HUBLOT-SQUARE-BANG-UNICO-CERAMIC-MAGIC-GOLD-42MM-1-300x300.jpg","_links":{"self":[{"href":"https:\/\/www.joyeriajael.es\/en\/wp-json\/wp\/v2\/product\/77157","targetHints":{"allow":["GET"]}}],"collection":[{"href":"https:\/\/www.joyeriajael.es\/en\/wp-json\/wp\/v2\/product"}],"about":[{"href":"https:\/\/www.joyeriajael.es\/en\/wp-json\/wp\/v2\/types\/product"}],"wp:featuredmedia":[{"embeddable":true,"href":"https:\/\/www.joyeriajael.es\/en\/wp-json\/wp\/v2\/media\/77153"}],"wp:attachment":[{"href":"https:\/\/www.joyeriajael.es\/en\/wp-json\/wp\/v2\/media?parent=77157"}],"wp:term":[{"taxonomy":"product_brand","embeddable":true,"href":"https:\/\/www.joyeriajael.es\/en\/wp-json\/wp\/v2\/product_brand?post=77157"},{"taxonomy":"product_cat","embeddable":true,"href":"https:\/\/www.joyeriajael.es\/en\/wp-json\/wp\/v2\/product_cat?post=77157"},{"taxonomy":"product_tag","embeddable":true,"href":"https:\/\/www.joyeriajael.es\/en\/wp-json\/wp\/v2\/product_tag?post=77157"}],"curies":[{"name":"wp","href":"https:\/\/api.w.org\/{rel}","templated":true}]}}