{"id":77313,"date":"2024-11-07T03:16:58","date_gmt":"2024-11-07T02:16:58","guid":{"rendered":"https:\/\/www.joyeriajael.es\/tienda-online\/tudor-black-bay-chrono-watch-pink-41mm\/"},"modified":"2024-11-26T11:30:10","modified_gmt":"2024-11-26T10:30:10","slug":"tudor-black-bay-chrono-watch-pink-41mm","status":"publish","type":"product","link":"https:\/\/www.joyeriajael.es\/en\/producto\/tudor-black-bay-chrono-watch-pink-41mm\/","title":{"rendered":"TUDOR BLACK BAY CHRONO WATCH PINK 41MM"},"content":{"rendered":"<p>The Black Bay line is the result of the subtle combination of traditional aesthetics and modern watchmaking. It brings together over 60 years of TUDOR divers\u2019 watches at the same time as being resolutely anchored in the present. Its neovintage design is matched by manufacturing techniques and a reliability, robustness and quality of finish that meet today&#8217;s most stringent requirements.<\/p>\n<p>The Black Bay Chrono hybrid combines the tradition of diving watches represented by the Black Bay family with the king of the circuit, the chronograph. It retains features of the Black Bay collection in a steel case fitted with pushers inspired by the first generation of TUDOR chronographs. A fixed steel bezel with an engraved tachymeter scale completes the face of this sporty chronograph.<\/p>\n","protected":false},"excerpt":{"rendered":"<p>The Black Bay line is the result of the subtle combination of traditional aesthetics and modern watchmaking. It&hellip;<\/p>\n","protected":false},"featured_media":77309,"template":"","meta":{"_acf_changed":false},"product_brand":[],"product_cat":[3827,729,499,730],"product_tag":[],"class_list":{"0":"post-77313","1":"product","2":"type-product","3":"status-publish","4":"has-post-thumbnail","6":"product_cat-black-bay-en","7":"product_cat-tudor-en","8":"product_cat-watches","9":"product_cat-watches-for-men","10":"pa_marca-tudor-en","12":"first","13":"outofstock","14":"taxable","15":"shipping-taxable","16":"purchasable","17":"product-type-simple"},"acf":[],"yoast_head":"<!-- This site is optimized with the Yoast SEO Premium plugin v27.4 (Yoast SEO v27.4) - https:\/\/yoast.com\/product\/yoast-seo-premium-wordpress\/ -->\n<title>TUDOR BLACK BAY CHRONO WATCH PINK 41MM<\/title>\n<meta name=\"robots\" content=\"index, follow, max-snippet:-1, max-image-preview:large, max-video-preview:-1\" \/>\n<link rel=\"canonical\" href=\"https:\/\/www.joyeriajael.es\/en\/producto\/tudor-black-bay-chrono-watch-pink-41mm\/\" \/>\n<meta property=\"og:locale\" content=\"en_US\" \/>\n<meta property=\"og:type\" content=\"article\" \/>\n<meta property=\"og:title\" content=\"TUDOR BLACK BAY CHRONO WATCH PINK 41MM\" \/>\n<meta property=\"og:description\" content=\"The Black Bay line is the result of the subtle combination of traditional aesthetics and modern watchmaking. It&hellip;\" \/>\n<meta property=\"og:url\" content=\"https:\/\/www.joyeriajael.es\/en\/producto\/tudor-black-bay-chrono-watch-pink-41mm\/\" \/>\n<meta property=\"og:site_name\" content=\"Jael Joyer\u00eda\" \/>\n<meta property=\"article:modified_time\" content=\"2024-11-26T10:30:10+00:00\" \/>\n<meta property=\"og:image\" content=\"https:\/\/www.joyeriajael.es\/wp-content\/uploads\/2024\/11\/RELOJ-TUDOR-BLACK-BAY-CHRONO-PINK-41MM-1.jpg\" \/>\n\t<meta property=\"og:image:width\" content=\"900\" \/>\n\t<meta property=\"og:image:height\" content=\"900\" \/>\n\t<meta property=\"og:image:type\" content=\"image\/jpeg\" \/>\n<meta name=\"twitter:card\" content=\"summary_large_image\" \/>\n<meta property=\"product:price:amount\" content=\"5990.00\" \/>\n<meta property=\"product:price:currency\" content=\"EUR\" \/>\n<meta property=\"og:availability\" content=\"out of stock\" \/>\n<meta property=\"product:availability\" content=\"out of stock\" \/>\n<meta property=\"product:retailer_item_id\" content=\"M79360N-0019\" \/>\n<meta property=\"product:condition\" content=\"new\" \/>\n<!-- \/ Yoast SEO Premium plugin. -->","yoast_head_json":{"title":"TUDOR BLACK BAY CHRONO WATCH PINK 41MM","robots":{"index":"index","follow":"follow","max-snippet":"max-snippet:-1","max-image-preview":"max-image-preview:large","max-video-preview":"max-video-preview:-1"},"canonical":"https:\/\/www.joyeriajael.es\/en\/producto\/tudor-black-bay-chrono-watch-pink-41mm\/","og_locale":"en_US","og_type":"article","og_title":"TUDOR BLACK BAY CHRONO WATCH PINK 41MM","og_description":"The Black Bay line is the result of the subtle combination of traditional aesthetics and modern watchmaking. It&hellip;","og_url":"https:\/\/www.joyeriajael.es\/en\/producto\/tudor-black-bay-chrono-watch-pink-41mm\/","og_site_name":"Jael Joyer\u00eda","article_modified_time":"2024-11-26T10:30:10+00:00","og_image":[{"width":900,"height":900,"url":"https:\/\/www.joyeriajael.es\/wp-content\/uploads\/2024\/11\/RELOJ-TUDOR-BLACK-BAY-CHRONO-PINK-41MM-1.jpg","type":"image\/jpeg"}],"twitter_card":"summary_large_image","schema":{"@context":"https:\/\/schema.org","@graph":[{"@type":["WebPage","ItemPage"],"@id":"https:\/\/www.joyeriajael.es\/en\/producto\/tudor-black-bay-chrono-watch-pink-41mm\/","url":"https:\/\/www.joyeriajael.es\/en\/producto\/tudor-black-bay-chrono-watch-pink-41mm\/","name":"TUDOR BLACK BAY CHRONO WATCH PINK 41MM","isPartOf":{"@id":"https:\/\/www.joyeriajael.es\/en\/#website"},"primaryImageOfPage":{"@id":"https:\/\/www.joyeriajael.es\/en\/producto\/tudor-black-bay-chrono-watch-pink-41mm\/#primaryimage"},"image":{"@id":"https:\/\/www.joyeriajael.es\/en\/producto\/tudor-black-bay-chrono-watch-pink-41mm\/#primaryimage"},"thumbnailUrl":"https:\/\/www.joyeriajael.es\/wp-content\/uploads\/2024\/11\/RELOJ-TUDOR-BLACK-BAY-CHRONO-PINK-41MM-1.jpg","datePublished":"2024-11-07T02:16:58+00:00","dateModified":"2024-11-26T10:30:10+00:00","breadcrumb":{"@id":"https:\/\/www.joyeriajael.es\/en\/producto\/tudor-black-bay-chrono-watch-pink-41mm\/#breadcrumb"},"inLanguage":"en-US","potentialAction":[{"@type":"ReadAction","target":["https:\/\/www.joyeriajael.es\/en\/producto\/tudor-black-bay-chrono-watch-pink-41mm\/"]}]},{"@type":"ImageObject","inLanguage":"en-US","@id":"https:\/\/www.joyeriajael.es\/en\/producto\/tudor-black-bay-chrono-watch-pink-41mm\/#primaryimage","url":"https:\/\/www.joyeriajael.es\/wp-content\/uploads\/2024\/11\/RELOJ-TUDOR-BLACK-BAY-CHRONO-PINK-41MM-1.jpg","contentUrl":"https:\/\/www.joyeriajael.es\/wp-content\/uploads\/2024\/11\/RELOJ-TUDOR-BLACK-BAY-CHRONO-PINK-41MM-1.jpg","width":900,"height":900,"caption":"TUDOR BLACK BAY CHRONO WATCH PINK 41MM"},{"@type":"BreadcrumbList","@id":"https:\/\/www.joyeriajael.es\/en\/producto\/tudor-black-bay-chrono-watch-pink-41mm\/#breadcrumb","itemListElement":[{"@type":"ListItem","position":1,"name":"Portada","item":"https:\/\/www.joyeriajael.es\/en\/"},{"@type":"ListItem","position":2,"name":"Online store","item":"https:\/\/www.joyeriajael.es\/tienda-online\/"},{"@type":"ListItem","position":3,"name":"Brands","item":"https:\/\/www.joyeriajael.es\/en\/brands\/"},{"@type":"ListItem","position":4,"name":"Tudor","item":"https:\/\/www.joyeriajael.es\/en\/brands\/tudor-en\/"},{"@type":"ListItem","position":5,"name":"TUDOR BLACK BAY CHRONO WATCH PINK 41MM"}]},{"@type":"WebSite","@id":"https:\/\/www.joyeriajael.es\/en\/#website","url":"https:\/\/www.joyeriajael.es\/en\/","name":"Jael Joyer\u00eda","description":"Jael Joyer\u00eda en Santiago de Compostela y A Coru\u00f1a. Primeras marcas, firmas exclusivas, \u00fanico concesionario autorizado de Rolex en la provincia de A Coru\u00f1a.","publisher":{"@id":"https:\/\/www.joyeriajael.es\/en\/#organization"},"alternateName":"Jael","potentialAction":[{"@type":"SearchAction","target":{"@type":"EntryPoint","urlTemplate":"https:\/\/www.joyeriajael.es\/en\/?s={search_term_string}"},"query-input":{"@type":"PropertyValueSpecification","valueRequired":true,"valueName":"search_term_string"}}],"inLanguage":"en-US"},{"@type":"Organization","@id":"https:\/\/www.joyeriajael.es\/en\/#organization","name":"Jael","alternateName":"Jael joyer\u00eda","url":"https:\/\/www.joyeriajael.es\/en\/","logo":{"@type":"ImageObject","inLanguage":"en-US","@id":"https:\/\/www.joyeriajael.es\/en\/#\/schema\/logo\/image\/","url":"https:\/\/www.joyeriajael.es\/wp-content\/uploads\/2024\/07\/cropped-favicon-1.png","contentUrl":"https:\/\/www.joyeriajael.es\/wp-content\/uploads\/2024\/07\/cropped-favicon-1.png","width":512,"height":512,"caption":"Jael"},"image":{"@id":"https:\/\/www.joyeriajael.es\/en\/#\/schema\/logo\/image\/"}}]},"product_price_amount":"5990.00","product_price_currency":"EUR","og_availability":"out of stock","product_availability":"out of stock","product_retailer_item_id":"M79360N-0019","product_condition":"new"},"df_price":5990,"df_sale_price":"","df_regular_price":5990,"df_image_link":"https:\/\/www.joyeriajael.es\/wp-content\/uploads\/2024\/11\/RELOJ-TUDOR-BLACK-BAY-CHRONO-PINK-41MM-1-300x300.jpg","_links":{"self":[{"href":"https:\/\/www.joyeriajael.es\/en\/wp-json\/wp\/v2\/product\/77313","targetHints":{"allow":["GET"]}}],"collection":[{"href":"https:\/\/www.joyeriajael.es\/en\/wp-json\/wp\/v2\/product"}],"about":[{"href":"https:\/\/www.joyeriajael.es\/en\/wp-json\/wp\/v2\/types\/product"}],"wp:featuredmedia":[{"embeddable":true,"href":"https:\/\/www.joyeriajael.es\/en\/wp-json\/wp\/v2\/media\/77309"}],"wp:attachment":[{"href":"https:\/\/www.joyeriajael.es\/en\/wp-json\/wp\/v2\/media?parent=77313"}],"wp:term":[{"taxonomy":"product_brand","embeddable":true,"href":"https:\/\/www.joyeriajael.es\/en\/wp-json\/wp\/v2\/product_brand?post=77313"},{"taxonomy":"product_cat","embeddable":true,"href":"https:\/\/www.joyeriajael.es\/en\/wp-json\/wp\/v2\/product_cat?post=77313"},{"taxonomy":"product_tag","embeddable":true,"href":"https:\/\/www.joyeriajael.es\/en\/wp-json\/wp\/v2\/product_tag?post=77313"}],"curies":[{"name":"wp","href":"https:\/\/api.w.org\/{rel}","templated":true}]}}