{"id":77761,"date":"2024-11-06T03:24:33","date_gmt":"2024-11-06T02:24:33","guid":{"rendered":"https:\/\/www.joyeriajael.es\/tienda-online\/longines-conquest-heritage-watch-38mm\/"},"modified":"2024-11-28T15:02:45","modified_gmt":"2024-11-28T14:02:45","slug":"longines-conquest-heritage-watch-38mm","status":"publish","type":"product","link":"https:\/\/www.joyeriajael.es\/en\/producto\/longines-conquest-heritage-watch-38mm\/","title":{"rendered":"LONGINES CONQUEST HERITAGE WATCH 38MM"},"content":{"rendered":"<p>The Conquest collection, evoking a bold and creative spirit, was the first LONGINES watch line whose name was protected by the Swiss Federal Office of Intellectual Property in 1954. The Conquest Heritage line, a tribute to the first Conquest models launched more than 70 years ago, will appeal to all lovers of vintage design. The Conquest Heritage watches perfectly combine the classic style of the 1950s with modern watchmaking technology.<\/p>\n","protected":false},"excerpt":{"rendered":"<p>The Conquest collection, evoking a bold and creative spirit, was the first LONGINES watch line whose name was&hellip;<\/p>\n","protected":false},"featured_media":77759,"template":"","meta":{"_acf_changed":false},"product_brand":[],"product_cat":[723,3846,499,730],"product_tag":[],"class_list":{"0":"post-77761","1":"product","2":"type-product","3":"status-publish","4":"has-post-thumbnail","6":"product_cat-longines-en","7":"product_cat-conquest-en","8":"product_cat-watches","9":"product_cat-watches-for-men","10":"pa_marca-longines-en","12":"first","13":"outofstock","14":"taxable","15":"shipping-taxable","16":"purchasable","17":"product-type-simple"},"acf":[],"yoast_head":"<!-- This site is optimized with the Yoast SEO Premium plugin v27.3 (Yoast SEO v27.3) - https:\/\/yoast.com\/product\/yoast-seo-premium-wordpress\/ -->\n<title>LONGINES CONQUEST HERITAGE WATCH 38MM<\/title>\n<meta name=\"robots\" content=\"index, follow, max-snippet:-1, max-image-preview:large, max-video-preview:-1\" \/>\n<link rel=\"canonical\" href=\"https:\/\/www.joyeriajael.es\/en\/producto\/longines-conquest-heritage-watch-38mm\/\" \/>\n<meta property=\"og:locale\" content=\"en_US\" \/>\n<meta property=\"og:type\" content=\"article\" \/>\n<meta property=\"og:title\" content=\"LONGINES CONQUEST HERITAGE WATCH 38MM\" \/>\n<meta property=\"og:description\" content=\"The Conquest collection, evoking a bold and creative spirit, was the first LONGINES watch line whose name was&hellip;\" \/>\n<meta property=\"og:url\" content=\"https:\/\/www.joyeriajael.es\/en\/producto\/longines-conquest-heritage-watch-38mm\/\" \/>\n<meta property=\"og:site_name\" content=\"Jael Joyer\u00eda\" \/>\n<meta property=\"article:modified_time\" content=\"2024-11-28T14:02:45+00:00\" \/>\n<meta property=\"og:image\" content=\"https:\/\/www.joyeriajael.es\/wp-content\/uploads\/2024\/11\/RELOJ-LONGINES-CONQUEST-HERITAGE-38MM_01.jpg\" \/>\n\t<meta property=\"og:image:width\" content=\"900\" \/>\n\t<meta property=\"og:image:height\" content=\"900\" \/>\n\t<meta property=\"og:image:type\" content=\"image\/jpeg\" \/>\n<meta name=\"twitter:card\" content=\"summary_large_image\" \/>\n<meta property=\"product:price:amount\" content=\"4250.00\" \/>\n<meta property=\"product:price:currency\" content=\"EUR\" \/>\n<meta property=\"og:availability\" content=\"out of stock\" \/>\n<meta property=\"product:availability\" content=\"out of stock\" \/>\n<meta property=\"product:retailer_item_id\" content=\"L16484782\" \/>\n<meta property=\"product:condition\" content=\"new\" \/>\n<!-- \/ Yoast SEO Premium plugin. -->","yoast_head_json":{"title":"LONGINES CONQUEST HERITAGE WATCH 38MM","robots":{"index":"index","follow":"follow","max-snippet":"max-snippet:-1","max-image-preview":"max-image-preview:large","max-video-preview":"max-video-preview:-1"},"canonical":"https:\/\/www.joyeriajael.es\/en\/producto\/longines-conquest-heritage-watch-38mm\/","og_locale":"en_US","og_type":"article","og_title":"LONGINES CONQUEST HERITAGE WATCH 38MM","og_description":"The Conquest collection, evoking a bold and creative spirit, was the first LONGINES watch line whose name was&hellip;","og_url":"https:\/\/www.joyeriajael.es\/en\/producto\/longines-conquest-heritage-watch-38mm\/","og_site_name":"Jael Joyer\u00eda","article_modified_time":"2024-11-28T14:02:45+00:00","og_image":[{"width":900,"height":900,"url":"https:\/\/www.joyeriajael.es\/wp-content\/uploads\/2024\/11\/RELOJ-LONGINES-CONQUEST-HERITAGE-38MM_01.jpg","type":"image\/jpeg"}],"twitter_card":"summary_large_image","schema":{"@context":"https:\/\/schema.org","@graph":[{"@type":["WebPage","ItemPage"],"@id":"https:\/\/www.joyeriajael.es\/en\/producto\/longines-conquest-heritage-watch-38mm\/","url":"https:\/\/www.joyeriajael.es\/en\/producto\/longines-conquest-heritage-watch-38mm\/","name":"LONGINES CONQUEST HERITAGE WATCH 38MM","isPartOf":{"@id":"https:\/\/www.joyeriajael.es\/en\/#website"},"primaryImageOfPage":{"@id":"https:\/\/www.joyeriajael.es\/en\/producto\/longines-conquest-heritage-watch-38mm\/#primaryimage"},"image":{"@id":"https:\/\/www.joyeriajael.es\/en\/producto\/longines-conquest-heritage-watch-38mm\/#primaryimage"},"thumbnailUrl":"https:\/\/www.joyeriajael.es\/wp-content\/uploads\/2024\/11\/RELOJ-LONGINES-CONQUEST-HERITAGE-38MM_01.jpg","datePublished":"2024-11-06T02:24:33+00:00","dateModified":"2024-11-28T14:02:45+00:00","breadcrumb":{"@id":"https:\/\/www.joyeriajael.es\/en\/producto\/longines-conquest-heritage-watch-38mm\/#breadcrumb"},"inLanguage":"en-US","potentialAction":[{"@type":"ReadAction","target":["https:\/\/www.joyeriajael.es\/en\/producto\/longines-conquest-heritage-watch-38mm\/"]}]},{"@type":"ImageObject","inLanguage":"en-US","@id":"https:\/\/www.joyeriajael.es\/en\/producto\/longines-conquest-heritage-watch-38mm\/#primaryimage","url":"https:\/\/www.joyeriajael.es\/wp-content\/uploads\/2024\/11\/RELOJ-LONGINES-CONQUEST-HERITAGE-38MM_01.jpg","contentUrl":"https:\/\/www.joyeriajael.es\/wp-content\/uploads\/2024\/11\/RELOJ-LONGINES-CONQUEST-HERITAGE-38MM_01.jpg","width":900,"height":900,"caption":"LONGINES CONQUEST HERITAGE WATCH 38MM"},{"@type":"BreadcrumbList","@id":"https:\/\/www.joyeriajael.es\/en\/producto\/longines-conquest-heritage-watch-38mm\/#breadcrumb","itemListElement":[{"@type":"ListItem","position":1,"name":"Portada","item":"https:\/\/www.joyeriajael.es\/en\/"},{"@type":"ListItem","position":2,"name":"Online store","item":"https:\/\/www.joyeriajael.es\/tienda-online\/"},{"@type":"ListItem","position":3,"name":"Brands","item":"https:\/\/www.joyeriajael.es\/en\/brands\/"},{"@type":"ListItem","position":4,"name":"Longines","item":"https:\/\/www.joyeriajael.es\/en\/brands\/longines-en\/"},{"@type":"ListItem","position":5,"name":"LONGINES CONQUEST HERITAGE WATCH 38MM"}]},{"@type":"WebSite","@id":"https:\/\/www.joyeriajael.es\/en\/#website","url":"https:\/\/www.joyeriajael.es\/en\/","name":"Jael Joyer\u00eda","description":"Jael Joyer\u00eda en Santiago de Compostela y A Coru\u00f1a. Primeras marcas, firmas exclusivas, \u00fanico concesionario autorizado de Rolex en la provincia de A Coru\u00f1a.","publisher":{"@id":"https:\/\/www.joyeriajael.es\/en\/#organization"},"alternateName":"Jael","potentialAction":[{"@type":"SearchAction","target":{"@type":"EntryPoint","urlTemplate":"https:\/\/www.joyeriajael.es\/en\/?s={search_term_string}"},"query-input":{"@type":"PropertyValueSpecification","valueRequired":true,"valueName":"search_term_string"}}],"inLanguage":"en-US"},{"@type":"Organization","@id":"https:\/\/www.joyeriajael.es\/en\/#organization","name":"Jael","alternateName":"Jael joyer\u00eda","url":"https:\/\/www.joyeriajael.es\/en\/","logo":{"@type":"ImageObject","inLanguage":"en-US","@id":"https:\/\/www.joyeriajael.es\/en\/#\/schema\/logo\/image\/","url":"https:\/\/www.joyeriajael.es\/wp-content\/uploads\/2024\/07\/cropped-favicon-1.png","contentUrl":"https:\/\/www.joyeriajael.es\/wp-content\/uploads\/2024\/07\/cropped-favicon-1.png","width":512,"height":512,"caption":"Jael"},"image":{"@id":"https:\/\/www.joyeriajael.es\/en\/#\/schema\/logo\/image\/"}}]},"product_price_amount":"4250.00","product_price_currency":"EUR","og_availability":"out of stock","product_availability":"out of stock","product_retailer_item_id":"L16484782","product_condition":"new"},"df_price":4250,"df_sale_price":"","df_regular_price":4250,"df_image_link":"https:\/\/www.joyeriajael.es\/wp-content\/uploads\/2024\/11\/RELOJ-LONGINES-CONQUEST-HERITAGE-38MM_01-300x300.jpg","_links":{"self":[{"href":"https:\/\/www.joyeriajael.es\/en\/wp-json\/wp\/v2\/product\/77761","targetHints":{"allow":["GET"]}}],"collection":[{"href":"https:\/\/www.joyeriajael.es\/en\/wp-json\/wp\/v2\/product"}],"about":[{"href":"https:\/\/www.joyeriajael.es\/en\/wp-json\/wp\/v2\/types\/product"}],"wp:featuredmedia":[{"embeddable":true,"href":"https:\/\/www.joyeriajael.es\/en\/wp-json\/wp\/v2\/media\/77759"}],"wp:attachment":[{"href":"https:\/\/www.joyeriajael.es\/en\/wp-json\/wp\/v2\/media?parent=77761"}],"wp:term":[{"taxonomy":"product_brand","embeddable":true,"href":"https:\/\/www.joyeriajael.es\/en\/wp-json\/wp\/v2\/product_brand?post=77761"},{"taxonomy":"product_cat","embeddable":true,"href":"https:\/\/www.joyeriajael.es\/en\/wp-json\/wp\/v2\/product_cat?post=77761"},{"taxonomy":"product_tag","embeddable":true,"href":"https:\/\/www.joyeriajael.es\/en\/wp-json\/wp\/v2\/product_tag?post=77761"}],"curies":[{"name":"wp","href":"https:\/\/api.w.org\/{rel}","templated":true}]}}