{"id":77770,"date":"2024-11-06T03:17:39","date_gmt":"2024-11-06T02:17:39","guid":{"rendered":"https:\/\/www.joyeriajael.es\/tienda-online\/certina-ds2-watch-42mm\/"},"modified":"2024-11-28T15:22:16","modified_gmt":"2024-11-28T14:22:16","slug":"certina-ds2-watch-42mm","status":"publish","type":"product","link":"https:\/\/www.joyeriajael.es\/en\/producto\/certina-ds2-watch-42mm\/","title":{"rendered":"CERTINA DS2 WATCH 42MM"},"content":{"rendered":"<p>In the 1960s, the forerunners of the DS-2 Turning Bezel set the standard for solid construction and modern styling. The new collection is the same in every respect. The tonneau-shaped case (42 \u00d7 41 mm) features a unidirectional rotating bezel. While the usual models are made of classic stainless steel, the Sea Turtle Conservancy Edition is made of ultra-light titanium. The matt black dial with its rectangular hands and Super-LumiNova\u00ae-coated hour-markers are a perfect match. This special edition is worn with a strap made of #tide ocean material\u00ae in grey and blue stripes and is fitted with a titanium clasp. The stainless steel models are available with two interchangeable straps.<\/p>\n","protected":false},"excerpt":{"rendered":"<p>In the 1960s, the forerunners of the DS-2 Turning Bezel set the standard for solid construction and modern&hellip;<\/p>\n","protected":false},"featured_media":77766,"template":"","meta":{"_acf_changed":false},"product_brand":[],"product_cat":[716,499,730],"product_tag":[],"class_list":{"0":"post-77770","1":"product","2":"type-product","3":"status-publish","4":"has-post-thumbnail","6":"product_cat-certina-en","7":"product_cat-watches","8":"product_cat-watches-for-men","9":"pa_marca-certina-en","11":"first","12":"instock","13":"taxable","14":"shipping-taxable","15":"purchasable","16":"product-type-simple"},"acf":[],"yoast_head":"<!-- This site is optimized with the Yoast SEO Premium plugin v27.4 (Yoast SEO v27.4) - https:\/\/yoast.com\/product\/yoast-seo-premium-wordpress\/ -->\n<title>CERTINA DS2 WATCH 42MM<\/title>\n<meta name=\"robots\" content=\"index, follow, max-snippet:-1, max-image-preview:large, max-video-preview:-1\" \/>\n<link rel=\"canonical\" href=\"https:\/\/www.joyeriajael.es\/en\/producto\/certina-ds2-watch-42mm\/\" \/>\n<meta property=\"og:locale\" content=\"en_US\" \/>\n<meta property=\"og:type\" content=\"article\" \/>\n<meta property=\"og:title\" content=\"CERTINA DS2 WATCH 42MM\" \/>\n<meta property=\"og:description\" content=\"In the 1960s, the forerunners of the DS-2 Turning Bezel set the standard for solid construction and modern&hellip;\" \/>\n<meta property=\"og:url\" content=\"https:\/\/www.joyeriajael.es\/en\/producto\/certina-ds2-watch-42mm\/\" \/>\n<meta property=\"og:site_name\" content=\"Jael Joyer\u00eda\" \/>\n<meta property=\"article:modified_time\" content=\"2024-11-28T14:22:16+00:00\" \/>\n<meta property=\"og:image\" content=\"https:\/\/www.joyeriajael.es\/wp-content\/uploads\/2024\/11\/RELOJ-CERTINA-DS2-42MM_01.jpg\" \/>\n\t<meta property=\"og:image:width\" content=\"900\" \/>\n\t<meta property=\"og:image:height\" content=\"900\" \/>\n\t<meta property=\"og:image:type\" content=\"image\/jpeg\" \/>\n<meta name=\"twitter:card\" content=\"summary_large_image\" \/>\n<meta property=\"product:price:amount\" content=\"1145.00\" \/>\n<meta property=\"product:price:currency\" content=\"EUR\" \/>\n<meta property=\"og:availability\" content=\"instock\" \/>\n<meta property=\"product:availability\" content=\"instock\" \/>\n<meta property=\"product:retailer_item_id\" content=\"C0246071104102\" \/>\n<meta property=\"product:condition\" content=\"new\" \/>\n<!-- \/ Yoast SEO Premium plugin. -->","yoast_head_json":{"title":"CERTINA DS2 WATCH 42MM","robots":{"index":"index","follow":"follow","max-snippet":"max-snippet:-1","max-image-preview":"max-image-preview:large","max-video-preview":"max-video-preview:-1"},"canonical":"https:\/\/www.joyeriajael.es\/en\/producto\/certina-ds2-watch-42mm\/","og_locale":"en_US","og_type":"article","og_title":"CERTINA DS2 WATCH 42MM","og_description":"In the 1960s, the forerunners of the DS-2 Turning Bezel set the standard for solid construction and modern&hellip;","og_url":"https:\/\/www.joyeriajael.es\/en\/producto\/certina-ds2-watch-42mm\/","og_site_name":"Jael Joyer\u00eda","article_modified_time":"2024-11-28T14:22:16+00:00","og_image":[{"width":900,"height":900,"url":"https:\/\/www.joyeriajael.es\/wp-content\/uploads\/2024\/11\/RELOJ-CERTINA-DS2-42MM_01.jpg","type":"image\/jpeg"}],"twitter_card":"summary_large_image","schema":{"@context":"https:\/\/schema.org","@graph":[{"@type":["WebPage","ItemPage"],"@id":"https:\/\/www.joyeriajael.es\/en\/producto\/certina-ds2-watch-42mm\/","url":"https:\/\/www.joyeriajael.es\/en\/producto\/certina-ds2-watch-42mm\/","name":"CERTINA DS2 WATCH 42MM","isPartOf":{"@id":"https:\/\/www.joyeriajael.es\/en\/#website"},"primaryImageOfPage":{"@id":"https:\/\/www.joyeriajael.es\/en\/producto\/certina-ds2-watch-42mm\/#primaryimage"},"image":{"@id":"https:\/\/www.joyeriajael.es\/en\/producto\/certina-ds2-watch-42mm\/#primaryimage"},"thumbnailUrl":"https:\/\/www.joyeriajael.es\/wp-content\/uploads\/2024\/11\/RELOJ-CERTINA-DS2-42MM_01.jpg","datePublished":"2024-11-06T02:17:39+00:00","dateModified":"2024-11-28T14:22:16+00:00","breadcrumb":{"@id":"https:\/\/www.joyeriajael.es\/en\/producto\/certina-ds2-watch-42mm\/#breadcrumb"},"inLanguage":"en-US","potentialAction":[{"@type":"ReadAction","target":["https:\/\/www.joyeriajael.es\/en\/producto\/certina-ds2-watch-42mm\/"]}]},{"@type":"ImageObject","inLanguage":"en-US","@id":"https:\/\/www.joyeriajael.es\/en\/producto\/certina-ds2-watch-42mm\/#primaryimage","url":"https:\/\/www.joyeriajael.es\/wp-content\/uploads\/2024\/11\/RELOJ-CERTINA-DS2-42MM_01.jpg","contentUrl":"https:\/\/www.joyeriajael.es\/wp-content\/uploads\/2024\/11\/RELOJ-CERTINA-DS2-42MM_01.jpg","width":900,"height":900,"caption":"CERTINA DS2 WATCH 42MM"},{"@type":"BreadcrumbList","@id":"https:\/\/www.joyeriajael.es\/en\/producto\/certina-ds2-watch-42mm\/#breadcrumb","itemListElement":[{"@type":"ListItem","position":1,"name":"Portada","item":"https:\/\/www.joyeriajael.es\/en\/"},{"@type":"ListItem","position":2,"name":"Online store","item":"https:\/\/www.joyeriajael.es\/tienda-online\/"},{"@type":"ListItem","position":3,"name":"Brands","item":"https:\/\/www.joyeriajael.es\/en\/brands\/"},{"@type":"ListItem","position":4,"name":"Certina","item":"https:\/\/www.joyeriajael.es\/en\/brands\/certina-en\/"},{"@type":"ListItem","position":5,"name":"CERTINA DS2 WATCH 42MM"}]},{"@type":"WebSite","@id":"https:\/\/www.joyeriajael.es\/en\/#website","url":"https:\/\/www.joyeriajael.es\/en\/","name":"Jael Joyer\u00eda","description":"Jael Joyer\u00eda en Santiago de Compostela y A Coru\u00f1a. Primeras marcas, firmas exclusivas, \u00fanico concesionario autorizado de Rolex en la provincia de A Coru\u00f1a.","publisher":{"@id":"https:\/\/www.joyeriajael.es\/en\/#organization"},"alternateName":"Jael","potentialAction":[{"@type":"SearchAction","target":{"@type":"EntryPoint","urlTemplate":"https:\/\/www.joyeriajael.es\/en\/?s={search_term_string}"},"query-input":{"@type":"PropertyValueSpecification","valueRequired":true,"valueName":"search_term_string"}}],"inLanguage":"en-US"},{"@type":"Organization","@id":"https:\/\/www.joyeriajael.es\/en\/#organization","name":"Jael","alternateName":"Jael joyer\u00eda","url":"https:\/\/www.joyeriajael.es\/en\/","logo":{"@type":"ImageObject","inLanguage":"en-US","@id":"https:\/\/www.joyeriajael.es\/en\/#\/schema\/logo\/image\/","url":"https:\/\/www.joyeriajael.es\/wp-content\/uploads\/2024\/07\/cropped-favicon-1.png","contentUrl":"https:\/\/www.joyeriajael.es\/wp-content\/uploads\/2024\/07\/cropped-favicon-1.png","width":512,"height":512,"caption":"Jael"},"image":{"@id":"https:\/\/www.joyeriajael.es\/en\/#\/schema\/logo\/image\/"}}]},"product_price_amount":"1145.00","product_price_currency":"EUR","og_availability":"instock","product_availability":"instock","product_retailer_item_id":"C0246071104102","product_condition":"new"},"df_price":1145,"df_sale_price":"","df_regular_price":1145,"df_image_link":"https:\/\/www.joyeriajael.es\/wp-content\/uploads\/2024\/11\/RELOJ-CERTINA-DS2-42MM_01-300x300.jpg","_links":{"self":[{"href":"https:\/\/www.joyeriajael.es\/en\/wp-json\/wp\/v2\/product\/77770","targetHints":{"allow":["GET"]}}],"collection":[{"href":"https:\/\/www.joyeriajael.es\/en\/wp-json\/wp\/v2\/product"}],"about":[{"href":"https:\/\/www.joyeriajael.es\/en\/wp-json\/wp\/v2\/types\/product"}],"wp:featuredmedia":[{"embeddable":true,"href":"https:\/\/www.joyeriajael.es\/en\/wp-json\/wp\/v2\/media\/77766"}],"wp:attachment":[{"href":"https:\/\/www.joyeriajael.es\/en\/wp-json\/wp\/v2\/media?parent=77770"}],"wp:term":[{"taxonomy":"product_brand","embeddable":true,"href":"https:\/\/www.joyeriajael.es\/en\/wp-json\/wp\/v2\/product_brand?post=77770"},{"taxonomy":"product_cat","embeddable":true,"href":"https:\/\/www.joyeriajael.es\/en\/wp-json\/wp\/v2\/product_cat?post=77770"},{"taxonomy":"product_tag","embeddable":true,"href":"https:\/\/www.joyeriajael.es\/en\/wp-json\/wp\/v2\/product_tag?post=77770"}],"curies":[{"name":"wp","href":"https:\/\/api.w.org\/{rel}","templated":true}]}}