{"id":77890,"date":"2024-11-06T03:20:15","date_gmt":"2024-11-06T02:20:15","guid":{"rendered":"https:\/\/www.joyeriajael.es\/tienda-online\/tag-heuer-carrera-auto-watch-39mm\/"},"modified":"2024-11-29T09:54:35","modified_gmt":"2024-11-29T08:54:35","slug":"tag-heuer-carrera-auto-watch-39mm","status":"publish","type":"product","link":"https:\/\/www.joyeriajael.es\/en\/producto\/tag-heuer-carrera-auto-watch-39mm\/","title":{"rendered":"TAG HEUER CARRERA AUTO WATCH 39MM"},"content":{"rendered":"<p>Experience the rebirth of a legend with the TAG Heuer Carrera Chronograph 39mm. An homage to the iconic panda design of the coveted Heuer 7753 SN, this distinctive timepiece combines classic appeal with bold crystal case design, ushering in a new era for motoring enthusiasts and our heritage.<\/p>\n","protected":false},"excerpt":{"rendered":"<p>Experience the rebirth of a legend with the TAG Heuer Carrera Chronograph 39mm. An homage to the iconic&hellip;<\/p>\n","protected":false},"featured_media":77876,"template":"","meta":{"_acf_changed":false},"product_brand":[],"product_cat":[2483,3816,499,730],"product_tag":[],"class_list":{"0":"post-77890","1":"product","2":"type-product","3":"status-publish","4":"has-post-thumbnail","6":"product_cat-tag-heuer-en","7":"product_cat-carrera-en","8":"product_cat-watches","9":"product_cat-watches-for-men","10":"pa_marca-tag-heuer-en","12":"first","13":"outofstock","14":"taxable","15":"shipping-taxable","16":"purchasable","17":"product-type-simple"},"acf":[],"yoast_head":"<!-- This site is optimized with the Yoast SEO Premium plugin v27.4 (Yoast SEO v27.4) - https:\/\/yoast.com\/product\/yoast-seo-premium-wordpress\/ -->\n<title>TAG HEUER CARRERA AUTO WATCH 39MM<\/title>\n<meta name=\"robots\" content=\"index, follow, max-snippet:-1, max-image-preview:large, max-video-preview:-1\" \/>\n<link rel=\"canonical\" href=\"https:\/\/www.joyeriajael.es\/en\/producto\/tag-heuer-carrera-auto-watch-39mm\/\" \/>\n<meta property=\"og:locale\" content=\"en_US\" \/>\n<meta property=\"og:type\" content=\"article\" \/>\n<meta property=\"og:title\" content=\"TAG HEUER CARRERA AUTO WATCH 39MM\" \/>\n<meta property=\"og:description\" content=\"Experience the rebirth of a legend with the TAG Heuer Carrera Chronograph 39mm. An homage to the iconic&hellip;\" \/>\n<meta property=\"og:url\" content=\"https:\/\/www.joyeriajael.es\/en\/producto\/tag-heuer-carrera-auto-watch-39mm\/\" \/>\n<meta property=\"og:site_name\" content=\"Jael Joyer\u00eda\" \/>\n<meta property=\"article:modified_time\" content=\"2024-11-29T08:54:35+00:00\" \/>\n<meta property=\"og:image\" content=\"https:\/\/www.joyeriajael.es\/wp-content\/uploads\/2024\/11\/RELOJ-TAG-HEUER-CARRERA-AUTO-39MM_01.jpg\" \/>\n\t<meta property=\"og:image:width\" content=\"900\" \/>\n\t<meta property=\"og:image:height\" content=\"900\" \/>\n\t<meta property=\"og:image:type\" content=\"image\/jpeg\" \/>\n<meta name=\"twitter:card\" content=\"summary_large_image\" \/>\n<meta property=\"product:price:amount\" content=\"7050.00\" \/>\n<meta property=\"product:price:currency\" content=\"EUR\" \/>\n<meta property=\"og:availability\" content=\"out of stock\" \/>\n<meta property=\"product:availability\" content=\"out of stock\" \/>\n<meta property=\"product:retailer_item_id\" content=\"CBS2216.BA0041\" \/>\n<meta property=\"product:condition\" content=\"new\" \/>\n<!-- \/ Yoast SEO Premium plugin. -->","yoast_head_json":{"title":"TAG HEUER CARRERA AUTO WATCH 39MM","robots":{"index":"index","follow":"follow","max-snippet":"max-snippet:-1","max-image-preview":"max-image-preview:large","max-video-preview":"max-video-preview:-1"},"canonical":"https:\/\/www.joyeriajael.es\/en\/producto\/tag-heuer-carrera-auto-watch-39mm\/","og_locale":"en_US","og_type":"article","og_title":"TAG HEUER CARRERA AUTO WATCH 39MM","og_description":"Experience the rebirth of a legend with the TAG Heuer Carrera Chronograph 39mm. An homage to the iconic&hellip;","og_url":"https:\/\/www.joyeriajael.es\/en\/producto\/tag-heuer-carrera-auto-watch-39mm\/","og_site_name":"Jael Joyer\u00eda","article_modified_time":"2024-11-29T08:54:35+00:00","og_image":[{"width":900,"height":900,"url":"https:\/\/www.joyeriajael.es\/wp-content\/uploads\/2024\/11\/RELOJ-TAG-HEUER-CARRERA-AUTO-39MM_01.jpg","type":"image\/jpeg"}],"twitter_card":"summary_large_image","schema":{"@context":"https:\/\/schema.org","@graph":[{"@type":["WebPage","ItemPage"],"@id":"https:\/\/www.joyeriajael.es\/en\/producto\/tag-heuer-carrera-auto-watch-39mm\/","url":"https:\/\/www.joyeriajael.es\/en\/producto\/tag-heuer-carrera-auto-watch-39mm\/","name":"TAG HEUER CARRERA AUTO WATCH 39MM","isPartOf":{"@id":"https:\/\/www.joyeriajael.es\/en\/#website"},"primaryImageOfPage":{"@id":"https:\/\/www.joyeriajael.es\/en\/producto\/tag-heuer-carrera-auto-watch-39mm\/#primaryimage"},"image":{"@id":"https:\/\/www.joyeriajael.es\/en\/producto\/tag-heuer-carrera-auto-watch-39mm\/#primaryimage"},"thumbnailUrl":"https:\/\/www.joyeriajael.es\/wp-content\/uploads\/2024\/11\/RELOJ-TAG-HEUER-CARRERA-AUTO-39MM_01.jpg","datePublished":"2024-11-06T02:20:15+00:00","dateModified":"2024-11-29T08:54:35+00:00","breadcrumb":{"@id":"https:\/\/www.joyeriajael.es\/en\/producto\/tag-heuer-carrera-auto-watch-39mm\/#breadcrumb"},"inLanguage":"en-US","potentialAction":[{"@type":"ReadAction","target":["https:\/\/www.joyeriajael.es\/en\/producto\/tag-heuer-carrera-auto-watch-39mm\/"]}]},{"@type":"ImageObject","inLanguage":"en-US","@id":"https:\/\/www.joyeriajael.es\/en\/producto\/tag-heuer-carrera-auto-watch-39mm\/#primaryimage","url":"https:\/\/www.joyeriajael.es\/wp-content\/uploads\/2024\/11\/RELOJ-TAG-HEUER-CARRERA-AUTO-39MM_01.jpg","contentUrl":"https:\/\/www.joyeriajael.es\/wp-content\/uploads\/2024\/11\/RELOJ-TAG-HEUER-CARRERA-AUTO-39MM_01.jpg","width":900,"height":900,"caption":"TAG HEUER CARRERA AUTO WATCH 39MM"},{"@type":"BreadcrumbList","@id":"https:\/\/www.joyeriajael.es\/en\/producto\/tag-heuer-carrera-auto-watch-39mm\/#breadcrumb","itemListElement":[{"@type":"ListItem","position":1,"name":"Portada","item":"https:\/\/www.joyeriajael.es\/en\/"},{"@type":"ListItem","position":2,"name":"Online store","item":"https:\/\/www.joyeriajael.es\/tienda-online\/"},{"@type":"ListItem","position":3,"name":"Brands","item":"https:\/\/www.joyeriajael.es\/en\/brands\/"},{"@type":"ListItem","position":4,"name":"TAG Heuer","item":"https:\/\/www.joyeriajael.es\/en\/brands\/tag-heuer-en\/"},{"@type":"ListItem","position":5,"name":"TAG HEUER CARRERA AUTO WATCH 39MM"}]},{"@type":"WebSite","@id":"https:\/\/www.joyeriajael.es\/en\/#website","url":"https:\/\/www.joyeriajael.es\/en\/","name":"Jael Joyer\u00eda","description":"Jael Joyer\u00eda en Santiago de Compostela y A Coru\u00f1a. Primeras marcas, firmas exclusivas, \u00fanico concesionario autorizado de Rolex en la provincia de A Coru\u00f1a.","publisher":{"@id":"https:\/\/www.joyeriajael.es\/en\/#organization"},"alternateName":"Jael","potentialAction":[{"@type":"SearchAction","target":{"@type":"EntryPoint","urlTemplate":"https:\/\/www.joyeriajael.es\/en\/?s={search_term_string}"},"query-input":{"@type":"PropertyValueSpecification","valueRequired":true,"valueName":"search_term_string"}}],"inLanguage":"en-US"},{"@type":"Organization","@id":"https:\/\/www.joyeriajael.es\/en\/#organization","name":"Jael","alternateName":"Jael joyer\u00eda","url":"https:\/\/www.joyeriajael.es\/en\/","logo":{"@type":"ImageObject","inLanguage":"en-US","@id":"https:\/\/www.joyeriajael.es\/en\/#\/schema\/logo\/image\/","url":"https:\/\/www.joyeriajael.es\/wp-content\/uploads\/2024\/07\/cropped-favicon-1.png","contentUrl":"https:\/\/www.joyeriajael.es\/wp-content\/uploads\/2024\/07\/cropped-favicon-1.png","width":512,"height":512,"caption":"Jael"},"image":{"@id":"https:\/\/www.joyeriajael.es\/en\/#\/schema\/logo\/image\/"}}]},"product_price_amount":"7050.00","product_price_currency":"EUR","og_availability":"out of stock","product_availability":"out of stock","product_retailer_item_id":"CBS2216.BA0041","product_condition":"new"},"df_price":7050,"df_sale_price":"","df_regular_price":7050,"df_image_link":"https:\/\/www.joyeriajael.es\/wp-content\/uploads\/2024\/11\/RELOJ-TAG-HEUER-CARRERA-AUTO-39MM_01-300x300.jpg","_links":{"self":[{"href":"https:\/\/www.joyeriajael.es\/en\/wp-json\/wp\/v2\/product\/77890","targetHints":{"allow":["GET"]}}],"collection":[{"href":"https:\/\/www.joyeriajael.es\/en\/wp-json\/wp\/v2\/product"}],"about":[{"href":"https:\/\/www.joyeriajael.es\/en\/wp-json\/wp\/v2\/types\/product"}],"wp:featuredmedia":[{"embeddable":true,"href":"https:\/\/www.joyeriajael.es\/en\/wp-json\/wp\/v2\/media\/77876"}],"wp:attachment":[{"href":"https:\/\/www.joyeriajael.es\/en\/wp-json\/wp\/v2\/media?parent=77890"}],"wp:term":[{"taxonomy":"product_brand","embeddable":true,"href":"https:\/\/www.joyeriajael.es\/en\/wp-json\/wp\/v2\/product_brand?post=77890"},{"taxonomy":"product_cat","embeddable":true,"href":"https:\/\/www.joyeriajael.es\/en\/wp-json\/wp\/v2\/product_cat?post=77890"},{"taxonomy":"product_tag","embeddable":true,"href":"https:\/\/www.joyeriajael.es\/en\/wp-json\/wp\/v2\/product_tag?post=77890"}],"curies":[{"name":"wp","href":"https:\/\/api.w.org\/{rel}","templated":true}]}}