{"id":78296,"date":"2024-11-08T03:49:30","date_gmt":"2024-11-08T02:49:30","guid":{"rendered":"https:\/\/www.joyeriajael.es\/tienda-online\/pendant-gigi-clozeau-star-with-diamonds-rose-gold\/"},"modified":"2024-12-09T12:53:46","modified_gmt":"2024-12-09T11:53:46","slug":"pendant-gigi-clozeau-star-with-diamonds-rose-gold","status":"publish","type":"product","link":"https:\/\/www.joyeriajael.es\/en\/producto\/pendant-gigi-clozeau-star-with-diamonds-rose-gold\/","title":{"rendered":"PENDANT GIGI CLOZEAU STAR WITH DIAMONDS ROSE GOLD"},"content":{"rendered":"<p>The Star pendant with diamond by gigi CLOZEAU features signature 18 carat Rose Gold, a sparkling diamond and a timeless design for modern appeal.<\/p>\n","protected":false},"excerpt":{"rendered":"<p>The Star pendant with diamond by gigi CLOZEAU features signature 18 carat Rose Gold, a sparkling diamond and&hellip;<\/p>\n","protected":false},"featured_media":78295,"template":"","meta":{"_acf_changed":false},"product_brand":[],"product_cat":[527,3888,495,503],"product_tag":[],"class_list":{"0":"post-78296","1":"product","2":"type-product","3":"status-publish","4":"has-post-thumbnail","6":"product_cat-charms-en","7":"product_cat-gigi-clozeau","8":"product_cat-jewels","9":"product_cat-necklaces-and-pendants","10":"pa_marca-gigi-clozeau-en","12":"first","13":"instock","14":"taxable","15":"shipping-taxable","16":"purchasable","17":"product-type-simple"},"acf":[],"yoast_head":"<!-- This site is optimized with the Yoast SEO Premium plugin v27.4 (Yoast SEO v27.4) - https:\/\/yoast.com\/product\/yoast-seo-premium-wordpress\/ -->\n<title>PENDANT GIGI CLOZEAU STAR WITH DIAMONDS ROSE GOLD<\/title>\n<meta name=\"robots\" content=\"index, follow, max-snippet:-1, max-image-preview:large, max-video-preview:-1\" \/>\n<link rel=\"canonical\" href=\"https:\/\/www.joyeriajael.es\/en\/producto\/pendant-gigi-clozeau-star-with-diamonds-rose-gold\/\" \/>\n<meta property=\"og:locale\" content=\"en_US\" \/>\n<meta property=\"og:type\" content=\"article\" \/>\n<meta property=\"og:title\" content=\"PENDANT GIGI CLOZEAU STAR WITH DIAMONDS ROSE GOLD\" \/>\n<meta property=\"og:description\" content=\"The Star pendant with diamond by gigi CLOZEAU features signature 18 carat Rose Gold, a sparkling diamond and&hellip;\" \/>\n<meta property=\"og:url\" content=\"https:\/\/www.joyeriajael.es\/en\/producto\/pendant-gigi-clozeau-star-with-diamonds-rose-gold\/\" \/>\n<meta property=\"og:site_name\" content=\"Jael Joyer\u00eda\" \/>\n<meta property=\"article:modified_time\" content=\"2024-12-09T11:53:46+00:00\" \/>\n<meta property=\"og:image\" content=\"https:\/\/www.joyeriajael.es\/wp-content\/uploads\/2024\/12\/COLGANTE-GIGI-CLOZEAU-ESTRELLA-CON-DIAMANTES-ORO-ROSA_01.jpg\" \/>\n\t<meta property=\"og:image:width\" content=\"900\" \/>\n\t<meta property=\"og:image:height\" content=\"900\" \/>\n\t<meta property=\"og:image:type\" content=\"image\/jpeg\" \/>\n<meta name=\"twitter:card\" content=\"summary_large_image\" \/>\n<meta property=\"product:price:amount\" content=\"290.00\" \/>\n<meta property=\"product:price:currency\" content=\"EUR\" \/>\n<meta property=\"og:availability\" content=\"instock\" \/>\n<meta property=\"product:availability\" content=\"instock\" \/>\n<meta property=\"product:retailer_item_id\" content=\"B5ET001R00\" \/>\n<meta property=\"product:condition\" content=\"new\" \/>\n<!-- \/ Yoast SEO Premium plugin. -->","yoast_head_json":{"title":"PENDANT GIGI CLOZEAU STAR WITH DIAMONDS ROSE GOLD","robots":{"index":"index","follow":"follow","max-snippet":"max-snippet:-1","max-image-preview":"max-image-preview:large","max-video-preview":"max-video-preview:-1"},"canonical":"https:\/\/www.joyeriajael.es\/en\/producto\/pendant-gigi-clozeau-star-with-diamonds-rose-gold\/","og_locale":"en_US","og_type":"article","og_title":"PENDANT GIGI CLOZEAU STAR WITH DIAMONDS ROSE GOLD","og_description":"The Star pendant with diamond by gigi CLOZEAU features signature 18 carat Rose Gold, a sparkling diamond and&hellip;","og_url":"https:\/\/www.joyeriajael.es\/en\/producto\/pendant-gigi-clozeau-star-with-diamonds-rose-gold\/","og_site_name":"Jael Joyer\u00eda","article_modified_time":"2024-12-09T11:53:46+00:00","og_image":[{"width":900,"height":900,"url":"https:\/\/www.joyeriajael.es\/wp-content\/uploads\/2024\/12\/COLGANTE-GIGI-CLOZEAU-ESTRELLA-CON-DIAMANTES-ORO-ROSA_01.jpg","type":"image\/jpeg"}],"twitter_card":"summary_large_image","schema":{"@context":"https:\/\/schema.org","@graph":[{"@type":["WebPage","ItemPage"],"@id":"https:\/\/www.joyeriajael.es\/en\/producto\/pendant-gigi-clozeau-star-with-diamonds-rose-gold\/","url":"https:\/\/www.joyeriajael.es\/en\/producto\/pendant-gigi-clozeau-star-with-diamonds-rose-gold\/","name":"PENDANT GIGI CLOZEAU STAR WITH DIAMONDS ROSE GOLD","isPartOf":{"@id":"https:\/\/www.joyeriajael.es\/en\/#website"},"primaryImageOfPage":{"@id":"https:\/\/www.joyeriajael.es\/en\/producto\/pendant-gigi-clozeau-star-with-diamonds-rose-gold\/#primaryimage"},"image":{"@id":"https:\/\/www.joyeriajael.es\/en\/producto\/pendant-gigi-clozeau-star-with-diamonds-rose-gold\/#primaryimage"},"thumbnailUrl":"https:\/\/www.joyeriajael.es\/wp-content\/uploads\/2024\/12\/COLGANTE-GIGI-CLOZEAU-ESTRELLA-CON-DIAMANTES-ORO-ROSA_01.jpg","datePublished":"2024-11-08T02:49:30+00:00","dateModified":"2024-12-09T11:53:46+00:00","breadcrumb":{"@id":"https:\/\/www.joyeriajael.es\/en\/producto\/pendant-gigi-clozeau-star-with-diamonds-rose-gold\/#breadcrumb"},"inLanguage":"en-US","potentialAction":[{"@type":"ReadAction","target":["https:\/\/www.joyeriajael.es\/en\/producto\/pendant-gigi-clozeau-star-with-diamonds-rose-gold\/"]}]},{"@type":"ImageObject","inLanguage":"en-US","@id":"https:\/\/www.joyeriajael.es\/en\/producto\/pendant-gigi-clozeau-star-with-diamonds-rose-gold\/#primaryimage","url":"https:\/\/www.joyeriajael.es\/wp-content\/uploads\/2024\/12\/COLGANTE-GIGI-CLOZEAU-ESTRELLA-CON-DIAMANTES-ORO-ROSA_01.jpg","contentUrl":"https:\/\/www.joyeriajael.es\/wp-content\/uploads\/2024\/12\/COLGANTE-GIGI-CLOZEAU-ESTRELLA-CON-DIAMANTES-ORO-ROSA_01.jpg","width":900,"height":900,"caption":"PENDANT GIGI CLOZEAU STAR WITH DIAMONDS ROSE GOLD"},{"@type":"BreadcrumbList","@id":"https:\/\/www.joyeriajael.es\/en\/producto\/pendant-gigi-clozeau-star-with-diamonds-rose-gold\/#breadcrumb","itemListElement":[{"@type":"ListItem","position":1,"name":"Portada","item":"https:\/\/www.joyeriajael.es\/en\/"},{"@type":"ListItem","position":2,"name":"Online store","item":"https:\/\/www.joyeriajael.es\/tienda-online\/"},{"@type":"ListItem","position":3,"name":"Brands","item":"https:\/\/www.joyeriajael.es\/en\/brands\/"},{"@type":"ListItem","position":4,"name":"Gigi Clozeau","item":"https:\/\/www.joyeriajael.es\/en\/brands\/gigi-clozeau\/"},{"@type":"ListItem","position":5,"name":"PENDANT GIGI CLOZEAU STAR WITH DIAMONDS ROSE GOLD"}]},{"@type":"WebSite","@id":"https:\/\/www.joyeriajael.es\/en\/#website","url":"https:\/\/www.joyeriajael.es\/en\/","name":"Jael Joyer\u00eda","description":"Jael Joyer\u00eda en Santiago de Compostela y A Coru\u00f1a. Primeras marcas, firmas exclusivas, \u00fanico concesionario autorizado de Rolex en la provincia de A Coru\u00f1a.","publisher":{"@id":"https:\/\/www.joyeriajael.es\/en\/#organization"},"alternateName":"Jael","potentialAction":[{"@type":"SearchAction","target":{"@type":"EntryPoint","urlTemplate":"https:\/\/www.joyeriajael.es\/en\/?s={search_term_string}"},"query-input":{"@type":"PropertyValueSpecification","valueRequired":true,"valueName":"search_term_string"}}],"inLanguage":"en-US"},{"@type":"Organization","@id":"https:\/\/www.joyeriajael.es\/en\/#organization","name":"Jael","alternateName":"Jael joyer\u00eda","url":"https:\/\/www.joyeriajael.es\/en\/","logo":{"@type":"ImageObject","inLanguage":"en-US","@id":"https:\/\/www.joyeriajael.es\/en\/#\/schema\/logo\/image\/","url":"https:\/\/www.joyeriajael.es\/wp-content\/uploads\/2024\/07\/cropped-favicon-1.png","contentUrl":"https:\/\/www.joyeriajael.es\/wp-content\/uploads\/2024\/07\/cropped-favicon-1.png","width":512,"height":512,"caption":"Jael"},"image":{"@id":"https:\/\/www.joyeriajael.es\/en\/#\/schema\/logo\/image\/"}}]},"product_price_amount":"290.00","product_price_currency":"EUR","og_availability":"instock","product_availability":"instock","product_retailer_item_id":"B5ET001R00","product_condition":"new"},"df_price":290,"df_sale_price":"","df_regular_price":290,"df_image_link":"https:\/\/www.joyeriajael.es\/wp-content\/uploads\/2024\/12\/COLGANTE-GIGI-CLOZEAU-ESTRELLA-CON-DIAMANTES-ORO-ROSA_01-300x300.jpg","_links":{"self":[{"href":"https:\/\/www.joyeriajael.es\/en\/wp-json\/wp\/v2\/product\/78296","targetHints":{"allow":["GET"]}}],"collection":[{"href":"https:\/\/www.joyeriajael.es\/en\/wp-json\/wp\/v2\/product"}],"about":[{"href":"https:\/\/www.joyeriajael.es\/en\/wp-json\/wp\/v2\/types\/product"}],"wp:featuredmedia":[{"embeddable":true,"href":"https:\/\/www.joyeriajael.es\/en\/wp-json\/wp\/v2\/media\/78295"}],"wp:attachment":[{"href":"https:\/\/www.joyeriajael.es\/en\/wp-json\/wp\/v2\/media?parent=78296"}],"wp:term":[{"taxonomy":"product_brand","embeddable":true,"href":"https:\/\/www.joyeriajael.es\/en\/wp-json\/wp\/v2\/product_brand?post=78296"},{"taxonomy":"product_cat","embeddable":true,"href":"https:\/\/www.joyeriajael.es\/en\/wp-json\/wp\/v2\/product_cat?post=78296"},{"taxonomy":"product_tag","embeddable":true,"href":"https:\/\/www.joyeriajael.es\/en\/wp-json\/wp\/v2\/product_tag?post=78296"}],"curies":[{"name":"wp","href":"https:\/\/api.w.org\/{rel}","templated":true}]}}