{"id":78543,"date":"2024-11-01T03:20:44","date_gmt":"2024-11-01T02:20:44","guid":{"rendered":"https:\/\/www.joyeriajael.es\/tienda-online\/damiani-belle-epoque-ring-in-white-gold-diamond-and-rubies\/"},"modified":"2024-12-10T15:06:21","modified_gmt":"2024-12-10T14:06:21","slug":"damiani-belle-epoque-ring-in-white-gold-diamond-and-rubies","status":"publish","type":"product","link":"https:\/\/www.joyeriajael.es\/en\/producto\/damiani-belle-epoque-ring-in-white-gold-diamond-and-rubies\/","title":{"rendered":"DAMIANI BELLE \u00c9POQUE RING IN WHITE GOLD, DIAMOND AND RUBIES"},"content":{"rendered":"<p>The jewels of the Belle \u00c9poque collection are the fruit of the great creative mind of founder Enrico Grassi Damiani, fascinated by a dynamic idea of the world. Its innovative geometric design represents the film reel &#8211; a symbol of art that moves through a succession of diamonds combined with sapphires, rubies or emeralds, while other diamonds trace the outer profile. Rings, bracelets, earrings and necklaces are thus born from the skilful hands of the master goldsmiths of Valenza, who reinterpret that era and that tireless intellectual dynamism with skill and attention to detail.  <\/p>\n","protected":false},"excerpt":{"rendered":"<p>The jewels of the Belle \u00c9poque collection are the fruit of the great creative mind of founder Enrico&hellip;<\/p>\n","protected":false},"featured_media":78539,"template":"","meta":{"_acf_changed":false},"product_brand":[],"product_cat":[2694,495,505],"product_tag":[],"class_list":{"0":"post-78543","1":"product","2":"type-product","3":"status-publish","4":"has-post-thumbnail","6":"product_cat-damiani-en","7":"product_cat-jewels","8":"product_cat-rings-en","9":"pa_marca-damiani-en","11":"first","12":"instock","13":"taxable","14":"shipping-taxable","15":"purchasable","16":"product-type-simple"},"acf":[],"yoast_head":"<!-- This site is optimized with the Yoast SEO Premium plugin v27.4 (Yoast SEO v27.4) - https:\/\/yoast.com\/product\/yoast-seo-premium-wordpress\/ -->\n<title>DAMIANI BELLE \u00c9POQUE RING IN WHITE GOLD, DIAMOND AND RUBIES<\/title>\n<meta name=\"robots\" content=\"index, follow, max-snippet:-1, max-image-preview:large, max-video-preview:-1\" \/>\n<link rel=\"canonical\" href=\"https:\/\/www.joyeriajael.es\/en\/producto\/damiani-belle-epoque-ring-in-white-gold-diamond-and-rubies\/\" \/>\n<meta property=\"og:locale\" content=\"en_US\" \/>\n<meta property=\"og:type\" content=\"article\" \/>\n<meta property=\"og:title\" content=\"DAMIANI BELLE \u00c9POQUE RING IN WHITE GOLD, DIAMOND AND RUBIES\" \/>\n<meta property=\"og:description\" content=\"The jewels of the Belle \u00c9poque collection are the fruit of the great creative mind of founder Enrico&hellip;\" \/>\n<meta property=\"og:url\" content=\"https:\/\/www.joyeriajael.es\/en\/producto\/damiani-belle-epoque-ring-in-white-gold-diamond-and-rubies\/\" \/>\n<meta property=\"og:site_name\" content=\"Jael Joyer\u00eda\" \/>\n<meta property=\"article:modified_time\" content=\"2024-12-10T14:06:21+00:00\" \/>\n<meta property=\"og:image\" content=\"https:\/\/www.joyeriajael.es\/wp-content\/uploads\/2024\/12\/SORTIJA-DAMIANI-BELLE-EPOQUE-ORO-BLANCO-DIAMANTE-Y-RUBIES_01.jpg\" \/>\n\t<meta property=\"og:image:width\" content=\"900\" \/>\n\t<meta property=\"og:image:height\" content=\"900\" \/>\n\t<meta property=\"og:image:type\" content=\"image\/jpeg\" \/>\n<meta name=\"twitter:card\" content=\"summary_large_image\" \/>\n<meta property=\"product:price:amount\" content=\"3980.00\" \/>\n<meta property=\"product:price:currency\" content=\"EUR\" \/>\n<meta property=\"og:availability\" content=\"instock\" \/>\n<meta property=\"product:availability\" content=\"instock\" \/>\n<meta property=\"product:retailer_item_id\" content=\"20058706\" \/>\n<meta property=\"product:condition\" content=\"new\" \/>\n<!-- \/ Yoast SEO Premium plugin. -->","yoast_head_json":{"title":"DAMIANI BELLE \u00c9POQUE RING IN WHITE GOLD, DIAMOND AND RUBIES","robots":{"index":"index","follow":"follow","max-snippet":"max-snippet:-1","max-image-preview":"max-image-preview:large","max-video-preview":"max-video-preview:-1"},"canonical":"https:\/\/www.joyeriajael.es\/en\/producto\/damiani-belle-epoque-ring-in-white-gold-diamond-and-rubies\/","og_locale":"en_US","og_type":"article","og_title":"DAMIANI BELLE \u00c9POQUE RING IN WHITE GOLD, DIAMOND AND RUBIES","og_description":"The jewels of the Belle \u00c9poque collection are the fruit of the great creative mind of founder Enrico&hellip;","og_url":"https:\/\/www.joyeriajael.es\/en\/producto\/damiani-belle-epoque-ring-in-white-gold-diamond-and-rubies\/","og_site_name":"Jael Joyer\u00eda","article_modified_time":"2024-12-10T14:06:21+00:00","og_image":[{"width":900,"height":900,"url":"https:\/\/www.joyeriajael.es\/wp-content\/uploads\/2024\/12\/SORTIJA-DAMIANI-BELLE-EPOQUE-ORO-BLANCO-DIAMANTE-Y-RUBIES_01.jpg","type":"image\/jpeg"}],"twitter_card":"summary_large_image","schema":{"@context":"https:\/\/schema.org","@graph":[{"@type":["WebPage","ItemPage"],"@id":"https:\/\/www.joyeriajael.es\/en\/producto\/damiani-belle-epoque-ring-in-white-gold-diamond-and-rubies\/","url":"https:\/\/www.joyeriajael.es\/en\/producto\/damiani-belle-epoque-ring-in-white-gold-diamond-and-rubies\/","name":"DAMIANI BELLE \u00c9POQUE RING IN WHITE GOLD, DIAMOND AND RUBIES","isPartOf":{"@id":"https:\/\/www.joyeriajael.es\/en\/#website"},"primaryImageOfPage":{"@id":"https:\/\/www.joyeriajael.es\/en\/producto\/damiani-belle-epoque-ring-in-white-gold-diamond-and-rubies\/#primaryimage"},"image":{"@id":"https:\/\/www.joyeriajael.es\/en\/producto\/damiani-belle-epoque-ring-in-white-gold-diamond-and-rubies\/#primaryimage"},"thumbnailUrl":"https:\/\/www.joyeriajael.es\/wp-content\/uploads\/2024\/12\/SORTIJA-DAMIANI-BELLE-EPOQUE-ORO-BLANCO-DIAMANTE-Y-RUBIES_01.jpg","datePublished":"2024-11-01T02:20:44+00:00","dateModified":"2024-12-10T14:06:21+00:00","breadcrumb":{"@id":"https:\/\/www.joyeriajael.es\/en\/producto\/damiani-belle-epoque-ring-in-white-gold-diamond-and-rubies\/#breadcrumb"},"inLanguage":"en-US","potentialAction":[{"@type":"ReadAction","target":["https:\/\/www.joyeriajael.es\/en\/producto\/damiani-belle-epoque-ring-in-white-gold-diamond-and-rubies\/"]}]},{"@type":"ImageObject","inLanguage":"en-US","@id":"https:\/\/www.joyeriajael.es\/en\/producto\/damiani-belle-epoque-ring-in-white-gold-diamond-and-rubies\/#primaryimage","url":"https:\/\/www.joyeriajael.es\/wp-content\/uploads\/2024\/12\/SORTIJA-DAMIANI-BELLE-EPOQUE-ORO-BLANCO-DIAMANTE-Y-RUBIES_01.jpg","contentUrl":"https:\/\/www.joyeriajael.es\/wp-content\/uploads\/2024\/12\/SORTIJA-DAMIANI-BELLE-EPOQUE-ORO-BLANCO-DIAMANTE-Y-RUBIES_01.jpg","width":900,"height":900,"caption":"DAMIANI BELLE \u00c9POQUE RING IN WHITE GOLD, DIAMOND AND RUBIES"},{"@type":"BreadcrumbList","@id":"https:\/\/www.joyeriajael.es\/en\/producto\/damiani-belle-epoque-ring-in-white-gold-diamond-and-rubies\/#breadcrumb","itemListElement":[{"@type":"ListItem","position":1,"name":"Portada","item":"https:\/\/www.joyeriajael.es\/en\/"},{"@type":"ListItem","position":2,"name":"Online store","item":"https:\/\/www.joyeriajael.es\/tienda-online\/"},{"@type":"ListItem","position":3,"name":"Brands","item":"https:\/\/www.joyeriajael.es\/en\/brands\/"},{"@type":"ListItem","position":4,"name":"Damiani","item":"https:\/\/www.joyeriajael.es\/en\/brands\/damiani-en\/"},{"@type":"ListItem","position":5,"name":"DAMIANI BELLE \u00c9POQUE RING IN WHITE GOLD, DIAMOND AND RUBIES"}]},{"@type":"WebSite","@id":"https:\/\/www.joyeriajael.es\/en\/#website","url":"https:\/\/www.joyeriajael.es\/en\/","name":"Jael Joyer\u00eda","description":"Jael Joyer\u00eda en Santiago de Compostela y A Coru\u00f1a. Primeras marcas, firmas exclusivas, \u00fanico concesionario autorizado de Rolex en la provincia de A Coru\u00f1a.","publisher":{"@id":"https:\/\/www.joyeriajael.es\/en\/#organization"},"alternateName":"Jael","potentialAction":[{"@type":"SearchAction","target":{"@type":"EntryPoint","urlTemplate":"https:\/\/www.joyeriajael.es\/en\/?s={search_term_string}"},"query-input":{"@type":"PropertyValueSpecification","valueRequired":true,"valueName":"search_term_string"}}],"inLanguage":"en-US"},{"@type":"Organization","@id":"https:\/\/www.joyeriajael.es\/en\/#organization","name":"Jael","alternateName":"Jael joyer\u00eda","url":"https:\/\/www.joyeriajael.es\/en\/","logo":{"@type":"ImageObject","inLanguage":"en-US","@id":"https:\/\/www.joyeriajael.es\/en\/#\/schema\/logo\/image\/","url":"https:\/\/www.joyeriajael.es\/wp-content\/uploads\/2024\/07\/cropped-favicon-1.png","contentUrl":"https:\/\/www.joyeriajael.es\/wp-content\/uploads\/2024\/07\/cropped-favicon-1.png","width":512,"height":512,"caption":"Jael"},"image":{"@id":"https:\/\/www.joyeriajael.es\/en\/#\/schema\/logo\/image\/"}}]},"product_price_amount":"3980.00","product_price_currency":"EUR","og_availability":"instock","product_availability":"instock","product_retailer_item_id":"20058706","product_condition":"new"},"df_price":3980,"df_sale_price":"","df_regular_price":3980,"df_image_link":"https:\/\/www.joyeriajael.es\/wp-content\/uploads\/2024\/12\/SORTIJA-DAMIANI-BELLE-EPOQUE-ORO-BLANCO-DIAMANTE-Y-RUBIES_01-300x300.jpg","_links":{"self":[{"href":"https:\/\/www.joyeriajael.es\/en\/wp-json\/wp\/v2\/product\/78543","targetHints":{"allow":["GET"]}}],"collection":[{"href":"https:\/\/www.joyeriajael.es\/en\/wp-json\/wp\/v2\/product"}],"about":[{"href":"https:\/\/www.joyeriajael.es\/en\/wp-json\/wp\/v2\/types\/product"}],"wp:featuredmedia":[{"embeddable":true,"href":"https:\/\/www.joyeriajael.es\/en\/wp-json\/wp\/v2\/media\/78539"}],"wp:attachment":[{"href":"https:\/\/www.joyeriajael.es\/en\/wp-json\/wp\/v2\/media?parent=78543"}],"wp:term":[{"taxonomy":"product_brand","embeddable":true,"href":"https:\/\/www.joyeriajael.es\/en\/wp-json\/wp\/v2\/product_brand?post=78543"},{"taxonomy":"product_cat","embeddable":true,"href":"https:\/\/www.joyeriajael.es\/en\/wp-json\/wp\/v2\/product_cat?post=78543"},{"taxonomy":"product_tag","embeddable":true,"href":"https:\/\/www.joyeriajael.es\/en\/wp-json\/wp\/v2\/product_tag?post=78543"}],"curies":[{"name":"wp","href":"https:\/\/api.w.org\/{rel}","templated":true}]}}