{"id":78724,"date":"2024-11-01T03:21:56","date_gmt":"2024-11-01T02:21:56","guid":{"rendered":"https:\/\/www.joyeriajael.es\/tienda-online\/damiani-margherita-white-gold-and-diamond-earrings-2\/"},"modified":"2024-12-11T15:22:53","modified_gmt":"2024-12-11T14:22:53","slug":"damiani-margherita-white-gold-and-diamond-earrings-2","status":"publish","type":"product","link":"https:\/\/www.joyeriajael.es\/en\/producto\/damiani-margherita-white-gold-and-diamond-earrings-2\/","title":{"rendered":"DAMIANI MARGHERITA WHITE GOLD AND DIAMOND EARRINGS"},"content":{"rendered":"<p>The jewels of the Margherita collection are the repository of the meeting of tradition and contemporary design. Inspired by the ring that Enrico Grassi Damiani dedicated to Queen Margherita at the beginning of the 20th century, they combine the know-how and expertise of the master goldsmiths of Valenza with a modern style. The daisies, represented in their perfection in a harmony of shapes and volumes, sparkle with the light and elegance of the various gems used to enhance the beauty of a romantic and gentle woman.  <\/p>\n","protected":false},"excerpt":{"rendered":"<p>The jewels of the Margherita collection are the repository of the meeting of tradition and contemporary design. Inspired&hellip;<\/p>\n","protected":false},"featured_media":78722,"template":"","meta":{"_acf_changed":false},"product_brand":[],"product_cat":[712,3879,2694,510,495,3882],"product_tag":[],"class_list":{"0":"post-78724","1":"product","2":"type-product","3":"status-publish","4":"has-post-thumbnail","6":"product_cat-brands","7":"product_cat-bridal-jewelry","8":"product_cat-damiani-en","9":"product_cat-earrings","10":"product_cat-jewels","11":"product_cat-long","12":"pa_marca-damiani-en","14":"first","15":"instock","16":"taxable","17":"shipping-taxable","18":"purchasable","19":"product-type-simple"},"acf":[],"yoast_head":"<!-- This site is optimized with the Yoast SEO Premium plugin v27.4 (Yoast SEO v27.4) - https:\/\/yoast.com\/product\/yoast-seo-premium-wordpress\/ -->\n<title>DAMIANI MARGHERITA WHITE GOLD AND DIAMOND EARRINGS<\/title>\n<meta name=\"robots\" content=\"index, follow, max-snippet:-1, max-image-preview:large, max-video-preview:-1\" \/>\n<link rel=\"canonical\" href=\"https:\/\/www.joyeriajael.es\/en\/producto\/damiani-margherita-white-gold-and-diamond-earrings-2\/\" \/>\n<meta property=\"og:locale\" content=\"en_US\" \/>\n<meta property=\"og:type\" content=\"article\" \/>\n<meta property=\"og:title\" content=\"DAMIANI MARGHERITA WHITE GOLD AND DIAMOND EARRINGS\" \/>\n<meta property=\"og:description\" content=\"The jewels of the Margherita collection are the repository of the meeting of tradition and contemporary design. Inspired&hellip;\" \/>\n<meta property=\"og:url\" content=\"https:\/\/www.joyeriajael.es\/en\/producto\/damiani-margherita-white-gold-and-diamond-earrings-2\/\" \/>\n<meta property=\"og:site_name\" content=\"Jael Joyer\u00eda\" \/>\n<meta property=\"article:modified_time\" content=\"2024-12-11T14:22:53+00:00\" \/>\n<meta property=\"og:image\" content=\"https:\/\/www.joyeriajael.es\/wp-content\/uploads\/2024\/12\/PENDIENTES-DAMIANI-MARGHERITA-ORO-BLANCO-Y-DIAMANTES_01-1.jpg\" \/>\n\t<meta property=\"og:image:width\" content=\"900\" \/>\n\t<meta property=\"og:image:height\" content=\"900\" \/>\n\t<meta property=\"og:image:type\" content=\"image\/jpeg\" \/>\n<meta name=\"twitter:card\" content=\"summary_large_image\" \/>\n<meta property=\"product:price:amount\" content=\"7590.00\" \/>\n<meta property=\"product:price:currency\" content=\"EUR\" \/>\n<meta property=\"og:availability\" content=\"instock\" \/>\n<meta property=\"product:availability\" content=\"instock\" \/>\n<meta property=\"product:retailer_item_id\" content=\"20102415\" \/>\n<meta property=\"product:condition\" content=\"new\" \/>\n<!-- \/ Yoast SEO Premium plugin. -->","yoast_head_json":{"title":"DAMIANI MARGHERITA WHITE GOLD AND DIAMOND EARRINGS","robots":{"index":"index","follow":"follow","max-snippet":"max-snippet:-1","max-image-preview":"max-image-preview:large","max-video-preview":"max-video-preview:-1"},"canonical":"https:\/\/www.joyeriajael.es\/en\/producto\/damiani-margherita-white-gold-and-diamond-earrings-2\/","og_locale":"en_US","og_type":"article","og_title":"DAMIANI MARGHERITA WHITE GOLD AND DIAMOND EARRINGS","og_description":"The jewels of the Margherita collection are the repository of the meeting of tradition and contemporary design. Inspired&hellip;","og_url":"https:\/\/www.joyeriajael.es\/en\/producto\/damiani-margherita-white-gold-and-diamond-earrings-2\/","og_site_name":"Jael Joyer\u00eda","article_modified_time":"2024-12-11T14:22:53+00:00","og_image":[{"width":900,"height":900,"url":"https:\/\/www.joyeriajael.es\/wp-content\/uploads\/2024\/12\/PENDIENTES-DAMIANI-MARGHERITA-ORO-BLANCO-Y-DIAMANTES_01-1.jpg","type":"image\/jpeg"}],"twitter_card":"summary_large_image","schema":{"@context":"https:\/\/schema.org","@graph":[{"@type":["WebPage","ItemPage"],"@id":"https:\/\/www.joyeriajael.es\/en\/producto\/damiani-margherita-white-gold-and-diamond-earrings-2\/","url":"https:\/\/www.joyeriajael.es\/en\/producto\/damiani-margherita-white-gold-and-diamond-earrings-2\/","name":"DAMIANI MARGHERITA WHITE GOLD AND DIAMOND EARRINGS","isPartOf":{"@id":"https:\/\/www.joyeriajael.es\/en\/#website"},"primaryImageOfPage":{"@id":"https:\/\/www.joyeriajael.es\/en\/producto\/damiani-margherita-white-gold-and-diamond-earrings-2\/#primaryimage"},"image":{"@id":"https:\/\/www.joyeriajael.es\/en\/producto\/damiani-margherita-white-gold-and-diamond-earrings-2\/#primaryimage"},"thumbnailUrl":"https:\/\/www.joyeriajael.es\/wp-content\/uploads\/2024\/12\/PENDIENTES-DAMIANI-MARGHERITA-ORO-BLANCO-Y-DIAMANTES_01-1.jpg","datePublished":"2024-11-01T02:21:56+00:00","dateModified":"2024-12-11T14:22:53+00:00","breadcrumb":{"@id":"https:\/\/www.joyeriajael.es\/en\/producto\/damiani-margherita-white-gold-and-diamond-earrings-2\/#breadcrumb"},"inLanguage":"en-US","potentialAction":[{"@type":"ReadAction","target":["https:\/\/www.joyeriajael.es\/en\/producto\/damiani-margherita-white-gold-and-diamond-earrings-2\/"]}]},{"@type":"ImageObject","inLanguage":"en-US","@id":"https:\/\/www.joyeriajael.es\/en\/producto\/damiani-margherita-white-gold-and-diamond-earrings-2\/#primaryimage","url":"https:\/\/www.joyeriajael.es\/wp-content\/uploads\/2024\/12\/PENDIENTES-DAMIANI-MARGHERITA-ORO-BLANCO-Y-DIAMANTES_01-1.jpg","contentUrl":"https:\/\/www.joyeriajael.es\/wp-content\/uploads\/2024\/12\/PENDIENTES-DAMIANI-MARGHERITA-ORO-BLANCO-Y-DIAMANTES_01-1.jpg","width":900,"height":900,"caption":"DAMIANI MARGHERITA WHITE GOLD AND DIAMOND EARRINGS"},{"@type":"BreadcrumbList","@id":"https:\/\/www.joyeriajael.es\/en\/producto\/damiani-margherita-white-gold-and-diamond-earrings-2\/#breadcrumb","itemListElement":[{"@type":"ListItem","position":1,"name":"Portada","item":"https:\/\/www.joyeriajael.es\/en\/"},{"@type":"ListItem","position":2,"name":"Online store","item":"https:\/\/www.joyeriajael.es\/tienda-online\/"},{"@type":"ListItem","position":3,"name":"Jewels","item":"https:\/\/www.joyeriajael.es\/en\/jewels\/"},{"@type":"ListItem","position":4,"name":"Earrings","item":"https:\/\/www.joyeriajael.es\/en\/jewels\/earrings\/"},{"@type":"ListItem","position":5,"name":"Long earrings","item":"https:\/\/www.joyeriajael.es\/en\/jewels\/earrings\/long\/"},{"@type":"ListItem","position":6,"name":"DAMIANI MARGHERITA WHITE GOLD AND DIAMOND EARRINGS"}]},{"@type":"WebSite","@id":"https:\/\/www.joyeriajael.es\/en\/#website","url":"https:\/\/www.joyeriajael.es\/en\/","name":"Jael Joyer\u00eda","description":"Jael Joyer\u00eda en Santiago de Compostela y A Coru\u00f1a. Primeras marcas, firmas exclusivas, \u00fanico concesionario autorizado de Rolex en la provincia de A Coru\u00f1a.","publisher":{"@id":"https:\/\/www.joyeriajael.es\/en\/#organization"},"alternateName":"Jael","potentialAction":[{"@type":"SearchAction","target":{"@type":"EntryPoint","urlTemplate":"https:\/\/www.joyeriajael.es\/en\/?s={search_term_string}"},"query-input":{"@type":"PropertyValueSpecification","valueRequired":true,"valueName":"search_term_string"}}],"inLanguage":"en-US"},{"@type":"Organization","@id":"https:\/\/www.joyeriajael.es\/en\/#organization","name":"Jael","alternateName":"Jael joyer\u00eda","url":"https:\/\/www.joyeriajael.es\/en\/","logo":{"@type":"ImageObject","inLanguage":"en-US","@id":"https:\/\/www.joyeriajael.es\/en\/#\/schema\/logo\/image\/","url":"https:\/\/www.joyeriajael.es\/wp-content\/uploads\/2024\/07\/cropped-favicon-1.png","contentUrl":"https:\/\/www.joyeriajael.es\/wp-content\/uploads\/2024\/07\/cropped-favicon-1.png","width":512,"height":512,"caption":"Jael"},"image":{"@id":"https:\/\/www.joyeriajael.es\/en\/#\/schema\/logo\/image\/"}}]},"product_price_amount":"7590.00","product_price_currency":"EUR","og_availability":"instock","product_availability":"instock","product_retailer_item_id":"20102415","product_condition":"new"},"df_price":7590,"df_sale_price":"","df_regular_price":7590,"df_image_link":"https:\/\/www.joyeriajael.es\/wp-content\/uploads\/2024\/12\/PENDIENTES-DAMIANI-MARGHERITA-ORO-BLANCO-Y-DIAMANTES_01-1-300x300.jpg","_links":{"self":[{"href":"https:\/\/www.joyeriajael.es\/en\/wp-json\/wp\/v2\/product\/78724","targetHints":{"allow":["GET"]}}],"collection":[{"href":"https:\/\/www.joyeriajael.es\/en\/wp-json\/wp\/v2\/product"}],"about":[{"href":"https:\/\/www.joyeriajael.es\/en\/wp-json\/wp\/v2\/types\/product"}],"wp:featuredmedia":[{"embeddable":true,"href":"https:\/\/www.joyeriajael.es\/en\/wp-json\/wp\/v2\/media\/78722"}],"wp:attachment":[{"href":"https:\/\/www.joyeriajael.es\/en\/wp-json\/wp\/v2\/media?parent=78724"}],"wp:term":[{"taxonomy":"product_brand","embeddable":true,"href":"https:\/\/www.joyeriajael.es\/en\/wp-json\/wp\/v2\/product_brand?post=78724"},{"taxonomy":"product_cat","embeddable":true,"href":"https:\/\/www.joyeriajael.es\/en\/wp-json\/wp\/v2\/product_cat?post=78724"},{"taxonomy":"product_tag","embeddable":true,"href":"https:\/\/www.joyeriajael.es\/en\/wp-json\/wp\/v2\/product_tag?post=78724"}],"curies":[{"name":"wp","href":"https:\/\/api.w.org\/{rel}","templated":true}]}}