{"id":86097,"date":"2025-07-15T03:44:33","date_gmt":"2025-07-15T01:44:33","guid":{"rendered":"https:\/\/www.joyeriajael.es\/tienda-online\/tissot-prc-100-solar-quartz-watch-39mm\/"},"modified":"2025-07-24T15:45:42","modified_gmt":"2025-07-24T13:45:42","slug":"tissot-prc-100-solar-quartz-watch-39mm","status":"publish","type":"product","link":"https:\/\/www.joyeriajael.es\/en\/producto\/tissot-prc-100-solar-quartz-watch-39mm\/","title":{"rendered":"TISSOT PRC 100 SOLAR QUARTZ WATCH 39MM"},"content":{"rendered":"<p>First introduced in the mid-2000s, the PRC 100 was recognized for its striking design, earning a place in the Tissot collection. Today, it returns with a pioneering Lightmaster Solar Quartz movement, which harnesses photovoltaic energy to power every second. <\/p>\n<p>With its 39mm stainless steel case and bold dodecagonal bezel, this model exudes confidence. Beneath its elegant sapphire crystal lies a solar-powered quartz movement, designed to effortlessly recharge in both natural and artificial light. The end-of-power indicator ensures optimal performance, while the watch&#8217;s 20mm strap compatibility allows wearers to personalize their style, whether with classic leather or modern Milanese strap options.  <\/p>\n","protected":false},"excerpt":{"rendered":"<p>First introduced in the mid-2000s, the PRC 100 was recognized for its striking design, earning a place in&hellip;<\/p>\n","protected":false},"featured_media":85916,"template":"","meta":{"_acf_changed":false},"product_brand":[],"product_cat":[712,4695,499,730],"product_tag":[],"class_list":{"0":"post-86097","1":"product","2":"type-product","3":"status-publish","4":"has-post-thumbnail","6":"product_cat-brands","7":"product_cat-tissot-en","8":"product_cat-watches","9":"product_cat-watches-for-men","11":"first","12":"outofstock","13":"taxable","14":"shipping-taxable","15":"purchasable","16":"product-type-simple"},"acf":[],"yoast_head":"<!-- This site is optimized with the Yoast SEO Premium plugin v27.5 (Yoast SEO v27.5) - https:\/\/yoast.com\/product\/yoast-seo-premium-wordpress\/ -->\n<title>TISSOT PRC 100 SOLAR QUARTZ WATCH 39MM<\/title>\n<meta name=\"robots\" content=\"index, follow, max-snippet:-1, max-image-preview:large, max-video-preview:-1\" \/>\n<link rel=\"canonical\" href=\"https:\/\/www.joyeriajael.es\/en\/producto\/tissot-prc-100-solar-quartz-watch-39mm\/\" \/>\n<meta property=\"og:locale\" content=\"en_US\" \/>\n<meta property=\"og:type\" content=\"article\" \/>\n<meta property=\"og:title\" content=\"TISSOT PRC 100 SOLAR QUARTZ WATCH 39MM\" \/>\n<meta property=\"og:description\" content=\"First introduced in the mid-2000s, the PRC 100 was recognized for its striking design, earning a place in&hellip;\" \/>\n<meta property=\"og:url\" content=\"https:\/\/www.joyeriajael.es\/en\/producto\/tissot-prc-100-solar-quartz-watch-39mm\/\" \/>\n<meta property=\"og:site_name\" content=\"Jael Joyer\u00eda\" \/>\n<meta property=\"article:modified_time\" content=\"2025-07-24T13:45:42+00:00\" \/>\n<meta property=\"og:image\" content=\"https:\/\/www.joyeriajael.es\/wp-content\/uploads\/2025\/07\/01-copia-copia.jpg\" \/>\n\t<meta property=\"og:image:width\" content=\"900\" \/>\n\t<meta property=\"og:image:height\" content=\"900\" \/>\n\t<meta property=\"og:image:type\" content=\"image\/jpeg\" \/>\n<meta name=\"twitter:card\" content=\"summary_large_image\" \/>\n<meta property=\"product:price:amount\" content=\"545.00\" \/>\n<meta property=\"product:price:currency\" content=\"EUR\" \/>\n<meta property=\"og:availability\" content=\"out of stock\" \/>\n<meta property=\"product:availability\" content=\"out of stock\" \/>\n<meta property=\"product:retailer_item_id\" content=\"T1514223305100\" \/>\n<meta property=\"product:condition\" content=\"new\" \/>\n<!-- \/ Yoast SEO Premium plugin. -->","yoast_head_json":{"title":"TISSOT PRC 100 SOLAR QUARTZ WATCH 39MM","robots":{"index":"index","follow":"follow","max-snippet":"max-snippet:-1","max-image-preview":"max-image-preview:large","max-video-preview":"max-video-preview:-1"},"canonical":"https:\/\/www.joyeriajael.es\/en\/producto\/tissot-prc-100-solar-quartz-watch-39mm\/","og_locale":"en_US","og_type":"article","og_title":"TISSOT PRC 100 SOLAR QUARTZ WATCH 39MM","og_description":"First introduced in the mid-2000s, the PRC 100 was recognized for its striking design, earning a place in&hellip;","og_url":"https:\/\/www.joyeriajael.es\/en\/producto\/tissot-prc-100-solar-quartz-watch-39mm\/","og_site_name":"Jael Joyer\u00eda","article_modified_time":"2025-07-24T13:45:42+00:00","og_image":[{"width":900,"height":900,"url":"https:\/\/www.joyeriajael.es\/wp-content\/uploads\/2025\/07\/01-copia-copia.jpg","type":"image\/jpeg"}],"twitter_card":"summary_large_image","schema":{"@context":"https:\/\/schema.org","@graph":[{"@type":["WebPage","ItemPage"],"@id":"https:\/\/www.joyeriajael.es\/en\/producto\/tissot-prc-100-solar-quartz-watch-39mm\/","url":"https:\/\/www.joyeriajael.es\/en\/producto\/tissot-prc-100-solar-quartz-watch-39mm\/","name":"TISSOT PRC 100 SOLAR QUARTZ WATCH 39MM","isPartOf":{"@id":"https:\/\/www.joyeriajael.es\/en\/#website"},"primaryImageOfPage":{"@id":"https:\/\/www.joyeriajael.es\/en\/producto\/tissot-prc-100-solar-quartz-watch-39mm\/#primaryimage"},"image":{"@id":"https:\/\/www.joyeriajael.es\/en\/producto\/tissot-prc-100-solar-quartz-watch-39mm\/#primaryimage"},"thumbnailUrl":"https:\/\/www.joyeriajael.es\/wp-content\/uploads\/2025\/07\/01-copia-copia.jpg","datePublished":"2025-07-15T01:44:33+00:00","dateModified":"2025-07-24T13:45:42+00:00","breadcrumb":{"@id":"https:\/\/www.joyeriajael.es\/en\/producto\/tissot-prc-100-solar-quartz-watch-39mm\/#breadcrumb"},"inLanguage":"en-US","potentialAction":[{"@type":"ReadAction","target":["https:\/\/www.joyeriajael.es\/en\/producto\/tissot-prc-100-solar-quartz-watch-39mm\/"]}]},{"@type":"ImageObject","inLanguage":"en-US","@id":"https:\/\/www.joyeriajael.es\/en\/producto\/tissot-prc-100-solar-quartz-watch-39mm\/#primaryimage","url":"https:\/\/www.joyeriajael.es\/wp-content\/uploads\/2025\/07\/01-copia-copia.jpg","contentUrl":"https:\/\/www.joyeriajael.es\/wp-content\/uploads\/2025\/07\/01-copia-copia.jpg","width":900,"height":900,"caption":"TISSOT PRC 100 SOLAR QUARTZ WATCH 39MM"},{"@type":"BreadcrumbList","@id":"https:\/\/www.joyeriajael.es\/en\/producto\/tissot-prc-100-solar-quartz-watch-39mm\/#breadcrumb","itemListElement":[{"@type":"ListItem","position":1,"name":"Portada","item":"https:\/\/www.joyeriajael.es\/en\/"},{"@type":"ListItem","position":2,"name":"Online store","item":"https:\/\/www.joyeriajael.es\/tienda-online\/"},{"@type":"ListItem","position":3,"name":"Watches","item":"https:\/\/www.joyeriajael.es\/en\/watches\/"},{"@type":"ListItem","position":4,"name":"TISSOT PRC 100 SOLAR QUARTZ WATCH 39MM"}]},{"@type":"WebSite","@id":"https:\/\/www.joyeriajael.es\/en\/#website","url":"https:\/\/www.joyeriajael.es\/en\/","name":"Jael Joyer\u00eda","description":"Jael Joyer\u00eda en Santiago de Compostela y A Coru\u00f1a. Primeras marcas, firmas exclusivas, \u00fanico concesionario autorizado de Rolex en la provincia de A Coru\u00f1a.","publisher":{"@id":"https:\/\/www.joyeriajael.es\/en\/#organization"},"alternateName":"Jael","potentialAction":[{"@type":"SearchAction","target":{"@type":"EntryPoint","urlTemplate":"https:\/\/www.joyeriajael.es\/en\/?s={search_term_string}"},"query-input":{"@type":"PropertyValueSpecification","valueRequired":true,"valueName":"search_term_string"}}],"inLanguage":"en-US"},{"@type":"Organization","@id":"https:\/\/www.joyeriajael.es\/en\/#organization","name":"Jael","alternateName":"Jael joyer\u00eda","url":"https:\/\/www.joyeriajael.es\/en\/","logo":{"@type":"ImageObject","inLanguage":"en-US","@id":"https:\/\/www.joyeriajael.es\/en\/#\/schema\/logo\/image\/","url":"https:\/\/www.joyeriajael.es\/wp-content\/uploads\/2024\/07\/cropped-favicon-1.png","contentUrl":"https:\/\/www.joyeriajael.es\/wp-content\/uploads\/2024\/07\/cropped-favicon-1.png","width":512,"height":512,"caption":"Jael"},"image":{"@id":"https:\/\/www.joyeriajael.es\/en\/#\/schema\/logo\/image\/"}}]},"product_price_amount":"545.00","product_price_currency":"EUR","og_availability":"out of stock","product_availability":"out of stock","product_retailer_item_id":"T1514223305100","product_condition":"new"},"df_price":545,"df_sale_price":"","df_regular_price":545,"df_image_link":"https:\/\/www.joyeriajael.es\/wp-content\/uploads\/2025\/07\/01-copia-copia-300x300.jpg","_links":{"self":[{"href":"https:\/\/www.joyeriajael.es\/en\/wp-json\/wp\/v2\/product\/86097","targetHints":{"allow":["GET"]}}],"collection":[{"href":"https:\/\/www.joyeriajael.es\/en\/wp-json\/wp\/v2\/product"}],"about":[{"href":"https:\/\/www.joyeriajael.es\/en\/wp-json\/wp\/v2\/types\/product"}],"wp:featuredmedia":[{"embeddable":true,"href":"https:\/\/www.joyeriajael.es\/en\/wp-json\/wp\/v2\/media\/85916"}],"wp:attachment":[{"href":"https:\/\/www.joyeriajael.es\/en\/wp-json\/wp\/v2\/media?parent=86097"}],"wp:term":[{"taxonomy":"product_brand","embeddable":true,"href":"https:\/\/www.joyeriajael.es\/en\/wp-json\/wp\/v2\/product_brand?post=86097"},{"taxonomy":"product_cat","embeddable":true,"href":"https:\/\/www.joyeriajael.es\/en\/wp-json\/wp\/v2\/product_cat?post=86097"},{"taxonomy":"product_tag","embeddable":true,"href":"https:\/\/www.joyeriajael.es\/en\/wp-json\/wp\/v2\/product_tag?post=86097"}],"curies":[{"name":"wp","href":"https:\/\/api.w.org\/{rel}","templated":true}]}}