{"id":87714,"date":"2025-10-09T04:24:40","date_gmt":"2025-10-09T02:24:40","guid":{"rendered":"https:\/\/www.joyeriajael.es\/tienda-online\/reloj-breitling-avenger-night-mission-patrulla-aguila-limited-edition-automatic-42-mm\/"},"modified":"2025-10-09T15:20:44","modified_gmt":"2025-10-09T13:20:44","slug":"reloj-breitling-avenger-night-mission-patrulla-aguila-limited-edition-automatic-42-mm","status":"publish","type":"product","link":"https:\/\/www.joyeriajael.es\/en\/producto\/reloj-breitling-avenger-night-mission-patrulla-aguila-limited-edition-automatic-42-mm\/","title":{"rendered":"BREITLING AVENGER WATCH NIGHT MISSION PATRULLA \u00c1GUILA LIMITED EDITION AUTOMATIC 42 MM"},"content":{"rendered":"<p>Created for jet pilots, the Avenger is designed to take command of the most challenging cockpits and come back for more. This limited edition commemorates 40 years of the Patrulla \u00c1guila, the official aerobatics team of the Spanish Air Force. But you don&#8217;t need to be a member of the air force to appreciate its bold design, exceptional durability, and top-level functionality.<\/p>\n<p>This version features a matte blue dial adorned with the Patrulla \u00c1guila emblem, as well as a unique, individually numbered caseback engraved with the name &#8220;Patrulla \u00c1guila&#8221; and a special 40th anniversary logo. It features a black ceramic case and titanium hardware, accompanied by a blue military leather strap. And whether you&#8217;re barrel-rolling your plane or not, you&#8217;ll appreciate the Avenger&#8217;s water resistance to 300 m, easy grip, and corrosion-resistant design.<\/p>\n<p>This limited edition of 141 pieces will only be available in Spain.<\/p>\n","protected":false},"excerpt":{"rendered":"<p>Created for jet pilots, the Avenger is designed to take command of the most challenging cockpits and come&hellip;<\/p>\n","protected":false},"featured_media":87706,"template":"","meta":{"_acf_changed":false},"product_brand":[],"product_cat":[712,714,3784,499,730],"product_tag":[],"class_list":{"0":"post-87714","1":"product","2":"type-product","3":"status-publish","4":"has-post-thumbnail","6":"product_cat-brands","7":"product_cat-breitling-en","8":"product_cat-avenger-en","9":"product_cat-watches","10":"product_cat-watches-for-men","11":"pa_marca-breitling-en","13":"first","14":"instock","15":"taxable","16":"shipping-taxable","17":"purchasable","18":"product-type-simple"},"acf":[],"yoast_head":"<!-- This site is optimized with the Yoast SEO Premium plugin v27.4 (Yoast SEO v27.4) - https:\/\/yoast.com\/product\/yoast-seo-premium-wordpress\/ -->\n<title>BREITLING AVENGER WATCH NIGHT MISSION PATRULLA \u00c1GUILA LIMITED EDITION AUTOMATIC 42 MM<\/title>\n<meta name=\"robots\" content=\"index, follow, max-snippet:-1, max-image-preview:large, max-video-preview:-1\" \/>\n<link rel=\"canonical\" href=\"https:\/\/www.joyeriajael.es\/en\/producto\/reloj-breitling-avenger-night-mission-patrulla-aguila-limited-edition-automatic-42-mm\/\" \/>\n<meta property=\"og:locale\" content=\"en_US\" \/>\n<meta property=\"og:type\" content=\"article\" \/>\n<meta property=\"og:title\" content=\"BREITLING AVENGER WATCH NIGHT MISSION PATRULLA \u00c1GUILA LIMITED EDITION AUTOMATIC 42 MM\" \/>\n<meta property=\"og:description\" content=\"Created for jet pilots, the Avenger is designed to take command of the most challenging cockpits and come&hellip;\" \/>\n<meta property=\"og:url\" content=\"https:\/\/www.joyeriajael.es\/en\/producto\/reloj-breitling-avenger-night-mission-patrulla-aguila-limited-edition-automatic-42-mm\/\" \/>\n<meta property=\"og:site_name\" content=\"Jael Joyer\u00eda\" \/>\n<meta property=\"article:modified_time\" content=\"2025-10-09T13:20:44+00:00\" \/>\n<meta property=\"og:image\" content=\"https:\/\/www.joyeriajael.es\/wp-content\/uploads\/2025\/10\/01.jpg\" \/>\n\t<meta property=\"og:image:width\" content=\"900\" \/>\n\t<meta property=\"og:image:height\" content=\"900\" \/>\n\t<meta property=\"og:image:type\" content=\"image\/jpeg\" \/>\n<meta name=\"twitter:card\" content=\"summary_large_image\" \/>\n<meta property=\"product:price:amount\" content=\"6000.00\" \/>\n<meta property=\"product:price:currency\" content=\"EUR\" \/>\n<meta property=\"og:availability\" content=\"instock\" \/>\n<meta property=\"product:availability\" content=\"instock\" \/>\n<meta property=\"product:retailer_item_id\" content=\"S173282A1C1X1\" \/>\n<meta property=\"product:condition\" content=\"new\" \/>\n<!-- \/ Yoast SEO Premium plugin. -->","yoast_head_json":{"title":"BREITLING AVENGER WATCH NIGHT MISSION PATRULLA \u00c1GUILA LIMITED EDITION AUTOMATIC 42 MM","robots":{"index":"index","follow":"follow","max-snippet":"max-snippet:-1","max-image-preview":"max-image-preview:large","max-video-preview":"max-video-preview:-1"},"canonical":"https:\/\/www.joyeriajael.es\/en\/producto\/reloj-breitling-avenger-night-mission-patrulla-aguila-limited-edition-automatic-42-mm\/","og_locale":"en_US","og_type":"article","og_title":"BREITLING AVENGER WATCH NIGHT MISSION PATRULLA \u00c1GUILA LIMITED EDITION AUTOMATIC 42 MM","og_description":"Created for jet pilots, the Avenger is designed to take command of the most challenging cockpits and come&hellip;","og_url":"https:\/\/www.joyeriajael.es\/en\/producto\/reloj-breitling-avenger-night-mission-patrulla-aguila-limited-edition-automatic-42-mm\/","og_site_name":"Jael Joyer\u00eda","article_modified_time":"2025-10-09T13:20:44+00:00","og_image":[{"width":900,"height":900,"url":"https:\/\/www.joyeriajael.es\/wp-content\/uploads\/2025\/10\/01.jpg","type":"image\/jpeg"}],"twitter_card":"summary_large_image","schema":{"@context":"https:\/\/schema.org","@graph":[{"@type":["WebPage","ItemPage"],"@id":"https:\/\/www.joyeriajael.es\/en\/producto\/reloj-breitling-avenger-night-mission-patrulla-aguila-limited-edition-automatic-42-mm\/","url":"https:\/\/www.joyeriajael.es\/en\/producto\/reloj-breitling-avenger-night-mission-patrulla-aguila-limited-edition-automatic-42-mm\/","name":"BREITLING AVENGER WATCH NIGHT MISSION PATRULLA \u00c1GUILA LIMITED EDITION AUTOMATIC 42 MM","isPartOf":{"@id":"https:\/\/www.joyeriajael.es\/en\/#website"},"primaryImageOfPage":{"@id":"https:\/\/www.joyeriajael.es\/en\/producto\/reloj-breitling-avenger-night-mission-patrulla-aguila-limited-edition-automatic-42-mm\/#primaryimage"},"image":{"@id":"https:\/\/www.joyeriajael.es\/en\/producto\/reloj-breitling-avenger-night-mission-patrulla-aguila-limited-edition-automatic-42-mm\/#primaryimage"},"thumbnailUrl":"https:\/\/www.joyeriajael.es\/wp-content\/uploads\/2025\/10\/01.jpg","datePublished":"2025-10-09T02:24:40+00:00","dateModified":"2025-10-09T13:20:44+00:00","breadcrumb":{"@id":"https:\/\/www.joyeriajael.es\/en\/producto\/reloj-breitling-avenger-night-mission-patrulla-aguila-limited-edition-automatic-42-mm\/#breadcrumb"},"inLanguage":"en-US","potentialAction":[{"@type":"ReadAction","target":["https:\/\/www.joyeriajael.es\/en\/producto\/reloj-breitling-avenger-night-mission-patrulla-aguila-limited-edition-automatic-42-mm\/"]}]},{"@type":"ImageObject","inLanguage":"en-US","@id":"https:\/\/www.joyeriajael.es\/en\/producto\/reloj-breitling-avenger-night-mission-patrulla-aguila-limited-edition-automatic-42-mm\/#primaryimage","url":"https:\/\/www.joyeriajael.es\/wp-content\/uploads\/2025\/10\/01.jpg","contentUrl":"https:\/\/www.joyeriajael.es\/wp-content\/uploads\/2025\/10\/01.jpg","width":900,"height":900,"caption":"BREITLING AVENGER WATCH NIGHT MISSION PATRULLA \u00c1GUILA LIMITED EDITION AUTOMATIC 42 MM"},{"@type":"BreadcrumbList","@id":"https:\/\/www.joyeriajael.es\/en\/producto\/reloj-breitling-avenger-night-mission-patrulla-aguila-limited-edition-automatic-42-mm\/#breadcrumb","itemListElement":[{"@type":"ListItem","position":1,"name":"Portada","item":"https:\/\/www.joyeriajael.es\/en\/"},{"@type":"ListItem","position":2,"name":"Online store","item":"https:\/\/www.joyeriajael.es\/tienda-online\/"},{"@type":"ListItem","position":3,"name":"Brands","item":"https:\/\/www.joyeriajael.es\/en\/brands\/"},{"@type":"ListItem","position":4,"name":"Breitling","item":"https:\/\/www.joyeriajael.es\/en\/brands\/breitling-en\/"},{"@type":"ListItem","position":5,"name":"Breitling Avenger","item":"https:\/\/www.joyeriajael.es\/en\/brands\/breitling-en\/avenger-en\/"},{"@type":"ListItem","position":6,"name":"BREITLING AVENGER WATCH NIGHT MISSION PATRULLA \u00c1GUILA LIMITED EDITION AUTOMATIC 42 MM"}]},{"@type":"WebSite","@id":"https:\/\/www.joyeriajael.es\/en\/#website","url":"https:\/\/www.joyeriajael.es\/en\/","name":"Jael Joyer\u00eda","description":"Jael Joyer\u00eda en Santiago de Compostela y A Coru\u00f1a. Primeras marcas, firmas exclusivas, \u00fanico concesionario autorizado de Rolex en la provincia de A Coru\u00f1a.","publisher":{"@id":"https:\/\/www.joyeriajael.es\/en\/#organization"},"alternateName":"Jael","potentialAction":[{"@type":"SearchAction","target":{"@type":"EntryPoint","urlTemplate":"https:\/\/www.joyeriajael.es\/en\/?s={search_term_string}"},"query-input":{"@type":"PropertyValueSpecification","valueRequired":true,"valueName":"search_term_string"}}],"inLanguage":"en-US"},{"@type":"Organization","@id":"https:\/\/www.joyeriajael.es\/en\/#organization","name":"Jael","alternateName":"Jael joyer\u00eda","url":"https:\/\/www.joyeriajael.es\/en\/","logo":{"@type":"ImageObject","inLanguage":"en-US","@id":"https:\/\/www.joyeriajael.es\/en\/#\/schema\/logo\/image\/","url":"https:\/\/www.joyeriajael.es\/wp-content\/uploads\/2024\/07\/cropped-favicon-1.png","contentUrl":"https:\/\/www.joyeriajael.es\/wp-content\/uploads\/2024\/07\/cropped-favicon-1.png","width":512,"height":512,"caption":"Jael"},"image":{"@id":"https:\/\/www.joyeriajael.es\/en\/#\/schema\/logo\/image\/"}}]},"product_price_amount":"6000.00","product_price_currency":"EUR","og_availability":"instock","product_availability":"instock","product_retailer_item_id":"S173282A1C1X1","product_condition":"new"},"df_price":6000,"df_sale_price":"","df_regular_price":6000,"df_image_link":"https:\/\/www.joyeriajael.es\/wp-content\/uploads\/2025\/10\/01-300x300.jpg","_links":{"self":[{"href":"https:\/\/www.joyeriajael.es\/en\/wp-json\/wp\/v2\/product\/87714","targetHints":{"allow":["GET"]}}],"collection":[{"href":"https:\/\/www.joyeriajael.es\/en\/wp-json\/wp\/v2\/product"}],"about":[{"href":"https:\/\/www.joyeriajael.es\/en\/wp-json\/wp\/v2\/types\/product"}],"wp:featuredmedia":[{"embeddable":true,"href":"https:\/\/www.joyeriajael.es\/en\/wp-json\/wp\/v2\/media\/87706"}],"wp:attachment":[{"href":"https:\/\/www.joyeriajael.es\/en\/wp-json\/wp\/v2\/media?parent=87714"}],"wp:term":[{"taxonomy":"product_brand","embeddable":true,"href":"https:\/\/www.joyeriajael.es\/en\/wp-json\/wp\/v2\/product_brand?post=87714"},{"taxonomy":"product_cat","embeddable":true,"href":"https:\/\/www.joyeriajael.es\/en\/wp-json\/wp\/v2\/product_cat?post=87714"},{"taxonomy":"product_tag","embeddable":true,"href":"https:\/\/www.joyeriajael.es\/en\/wp-json\/wp\/v2\/product_tag?post=87714"}],"curies":[{"name":"wp","href":"https:\/\/api.w.org\/{rel}","templated":true}]}}