{"id":87863,"date":"2025-10-09T03:13:36","date_gmt":"2025-10-09T01:13:36","guid":{"rendered":"https:\/\/www.joyeriajael.es\/producto\/reloj-tudor-1926-luna-39-mm-2\/"},"modified":"2025-10-13T18:46:18","modified_gmt":"2025-10-13T16:46:18","slug":"reloj-tudor-1926-luna-39-mm-2","status":"publish","type":"product","link":"https:\/\/www.joyeriajael.es\/en\/producto\/reloj-tudor-1926-luna-39-mm-2\/","title":{"rendered":"TUDOR 1926 LUNA 39 WATCH MM"},"content":{"rendered":"<p>For its first moonphase watch, TUDOR enlisted the creativity of the multi-talented Jay Chou. The TUDOR 1926 Luna features sunray dials in black, blue, or champagne, domed for a vintage touch, and a seven-link TUDOR metal bracelet. The rich detailing on the 1926 line&#8217;s dials creates a striking and intricate play of light that perfectly complements the color-coordinated sword-shaped hands, and the moonphase indicator at 6 o&#8217;clock lends poetry to the watch.  <\/p>\n","protected":false},"excerpt":{"rendered":"<p>For its first moonphase watch, TUDOR enlisted the creativity of the multi-talented Jay Chou. The TUDOR 1926 Luna&hellip;<\/p>\n","protected":false},"featured_media":87849,"template":"","meta":{"_acf_changed":false},"product_brand":[],"product_cat":[712,729,2335,499,730],"product_tag":[],"class_list":{"0":"post-87863","1":"product","2":"type-product","3":"status-publish","4":"has-post-thumbnail","6":"product_cat-brands","7":"product_cat-tudor-en","8":"product_cat-tudor-news","9":"product_cat-watches","10":"product_cat-watches-for-men","12":"first","13":"outofstock","14":"taxable","15":"shipping-taxable","16":"purchasable","17":"product-type-simple"},"acf":[],"yoast_head":"<!-- This site is optimized with the Yoast SEO Premium plugin v27.4 (Yoast SEO v27.4) - https:\/\/yoast.com\/product\/yoast-seo-premium-wordpress\/ -->\n<title>TUDOR 1926 LUNA 39 WATCH MM<\/title>\n<meta name=\"robots\" content=\"index, follow, max-snippet:-1, max-image-preview:large, max-video-preview:-1\" \/>\n<link rel=\"canonical\" href=\"https:\/\/www.joyeriajael.es\/en\/producto\/reloj-tudor-1926-luna-39-mm-2\/\" \/>\n<meta property=\"og:locale\" content=\"en_US\" \/>\n<meta property=\"og:type\" content=\"article\" \/>\n<meta property=\"og:title\" content=\"TUDOR 1926 LUNA 39 WATCH MM\" \/>\n<meta property=\"og:description\" content=\"For its first moonphase watch, TUDOR enlisted the creativity of the multi-talented Jay Chou. The TUDOR 1926 Luna&hellip;\" \/>\n<meta property=\"og:url\" content=\"https:\/\/www.joyeriajael.es\/en\/producto\/reloj-tudor-1926-luna-39-mm-2\/\" \/>\n<meta property=\"og:site_name\" content=\"Jael Joyer\u00eda\" \/>\n<meta property=\"article:modified_time\" content=\"2025-10-13T16:46:18+00:00\" \/>\n<meta property=\"og:image\" content=\"https:\/\/www.joyeriajael.es\/wp-content\/uploads\/2025\/10\/01-12.jpg\" \/>\n\t<meta property=\"og:image:width\" content=\"938\" \/>\n\t<meta property=\"og:image:height\" content=\"937\" \/>\n\t<meta property=\"og:image:type\" content=\"image\/jpeg\" \/>\n<meta name=\"twitter:card\" content=\"summary_large_image\" \/>\n<meta property=\"product:price:amount\" content=\"2630.00\" \/>\n<meta property=\"product:price:currency\" content=\"EUR\" \/>\n<meta property=\"og:availability\" content=\"out of stock\" \/>\n<meta property=\"product:availability\" content=\"out of stock\" \/>\n<meta property=\"product:retailer_item_id\" content=\"M91560-0002\" \/>\n<meta property=\"product:condition\" content=\"new\" \/>\n<!-- \/ Yoast SEO Premium plugin. -->","yoast_head_json":{"title":"TUDOR 1926 LUNA 39 WATCH MM","robots":{"index":"index","follow":"follow","max-snippet":"max-snippet:-1","max-image-preview":"max-image-preview:large","max-video-preview":"max-video-preview:-1"},"canonical":"https:\/\/www.joyeriajael.es\/en\/producto\/reloj-tudor-1926-luna-39-mm-2\/","og_locale":"en_US","og_type":"article","og_title":"TUDOR 1926 LUNA 39 WATCH MM","og_description":"For its first moonphase watch, TUDOR enlisted the creativity of the multi-talented Jay Chou. The TUDOR 1926 Luna&hellip;","og_url":"https:\/\/www.joyeriajael.es\/en\/producto\/reloj-tudor-1926-luna-39-mm-2\/","og_site_name":"Jael Joyer\u00eda","article_modified_time":"2025-10-13T16:46:18+00:00","og_image":[{"width":938,"height":937,"url":"https:\/\/www.joyeriajael.es\/wp-content\/uploads\/2025\/10\/01-12.jpg","type":"image\/jpeg"}],"twitter_card":"summary_large_image","schema":{"@context":"https:\/\/schema.org","@graph":[{"@type":["WebPage","ItemPage"],"@id":"https:\/\/www.joyeriajael.es\/en\/producto\/reloj-tudor-1926-luna-39-mm-2\/","url":"https:\/\/www.joyeriajael.es\/en\/producto\/reloj-tudor-1926-luna-39-mm-2\/","name":"TUDOR 1926 LUNA 39 WATCH MM","isPartOf":{"@id":"https:\/\/www.joyeriajael.es\/en\/#website"},"primaryImageOfPage":{"@id":"https:\/\/www.joyeriajael.es\/en\/producto\/reloj-tudor-1926-luna-39-mm-2\/#primaryimage"},"image":{"@id":"https:\/\/www.joyeriajael.es\/en\/producto\/reloj-tudor-1926-luna-39-mm-2\/#primaryimage"},"thumbnailUrl":"https:\/\/www.joyeriajael.es\/wp-content\/uploads\/2025\/10\/01-12.jpg","datePublished":"2025-10-09T01:13:36+00:00","dateModified":"2025-10-13T16:46:18+00:00","breadcrumb":{"@id":"https:\/\/www.joyeriajael.es\/en\/producto\/reloj-tudor-1926-luna-39-mm-2\/#breadcrumb"},"inLanguage":"en-US","potentialAction":[{"@type":"ReadAction","target":["https:\/\/www.joyeriajael.es\/en\/producto\/reloj-tudor-1926-luna-39-mm-2\/"]}]},{"@type":"ImageObject","inLanguage":"en-US","@id":"https:\/\/www.joyeriajael.es\/en\/producto\/reloj-tudor-1926-luna-39-mm-2\/#primaryimage","url":"https:\/\/www.joyeriajael.es\/wp-content\/uploads\/2025\/10\/01-12.jpg","contentUrl":"https:\/\/www.joyeriajael.es\/wp-content\/uploads\/2025\/10\/01-12.jpg","width":938,"height":937,"caption":"TUDOR 1926 LUNA 39 WATCH MM"},{"@type":"BreadcrumbList","@id":"https:\/\/www.joyeriajael.es\/en\/producto\/reloj-tudor-1926-luna-39-mm-2\/#breadcrumb","itemListElement":[{"@type":"ListItem","position":1,"name":"Portada","item":"https:\/\/www.joyeriajael.es\/en\/"},{"@type":"ListItem","position":2,"name":"Online store","item":"https:\/\/www.joyeriajael.es\/tienda-online\/"},{"@type":"ListItem","position":3,"name":"Watches","item":"https:\/\/www.joyeriajael.es\/en\/watches\/"},{"@type":"ListItem","position":4,"name":"TUDOR 1926 LUNA 39 WATCH MM"}]},{"@type":"WebSite","@id":"https:\/\/www.joyeriajael.es\/en\/#website","url":"https:\/\/www.joyeriajael.es\/en\/","name":"Jael Joyer\u00eda","description":"Jael Joyer\u00eda en Santiago de Compostela y A Coru\u00f1a. Primeras marcas, firmas exclusivas, \u00fanico concesionario autorizado de Rolex en la provincia de A Coru\u00f1a.","publisher":{"@id":"https:\/\/www.joyeriajael.es\/en\/#organization"},"alternateName":"Jael","potentialAction":[{"@type":"SearchAction","target":{"@type":"EntryPoint","urlTemplate":"https:\/\/www.joyeriajael.es\/en\/?s={search_term_string}"},"query-input":{"@type":"PropertyValueSpecification","valueRequired":true,"valueName":"search_term_string"}}],"inLanguage":"en-US"},{"@type":"Organization","@id":"https:\/\/www.joyeriajael.es\/en\/#organization","name":"Jael","alternateName":"Jael joyer\u00eda","url":"https:\/\/www.joyeriajael.es\/en\/","logo":{"@type":"ImageObject","inLanguage":"en-US","@id":"https:\/\/www.joyeriajael.es\/en\/#\/schema\/logo\/image\/","url":"https:\/\/www.joyeriajael.es\/wp-content\/uploads\/2024\/07\/cropped-favicon-1.png","contentUrl":"https:\/\/www.joyeriajael.es\/wp-content\/uploads\/2024\/07\/cropped-favicon-1.png","width":512,"height":512,"caption":"Jael"},"image":{"@id":"https:\/\/www.joyeriajael.es\/en\/#\/schema\/logo\/image\/"}}]},"product_price_amount":"2630.00","product_price_currency":"EUR","og_availability":"out of stock","product_availability":"out of stock","product_retailer_item_id":"M91560-0002","product_condition":"new"},"df_price":2630,"df_sale_price":"","df_regular_price":2630,"df_image_link":"https:\/\/www.joyeriajael.es\/wp-content\/uploads\/2025\/10\/01-12-300x300.jpg","_links":{"self":[{"href":"https:\/\/www.joyeriajael.es\/en\/wp-json\/wp\/v2\/product\/87863","targetHints":{"allow":["GET"]}}],"collection":[{"href":"https:\/\/www.joyeriajael.es\/en\/wp-json\/wp\/v2\/product"}],"about":[{"href":"https:\/\/www.joyeriajael.es\/en\/wp-json\/wp\/v2\/types\/product"}],"wp:featuredmedia":[{"embeddable":true,"href":"https:\/\/www.joyeriajael.es\/en\/wp-json\/wp\/v2\/media\/87849"}],"wp:attachment":[{"href":"https:\/\/www.joyeriajael.es\/en\/wp-json\/wp\/v2\/media?parent=87863"}],"wp:term":[{"taxonomy":"product_brand","embeddable":true,"href":"https:\/\/www.joyeriajael.es\/en\/wp-json\/wp\/v2\/product_brand?post=87863"},{"taxonomy":"product_cat","embeddable":true,"href":"https:\/\/www.joyeriajael.es\/en\/wp-json\/wp\/v2\/product_cat?post=87863"},{"taxonomy":"product_tag","embeddable":true,"href":"https:\/\/www.joyeriajael.es\/en\/wp-json\/wp\/v2\/product_tag?post=87863"}],"curies":[{"name":"wp","href":"https:\/\/api.w.org\/{rel}","templated":true}]}}