{"id":88298,"date":"2025-10-16T03:13:18","date_gmt":"2025-10-16T01:13:18","guid":{"rendered":"https:\/\/www.joyeriajael.es\/producto\/anillo-luisa-rosas-tribe-oro-rosa-y-diamantes-marrones\/"},"modified":"2025-10-23T10:41:32","modified_gmt":"2025-10-23T08:41:32","slug":"anillo-luisa-rosas-tribe-oro-rosa-y-diamantes-marrones","status":"publish","type":"product","link":"https:\/\/www.joyeriajael.es\/en\/producto\/anillo-luisa-rosas-tribe-oro-rosa-y-diamantes-marrones\/","title":{"rendered":"LUISA ROSAS TRIBE RING IN ROSE GOLD AND BROWN DIAMONDS"},"content":{"rendered":"<div class=\"tabs-content__wrapper\">\n<div class=\"tabs-content-pane is-active\" data-tabs-content-pane=\"description\">\n<div class=\"expand-content\">Ring in 18K rose gold with brown diamonds.<\/div>\n<\/div>\n<\/div>\n","protected":false},"excerpt":{"rendered":"<p>Ring in 18K rose gold with brown diamonds.<\/p>\n","protected":false},"featured_media":88300,"template":"","meta":{"_acf_changed":false},"product_brand":[],"product_cat":[712,3879,495,4788,505,516],"product_tag":[],"class_list":{"0":"post-88298","1":"product","2":"type-product","3":"status-publish","4":"has-post-thumbnail","6":"product_cat-brands","7":"product_cat-bridal-jewelry","8":"product_cat-jewels","9":"product_cat-luisa-rosas-en","10":"product_cat-rings-en","11":"product_cat-wedding-rings","13":"first","14":"outofstock","15":"taxable","16":"shipping-taxable","17":"purchasable","18":"product-type-simple"},"acf":[],"yoast_head":"<!-- This site is optimized with the Yoast SEO Premium plugin v27.4 (Yoast SEO v27.4) - https:\/\/yoast.com\/product\/yoast-seo-premium-wordpress\/ -->\n<title>LUISA ROSAS TRIBE RING IN ROSE GOLD AND BROWN DIAMONDS<\/title>\n<meta name=\"robots\" content=\"index, follow, max-snippet:-1, max-image-preview:large, max-video-preview:-1\" \/>\n<link rel=\"canonical\" href=\"https:\/\/www.joyeriajael.es\/en\/producto\/anillo-luisa-rosas-tribe-oro-rosa-y-diamantes-marrones\/\" \/>\n<meta property=\"og:locale\" content=\"en_US\" \/>\n<meta property=\"og:type\" content=\"article\" \/>\n<meta property=\"og:title\" content=\"LUISA ROSAS TRIBE RING IN ROSE GOLD AND BROWN DIAMONDS\" \/>\n<meta property=\"og:description\" content=\"Ring in 18K rose gold with brown diamonds.\" \/>\n<meta property=\"og:url\" content=\"https:\/\/www.joyeriajael.es\/en\/producto\/anillo-luisa-rosas-tribe-oro-rosa-y-diamantes-marrones\/\" \/>\n<meta property=\"og:site_name\" content=\"Jael Joyer\u00eda\" \/>\n<meta property=\"article:modified_time\" content=\"2025-10-23T08:41:32+00:00\" \/>\n<meta property=\"og:image\" content=\"https:\/\/www.joyeriajael.es\/wp-content\/uploads\/2025\/10\/01-20.jpg\" \/>\n\t<meta property=\"og:image:width\" content=\"900\" \/>\n\t<meta property=\"og:image:height\" content=\"900\" \/>\n\t<meta property=\"og:image:type\" content=\"image\/jpeg\" \/>\n<meta name=\"twitter:card\" content=\"summary_large_image\" \/>\n<meta property=\"product:price:amount\" content=\"6880.00\" \/>\n<meta property=\"product:price:currency\" content=\"EUR\" \/>\n<meta property=\"og:availability\" content=\"out of stock\" \/>\n<meta property=\"product:availability\" content=\"out of stock\" \/>\n<meta property=\"product:retailer_item_id\" content=\"330LRTR072\" \/>\n<meta property=\"product:condition\" content=\"new\" \/>\n<!-- \/ Yoast SEO Premium plugin. -->","yoast_head_json":{"title":"LUISA ROSAS TRIBE RING IN ROSE GOLD AND BROWN DIAMONDS","robots":{"index":"index","follow":"follow","max-snippet":"max-snippet:-1","max-image-preview":"max-image-preview:large","max-video-preview":"max-video-preview:-1"},"canonical":"https:\/\/www.joyeriajael.es\/en\/producto\/anillo-luisa-rosas-tribe-oro-rosa-y-diamantes-marrones\/","og_locale":"en_US","og_type":"article","og_title":"LUISA ROSAS TRIBE RING IN ROSE GOLD AND BROWN DIAMONDS","og_description":"Ring in 18K rose gold with brown diamonds.","og_url":"https:\/\/www.joyeriajael.es\/en\/producto\/anillo-luisa-rosas-tribe-oro-rosa-y-diamantes-marrones\/","og_site_name":"Jael Joyer\u00eda","article_modified_time":"2025-10-23T08:41:32+00:00","og_image":[{"width":900,"height":900,"url":"https:\/\/www.joyeriajael.es\/wp-content\/uploads\/2025\/10\/01-20.jpg","type":"image\/jpeg"}],"twitter_card":"summary_large_image","schema":{"@context":"https:\/\/schema.org","@graph":[{"@type":["WebPage","ItemPage"],"@id":"https:\/\/www.joyeriajael.es\/en\/producto\/anillo-luisa-rosas-tribe-oro-rosa-y-diamantes-marrones\/","url":"https:\/\/www.joyeriajael.es\/en\/producto\/anillo-luisa-rosas-tribe-oro-rosa-y-diamantes-marrones\/","name":"LUISA ROSAS TRIBE RING IN ROSE GOLD AND BROWN DIAMONDS","isPartOf":{"@id":"https:\/\/www.joyeriajael.es\/en\/#website"},"primaryImageOfPage":{"@id":"https:\/\/www.joyeriajael.es\/en\/producto\/anillo-luisa-rosas-tribe-oro-rosa-y-diamantes-marrones\/#primaryimage"},"image":{"@id":"https:\/\/www.joyeriajael.es\/en\/producto\/anillo-luisa-rosas-tribe-oro-rosa-y-diamantes-marrones\/#primaryimage"},"thumbnailUrl":"https:\/\/www.joyeriajael.es\/wp-content\/uploads\/2025\/10\/01-20.jpg","datePublished":"2025-10-16T01:13:18+00:00","dateModified":"2025-10-23T08:41:32+00:00","breadcrumb":{"@id":"https:\/\/www.joyeriajael.es\/en\/producto\/anillo-luisa-rosas-tribe-oro-rosa-y-diamantes-marrones\/#breadcrumb"},"inLanguage":"en-US","potentialAction":[{"@type":"ReadAction","target":["https:\/\/www.joyeriajael.es\/en\/producto\/anillo-luisa-rosas-tribe-oro-rosa-y-diamantes-marrones\/"]}]},{"@type":"ImageObject","inLanguage":"en-US","@id":"https:\/\/www.joyeriajael.es\/en\/producto\/anillo-luisa-rosas-tribe-oro-rosa-y-diamantes-marrones\/#primaryimage","url":"https:\/\/www.joyeriajael.es\/wp-content\/uploads\/2025\/10\/01-20.jpg","contentUrl":"https:\/\/www.joyeriajael.es\/wp-content\/uploads\/2025\/10\/01-20.jpg","width":900,"height":900,"caption":"LUISA ROSAS TRIBE RING IN ROSE GOLD AND BROWN DIAMONDS"},{"@type":"BreadcrumbList","@id":"https:\/\/www.joyeriajael.es\/en\/producto\/anillo-luisa-rosas-tribe-oro-rosa-y-diamantes-marrones\/#breadcrumb","itemListElement":[{"@type":"ListItem","position":1,"name":"Portada","item":"https:\/\/www.joyeriajael.es\/en\/"},{"@type":"ListItem","position":2,"name":"Online store","item":"https:\/\/www.joyeriajael.es\/tienda-online\/"},{"@type":"ListItem","position":3,"name":"Brands","item":"https:\/\/www.joyeriajael.es\/en\/brands\/"},{"@type":"ListItem","position":4,"name":"Lu\u00edsa Rosas","item":"https:\/\/www.joyeriajael.es\/en\/brands\/luisa-rosas-en\/"},{"@type":"ListItem","position":5,"name":"LUISA ROSAS TRIBE RING IN ROSE GOLD AND BROWN DIAMONDS"}]},{"@type":"WebSite","@id":"https:\/\/www.joyeriajael.es\/en\/#website","url":"https:\/\/www.joyeriajael.es\/en\/","name":"Jael Joyer\u00eda","description":"Jael Joyer\u00eda en Santiago de Compostela y A Coru\u00f1a. Primeras marcas, firmas exclusivas, \u00fanico concesionario autorizado de Rolex en la provincia de A Coru\u00f1a.","publisher":{"@id":"https:\/\/www.joyeriajael.es\/en\/#organization"},"alternateName":"Jael","potentialAction":[{"@type":"SearchAction","target":{"@type":"EntryPoint","urlTemplate":"https:\/\/www.joyeriajael.es\/en\/?s={search_term_string}"},"query-input":{"@type":"PropertyValueSpecification","valueRequired":true,"valueName":"search_term_string"}}],"inLanguage":"en-US"},{"@type":"Organization","@id":"https:\/\/www.joyeriajael.es\/en\/#organization","name":"Jael","alternateName":"Jael joyer\u00eda","url":"https:\/\/www.joyeriajael.es\/en\/","logo":{"@type":"ImageObject","inLanguage":"en-US","@id":"https:\/\/www.joyeriajael.es\/en\/#\/schema\/logo\/image\/","url":"https:\/\/www.joyeriajael.es\/wp-content\/uploads\/2024\/07\/cropped-favicon-1.png","contentUrl":"https:\/\/www.joyeriajael.es\/wp-content\/uploads\/2024\/07\/cropped-favicon-1.png","width":512,"height":512,"caption":"Jael"},"image":{"@id":"https:\/\/www.joyeriajael.es\/en\/#\/schema\/logo\/image\/"}}]},"product_price_amount":"6880.00","product_price_currency":"EUR","og_availability":"out of stock","product_availability":"out of stock","product_retailer_item_id":"330LRTR072","product_condition":"new"},"df_price":6880,"df_sale_price":"","df_regular_price":6880,"df_image_link":"https:\/\/www.joyeriajael.es\/wp-content\/uploads\/2025\/10\/01-20-300x300.jpg","_links":{"self":[{"href":"https:\/\/www.joyeriajael.es\/en\/wp-json\/wp\/v2\/product\/88298","targetHints":{"allow":["GET"]}}],"collection":[{"href":"https:\/\/www.joyeriajael.es\/en\/wp-json\/wp\/v2\/product"}],"about":[{"href":"https:\/\/www.joyeriajael.es\/en\/wp-json\/wp\/v2\/types\/product"}],"wp:featuredmedia":[{"embeddable":true,"href":"https:\/\/www.joyeriajael.es\/en\/wp-json\/wp\/v2\/media\/88300"}],"wp:attachment":[{"href":"https:\/\/www.joyeriajael.es\/en\/wp-json\/wp\/v2\/media?parent=88298"}],"wp:term":[{"taxonomy":"product_brand","embeddable":true,"href":"https:\/\/www.joyeriajael.es\/en\/wp-json\/wp\/v2\/product_brand?post=88298"},{"taxonomy":"product_cat","embeddable":true,"href":"https:\/\/www.joyeriajael.es\/en\/wp-json\/wp\/v2\/product_cat?post=88298"},{"taxonomy":"product_tag","embeddable":true,"href":"https:\/\/www.joyeriajael.es\/en\/wp-json\/wp\/v2\/product_tag?post=88298"}],"curies":[{"name":"wp","href":"https:\/\/api.w.org\/{rel}","templated":true}]}}