{"id":90090,"date":"2025-12-11T03:48:01","date_gmt":"2025-12-11T02:48:01","guid":{"rendered":"https:\/\/www.joyeriajael.es\/producto\/pendientes-largos-chimento-armilla-acqua-oro-amarillo\/"},"modified":"2025-12-11T13:18:53","modified_gmt":"2025-12-11T12:18:53","slug":"pendientes-largos-chimento-armilla-acqua-oro-amarillo","status":"publish","type":"product","link":"https:\/\/www.joyeriajael.es\/en\/producto\/pendientes-largos-chimento-armilla-acqua-oro-amarillo\/","title":{"rendered":"CHIMENTO ARMILLA ACQUA YELLOW GOLD LONG EARRINGS"},"content":{"rendered":"<p id=\"tw-target-text\" class=\"tw-data-text tw-text-large tw-ta\" dir=\"ltr\" tabindex=\"-1\" role=\"text\" data-placeholder=\"Translation\" data-ved=\"2ahUKEwjzwLC1rrWRAxWyZ0EAHXenOt0Q3ewLegQIDBAW\" aria-label=\"Translated text: Armillas Acqua se inspira en las formas del agua y sus fluidos y sinuosos movimientos. Las joyas de la colecci\u00f3n rozan delicadamente el cuerpo y lo iluminan con un encantador despliegue de oro y diamantes que se entrelazan en extraordinarios juegos de luz y delicados reflejos.\"><span class=\"Y2IQFc\" lang=\"es\">Armillas Acqua is inspired by the shapes of water and its fluid and sinuous movements. <\/span><\/p>\n<p dir=\"ltr\" tabindex=\"-1\" role=\"text\" data-placeholder=\"Translation\" data-ved=\"2ahUKEwjzwLC1rrWRAxWyZ0EAHXenOt0Q3ewLegQIDBAW\" aria-label=\"Translated text: Armillas Acqua se inspira en las formas del agua y sus fluidos y sinuosos movimientos. Las joyas de la colecci\u00f3n rozan delicadamente el cuerpo y lo iluminan con un encantador despliegue de oro y diamantes que se entrelazan en extraordinarios juegos de luz y delicados reflejos.\">Long 18k yellow gold earrings with chain and water drop-shaped sphere.<\/p>\n","protected":false},"excerpt":{"rendered":"<p>Armillas Acqua is inspired by the shapes of water and its fluid and sinuous movements. Long 18k yellow&hellip;<\/p>\n","protected":false},"featured_media":90088,"template":"","meta":{"_acf_changed":false},"product_brand":[],"product_cat":[3887,510,495,3882],"product_tag":[],"class_list":{"0":"post-90090","1":"product","2":"type-product","3":"status-publish","4":"has-post-thumbnail","6":"product_cat-chimento-en","7":"product_cat-earrings","8":"product_cat-jewels","9":"product_cat-long","11":"first","12":"instock","13":"taxable","14":"shipping-taxable","15":"purchasable","16":"product-type-simple"},"acf":[],"yoast_head":"<!-- This site is optimized with the Yoast SEO Premium plugin v27.4 (Yoast SEO v27.4) - https:\/\/yoast.com\/product\/yoast-seo-premium-wordpress\/ -->\n<title>CHIMENTO ARMILLA ACQUA YELLOW GOLD LONG EARRINGS<\/title>\n<meta name=\"robots\" content=\"index, follow, max-snippet:-1, max-image-preview:large, max-video-preview:-1\" \/>\n<link rel=\"canonical\" href=\"https:\/\/www.joyeriajael.es\/en\/producto\/pendientes-largos-chimento-armilla-acqua-oro-amarillo\/\" \/>\n<meta property=\"og:locale\" content=\"en_US\" \/>\n<meta property=\"og:type\" content=\"article\" \/>\n<meta property=\"og:title\" content=\"CHIMENTO ARMILLA ACQUA YELLOW GOLD LONG EARRINGS\" \/>\n<meta property=\"og:description\" content=\"Armillas Acqua is inspired by the shapes of water and its fluid and sinuous movements. Long 18k yellow&hellip;\" \/>\n<meta property=\"og:url\" content=\"https:\/\/www.joyeriajael.es\/en\/producto\/pendientes-largos-chimento-armilla-acqua-oro-amarillo\/\" \/>\n<meta property=\"og:site_name\" content=\"Jael Joyer\u00eda\" \/>\n<meta property=\"article:modified_time\" content=\"2025-12-11T12:18:53+00:00\" \/>\n<meta property=\"og:image\" content=\"https:\/\/www.joyeriajael.es\/wp-content\/uploads\/2025\/12\/03-copia.jpg\" \/>\n\t<meta property=\"og:image:width\" content=\"900\" \/>\n\t<meta property=\"og:image:height\" content=\"900\" \/>\n\t<meta property=\"og:image:type\" content=\"image\/jpeg\" \/>\n<meta name=\"twitter:card\" content=\"summary_large_image\" \/>\n<meta property=\"product:price:amount\" content=\"1010.00\" \/>\n<meta property=\"product:price:currency\" content=\"EUR\" \/>\n<meta property=\"og:availability\" content=\"instock\" \/>\n<meta property=\"product:availability\" content=\"instock\" \/>\n<meta property=\"product:retailer_item_id\" content=\"1O11443ZZ1000\" \/>\n<meta property=\"product:condition\" content=\"new\" \/>\n<!-- \/ Yoast SEO Premium plugin. -->","yoast_head_json":{"title":"CHIMENTO ARMILLA ACQUA YELLOW GOLD LONG EARRINGS","robots":{"index":"index","follow":"follow","max-snippet":"max-snippet:-1","max-image-preview":"max-image-preview:large","max-video-preview":"max-video-preview:-1"},"canonical":"https:\/\/www.joyeriajael.es\/en\/producto\/pendientes-largos-chimento-armilla-acqua-oro-amarillo\/","og_locale":"en_US","og_type":"article","og_title":"CHIMENTO ARMILLA ACQUA YELLOW GOLD LONG EARRINGS","og_description":"Armillas Acqua is inspired by the shapes of water and its fluid and sinuous movements. Long 18k yellow&hellip;","og_url":"https:\/\/www.joyeriajael.es\/en\/producto\/pendientes-largos-chimento-armilla-acqua-oro-amarillo\/","og_site_name":"Jael Joyer\u00eda","article_modified_time":"2025-12-11T12:18:53+00:00","og_image":[{"width":900,"height":900,"url":"https:\/\/www.joyeriajael.es\/wp-content\/uploads\/2025\/12\/03-copia.jpg","type":"image\/jpeg"}],"twitter_card":"summary_large_image","schema":{"@context":"https:\/\/schema.org","@graph":[{"@type":["WebPage","ItemPage"],"@id":"https:\/\/www.joyeriajael.es\/en\/producto\/pendientes-largos-chimento-armilla-acqua-oro-amarillo\/","url":"https:\/\/www.joyeriajael.es\/en\/producto\/pendientes-largos-chimento-armilla-acqua-oro-amarillo\/","name":"CHIMENTO ARMILLA ACQUA YELLOW GOLD LONG EARRINGS","isPartOf":{"@id":"https:\/\/www.joyeriajael.es\/en\/#website"},"primaryImageOfPage":{"@id":"https:\/\/www.joyeriajael.es\/en\/producto\/pendientes-largos-chimento-armilla-acqua-oro-amarillo\/#primaryimage"},"image":{"@id":"https:\/\/www.joyeriajael.es\/en\/producto\/pendientes-largos-chimento-armilla-acqua-oro-amarillo\/#primaryimage"},"thumbnailUrl":"https:\/\/www.joyeriajael.es\/wp-content\/uploads\/2025\/12\/03-copia.jpg","datePublished":"2025-12-11T02:48:01+00:00","dateModified":"2025-12-11T12:18:53+00:00","breadcrumb":{"@id":"https:\/\/www.joyeriajael.es\/en\/producto\/pendientes-largos-chimento-armilla-acqua-oro-amarillo\/#breadcrumb"},"inLanguage":"en-US","potentialAction":[{"@type":"ReadAction","target":["https:\/\/www.joyeriajael.es\/en\/producto\/pendientes-largos-chimento-armilla-acqua-oro-amarillo\/"]}]},{"@type":"ImageObject","inLanguage":"en-US","@id":"https:\/\/www.joyeriajael.es\/en\/producto\/pendientes-largos-chimento-armilla-acqua-oro-amarillo\/#primaryimage","url":"https:\/\/www.joyeriajael.es\/wp-content\/uploads\/2025\/12\/03-copia.jpg","contentUrl":"https:\/\/www.joyeriajael.es\/wp-content\/uploads\/2025\/12\/03-copia.jpg","width":900,"height":900,"caption":"CHIMENTO ARMILLA ACQUA YELLOW GOLD LONG EARRINGS"},{"@type":"BreadcrumbList","@id":"https:\/\/www.joyeriajael.es\/en\/producto\/pendientes-largos-chimento-armilla-acqua-oro-amarillo\/#breadcrumb","itemListElement":[{"@type":"ListItem","position":1,"name":"Portada","item":"https:\/\/www.joyeriajael.es\/en\/"},{"@type":"ListItem","position":2,"name":"Online store","item":"https:\/\/www.joyeriajael.es\/tienda-online\/"},{"@type":"ListItem","position":3,"name":"Jewels","item":"https:\/\/www.joyeriajael.es\/en\/jewels\/"},{"@type":"ListItem","position":4,"name":"Earrings","item":"https:\/\/www.joyeriajael.es\/en\/jewels\/earrings\/"},{"@type":"ListItem","position":5,"name":"Long earrings","item":"https:\/\/www.joyeriajael.es\/en\/jewels\/earrings\/long\/"},{"@type":"ListItem","position":6,"name":"CHIMENTO ARMILLA ACQUA YELLOW GOLD LONG EARRINGS"}]},{"@type":"WebSite","@id":"https:\/\/www.joyeriajael.es\/en\/#website","url":"https:\/\/www.joyeriajael.es\/en\/","name":"Jael Joyer\u00eda","description":"Jael Joyer\u00eda en Santiago de Compostela y A Coru\u00f1a. Primeras marcas, firmas exclusivas, \u00fanico concesionario autorizado de Rolex en la provincia de A Coru\u00f1a.","publisher":{"@id":"https:\/\/www.joyeriajael.es\/en\/#organization"},"alternateName":"Jael","potentialAction":[{"@type":"SearchAction","target":{"@type":"EntryPoint","urlTemplate":"https:\/\/www.joyeriajael.es\/en\/?s={search_term_string}"},"query-input":{"@type":"PropertyValueSpecification","valueRequired":true,"valueName":"search_term_string"}}],"inLanguage":"en-US"},{"@type":"Organization","@id":"https:\/\/www.joyeriajael.es\/en\/#organization","name":"Jael","alternateName":"Jael joyer\u00eda","url":"https:\/\/www.joyeriajael.es\/en\/","logo":{"@type":"ImageObject","inLanguage":"en-US","@id":"https:\/\/www.joyeriajael.es\/en\/#\/schema\/logo\/image\/","url":"https:\/\/www.joyeriajael.es\/wp-content\/uploads\/2024\/07\/cropped-favicon-1.png","contentUrl":"https:\/\/www.joyeriajael.es\/wp-content\/uploads\/2024\/07\/cropped-favicon-1.png","width":512,"height":512,"caption":"Jael"},"image":{"@id":"https:\/\/www.joyeriajael.es\/en\/#\/schema\/logo\/image\/"}}]},"product_price_amount":"1010.00","product_price_currency":"EUR","og_availability":"instock","product_availability":"instock","product_retailer_item_id":"1O11443ZZ1000","product_condition":"new"},"df_price":1010,"df_sale_price":"","df_regular_price":1010,"df_image_link":"https:\/\/www.joyeriajael.es\/wp-content\/uploads\/2025\/12\/03-copia-300x300.jpg","_links":{"self":[{"href":"https:\/\/www.joyeriajael.es\/en\/wp-json\/wp\/v2\/product\/90090","targetHints":{"allow":["GET"]}}],"collection":[{"href":"https:\/\/www.joyeriajael.es\/en\/wp-json\/wp\/v2\/product"}],"about":[{"href":"https:\/\/www.joyeriajael.es\/en\/wp-json\/wp\/v2\/types\/product"}],"wp:featuredmedia":[{"embeddable":true,"href":"https:\/\/www.joyeriajael.es\/en\/wp-json\/wp\/v2\/media\/90088"}],"wp:attachment":[{"href":"https:\/\/www.joyeriajael.es\/en\/wp-json\/wp\/v2\/media?parent=90090"}],"wp:term":[{"taxonomy":"product_brand","embeddable":true,"href":"https:\/\/www.joyeriajael.es\/en\/wp-json\/wp\/v2\/product_brand?post=90090"},{"taxonomy":"product_cat","embeddable":true,"href":"https:\/\/www.joyeriajael.es\/en\/wp-json\/wp\/v2\/product_cat?post=90090"},{"taxonomy":"product_tag","embeddable":true,"href":"https:\/\/www.joyeriajael.es\/en\/wp-json\/wp\/v2\/product_tag?post=90090"}],"curies":[{"name":"wp","href":"https:\/\/api.w.org\/{rel}","templated":true}]}}