{"id":90165,"date":"2025-12-11T03:47:10","date_gmt":"2025-12-11T02:47:10","guid":{"rendered":"https:\/\/www.joyeriajael.es\/producto\/pendientes-largos-chimento-armillas-acqua-oro-amarillo-y-diamantes\/"},"modified":"2025-12-12T12:56:06","modified_gmt":"2025-12-12T11:56:06","slug":"pendientes-largos-chimento-armillas-acqua-oro-amarillo-y-diamantes","status":"publish","type":"product","link":"https:\/\/www.joyeriajael.es\/en\/producto\/pendientes-largos-chimento-armillas-acqua-oro-amarillo-y-diamantes\/","title":{"rendered":"CHIMENTO ARMILLAS ACQUA YELLOW GOLD LONG EARRINGS WITH DIAMONDS"},"content":{"rendered":"<p>Armillas Acqua is inspired by the shapes of water and its fluid, sinuous movements. The jewelry in this collection delicately caresses the body and illuminates it with exquisite drops of gold and diamonds that chase each other in an extraordinary interplay of light and delicate reflections. <\/p>\n<p>18k yellow gold long earrings with 0,30 ct diamonds.<\/p>\n","protected":false},"excerpt":{"rendered":"<p>Armillas Acqua is inspired by the shapes of water and its fluid, sinuous movements. The jewelry in this&hellip;<\/p>\n","protected":false},"featured_media":90163,"template":"","meta":{"_acf_changed":false},"product_brand":[],"product_cat":[712,3887,510,495,3882],"product_tag":[],"class_list":{"0":"post-90165","1":"product","2":"type-product","3":"status-publish","4":"has-post-thumbnail","6":"product_cat-brands","7":"product_cat-chimento-en","8":"product_cat-earrings","9":"product_cat-jewels","10":"product_cat-long","12":"first","13":"instock","14":"taxable","15":"shipping-taxable","16":"purchasable","17":"product-type-simple"},"acf":[],"yoast_head":"<!-- This site is optimized with the Yoast SEO Premium plugin v27.4 (Yoast SEO v27.4) - https:\/\/yoast.com\/product\/yoast-seo-premium-wordpress\/ -->\n<title>CHIMENTO ARMILLAS ACQUA YELLOW GOLD LONG EARRINGS WITH DIAMONDS<\/title>\n<meta name=\"robots\" content=\"index, follow, max-snippet:-1, max-image-preview:large, max-video-preview:-1\" \/>\n<link rel=\"canonical\" href=\"https:\/\/www.joyeriajael.es\/en\/producto\/pendientes-largos-chimento-armillas-acqua-oro-amarillo-y-diamantes\/\" \/>\n<meta property=\"og:locale\" content=\"en_US\" \/>\n<meta property=\"og:type\" content=\"article\" \/>\n<meta property=\"og:title\" content=\"CHIMENTO ARMILLAS ACQUA YELLOW GOLD LONG EARRINGS WITH DIAMONDS\" \/>\n<meta property=\"og:description\" content=\"Armillas Acqua is inspired by the shapes of water and its fluid, sinuous movements. The jewelry in this&hellip;\" \/>\n<meta property=\"og:url\" content=\"https:\/\/www.joyeriajael.es\/en\/producto\/pendientes-largos-chimento-armillas-acqua-oro-amarillo-y-diamantes\/\" \/>\n<meta property=\"og:site_name\" content=\"Jael Joyer\u00eda\" \/>\n<meta property=\"article:modified_time\" content=\"2025-12-12T11:56:06+00:00\" \/>\n<meta property=\"og:image\" content=\"https:\/\/www.joyeriajael.es\/wp-content\/uploads\/2025\/12\/03-11.jpg\" \/>\n\t<meta property=\"og:image:width\" content=\"900\" \/>\n\t<meta property=\"og:image:height\" content=\"900\" \/>\n\t<meta property=\"og:image:type\" content=\"image\/jpeg\" \/>\n<meta name=\"twitter:card\" content=\"summary_large_image\" \/>\n<meta property=\"product:price:amount\" content=\"2300.00\" \/>\n<meta property=\"product:price:currency\" content=\"EUR\" \/>\n<meta property=\"og:availability\" content=\"instock\" \/>\n<meta property=\"product:availability\" content=\"instock\" \/>\n<meta property=\"product:retailer_item_id\" content=\"1O04907B11000\" \/>\n<meta property=\"product:condition\" content=\"new\" \/>\n<!-- \/ Yoast SEO Premium plugin. -->","yoast_head_json":{"title":"CHIMENTO ARMILLAS ACQUA YELLOW GOLD LONG EARRINGS WITH DIAMONDS","robots":{"index":"index","follow":"follow","max-snippet":"max-snippet:-1","max-image-preview":"max-image-preview:large","max-video-preview":"max-video-preview:-1"},"canonical":"https:\/\/www.joyeriajael.es\/en\/producto\/pendientes-largos-chimento-armillas-acqua-oro-amarillo-y-diamantes\/","og_locale":"en_US","og_type":"article","og_title":"CHIMENTO ARMILLAS ACQUA YELLOW GOLD LONG EARRINGS WITH DIAMONDS","og_description":"Armillas Acqua is inspired by the shapes of water and its fluid, sinuous movements. The jewelry in this&hellip;","og_url":"https:\/\/www.joyeriajael.es\/en\/producto\/pendientes-largos-chimento-armillas-acqua-oro-amarillo-y-diamantes\/","og_site_name":"Jael Joyer\u00eda","article_modified_time":"2025-12-12T11:56:06+00:00","og_image":[{"width":900,"height":900,"url":"https:\/\/www.joyeriajael.es\/wp-content\/uploads\/2025\/12\/03-11.jpg","type":"image\/jpeg"}],"twitter_card":"summary_large_image","schema":{"@context":"https:\/\/schema.org","@graph":[{"@type":["WebPage","ItemPage"],"@id":"https:\/\/www.joyeriajael.es\/en\/producto\/pendientes-largos-chimento-armillas-acqua-oro-amarillo-y-diamantes\/","url":"https:\/\/www.joyeriajael.es\/en\/producto\/pendientes-largos-chimento-armillas-acqua-oro-amarillo-y-diamantes\/","name":"CHIMENTO ARMILLAS ACQUA YELLOW GOLD LONG EARRINGS WITH DIAMONDS","isPartOf":{"@id":"https:\/\/www.joyeriajael.es\/en\/#website"},"primaryImageOfPage":{"@id":"https:\/\/www.joyeriajael.es\/en\/producto\/pendientes-largos-chimento-armillas-acqua-oro-amarillo-y-diamantes\/#primaryimage"},"image":{"@id":"https:\/\/www.joyeriajael.es\/en\/producto\/pendientes-largos-chimento-armillas-acqua-oro-amarillo-y-diamantes\/#primaryimage"},"thumbnailUrl":"https:\/\/www.joyeriajael.es\/wp-content\/uploads\/2025\/12\/03-11.jpg","datePublished":"2025-12-11T02:47:10+00:00","dateModified":"2025-12-12T11:56:06+00:00","breadcrumb":{"@id":"https:\/\/www.joyeriajael.es\/en\/producto\/pendientes-largos-chimento-armillas-acqua-oro-amarillo-y-diamantes\/#breadcrumb"},"inLanguage":"en-US","potentialAction":[{"@type":"ReadAction","target":["https:\/\/www.joyeriajael.es\/en\/producto\/pendientes-largos-chimento-armillas-acqua-oro-amarillo-y-diamantes\/"]}]},{"@type":"ImageObject","inLanguage":"en-US","@id":"https:\/\/www.joyeriajael.es\/en\/producto\/pendientes-largos-chimento-armillas-acqua-oro-amarillo-y-diamantes\/#primaryimage","url":"https:\/\/www.joyeriajael.es\/wp-content\/uploads\/2025\/12\/03-11.jpg","contentUrl":"https:\/\/www.joyeriajael.es\/wp-content\/uploads\/2025\/12\/03-11.jpg","width":900,"height":900,"caption":"CHIMENTO ARMILLAS ACQUA YELLOW GOLD LONG EARRINGS WITH DIAMONDS"},{"@type":"BreadcrumbList","@id":"https:\/\/www.joyeriajael.es\/en\/producto\/pendientes-largos-chimento-armillas-acqua-oro-amarillo-y-diamantes\/#breadcrumb","itemListElement":[{"@type":"ListItem","position":1,"name":"Portada","item":"https:\/\/www.joyeriajael.es\/en\/"},{"@type":"ListItem","position":2,"name":"Online store","item":"https:\/\/www.joyeriajael.es\/tienda-online\/"},{"@type":"ListItem","position":3,"name":"Jewels","item":"https:\/\/www.joyeriajael.es\/en\/jewels\/"},{"@type":"ListItem","position":4,"name":"Earrings","item":"https:\/\/www.joyeriajael.es\/en\/jewels\/earrings\/"},{"@type":"ListItem","position":5,"name":"Long earrings","item":"https:\/\/www.joyeriajael.es\/en\/jewels\/earrings\/long\/"},{"@type":"ListItem","position":6,"name":"CHIMENTO ARMILLAS ACQUA YELLOW GOLD LONG EARRINGS WITH DIAMONDS"}]},{"@type":"WebSite","@id":"https:\/\/www.joyeriajael.es\/en\/#website","url":"https:\/\/www.joyeriajael.es\/en\/","name":"Jael Joyer\u00eda","description":"Jael Joyer\u00eda en Santiago de Compostela y A Coru\u00f1a. Primeras marcas, firmas exclusivas, \u00fanico concesionario autorizado de Rolex en la provincia de A Coru\u00f1a.","publisher":{"@id":"https:\/\/www.joyeriajael.es\/en\/#organization"},"alternateName":"Jael","potentialAction":[{"@type":"SearchAction","target":{"@type":"EntryPoint","urlTemplate":"https:\/\/www.joyeriajael.es\/en\/?s={search_term_string}"},"query-input":{"@type":"PropertyValueSpecification","valueRequired":true,"valueName":"search_term_string"}}],"inLanguage":"en-US"},{"@type":"Organization","@id":"https:\/\/www.joyeriajael.es\/en\/#organization","name":"Jael","alternateName":"Jael joyer\u00eda","url":"https:\/\/www.joyeriajael.es\/en\/","logo":{"@type":"ImageObject","inLanguage":"en-US","@id":"https:\/\/www.joyeriajael.es\/en\/#\/schema\/logo\/image\/","url":"https:\/\/www.joyeriajael.es\/wp-content\/uploads\/2024\/07\/cropped-favicon-1.png","contentUrl":"https:\/\/www.joyeriajael.es\/wp-content\/uploads\/2024\/07\/cropped-favicon-1.png","width":512,"height":512,"caption":"Jael"},"image":{"@id":"https:\/\/www.joyeriajael.es\/en\/#\/schema\/logo\/image\/"}}]},"product_price_amount":"2300.00","product_price_currency":"EUR","og_availability":"instock","product_availability":"instock","product_retailer_item_id":"1O04907B11000","product_condition":"new"},"df_price":2300,"df_sale_price":"","df_regular_price":2300,"df_image_link":"https:\/\/www.joyeriajael.es\/wp-content\/uploads\/2025\/12\/03-11-300x300.jpg","_links":{"self":[{"href":"https:\/\/www.joyeriajael.es\/en\/wp-json\/wp\/v2\/product\/90165","targetHints":{"allow":["GET"]}}],"collection":[{"href":"https:\/\/www.joyeriajael.es\/en\/wp-json\/wp\/v2\/product"}],"about":[{"href":"https:\/\/www.joyeriajael.es\/en\/wp-json\/wp\/v2\/types\/product"}],"wp:featuredmedia":[{"embeddable":true,"href":"https:\/\/www.joyeriajael.es\/en\/wp-json\/wp\/v2\/media\/90163"}],"wp:attachment":[{"href":"https:\/\/www.joyeriajael.es\/en\/wp-json\/wp\/v2\/media?parent=90165"}],"wp:term":[{"taxonomy":"product_brand","embeddable":true,"href":"https:\/\/www.joyeriajael.es\/en\/wp-json\/wp\/v2\/product_brand?post=90165"},{"taxonomy":"product_cat","embeddable":true,"href":"https:\/\/www.joyeriajael.es\/en\/wp-json\/wp\/v2\/product_cat?post=90165"},{"taxonomy":"product_tag","embeddable":true,"href":"https:\/\/www.joyeriajael.es\/en\/wp-json\/wp\/v2\/product_tag?post=90165"}],"curies":[{"name":"wp","href":"https:\/\/api.w.org\/{rel}","templated":true}]}}