{"id":90437,"date":"2025-12-12T04:33:23","date_gmt":"2025-12-12T03:33:23","guid":{"rendered":"https:\/\/www.joyeriajael.es\/producto\/pulsera-rigida-recarlo-anniversary-oro-blanco-y-diamantes\/"},"modified":"2026-04-29T17:39:22","modified_gmt":"2026-04-29T15:39:22","slug":"pulsera-rigida-recarlo-anniversary-oro-blanco-y-diamantes","status":"publish","type":"product","link":"https:\/\/www.joyeriajael.es\/en\/producto\/pulsera-rigida-recarlo-anniversary-oro-blanco-y-diamantes\/","title":{"rendered":"PULSERA R\u00cdGIDA RECARLO ANNIVERSARY ORO BLANCO Y DIAMANTES"},"content":{"rendered":"<p>Pulsera r\u00edgida de oro blanco de 18k con diamantes en talla brillante salteados 0,38 ct F\/VS.<\/p>\n","protected":false},"excerpt":{"rendered":"<p>Pulsera r\u00edgida de oro blanco de 18k con diamantes en talla brillante salteados 0,38 ct F\/VS.<\/p>\n","protected":false},"featured_media":90436,"template":"","meta":{"_acf_changed":false},"product_brand":[],"product_cat":[511,495,726],"product_tag":[],"class_list":{"0":"post-90437","1":"product","2":"type-product","3":"status-publish","4":"has-post-thumbnail","6":"product_cat-bracelets","7":"product_cat-jewels","8":"product_cat-recarlo-en","10":"first","11":"instock","12":"taxable","13":"shipping-taxable","14":"purchasable","15":"product-type-simple"},"acf":[],"yoast_head":"<!-- This site is optimized with the Yoast SEO Premium plugin v27.4 (Yoast SEO v27.4) - https:\/\/yoast.com\/product\/yoast-seo-premium-wordpress\/ -->\n<title>PULSERA R\u00cdGIDA RECARLO ANNIVERSARY ORO BLANCO Y DIAMANTES<\/title>\n<meta name=\"robots\" content=\"index, follow, max-snippet:-1, max-image-preview:large, max-video-preview:-1\" \/>\n<link rel=\"canonical\" href=\"https:\/\/www.joyeriajael.es\/en\/producto\/pulsera-rigida-recarlo-anniversary-oro-blanco-y-diamantes\/\" \/>\n<meta property=\"og:locale\" content=\"en_US\" \/>\n<meta property=\"og:type\" content=\"article\" \/>\n<meta property=\"og:title\" content=\"PULSERA R\u00cdGIDA RECARLO ANNIVERSARY ORO BLANCO Y DIAMANTES\" \/>\n<meta property=\"og:description\" content=\"Pulsera r\u00edgida de oro blanco de 18k con diamantes en talla brillante salteados 0,38 ct F\/VS.\" \/>\n<meta property=\"og:url\" content=\"https:\/\/www.joyeriajael.es\/en\/producto\/pulsera-rigida-recarlo-anniversary-oro-blanco-y-diamantes\/\" \/>\n<meta property=\"og:site_name\" content=\"Jael Joyer\u00eda\" \/>\n<meta property=\"article:modified_time\" content=\"2026-04-29T15:39:22+00:00\" \/>\n<meta property=\"og:image\" content=\"https:\/\/www.joyeriajael.es\/wp-content\/uploads\/2025\/12\/02-11.jpg\" \/>\n\t<meta property=\"og:image:width\" content=\"900\" \/>\n\t<meta property=\"og:image:height\" content=\"900\" \/>\n\t<meta property=\"og:image:type\" content=\"image\/jpeg\" \/>\n<meta name=\"twitter:card\" content=\"summary_large_image\" \/>\n<meta property=\"product:price:amount\" content=\"4270.00\" \/>\n<meta property=\"product:price:currency\" content=\"EUR\" \/>\n<meta property=\"og:availability\" content=\"instock\" \/>\n<meta property=\"product:availability\" content=\"instock\" \/>\n<meta property=\"product:retailer_item_id\" content=\"B01SG022-035-L\" \/>\n<meta property=\"product:condition\" content=\"new\" \/>\n<!-- \/ Yoast SEO Premium plugin. -->","yoast_head_json":{"title":"PULSERA R\u00cdGIDA RECARLO ANNIVERSARY ORO BLANCO Y DIAMANTES","robots":{"index":"index","follow":"follow","max-snippet":"max-snippet:-1","max-image-preview":"max-image-preview:large","max-video-preview":"max-video-preview:-1"},"canonical":"https:\/\/www.joyeriajael.es\/en\/producto\/pulsera-rigida-recarlo-anniversary-oro-blanco-y-diamantes\/","og_locale":"en_US","og_type":"article","og_title":"PULSERA R\u00cdGIDA RECARLO ANNIVERSARY ORO BLANCO Y DIAMANTES","og_description":"Pulsera r\u00edgida de oro blanco de 18k con diamantes en talla brillante salteados 0,38 ct F\/VS.","og_url":"https:\/\/www.joyeriajael.es\/en\/producto\/pulsera-rigida-recarlo-anniversary-oro-blanco-y-diamantes\/","og_site_name":"Jael Joyer\u00eda","article_modified_time":"2026-04-29T15:39:22+00:00","og_image":[{"width":900,"height":900,"url":"https:\/\/www.joyeriajael.es\/wp-content\/uploads\/2025\/12\/02-11.jpg","type":"image\/jpeg"}],"twitter_card":"summary_large_image","schema":{"@context":"https:\/\/schema.org","@graph":[{"@type":["WebPage","ItemPage"],"@id":"https:\/\/www.joyeriajael.es\/en\/producto\/pulsera-rigida-recarlo-anniversary-oro-blanco-y-diamantes\/","url":"https:\/\/www.joyeriajael.es\/en\/producto\/pulsera-rigida-recarlo-anniversary-oro-blanco-y-diamantes\/","name":"PULSERA R\u00cdGIDA RECARLO ANNIVERSARY ORO BLANCO Y DIAMANTES","isPartOf":{"@id":"https:\/\/www.joyeriajael.es\/en\/#website"},"primaryImageOfPage":{"@id":"https:\/\/www.joyeriajael.es\/en\/producto\/pulsera-rigida-recarlo-anniversary-oro-blanco-y-diamantes\/#primaryimage"},"image":{"@id":"https:\/\/www.joyeriajael.es\/en\/producto\/pulsera-rigida-recarlo-anniversary-oro-blanco-y-diamantes\/#primaryimage"},"thumbnailUrl":"https:\/\/www.joyeriajael.es\/wp-content\/uploads\/2025\/12\/02-11.jpg","datePublished":"2025-12-12T03:33:23+00:00","dateModified":"2026-04-29T15:39:22+00:00","breadcrumb":{"@id":"https:\/\/www.joyeriajael.es\/en\/producto\/pulsera-rigida-recarlo-anniversary-oro-blanco-y-diamantes\/#breadcrumb"},"inLanguage":"en-US","potentialAction":[{"@type":"ReadAction","target":["https:\/\/www.joyeriajael.es\/en\/producto\/pulsera-rigida-recarlo-anniversary-oro-blanco-y-diamantes\/"]}]},{"@type":"ImageObject","inLanguage":"en-US","@id":"https:\/\/www.joyeriajael.es\/en\/producto\/pulsera-rigida-recarlo-anniversary-oro-blanco-y-diamantes\/#primaryimage","url":"https:\/\/www.joyeriajael.es\/wp-content\/uploads\/2025\/12\/02-11.jpg","contentUrl":"https:\/\/www.joyeriajael.es\/wp-content\/uploads\/2025\/12\/02-11.jpg","width":900,"height":900,"caption":"PULSERA R\u00cdGIDA RECARLO ANNIVERSARY ORO BLANCO Y DIAMANTES"},{"@type":"BreadcrumbList","@id":"https:\/\/www.joyeriajael.es\/en\/producto\/pulsera-rigida-recarlo-anniversary-oro-blanco-y-diamantes\/#breadcrumb","itemListElement":[{"@type":"ListItem","position":1,"name":"Portada","item":"https:\/\/www.joyeriajael.es\/en\/"},{"@type":"ListItem","position":2,"name":"Online store","item":"https:\/\/www.joyeriajael.es\/tienda-online\/"},{"@type":"ListItem","position":3,"name":"Jewels","item":"https:\/\/www.joyeriajael.es\/en\/jewels\/"},{"@type":"ListItem","position":4,"name":"PULSERA R\u00cdGIDA RECARLO ANNIVERSARY ORO BLANCO Y DIAMANTES"}]},{"@type":"WebSite","@id":"https:\/\/www.joyeriajael.es\/en\/#website","url":"https:\/\/www.joyeriajael.es\/en\/","name":"Jael Joyer\u00eda","description":"Jael Joyer\u00eda en Santiago de Compostela y A Coru\u00f1a. Primeras marcas, firmas exclusivas, \u00fanico concesionario autorizado de Rolex en la provincia de A Coru\u00f1a.","publisher":{"@id":"https:\/\/www.joyeriajael.es\/en\/#organization"},"alternateName":"Jael","potentialAction":[{"@type":"SearchAction","target":{"@type":"EntryPoint","urlTemplate":"https:\/\/www.joyeriajael.es\/en\/?s={search_term_string}"},"query-input":{"@type":"PropertyValueSpecification","valueRequired":true,"valueName":"search_term_string"}}],"inLanguage":"en-US"},{"@type":"Organization","@id":"https:\/\/www.joyeriajael.es\/en\/#organization","name":"Jael","alternateName":"Jael joyer\u00eda","url":"https:\/\/www.joyeriajael.es\/en\/","logo":{"@type":"ImageObject","inLanguage":"en-US","@id":"https:\/\/www.joyeriajael.es\/en\/#\/schema\/logo\/image\/","url":"https:\/\/www.joyeriajael.es\/wp-content\/uploads\/2024\/07\/cropped-favicon-1.png","contentUrl":"https:\/\/www.joyeriajael.es\/wp-content\/uploads\/2024\/07\/cropped-favicon-1.png","width":512,"height":512,"caption":"Jael"},"image":{"@id":"https:\/\/www.joyeriajael.es\/en\/#\/schema\/logo\/image\/"}}]},"product_price_amount":"4270.00","product_price_currency":"EUR","og_availability":"instock","product_availability":"instock","product_retailer_item_id":"B01SG022-035-L","product_condition":"new"},"df_price":4270,"df_sale_price":"","df_regular_price":4270,"df_image_link":"https:\/\/www.joyeriajael.es\/wp-content\/uploads\/2025\/12\/02-11-300x300.jpg","_links":{"self":[{"href":"https:\/\/www.joyeriajael.es\/en\/wp-json\/wp\/v2\/product\/90437","targetHints":{"allow":["GET"]}}],"collection":[{"href":"https:\/\/www.joyeriajael.es\/en\/wp-json\/wp\/v2\/product"}],"about":[{"href":"https:\/\/www.joyeriajael.es\/en\/wp-json\/wp\/v2\/types\/product"}],"wp:featuredmedia":[{"embeddable":true,"href":"https:\/\/www.joyeriajael.es\/en\/wp-json\/wp\/v2\/media\/90436"}],"wp:attachment":[{"href":"https:\/\/www.joyeriajael.es\/en\/wp-json\/wp\/v2\/media?parent=90437"}],"wp:term":[{"taxonomy":"product_brand","embeddable":true,"href":"https:\/\/www.joyeriajael.es\/en\/wp-json\/wp\/v2\/product_brand?post=90437"},{"taxonomy":"product_cat","embeddable":true,"href":"https:\/\/www.joyeriajael.es\/en\/wp-json\/wp\/v2\/product_cat?post=90437"},{"taxonomy":"product_tag","embeddable":true,"href":"https:\/\/www.joyeriajael.es\/en\/wp-json\/wp\/v2\/product_tag?post=90437"}],"curies":[{"name":"wp","href":"https:\/\/api.w.org\/{rel}","templated":true}]}}