{"id":90585,"date":"2026-01-09T16:21:14","date_gmt":"2026-01-09T15:21:14","guid":{"rendered":"https:\/\/www.joyeriajael.es\/producto\/anillo-flexible-recarlo-anniversary-love-oro-amarillo-y-diamante\/"},"modified":"2026-01-09T18:10:31","modified_gmt":"2026-01-09T17:10:31","slug":"anillo-flexible-recarlo-anniversary-love-oro-amarillo-y-diamante","status":"publish","type":"product","link":"https:\/\/www.joyeriajael.es\/en\/producto\/anillo-flexible-recarlo-anniversary-love-oro-amarillo-y-diamante\/","title":{"rendered":"RECARLO FLEXIBLE YELLOW GOLD ANNIVERSARY LOVE RING WITH DIAMOND <br><br>"},"content":{"rendered":"<p>Flexible 18kt yellow gold spiral ring with a 0,20 cts G\/SI heart-shaped brilliant cut diamond.<\/p>\n","protected":false},"excerpt":{"rendered":"<p>Flexible 18kt yellow gold spiral ring with a 0,20 cts G\/SI heart-shaped brilliant cut diamond.<\/p>\n","protected":false},"featured_media":90583,"template":"","meta":{"_acf_changed":false},"product_brand":[],"product_cat":[712,3879,495,726,505,514,516],"product_tag":[],"class_list":{"0":"post-90585","1":"product","2":"type-product","3":"status-publish","4":"has-post-thumbnail","6":"product_cat-brands","7":"product_cat-bridal-jewelry","8":"product_cat-jewels","9":"product_cat-recarlo-en","10":"product_cat-rings-en","11":"product_cat-wedding-and-engagement-jewelry","12":"product_cat-wedding-rings","14":"first","15":"instock","16":"taxable","17":"shipping-taxable","18":"purchasable","19":"product-type-simple"},"acf":[],"yoast_head":"<!-- This site is optimized with the Yoast SEO Premium plugin v27.4 (Yoast SEO v27.4) - https:\/\/yoast.com\/product\/yoast-seo-premium-wordpress\/ -->\n<title>RECARLO FLEXIBLE YELLOW GOLD ANNIVERSARY LOVE RING WITH DIAMOND<\/title>\n<meta name=\"robots\" content=\"index, follow, max-snippet:-1, max-image-preview:large, max-video-preview:-1\" \/>\n<link rel=\"canonical\" href=\"https:\/\/www.joyeriajael.es\/en\/producto\/anillo-flexible-recarlo-anniversary-love-oro-amarillo-y-diamante\/\" \/>\n<meta property=\"og:locale\" content=\"en_US\" \/>\n<meta property=\"og:type\" content=\"article\" \/>\n<meta property=\"og:title\" content=\"RECARLO FLEXIBLE YELLOW GOLD ANNIVERSARY LOVE RING WITH DIAMOND\" \/>\n<meta property=\"og:description\" content=\"Flexible 18kt yellow gold spiral ring with a 0,20 cts G\/SI heart-shaped brilliant cut diamond.\" \/>\n<meta property=\"og:url\" content=\"https:\/\/www.joyeriajael.es\/en\/producto\/anillo-flexible-recarlo-anniversary-love-oro-amarillo-y-diamante\/\" \/>\n<meta property=\"og:site_name\" content=\"Jael Joyer\u00eda\" \/>\n<meta property=\"article:modified_time\" content=\"2026-01-09T17:10:31+00:00\" \/>\n<meta property=\"og:image\" content=\"https:\/\/www.joyeriajael.es\/wp-content\/uploads\/2026\/01\/02.jpg\" \/>\n\t<meta property=\"og:image:width\" content=\"900\" \/>\n\t<meta property=\"og:image:height\" content=\"900\" \/>\n\t<meta property=\"og:image:type\" content=\"image\/jpeg\" \/>\n<meta name=\"twitter:card\" content=\"summary_large_image\" \/>\n<meta property=\"product:price:amount\" content=\"3710.00\" \/>\n<meta property=\"product:price:currency\" content=\"EUR\" \/>\n<meta property=\"og:availability\" content=\"instock\" \/>\n<meta property=\"product:availability\" content=\"instock\" \/>\n<meta property=\"product:retailer_item_id\" content=\"R67CO033-G020-L\" \/>\n<meta property=\"product:condition\" content=\"new\" \/>\n<!-- \/ Yoast SEO Premium plugin. -->","yoast_head_json":{"title":"RECARLO FLEXIBLE YELLOW GOLD ANNIVERSARY LOVE RING WITH DIAMOND","robots":{"index":"index","follow":"follow","max-snippet":"max-snippet:-1","max-image-preview":"max-image-preview:large","max-video-preview":"max-video-preview:-1"},"canonical":"https:\/\/www.joyeriajael.es\/en\/producto\/anillo-flexible-recarlo-anniversary-love-oro-amarillo-y-diamante\/","og_locale":"en_US","og_type":"article","og_title":"RECARLO FLEXIBLE YELLOW GOLD ANNIVERSARY LOVE RING WITH DIAMOND","og_description":"Flexible 18kt yellow gold spiral ring with a 0,20 cts G\/SI heart-shaped brilliant cut diamond.","og_url":"https:\/\/www.joyeriajael.es\/en\/producto\/anillo-flexible-recarlo-anniversary-love-oro-amarillo-y-diamante\/","og_site_name":"Jael Joyer\u00eda","article_modified_time":"2026-01-09T17:10:31+00:00","og_image":[{"width":900,"height":900,"url":"https:\/\/www.joyeriajael.es\/wp-content\/uploads\/2026\/01\/02.jpg","type":"image\/jpeg"}],"twitter_card":"summary_large_image","schema":{"@context":"https:\/\/schema.org","@graph":[{"@type":["WebPage","ItemPage"],"@id":"https:\/\/www.joyeriajael.es\/en\/producto\/anillo-flexible-recarlo-anniversary-love-oro-amarillo-y-diamante\/","url":"https:\/\/www.joyeriajael.es\/en\/producto\/anillo-flexible-recarlo-anniversary-love-oro-amarillo-y-diamante\/","name":"RECARLO FLEXIBLE YELLOW GOLD ANNIVERSARY LOVE RING WITH DIAMOND","isPartOf":{"@id":"https:\/\/www.joyeriajael.es\/en\/#website"},"primaryImageOfPage":{"@id":"https:\/\/www.joyeriajael.es\/en\/producto\/anillo-flexible-recarlo-anniversary-love-oro-amarillo-y-diamante\/#primaryimage"},"image":{"@id":"https:\/\/www.joyeriajael.es\/en\/producto\/anillo-flexible-recarlo-anniversary-love-oro-amarillo-y-diamante\/#primaryimage"},"thumbnailUrl":"https:\/\/www.joyeriajael.es\/wp-content\/uploads\/2026\/01\/02.jpg","datePublished":"2026-01-09T15:21:14+00:00","dateModified":"2026-01-09T17:10:31+00:00","breadcrumb":{"@id":"https:\/\/www.joyeriajael.es\/en\/producto\/anillo-flexible-recarlo-anniversary-love-oro-amarillo-y-diamante\/#breadcrumb"},"inLanguage":"en-US","potentialAction":[{"@type":"ReadAction","target":["https:\/\/www.joyeriajael.es\/en\/producto\/anillo-flexible-recarlo-anniversary-love-oro-amarillo-y-diamante\/"]}]},{"@type":"ImageObject","inLanguage":"en-US","@id":"https:\/\/www.joyeriajael.es\/en\/producto\/anillo-flexible-recarlo-anniversary-love-oro-amarillo-y-diamante\/#primaryimage","url":"https:\/\/www.joyeriajael.es\/wp-content\/uploads\/2026\/01\/02.jpg","contentUrl":"https:\/\/www.joyeriajael.es\/wp-content\/uploads\/2026\/01\/02.jpg","width":900,"height":900,"caption":"RECARLO FLEXIBLE YELLOW GOLD ANNIVERSARY LOVE RING WITH DIAMOND"},{"@type":"BreadcrumbList","@id":"https:\/\/www.joyeriajael.es\/en\/producto\/anillo-flexible-recarlo-anniversary-love-oro-amarillo-y-diamante\/#breadcrumb","itemListElement":[{"@type":"ListItem","position":1,"name":"Portada","item":"https:\/\/www.joyeriajael.es\/en\/"},{"@type":"ListItem","position":2,"name":"Online store","item":"https:\/\/www.joyeriajael.es\/tienda-online\/"},{"@type":"ListItem","position":3,"name":"Jewels","item":"https:\/\/www.joyeriajael.es\/en\/jewels\/"},{"@type":"ListItem","position":4,"name":"rings","item":"https:\/\/www.joyeriajael.es\/en\/jewels\/rings-en\/"},{"@type":"ListItem","position":5,"name":"RECARLO FLEXIBLE YELLOW GOLD ANNIVERSARY LOVE RING WITH DIAMOND &lt;br&gt;&lt;br&gt;"}]},{"@type":"WebSite","@id":"https:\/\/www.joyeriajael.es\/en\/#website","url":"https:\/\/www.joyeriajael.es\/en\/","name":"Jael Joyer\u00eda","description":"Jael Joyer\u00eda en Santiago de Compostela y A Coru\u00f1a. Primeras marcas, firmas exclusivas, \u00fanico concesionario autorizado de Rolex en la provincia de A Coru\u00f1a.","publisher":{"@id":"https:\/\/www.joyeriajael.es\/en\/#organization"},"alternateName":"Jael","potentialAction":[{"@type":"SearchAction","target":{"@type":"EntryPoint","urlTemplate":"https:\/\/www.joyeriajael.es\/en\/?s={search_term_string}"},"query-input":{"@type":"PropertyValueSpecification","valueRequired":true,"valueName":"search_term_string"}}],"inLanguage":"en-US"},{"@type":"Organization","@id":"https:\/\/www.joyeriajael.es\/en\/#organization","name":"Jael","alternateName":"Jael joyer\u00eda","url":"https:\/\/www.joyeriajael.es\/en\/","logo":{"@type":"ImageObject","inLanguage":"en-US","@id":"https:\/\/www.joyeriajael.es\/en\/#\/schema\/logo\/image\/","url":"https:\/\/www.joyeriajael.es\/wp-content\/uploads\/2024\/07\/cropped-favicon-1.png","contentUrl":"https:\/\/www.joyeriajael.es\/wp-content\/uploads\/2024\/07\/cropped-favicon-1.png","width":512,"height":512,"caption":"Jael"},"image":{"@id":"https:\/\/www.joyeriajael.es\/en\/#\/schema\/logo\/image\/"}}]},"product_price_amount":"3710.00","product_price_currency":"EUR","og_availability":"instock","product_availability":"instock","product_retailer_item_id":"R67CO033-G020-L","product_condition":"new"},"df_price":3710,"df_sale_price":"","df_regular_price":3710,"df_image_link":"https:\/\/www.joyeriajael.es\/wp-content\/uploads\/2026\/01\/02-300x300.jpg","_links":{"self":[{"href":"https:\/\/www.joyeriajael.es\/en\/wp-json\/wp\/v2\/product\/90585","targetHints":{"allow":["GET"]}}],"collection":[{"href":"https:\/\/www.joyeriajael.es\/en\/wp-json\/wp\/v2\/product"}],"about":[{"href":"https:\/\/www.joyeriajael.es\/en\/wp-json\/wp\/v2\/types\/product"}],"wp:featuredmedia":[{"embeddable":true,"href":"https:\/\/www.joyeriajael.es\/en\/wp-json\/wp\/v2\/media\/90583"}],"wp:attachment":[{"href":"https:\/\/www.joyeriajael.es\/en\/wp-json\/wp\/v2\/media?parent=90585"}],"wp:term":[{"taxonomy":"product_brand","embeddable":true,"href":"https:\/\/www.joyeriajael.es\/en\/wp-json\/wp\/v2\/product_brand?post=90585"},{"taxonomy":"product_cat","embeddable":true,"href":"https:\/\/www.joyeriajael.es\/en\/wp-json\/wp\/v2\/product_cat?post=90585"},{"taxonomy":"product_tag","embeddable":true,"href":"https:\/\/www.joyeriajael.es\/en\/wp-json\/wp\/v2\/product_tag?post=90585"}],"curies":[{"name":"wp","href":"https:\/\/api.w.org\/{rel}","templated":true}]}}