{"id":92678,"date":"2026-02-21T03:36:17","date_gmt":"2026-02-21T02:36:17","guid":{"rendered":"https:\/\/www.joyeriajael.es\/producto\/reloj-breitling-navitimer-b01-chronograph-43-mm-4\/"},"modified":"2026-03-04T17:03:17","modified_gmt":"2026-03-04T16:03:17","slug":"reloj-breitling-navitimer-b01-chronograph-43-mm-4","status":"publish","type":"product","link":"https:\/\/www.joyeriajael.es\/en\/producto\/reloj-breitling-navitimer-b01-chronograph-43-mm-4\/","title":{"rendered":"BREITLING SUPEROCEAN HERITAGE B31 AUTOMATIC WATCH 40 MM"},"content":{"rendered":"<p>Discover a watch designed to move between the waves and the shore. The collection features the B31 automatic movement, Breitling&#8217;s first exclusive three-hand in-house caliber. The ceramic-inlaid bezel offers exceptional scratch resistance, while the integrated metal mesh or rubber mesh bracelets fit perfectly with the case. A discreet date window at six o&#8217;clock and the original hands allow you to clearly see everything and provide balance, whether above or below the surface.   <\/p>\n","protected":false},"excerpt":{"rendered":"<p>Discover a watch designed to move between the waves and the shore. The collection features the B31 automatic&hellip;<\/p>\n","protected":false},"featured_media":92660,"template":"","meta":{"_acf_changed":false},"product_brand":[],"product_cat":[714,3789,3790,499,730],"product_tag":[],"class_list":{"0":"post-92678","1":"product","2":"type-product","3":"status-publish","4":"has-post-thumbnail","6":"product_cat-breitling-en","7":"product_cat-superocean-en","8":"product_cat-superocean-heritage-en","9":"product_cat-watches","10":"product_cat-watches-for-men","12":"first","13":"instock","14":"taxable","15":"shipping-taxable","16":"purchasable","17":"product-type-simple"},"acf":[],"yoast_head":"<!-- This site is optimized with the Yoast SEO Premium plugin v27.4 (Yoast SEO v27.4) - https:\/\/yoast.com\/product\/yoast-seo-premium-wordpress\/ -->\n<title>BREITLING SUPEROCEAN HERITAGE B31 AUTOMATIC WATCH 40 MM<\/title>\n<meta name=\"robots\" content=\"index, follow, max-snippet:-1, max-image-preview:large, max-video-preview:-1\" \/>\n<link rel=\"canonical\" href=\"https:\/\/www.joyeriajael.es\/en\/producto\/reloj-breitling-navitimer-b01-chronograph-43-mm-4\/\" \/>\n<meta property=\"og:locale\" content=\"en_US\" \/>\n<meta property=\"og:type\" content=\"article\" \/>\n<meta property=\"og:title\" content=\"BREITLING SUPEROCEAN HERITAGE B31 AUTOMATIC WATCH 40 MM\" \/>\n<meta property=\"og:description\" content=\"Discover a watch designed to move between the waves and the shore. The collection features the B31 automatic&hellip;\" \/>\n<meta property=\"og:url\" content=\"https:\/\/www.joyeriajael.es\/en\/producto\/reloj-breitling-navitimer-b01-chronograph-43-mm-4\/\" \/>\n<meta property=\"og:site_name\" content=\"Jael Joyer\u00eda\" \/>\n<meta property=\"article:modified_time\" content=\"2026-03-04T16:03:17+00:00\" \/>\n<meta property=\"og:image\" content=\"https:\/\/www.joyeriajael.es\/wp-content\/uploads\/2026\/02\/01-19.jpg\" \/>\n\t<meta property=\"og:image:width\" content=\"900\" \/>\n\t<meta property=\"og:image:height\" content=\"900\" \/>\n\t<meta property=\"og:image:type\" content=\"image\/jpeg\" \/>\n<meta name=\"twitter:card\" content=\"summary_large_image\" \/>\n<meta property=\"product:price:amount\" content=\"6250.00\" \/>\n<meta property=\"product:price:currency\" content=\"EUR\" \/>\n<meta property=\"og:availability\" content=\"instock\" \/>\n<meta property=\"product:availability\" content=\"instock\" \/>\n<meta property=\"product:retailer_item_id\" content=\"ab3110361l1s1\" \/>\n<meta property=\"product:condition\" content=\"new\" \/>\n<!-- \/ Yoast SEO Premium plugin. -->","yoast_head_json":{"title":"BREITLING SUPEROCEAN HERITAGE B31 AUTOMATIC WATCH 40 MM","robots":{"index":"index","follow":"follow","max-snippet":"max-snippet:-1","max-image-preview":"max-image-preview:large","max-video-preview":"max-video-preview:-1"},"canonical":"https:\/\/www.joyeriajael.es\/en\/producto\/reloj-breitling-navitimer-b01-chronograph-43-mm-4\/","og_locale":"en_US","og_type":"article","og_title":"BREITLING SUPEROCEAN HERITAGE B31 AUTOMATIC WATCH 40 MM","og_description":"Discover a watch designed to move between the waves and the shore. The collection features the B31 automatic&hellip;","og_url":"https:\/\/www.joyeriajael.es\/en\/producto\/reloj-breitling-navitimer-b01-chronograph-43-mm-4\/","og_site_name":"Jael Joyer\u00eda","article_modified_time":"2026-03-04T16:03:17+00:00","og_image":[{"width":900,"height":900,"url":"https:\/\/www.joyeriajael.es\/wp-content\/uploads\/2026\/02\/01-19.jpg","type":"image\/jpeg"}],"twitter_card":"summary_large_image","schema":{"@context":"https:\/\/schema.org","@graph":[{"@type":["WebPage","ItemPage"],"@id":"https:\/\/www.joyeriajael.es\/en\/producto\/reloj-breitling-navitimer-b01-chronograph-43-mm-4\/","url":"https:\/\/www.joyeriajael.es\/en\/producto\/reloj-breitling-navitimer-b01-chronograph-43-mm-4\/","name":"BREITLING SUPEROCEAN HERITAGE B31 AUTOMATIC WATCH 40 MM","isPartOf":{"@id":"https:\/\/www.joyeriajael.es\/en\/#website"},"primaryImageOfPage":{"@id":"https:\/\/www.joyeriajael.es\/en\/producto\/reloj-breitling-navitimer-b01-chronograph-43-mm-4\/#primaryimage"},"image":{"@id":"https:\/\/www.joyeriajael.es\/en\/producto\/reloj-breitling-navitimer-b01-chronograph-43-mm-4\/#primaryimage"},"thumbnailUrl":"https:\/\/www.joyeriajael.es\/wp-content\/uploads\/2026\/02\/01-19.jpg","datePublished":"2026-02-21T02:36:17+00:00","dateModified":"2026-03-04T16:03:17+00:00","breadcrumb":{"@id":"https:\/\/www.joyeriajael.es\/en\/producto\/reloj-breitling-navitimer-b01-chronograph-43-mm-4\/#breadcrumb"},"inLanguage":"en-US","potentialAction":[{"@type":"ReadAction","target":["https:\/\/www.joyeriajael.es\/en\/producto\/reloj-breitling-navitimer-b01-chronograph-43-mm-4\/"]}]},{"@type":"ImageObject","inLanguage":"en-US","@id":"https:\/\/www.joyeriajael.es\/en\/producto\/reloj-breitling-navitimer-b01-chronograph-43-mm-4\/#primaryimage","url":"https:\/\/www.joyeriajael.es\/wp-content\/uploads\/2026\/02\/01-19.jpg","contentUrl":"https:\/\/www.joyeriajael.es\/wp-content\/uploads\/2026\/02\/01-19.jpg","width":900,"height":900,"caption":"BREITLING SUPEROCEAN HERITAGE B31 AUTOMATIC WATCH 40 MM"},{"@type":"BreadcrumbList","@id":"https:\/\/www.joyeriajael.es\/en\/producto\/reloj-breitling-navitimer-b01-chronograph-43-mm-4\/#breadcrumb","itemListElement":[{"@type":"ListItem","position":1,"name":"Portada","item":"https:\/\/www.joyeriajael.es\/en\/"},{"@type":"ListItem","position":2,"name":"Online store","item":"https:\/\/www.joyeriajael.es\/tienda-online\/"},{"@type":"ListItem","position":3,"name":"Watches","item":"https:\/\/www.joyeriajael.es\/en\/watches\/"},{"@type":"ListItem","position":4,"name":"BREITLING SUPEROCEAN HERITAGE B31 AUTOMATIC WATCH 40 MM"}]},{"@type":"WebSite","@id":"https:\/\/www.joyeriajael.es\/en\/#website","url":"https:\/\/www.joyeriajael.es\/en\/","name":"Jael Joyer\u00eda","description":"Jael Joyer\u00eda en Santiago de Compostela y A Coru\u00f1a. Primeras marcas, firmas exclusivas, \u00fanico concesionario autorizado de Rolex en la provincia de A Coru\u00f1a.","publisher":{"@id":"https:\/\/www.joyeriajael.es\/en\/#organization"},"alternateName":"Jael","potentialAction":[{"@type":"SearchAction","target":{"@type":"EntryPoint","urlTemplate":"https:\/\/www.joyeriajael.es\/en\/?s={search_term_string}"},"query-input":{"@type":"PropertyValueSpecification","valueRequired":true,"valueName":"search_term_string"}}],"inLanguage":"en-US"},{"@type":"Organization","@id":"https:\/\/www.joyeriajael.es\/en\/#organization","name":"Jael","alternateName":"Jael joyer\u00eda","url":"https:\/\/www.joyeriajael.es\/en\/","logo":{"@type":"ImageObject","inLanguage":"en-US","@id":"https:\/\/www.joyeriajael.es\/en\/#\/schema\/logo\/image\/","url":"https:\/\/www.joyeriajael.es\/wp-content\/uploads\/2024\/07\/cropped-favicon-1.png","contentUrl":"https:\/\/www.joyeriajael.es\/wp-content\/uploads\/2024\/07\/cropped-favicon-1.png","width":512,"height":512,"caption":"Jael"},"image":{"@id":"https:\/\/www.joyeriajael.es\/en\/#\/schema\/logo\/image\/"}}]},"product_price_amount":"6250.00","product_price_currency":"EUR","og_availability":"instock","product_availability":"instock","product_retailer_item_id":"ab3110361l1s1","product_condition":"new"},"df_price":6250,"df_sale_price":"","df_regular_price":6250,"df_image_link":"https:\/\/www.joyeriajael.es\/wp-content\/uploads\/2026\/02\/01-19-300x300.jpg","_links":{"self":[{"href":"https:\/\/www.joyeriajael.es\/en\/wp-json\/wp\/v2\/product\/92678","targetHints":{"allow":["GET"]}}],"collection":[{"href":"https:\/\/www.joyeriajael.es\/en\/wp-json\/wp\/v2\/product"}],"about":[{"href":"https:\/\/www.joyeriajael.es\/en\/wp-json\/wp\/v2\/types\/product"}],"wp:featuredmedia":[{"embeddable":true,"href":"https:\/\/www.joyeriajael.es\/en\/wp-json\/wp\/v2\/media\/92660"}],"wp:attachment":[{"href":"https:\/\/www.joyeriajael.es\/en\/wp-json\/wp\/v2\/media?parent=92678"}],"wp:term":[{"taxonomy":"product_brand","embeddable":true,"href":"https:\/\/www.joyeriajael.es\/en\/wp-json\/wp\/v2\/product_brand?post=92678"},{"taxonomy":"product_cat","embeddable":true,"href":"https:\/\/www.joyeriajael.es\/en\/wp-json\/wp\/v2\/product_cat?post=92678"},{"taxonomy":"product_tag","embeddable":true,"href":"https:\/\/www.joyeriajael.es\/en\/wp-json\/wp\/v2\/product_tag?post=92678"}],"curies":[{"name":"wp","href":"https:\/\/api.w.org\/{rel}","templated":true}]}}