{"id":92695,"date":"2026-03-03T03:29:33","date_gmt":"2026-03-03T02:29:33","guid":{"rendered":"https:\/\/www.joyeriajael.es\/producto\/reloj-bulgari-serpenti-tubogas-35-mm-3\/"},"modified":"2026-03-04T18:20:41","modified_gmt":"2026-03-04T17:20:41","slug":"reloj-bulgari-serpenti-tubogas-35-mm-3","status":"publish","type":"product","link":"https:\/\/www.joyeriajael.es\/en\/producto\/reloj-bulgari-serpenti-tubogas-35-mm-3\/","title":{"rendered":"BULGARI SERPENTI TUBOGAS 35 MM WATCH"},"content":{"rendered":"<p>Through the fusion of two of Bvlgari&#8217;s most iconic design symbols, the Serpenti Tubogas watch unites the sinuous curves of the serpent with the contemporary spirit of Tubogas design. To evoke the sensual curves of a woman and the fluid form of the snake, the watch is crafted with the perfectly proportioned lines of this special technique, resulting in a flexible and lightweight tubular structure. This timepiece opens a new chapter in the constant evolution of Serpenti, thanks to its radiant glamour and authentic style. Serpenti Tubogas watch with quartz movement. 35mm curved stainless steel case, stainless steel crown set with a pink rubellite cabochon, and opalescent black dial with guilloch\u00e9 sunburst engraving. Single-wrap stainless steel bracelet.     <\/p>\n","protected":false},"excerpt":{"rendered":"<p>Through the fusion of two of Bvlgari&#8217;s most iconic design symbols, the Serpenti Tubogas watch unites the sinuous&hellip;<\/p>\n","protected":false},"featured_media":92689,"template":"","meta":{"_acf_changed":false},"product_brand":[],"product_cat":[712,715,3798,499,731],"product_tag":[],"class_list":{"0":"post-92695","1":"product","2":"type-product","3":"status-publish","4":"has-post-thumbnail","6":"product_cat-brands","7":"product_cat-bulgari-en","8":"product_cat-serpenti-en","9":"product_cat-watches","10":"product_cat-watches-for-women","12":"first","13":"outofstock","14":"taxable","15":"shipping-taxable","16":"purchasable","17":"product-type-simple"},"acf":[],"yoast_head":"<!-- This site is optimized with the Yoast SEO Premium plugin v27.4 (Yoast SEO v27.4) - https:\/\/yoast.com\/product\/yoast-seo-premium-wordpress\/ -->\n<title>BULGARI SERPENTI TUBOGAS 35 MM WATCH<\/title>\n<meta name=\"robots\" content=\"index, follow, max-snippet:-1, max-image-preview:large, max-video-preview:-1\" \/>\n<link rel=\"canonical\" href=\"https:\/\/www.joyeriajael.es\/en\/producto\/reloj-bulgari-serpenti-tubogas-35-mm-3\/\" \/>\n<meta property=\"og:locale\" content=\"en_US\" \/>\n<meta property=\"og:type\" content=\"article\" \/>\n<meta property=\"og:title\" content=\"BULGARI SERPENTI TUBOGAS 35 MM WATCH\" \/>\n<meta property=\"og:description\" content=\"Through the fusion of two of Bvlgari&#8217;s most iconic design symbols, the Serpenti Tubogas watch unites the sinuous&hellip;\" \/>\n<meta property=\"og:url\" content=\"https:\/\/www.joyeriajael.es\/en\/producto\/reloj-bulgari-serpenti-tubogas-35-mm-3\/\" \/>\n<meta property=\"og:site_name\" content=\"Jael Joyer\u00eda\" \/>\n<meta property=\"article:modified_time\" content=\"2026-03-04T17:20:41+00:00\" \/>\n<meta property=\"og:image\" content=\"https:\/\/www.joyeriajael.es\/wp-content\/uploads\/2026\/03\/01-1.jpg\" \/>\n\t<meta property=\"og:image:width\" content=\"900\" \/>\n\t<meta property=\"og:image:height\" content=\"900\" \/>\n\t<meta property=\"og:image:type\" content=\"image\/jpeg\" \/>\n<meta name=\"twitter:card\" content=\"summary_large_image\" \/>\n<meta property=\"product:price:amount\" content=\"7400.00\" \/>\n<meta property=\"product:price:currency\" content=\"EUR\" \/>\n<meta property=\"og:availability\" content=\"out of stock\" \/>\n<meta property=\"product:availability\" content=\"out of stock\" \/>\n<meta property=\"product:retailer_item_id\" content=\"102824\" \/>\n<meta property=\"product:condition\" content=\"new\" \/>\n<!-- \/ Yoast SEO Premium plugin. -->","yoast_head_json":{"title":"BULGARI SERPENTI TUBOGAS 35 MM WATCH","robots":{"index":"index","follow":"follow","max-snippet":"max-snippet:-1","max-image-preview":"max-image-preview:large","max-video-preview":"max-video-preview:-1"},"canonical":"https:\/\/www.joyeriajael.es\/en\/producto\/reloj-bulgari-serpenti-tubogas-35-mm-3\/","og_locale":"en_US","og_type":"article","og_title":"BULGARI SERPENTI TUBOGAS 35 MM WATCH","og_description":"Through the fusion of two of Bvlgari&#8217;s most iconic design symbols, the Serpenti Tubogas watch unites the sinuous&hellip;","og_url":"https:\/\/www.joyeriajael.es\/en\/producto\/reloj-bulgari-serpenti-tubogas-35-mm-3\/","og_site_name":"Jael Joyer\u00eda","article_modified_time":"2026-03-04T17:20:41+00:00","og_image":[{"width":900,"height":900,"url":"https:\/\/www.joyeriajael.es\/wp-content\/uploads\/2026\/03\/01-1.jpg","type":"image\/jpeg"}],"twitter_card":"summary_large_image","schema":{"@context":"https:\/\/schema.org","@graph":[{"@type":["WebPage","ItemPage"],"@id":"https:\/\/www.joyeriajael.es\/en\/producto\/reloj-bulgari-serpenti-tubogas-35-mm-3\/","url":"https:\/\/www.joyeriajael.es\/en\/producto\/reloj-bulgari-serpenti-tubogas-35-mm-3\/","name":"BULGARI SERPENTI TUBOGAS 35 MM WATCH","isPartOf":{"@id":"https:\/\/www.joyeriajael.es\/en\/#website"},"primaryImageOfPage":{"@id":"https:\/\/www.joyeriajael.es\/en\/producto\/reloj-bulgari-serpenti-tubogas-35-mm-3\/#primaryimage"},"image":{"@id":"https:\/\/www.joyeriajael.es\/en\/producto\/reloj-bulgari-serpenti-tubogas-35-mm-3\/#primaryimage"},"thumbnailUrl":"https:\/\/www.joyeriajael.es\/wp-content\/uploads\/2026\/03\/01-1.jpg","datePublished":"2026-03-03T02:29:33+00:00","dateModified":"2026-03-04T17:20:41+00:00","breadcrumb":{"@id":"https:\/\/www.joyeriajael.es\/en\/producto\/reloj-bulgari-serpenti-tubogas-35-mm-3\/#breadcrumb"},"inLanguage":"en-US","potentialAction":[{"@type":"ReadAction","target":["https:\/\/www.joyeriajael.es\/en\/producto\/reloj-bulgari-serpenti-tubogas-35-mm-3\/"]}]},{"@type":"ImageObject","inLanguage":"en-US","@id":"https:\/\/www.joyeriajael.es\/en\/producto\/reloj-bulgari-serpenti-tubogas-35-mm-3\/#primaryimage","url":"https:\/\/www.joyeriajael.es\/wp-content\/uploads\/2026\/03\/01-1.jpg","contentUrl":"https:\/\/www.joyeriajael.es\/wp-content\/uploads\/2026\/03\/01-1.jpg","width":900,"height":900,"caption":"BULGARI SERPENTI TUBOGAS 35 MM WATCH"},{"@type":"BreadcrumbList","@id":"https:\/\/www.joyeriajael.es\/en\/producto\/reloj-bulgari-serpenti-tubogas-35-mm-3\/#breadcrumb","itemListElement":[{"@type":"ListItem","position":1,"name":"Portada","item":"https:\/\/www.joyeriajael.es\/en\/"},{"@type":"ListItem","position":2,"name":"Online store","item":"https:\/\/www.joyeriajael.es\/tienda-online\/"},{"@type":"ListItem","position":3,"name":"Brands","item":"https:\/\/www.joyeriajael.es\/en\/brands\/"},{"@type":"ListItem","position":4,"name":"Bulgari","item":"https:\/\/www.joyeriajael.es\/en\/brands\/bulgari-en\/"},{"@type":"ListItem","position":5,"name":"Bulgari Serpenti","item":"https:\/\/www.joyeriajael.es\/en\/brands\/bulgari-en\/serpenti-en\/"},{"@type":"ListItem","position":6,"name":"BULGARI SERPENTI TUBOGAS 35 MM WATCH"}]},{"@type":"WebSite","@id":"https:\/\/www.joyeriajael.es\/en\/#website","url":"https:\/\/www.joyeriajael.es\/en\/","name":"Jael Joyer\u00eda","description":"Jael Joyer\u00eda en Santiago de Compostela y A Coru\u00f1a. Primeras marcas, firmas exclusivas, \u00fanico concesionario autorizado de Rolex en la provincia de A Coru\u00f1a.","publisher":{"@id":"https:\/\/www.joyeriajael.es\/en\/#organization"},"alternateName":"Jael","potentialAction":[{"@type":"SearchAction","target":{"@type":"EntryPoint","urlTemplate":"https:\/\/www.joyeriajael.es\/en\/?s={search_term_string}"},"query-input":{"@type":"PropertyValueSpecification","valueRequired":true,"valueName":"search_term_string"}}],"inLanguage":"en-US"},{"@type":"Organization","@id":"https:\/\/www.joyeriajael.es\/en\/#organization","name":"Jael","alternateName":"Jael joyer\u00eda","url":"https:\/\/www.joyeriajael.es\/en\/","logo":{"@type":"ImageObject","inLanguage":"en-US","@id":"https:\/\/www.joyeriajael.es\/en\/#\/schema\/logo\/image\/","url":"https:\/\/www.joyeriajael.es\/wp-content\/uploads\/2024\/07\/cropped-favicon-1.png","contentUrl":"https:\/\/www.joyeriajael.es\/wp-content\/uploads\/2024\/07\/cropped-favicon-1.png","width":512,"height":512,"caption":"Jael"},"image":{"@id":"https:\/\/www.joyeriajael.es\/en\/#\/schema\/logo\/image\/"}}]},"product_price_amount":"7400.00","product_price_currency":"EUR","og_availability":"out of stock","product_availability":"out of stock","product_retailer_item_id":"102824","product_condition":"new"},"df_price":7400,"df_sale_price":"","df_regular_price":7400,"df_image_link":"https:\/\/www.joyeriajael.es\/wp-content\/uploads\/2026\/03\/01-1-300x300.jpg","_links":{"self":[{"href":"https:\/\/www.joyeriajael.es\/en\/wp-json\/wp\/v2\/product\/92695","targetHints":{"allow":["GET"]}}],"collection":[{"href":"https:\/\/www.joyeriajael.es\/en\/wp-json\/wp\/v2\/product"}],"about":[{"href":"https:\/\/www.joyeriajael.es\/en\/wp-json\/wp\/v2\/types\/product"}],"wp:featuredmedia":[{"embeddable":true,"href":"https:\/\/www.joyeriajael.es\/en\/wp-json\/wp\/v2\/media\/92689"}],"wp:attachment":[{"href":"https:\/\/www.joyeriajael.es\/en\/wp-json\/wp\/v2\/media?parent=92695"}],"wp:term":[{"taxonomy":"product_brand","embeddable":true,"href":"https:\/\/www.joyeriajael.es\/en\/wp-json\/wp\/v2\/product_brand?post=92695"},{"taxonomy":"product_cat","embeddable":true,"href":"https:\/\/www.joyeriajael.es\/en\/wp-json\/wp\/v2\/product_cat?post=92695"},{"taxonomy":"product_tag","embeddable":true,"href":"https:\/\/www.joyeriajael.es\/en\/wp-json\/wp\/v2\/product_tag?post=92695"}],"curies":[{"name":"wp","href":"https:\/\/api.w.org\/{rel}","templated":true}]}}