{"id":92960,"date":"2026-03-11T03:21:52","date_gmt":"2026-03-11T02:21:52","guid":{"rendered":"https:\/\/www.joyeriajael.es\/producto\/pendientes-largos-jael-lagrima-rubi-y-diamantes\/"},"modified":"2026-03-12T18:51:41","modified_gmt":"2026-03-12T17:51:41","slug":"pendientes-largos-jael-lagrima-rubi-y-diamantes","status":"publish","type":"product","link":"https:\/\/www.joyeriajael.es\/en\/producto\/pendientes-largos-jael-lagrima-rubi-y-diamantes\/","title":{"rendered":"JAEL LONG TEARDROP RUBY AND DIAMONDS EARRINGS"},"content":{"rendered":"<p>Long 18k white gold earrings with a 0,56 ct pear-shaped ruby \u200b\u200band a 0,28 ct H\/SI pav\u00e9 diamond.<\/p>\n","protected":false},"excerpt":{"rendered":"<p>Long 18k white gold earrings with a 0,56 ct pear-shaped ruby \u200b\u200band a 0,28 ct H\/SI pav\u00e9 diamond.<\/p>\n","protected":false},"featured_media":92958,"template":"","meta":{"_acf_changed":false},"product_brand":[],"product_cat":[517,3879,510,2417,495,3882,514],"product_tag":[],"class_list":{"0":"post-92960","1":"product","2":"type-product","3":"status-publish","4":"has-post-thumbnail","6":"product_cat-bridal-earrings","7":"product_cat-bridal-jewelry","8":"product_cat-earrings","9":"product_cat-jael-en","10":"product_cat-jewels","11":"product_cat-long","12":"product_cat-wedding-and-engagement-jewelry","14":"first","15":"instock","16":"taxable","17":"shipping-taxable","18":"purchasable","19":"product-type-simple"},"acf":[],"yoast_head":"<!-- This site is optimized with the Yoast SEO Premium plugin v27.4 (Yoast SEO v27.4) - https:\/\/yoast.com\/product\/yoast-seo-premium-wordpress\/ -->\n<title>JAEL LONG TEARDROP RUBY AND DIAMONDS EARRINGS<\/title>\n<meta name=\"robots\" content=\"index, follow, max-snippet:-1, max-image-preview:large, max-video-preview:-1\" \/>\n<link rel=\"canonical\" href=\"https:\/\/www.joyeriajael.es\/en\/producto\/pendientes-largos-jael-lagrima-rubi-y-diamantes\/\" \/>\n<meta property=\"og:locale\" content=\"en_US\" \/>\n<meta property=\"og:type\" content=\"article\" \/>\n<meta property=\"og:title\" content=\"JAEL LONG TEARDROP RUBY AND DIAMONDS EARRINGS\" \/>\n<meta property=\"og:description\" content=\"Long 18k white gold earrings with a 0,56 ct pear-shaped ruby \u200b\u200band a 0,28 ct H\/SI pav\u00e9 diamond.\" \/>\n<meta property=\"og:url\" content=\"https:\/\/www.joyeriajael.es\/en\/producto\/pendientes-largos-jael-lagrima-rubi-y-diamantes\/\" \/>\n<meta property=\"og:site_name\" content=\"Jael Joyer\u00eda\" \/>\n<meta property=\"article:modified_time\" content=\"2026-03-12T17:51:41+00:00\" \/>\n<meta property=\"og:image\" content=\"https:\/\/www.joyeriajael.es\/wp-content\/uploads\/2026\/03\/03-17.jpg\" \/>\n\t<meta property=\"og:image:width\" content=\"900\" \/>\n\t<meta property=\"og:image:height\" content=\"900\" \/>\n\t<meta property=\"og:image:type\" content=\"image\/jpeg\" \/>\n<meta name=\"twitter:card\" content=\"summary_large_image\" \/>\n<meta property=\"product:price:amount\" content=\"1530.00\" \/>\n<meta property=\"product:price:currency\" content=\"EUR\" \/>\n<meta property=\"og:availability\" content=\"instock\" \/>\n<meta property=\"product:availability\" content=\"instock\" \/>\n<meta property=\"product:retailer_item_id\" content=\"E9180114\" \/>\n<meta property=\"product:condition\" content=\"new\" \/>\n<!-- \/ Yoast SEO Premium plugin. -->","yoast_head_json":{"title":"JAEL LONG TEARDROP RUBY AND DIAMONDS EARRINGS","robots":{"index":"index","follow":"follow","max-snippet":"max-snippet:-1","max-image-preview":"max-image-preview:large","max-video-preview":"max-video-preview:-1"},"canonical":"https:\/\/www.joyeriajael.es\/en\/producto\/pendientes-largos-jael-lagrima-rubi-y-diamantes\/","og_locale":"en_US","og_type":"article","og_title":"JAEL LONG TEARDROP RUBY AND DIAMONDS EARRINGS","og_description":"Long 18k white gold earrings with a 0,56 ct pear-shaped ruby \u200b\u200band a 0,28 ct H\/SI pav\u00e9 diamond.","og_url":"https:\/\/www.joyeriajael.es\/en\/producto\/pendientes-largos-jael-lagrima-rubi-y-diamantes\/","og_site_name":"Jael Joyer\u00eda","article_modified_time":"2026-03-12T17:51:41+00:00","og_image":[{"width":900,"height":900,"url":"https:\/\/www.joyeriajael.es\/wp-content\/uploads\/2026\/03\/03-17.jpg","type":"image\/jpeg"}],"twitter_card":"summary_large_image","schema":{"@context":"https:\/\/schema.org","@graph":[{"@type":["WebPage","ItemPage"],"@id":"https:\/\/www.joyeriajael.es\/en\/producto\/pendientes-largos-jael-lagrima-rubi-y-diamantes\/","url":"https:\/\/www.joyeriajael.es\/en\/producto\/pendientes-largos-jael-lagrima-rubi-y-diamantes\/","name":"JAEL LONG TEARDROP RUBY AND DIAMONDS EARRINGS","isPartOf":{"@id":"https:\/\/www.joyeriajael.es\/en\/#website"},"primaryImageOfPage":{"@id":"https:\/\/www.joyeriajael.es\/en\/producto\/pendientes-largos-jael-lagrima-rubi-y-diamantes\/#primaryimage"},"image":{"@id":"https:\/\/www.joyeriajael.es\/en\/producto\/pendientes-largos-jael-lagrima-rubi-y-diamantes\/#primaryimage"},"thumbnailUrl":"https:\/\/www.joyeriajael.es\/wp-content\/uploads\/2026\/03\/03-17.jpg","datePublished":"2026-03-11T02:21:52+00:00","dateModified":"2026-03-12T17:51:41+00:00","breadcrumb":{"@id":"https:\/\/www.joyeriajael.es\/en\/producto\/pendientes-largos-jael-lagrima-rubi-y-diamantes\/#breadcrumb"},"inLanguage":"en-US","potentialAction":[{"@type":"ReadAction","target":["https:\/\/www.joyeriajael.es\/en\/producto\/pendientes-largos-jael-lagrima-rubi-y-diamantes\/"]}]},{"@type":"ImageObject","inLanguage":"en-US","@id":"https:\/\/www.joyeriajael.es\/en\/producto\/pendientes-largos-jael-lagrima-rubi-y-diamantes\/#primaryimage","url":"https:\/\/www.joyeriajael.es\/wp-content\/uploads\/2026\/03\/03-17.jpg","contentUrl":"https:\/\/www.joyeriajael.es\/wp-content\/uploads\/2026\/03\/03-17.jpg","width":900,"height":900,"caption":"JAEL LONG TEARDROP RUBY AND DIAMONDS EARRINGS"},{"@type":"BreadcrumbList","@id":"https:\/\/www.joyeriajael.es\/en\/producto\/pendientes-largos-jael-lagrima-rubi-y-diamantes\/#breadcrumb","itemListElement":[{"@type":"ListItem","position":1,"name":"Portada","item":"https:\/\/www.joyeriajael.es\/en\/"},{"@type":"ListItem","position":2,"name":"Online store","item":"https:\/\/www.joyeriajael.es\/tienda-online\/"},{"@type":"ListItem","position":3,"name":"Jewels","item":"https:\/\/www.joyeriajael.es\/en\/jewels\/"},{"@type":"ListItem","position":4,"name":"JAEL LONG TEARDROP RUBY AND DIAMONDS EARRINGS"}]},{"@type":"WebSite","@id":"https:\/\/www.joyeriajael.es\/en\/#website","url":"https:\/\/www.joyeriajael.es\/en\/","name":"Jael Joyer\u00eda","description":"Jael Joyer\u00eda en Santiago de Compostela y A Coru\u00f1a. Primeras marcas, firmas exclusivas, \u00fanico concesionario autorizado de Rolex en la provincia de A Coru\u00f1a.","publisher":{"@id":"https:\/\/www.joyeriajael.es\/en\/#organization"},"alternateName":"Jael","potentialAction":[{"@type":"SearchAction","target":{"@type":"EntryPoint","urlTemplate":"https:\/\/www.joyeriajael.es\/en\/?s={search_term_string}"},"query-input":{"@type":"PropertyValueSpecification","valueRequired":true,"valueName":"search_term_string"}}],"inLanguage":"en-US"},{"@type":"Organization","@id":"https:\/\/www.joyeriajael.es\/en\/#organization","name":"Jael","alternateName":"Jael joyer\u00eda","url":"https:\/\/www.joyeriajael.es\/en\/","logo":{"@type":"ImageObject","inLanguage":"en-US","@id":"https:\/\/www.joyeriajael.es\/en\/#\/schema\/logo\/image\/","url":"https:\/\/www.joyeriajael.es\/wp-content\/uploads\/2024\/07\/cropped-favicon-1.png","contentUrl":"https:\/\/www.joyeriajael.es\/wp-content\/uploads\/2024\/07\/cropped-favicon-1.png","width":512,"height":512,"caption":"Jael"},"image":{"@id":"https:\/\/www.joyeriajael.es\/en\/#\/schema\/logo\/image\/"}}]},"product_price_amount":"1530.00","product_price_currency":"EUR","og_availability":"instock","product_availability":"instock","product_retailer_item_id":"E9180114","product_condition":"new"},"df_price":1530,"df_sale_price":"","df_regular_price":1530,"df_image_link":"https:\/\/www.joyeriajael.es\/wp-content\/uploads\/2026\/03\/03-17-300x300.jpg","_links":{"self":[{"href":"https:\/\/www.joyeriajael.es\/en\/wp-json\/wp\/v2\/product\/92960","targetHints":{"allow":["GET"]}}],"collection":[{"href":"https:\/\/www.joyeriajael.es\/en\/wp-json\/wp\/v2\/product"}],"about":[{"href":"https:\/\/www.joyeriajael.es\/en\/wp-json\/wp\/v2\/types\/product"}],"wp:featuredmedia":[{"embeddable":true,"href":"https:\/\/www.joyeriajael.es\/en\/wp-json\/wp\/v2\/media\/92958"}],"wp:attachment":[{"href":"https:\/\/www.joyeriajael.es\/en\/wp-json\/wp\/v2\/media?parent=92960"}],"wp:term":[{"taxonomy":"product_brand","embeddable":true,"href":"https:\/\/www.joyeriajael.es\/en\/wp-json\/wp\/v2\/product_brand?post=92960"},{"taxonomy":"product_cat","embeddable":true,"href":"https:\/\/www.joyeriajael.es\/en\/wp-json\/wp\/v2\/product_cat?post=92960"},{"taxonomy":"product_tag","embeddable":true,"href":"https:\/\/www.joyeriajael.es\/en\/wp-json\/wp\/v2\/product_tag?post=92960"}],"curies":[{"name":"wp","href":"https:\/\/api.w.org\/{rel}","templated":true}]}}