{"id":94130,"date":"2026-04-06T11:52:11","date_gmt":"2026-04-06T09:52:11","guid":{"rendered":"https:\/\/www.joyeriajael.es\/producto\/pendiente-trepador-lecarre-oro-blanco-diamantes-y-zafiro\/"},"modified":"2026-04-07T11:16:20","modified_gmt":"2026-04-07T09:16:20","slug":"pendiente-trepador-lecarre-oro-blanco-diamantes-y-zafiro","status":"publish","type":"product","link":"https:\/\/www.joyeriajael.es\/en\/producto\/pendiente-trepador-lecarre-oro-blanco-diamantes-y-zafiro\/","title":{"rendered":"LECARR\u00c9 CLIMBING EARRING WHITE GOLD WITH DIAMONDS AND SAPPHIRE"},"content":{"rendered":"<p>18k white gold climber earring with sapphire and brilliant-cut diamonds 0,11 ct H\/SI. Push-back closure. <\/p>\n","protected":false},"excerpt":{"rendered":"<p>18k white gold climber earring with sapphire and brilliant-cut diamonds 0,11 ct H\/SI. Push-back closure.<\/p>\n","protected":false},"featured_media":94210,"template":"","meta":{"_acf_changed":false},"product_brand":[],"product_cat":[712,510,495,722],"product_tag":[],"class_list":{"0":"post-94130","1":"product","2":"type-product","3":"status-publish","4":"has-post-thumbnail","6":"product_cat-brands","7":"product_cat-earrings","8":"product_cat-jewels","9":"product_cat-lecarre-en","11":"first","12":"outofstock","13":"taxable","14":"shipping-taxable","15":"purchasable","16":"product-type-simple"},"acf":[],"yoast_head":"<!-- This site is optimized with the Yoast SEO Premium plugin v27.4 (Yoast SEO v27.4) - https:\/\/yoast.com\/product\/yoast-seo-premium-wordpress\/ -->\n<title>LECARR\u00c9 CLIMBING EARRING WHITE GOLD WITH DIAMONDS AND SAPPHIRE<\/title>\n<meta name=\"robots\" content=\"index, follow, max-snippet:-1, max-image-preview:large, max-video-preview:-1\" \/>\n<link rel=\"canonical\" href=\"https:\/\/www.joyeriajael.es\/en\/producto\/pendiente-trepador-lecarre-oro-blanco-diamantes-y-zafiro\/\" \/>\n<meta property=\"og:locale\" content=\"en_US\" \/>\n<meta property=\"og:type\" content=\"article\" \/>\n<meta property=\"og:title\" content=\"LECARR\u00c9 CLIMBING EARRING WHITE GOLD WITH DIAMONDS AND SAPPHIRE\" \/>\n<meta property=\"og:description\" content=\"18k white gold climber earring with sapphire and brilliant-cut diamonds 0,11 ct H\/SI. Push-back closure.\" \/>\n<meta property=\"og:url\" content=\"https:\/\/www.joyeriajael.es\/en\/producto\/pendiente-trepador-lecarre-oro-blanco-diamantes-y-zafiro\/\" \/>\n<meta property=\"og:site_name\" content=\"Jael Joyer\u00eda\" \/>\n<meta property=\"article:modified_time\" content=\"2026-04-07T09:16:20+00:00\" \/>\n<meta property=\"og:image\" content=\"https:\/\/www.joyeriajael.es\/wp-content\/uploads\/2026\/04\/01-19.jpg\" \/>\n\t<meta property=\"og:image:width\" content=\"900\" \/>\n\t<meta property=\"og:image:height\" content=\"900\" \/>\n\t<meta property=\"og:image:type\" content=\"image\/jpeg\" \/>\n<meta name=\"twitter:card\" content=\"summary_large_image\" \/>\n<meta property=\"product:price:amount\" content=\"719.00\" \/>\n<meta property=\"product:price:currency\" content=\"EUR\" \/>\n<meta property=\"og:availability\" content=\"out of stock\" \/>\n<meta property=\"product:availability\" content=\"out of stock\" \/>\n<meta property=\"product:retailer_item_id\" content=\"GB216OB.00\" \/>\n<meta property=\"product:condition\" content=\"new\" \/>\n<!-- \/ Yoast SEO Premium plugin. -->","yoast_head_json":{"title":"LECARR\u00c9 CLIMBING EARRING WHITE GOLD WITH DIAMONDS AND SAPPHIRE","robots":{"index":"index","follow":"follow","max-snippet":"max-snippet:-1","max-image-preview":"max-image-preview:large","max-video-preview":"max-video-preview:-1"},"canonical":"https:\/\/www.joyeriajael.es\/en\/producto\/pendiente-trepador-lecarre-oro-blanco-diamantes-y-zafiro\/","og_locale":"en_US","og_type":"article","og_title":"LECARR\u00c9 CLIMBING EARRING WHITE GOLD WITH DIAMONDS AND SAPPHIRE","og_description":"18k white gold climber earring with sapphire and brilliant-cut diamonds 0,11 ct H\/SI. Push-back closure.","og_url":"https:\/\/www.joyeriajael.es\/en\/producto\/pendiente-trepador-lecarre-oro-blanco-diamantes-y-zafiro\/","og_site_name":"Jael Joyer\u00eda","article_modified_time":"2026-04-07T09:16:20+00:00","og_image":[{"width":900,"height":900,"url":"https:\/\/www.joyeriajael.es\/wp-content\/uploads\/2026\/04\/01-19.jpg","type":"image\/jpeg"}],"twitter_card":"summary_large_image","schema":{"@context":"https:\/\/schema.org","@graph":[{"@type":["WebPage","ItemPage"],"@id":"https:\/\/www.joyeriajael.es\/en\/producto\/pendiente-trepador-lecarre-oro-blanco-diamantes-y-zafiro\/","url":"https:\/\/www.joyeriajael.es\/en\/producto\/pendiente-trepador-lecarre-oro-blanco-diamantes-y-zafiro\/","name":"LECARR\u00c9 CLIMBING EARRING WHITE GOLD WITH DIAMONDS AND SAPPHIRE","isPartOf":{"@id":"https:\/\/www.joyeriajael.es\/en\/#website"},"primaryImageOfPage":{"@id":"https:\/\/www.joyeriajael.es\/en\/producto\/pendiente-trepador-lecarre-oro-blanco-diamantes-y-zafiro\/#primaryimage"},"image":{"@id":"https:\/\/www.joyeriajael.es\/en\/producto\/pendiente-trepador-lecarre-oro-blanco-diamantes-y-zafiro\/#primaryimage"},"thumbnailUrl":"https:\/\/www.joyeriajael.es\/wp-content\/uploads\/2026\/04\/01-43.jpg","datePublished":"2026-04-06T09:52:11+00:00","dateModified":"2026-04-07T09:16:20+00:00","breadcrumb":{"@id":"https:\/\/www.joyeriajael.es\/en\/producto\/pendiente-trepador-lecarre-oro-blanco-diamantes-y-zafiro\/#breadcrumb"},"inLanguage":"en-US","potentialAction":[{"@type":"ReadAction","target":["https:\/\/www.joyeriajael.es\/en\/producto\/pendiente-trepador-lecarre-oro-blanco-diamantes-y-zafiro\/"]}]},{"@type":"ImageObject","inLanguage":"en-US","@id":"https:\/\/www.joyeriajael.es\/en\/producto\/pendiente-trepador-lecarre-oro-blanco-diamantes-y-zafiro\/#primaryimage","url":"https:\/\/www.joyeriajael.es\/wp-content\/uploads\/2026\/04\/01-43.jpg","contentUrl":"https:\/\/www.joyeriajael.es\/wp-content\/uploads\/2026\/04\/01-43.jpg","width":900,"height":900,"caption":"LECARR\u00c9 CLIMBING EARRING WHITE GOLD WITH DIAMONDS AND SAPPHIRE"},{"@type":"BreadcrumbList","@id":"https:\/\/www.joyeriajael.es\/en\/producto\/pendiente-trepador-lecarre-oro-blanco-diamantes-y-zafiro\/#breadcrumb","itemListElement":[{"@type":"ListItem","position":1,"name":"Portada","item":"https:\/\/www.joyeriajael.es\/en\/"},{"@type":"ListItem","position":2,"name":"Online store","item":"https:\/\/www.joyeriajael.es\/tienda-online\/"},{"@type":"ListItem","position":3,"name":"Jewels","item":"https:\/\/www.joyeriajael.es\/en\/jewels\/"},{"@type":"ListItem","position":4,"name":"LECARR\u00c9 CLIMBING EARRING WHITE GOLD WITH DIAMONDS AND SAPPHIRE"}]},{"@type":"WebSite","@id":"https:\/\/www.joyeriajael.es\/en\/#website","url":"https:\/\/www.joyeriajael.es\/en\/","name":"Jael Joyer\u00eda","description":"Jael Joyer\u00eda en Santiago de Compostela y A Coru\u00f1a. Primeras marcas, firmas exclusivas, \u00fanico concesionario autorizado de Rolex en la provincia de A Coru\u00f1a.","publisher":{"@id":"https:\/\/www.joyeriajael.es\/en\/#organization"},"alternateName":"Jael","potentialAction":[{"@type":"SearchAction","target":{"@type":"EntryPoint","urlTemplate":"https:\/\/www.joyeriajael.es\/en\/?s={search_term_string}"},"query-input":{"@type":"PropertyValueSpecification","valueRequired":true,"valueName":"search_term_string"}}],"inLanguage":"en-US"},{"@type":"Organization","@id":"https:\/\/www.joyeriajael.es\/en\/#organization","name":"Jael","alternateName":"Jael joyer\u00eda","url":"https:\/\/www.joyeriajael.es\/en\/","logo":{"@type":"ImageObject","inLanguage":"en-US","@id":"https:\/\/www.joyeriajael.es\/en\/#\/schema\/logo\/image\/","url":"https:\/\/www.joyeriajael.es\/wp-content\/uploads\/2024\/07\/cropped-favicon-1.png","contentUrl":"https:\/\/www.joyeriajael.es\/wp-content\/uploads\/2024\/07\/cropped-favicon-1.png","width":512,"height":512,"caption":"Jael"},"image":{"@id":"https:\/\/www.joyeriajael.es\/en\/#\/schema\/logo\/image\/"}}]},"product_price_amount":"719.00","product_price_currency":"EUR","og_availability":"out of stock","product_availability":"out of stock","product_retailer_item_id":"GB216OB.00","product_condition":"new"},"df_price":719,"df_sale_price":"","df_regular_price":719,"df_image_link":"https:\/\/www.joyeriajael.es\/wp-content\/uploads\/2026\/04\/01-43-300x300.jpg","_links":{"self":[{"href":"https:\/\/www.joyeriajael.es\/en\/wp-json\/wp\/v2\/product\/94130","targetHints":{"allow":["GET"]}}],"collection":[{"href":"https:\/\/www.joyeriajael.es\/en\/wp-json\/wp\/v2\/product"}],"about":[{"href":"https:\/\/www.joyeriajael.es\/en\/wp-json\/wp\/v2\/types\/product"}],"wp:featuredmedia":[{"embeddable":true,"href":"https:\/\/www.joyeriajael.es\/en\/wp-json\/wp\/v2\/media\/94210"}],"wp:attachment":[{"href":"https:\/\/www.joyeriajael.es\/en\/wp-json\/wp\/v2\/media?parent=94130"}],"wp:term":[{"taxonomy":"product_brand","embeddable":true,"href":"https:\/\/www.joyeriajael.es\/en\/wp-json\/wp\/v2\/product_brand?post=94130"},{"taxonomy":"product_cat","embeddable":true,"href":"https:\/\/www.joyeriajael.es\/en\/wp-json\/wp\/v2\/product_cat?post=94130"},{"taxonomy":"product_tag","embeddable":true,"href":"https:\/\/www.joyeriajael.es\/en\/wp-json\/wp\/v2\/product_tag?post=94130"}],"curies":[{"name":"wp","href":"https:\/\/api.w.org\/{rel}","templated":true}]}}