{"id":94325,"date":"2026-04-06T12:01:21","date_gmt":"2026-04-06T10:01:21","guid":{"rendered":"https:\/\/www.joyeriajael.es\/producto\/reloj-breitling-professional-aerospace-evo\/"},"modified":"2026-04-08T10:59:24","modified_gmt":"2026-04-08T08:59:24","slug":"reloj-breitling-professional-aerospace-evo","status":"publish","type":"product","link":"https:\/\/www.joyeriajael.es\/en\/producto\/reloj-breitling-professional-aerospace-evo\/","title":{"rendered":"BREITLING PROFESSIONAL AEROSPACE EVO WATCH<br><br><br>"},"content":{"rendered":"<p>In 1985, Breitling launched Aerospace, an innovative multifunction chronograph equipped with state-of-the-art Swiss technology. Heir to this legendary model, the Aerospace Evo retains the same powerful, dynamic, and technical style, integrating it with the latest electronic advancements. Equipped with an officially certified chronometer-grade SuperQuartz\u2122 caliber, this watch features an easy-to-use control system with crown-activated functions, including a chronograph that measures hundredths of a second, a countdown timer, a second time zone, an alarm, an audible time signal (minute repeater), and a calendar.  <\/p>\n","protected":false},"excerpt":{"rendered":"<p>In 1985, Breitling launched Aerospace, an innovative multifunction chronograph equipped with state-of-the-art Swiss technology. Heir to this legendary&hellip;<\/p>\n","protected":false},"featured_media":94317,"template":"","meta":{"_acf_changed":false},"product_brand":[],"product_cat":[714,3788,499,730],"product_tag":[],"class_list":{"0":"post-94325","1":"product","2":"type-product","3":"status-publish","4":"has-post-thumbnail","6":"product_cat-breitling-en","7":"product_cat-professional-en","8":"product_cat-watches","9":"product_cat-watches-for-men","11":"first","12":"instock","13":"taxable","14":"shipping-taxable","15":"purchasable","16":"product-type-simple"},"acf":[],"yoast_head":"<!-- This site is optimized with the Yoast SEO Premium plugin v27.3 (Yoast SEO v27.3) - https:\/\/yoast.com\/product\/yoast-seo-premium-wordpress\/ -->\n<title>BREITLING PROFESSIONAL AEROSPACE EVO WATCH<\/title>\n<meta name=\"robots\" content=\"index, follow, max-snippet:-1, max-image-preview:large, max-video-preview:-1\" \/>\n<link rel=\"canonical\" href=\"https:\/\/www.joyeriajael.es\/en\/producto\/reloj-breitling-professional-aerospace-evo\/\" \/>\n<meta property=\"og:locale\" content=\"en_US\" \/>\n<meta property=\"og:type\" content=\"article\" \/>\n<meta property=\"og:title\" content=\"BREITLING PROFESSIONAL AEROSPACE EVO WATCH\" \/>\n<meta property=\"og:description\" content=\"In 1985, Breitling launched Aerospace, an innovative multifunction chronograph equipped with state-of-the-art Swiss technology. Heir to this legendary&hellip;\" \/>\n<meta property=\"og:url\" content=\"https:\/\/www.joyeriajael.es\/en\/producto\/reloj-breitling-professional-aerospace-evo\/\" \/>\n<meta property=\"og:site_name\" content=\"Jael Joyer\u00eda\" \/>\n<meta property=\"article:modified_time\" content=\"2026-04-08T08:59:24+00:00\" \/>\n<meta property=\"og:image\" content=\"https:\/\/www.joyeriajael.es\/wp-content\/uploads\/2026\/04\/01-57.jpg\" \/>\n\t<meta property=\"og:image:width\" content=\"900\" \/>\n\t<meta property=\"og:image:height\" content=\"900\" \/>\n\t<meta property=\"og:image:type\" content=\"image\/jpeg\" \/>\n<meta name=\"twitter:card\" content=\"summary_large_image\" \/>\n<meta property=\"product:price:amount\" content=\"3700.00\" \/>\n<meta property=\"product:price:currency\" content=\"EUR\" \/>\n<meta property=\"og:availability\" content=\"instock\" \/>\n<meta property=\"product:availability\" content=\"instock\" \/>\n<meta property=\"product:retailer_item_id\" content=\"E79363101B1W1\" \/>\n<meta property=\"product:condition\" content=\"new\" \/>\n<!-- \/ Yoast SEO Premium plugin. -->","yoast_head_json":{"title":"BREITLING PROFESSIONAL AEROSPACE EVO WATCH","robots":{"index":"index","follow":"follow","max-snippet":"max-snippet:-1","max-image-preview":"max-image-preview:large","max-video-preview":"max-video-preview:-1"},"canonical":"https:\/\/www.joyeriajael.es\/en\/producto\/reloj-breitling-professional-aerospace-evo\/","og_locale":"en_US","og_type":"article","og_title":"BREITLING PROFESSIONAL AEROSPACE EVO WATCH","og_description":"In 1985, Breitling launched Aerospace, an innovative multifunction chronograph equipped with state-of-the-art Swiss technology. Heir to this legendary&hellip;","og_url":"https:\/\/www.joyeriajael.es\/en\/producto\/reloj-breitling-professional-aerospace-evo\/","og_site_name":"Jael Joyer\u00eda","article_modified_time":"2026-04-08T08:59:24+00:00","og_image":[{"width":900,"height":900,"url":"https:\/\/www.joyeriajael.es\/wp-content\/uploads\/2026\/04\/01-57.jpg","type":"image\/jpeg"}],"twitter_card":"summary_large_image","schema":{"@context":"https:\/\/schema.org","@graph":[{"@type":["WebPage","ItemPage"],"@id":"https:\/\/www.joyeriajael.es\/en\/producto\/reloj-breitling-professional-aerospace-evo\/","url":"https:\/\/www.joyeriajael.es\/en\/producto\/reloj-breitling-professional-aerospace-evo\/","name":"BREITLING PROFESSIONAL AEROSPACE EVO WATCH","isPartOf":{"@id":"https:\/\/www.joyeriajael.es\/en\/#website"},"primaryImageOfPage":{"@id":"https:\/\/www.joyeriajael.es\/en\/producto\/reloj-breitling-professional-aerospace-evo\/#primaryimage"},"image":{"@id":"https:\/\/www.joyeriajael.es\/en\/producto\/reloj-breitling-professional-aerospace-evo\/#primaryimage"},"thumbnailUrl":"https:\/\/www.joyeriajael.es\/wp-content\/uploads\/2026\/04\/01-57.jpg","datePublished":"2026-04-06T10:01:21+00:00","dateModified":"2026-04-08T08:59:24+00:00","breadcrumb":{"@id":"https:\/\/www.joyeriajael.es\/en\/producto\/reloj-breitling-professional-aerospace-evo\/#breadcrumb"},"inLanguage":"en-US","potentialAction":[{"@type":"ReadAction","target":["https:\/\/www.joyeriajael.es\/en\/producto\/reloj-breitling-professional-aerospace-evo\/"]}]},{"@type":"ImageObject","inLanguage":"en-US","@id":"https:\/\/www.joyeriajael.es\/en\/producto\/reloj-breitling-professional-aerospace-evo\/#primaryimage","url":"https:\/\/www.joyeriajael.es\/wp-content\/uploads\/2026\/04\/01-57.jpg","contentUrl":"https:\/\/www.joyeriajael.es\/wp-content\/uploads\/2026\/04\/01-57.jpg","width":900,"height":900,"caption":"BREITLING PROFESSIONAL AEROSPACE EVO WATCH"},{"@type":"BreadcrumbList","@id":"https:\/\/www.joyeriajael.es\/en\/producto\/reloj-breitling-professional-aerospace-evo\/#breadcrumb","itemListElement":[{"@type":"ListItem","position":1,"name":"Portada","item":"https:\/\/www.joyeriajael.es\/en\/"},{"@type":"ListItem","position":2,"name":"Online store","item":"https:\/\/www.joyeriajael.es\/tienda-online\/"},{"@type":"ListItem","position":3,"name":"Brands","item":"https:\/\/www.joyeriajael.es\/en\/brands\/"},{"@type":"ListItem","position":4,"name":"Breitling","item":"https:\/\/www.joyeriajael.es\/en\/brands\/breitling-en\/"},{"@type":"ListItem","position":5,"name":"Breitling Professional","item":"https:\/\/www.joyeriajael.es\/en\/brands\/breitling-en\/professional-en\/"},{"@type":"ListItem","position":6,"name":"BREITLING PROFESSIONAL AEROSPACE EVO WATCH"}]},{"@type":"WebSite","@id":"https:\/\/www.joyeriajael.es\/en\/#website","url":"https:\/\/www.joyeriajael.es\/en\/","name":"Jael Joyer\u00eda","description":"Jael Joyer\u00eda en Santiago de Compostela y A Coru\u00f1a. Primeras marcas, firmas exclusivas, \u00fanico concesionario autorizado de Rolex en la provincia de A Coru\u00f1a.","publisher":{"@id":"https:\/\/www.joyeriajael.es\/en\/#organization"},"alternateName":"Jael","potentialAction":[{"@type":"SearchAction","target":{"@type":"EntryPoint","urlTemplate":"https:\/\/www.joyeriajael.es\/en\/?s={search_term_string}"},"query-input":{"@type":"PropertyValueSpecification","valueRequired":true,"valueName":"search_term_string"}}],"inLanguage":"en-US"},{"@type":"Organization","@id":"https:\/\/www.joyeriajael.es\/en\/#organization","name":"Jael","alternateName":"Jael joyer\u00eda","url":"https:\/\/www.joyeriajael.es\/en\/","logo":{"@type":"ImageObject","inLanguage":"en-US","@id":"https:\/\/www.joyeriajael.es\/en\/#\/schema\/logo\/image\/","url":"https:\/\/www.joyeriajael.es\/wp-content\/uploads\/2024\/07\/cropped-favicon-1.png","contentUrl":"https:\/\/www.joyeriajael.es\/wp-content\/uploads\/2024\/07\/cropped-favicon-1.png","width":512,"height":512,"caption":"Jael"},"image":{"@id":"https:\/\/www.joyeriajael.es\/en\/#\/schema\/logo\/image\/"}}]},"product_price_amount":"3700.00","product_price_currency":"EUR","og_availability":"instock","product_availability":"instock","product_retailer_item_id":"E79363101B1W1","product_condition":"new"},"df_price":3700,"df_sale_price":"","df_regular_price":3700,"df_image_link":"https:\/\/www.joyeriajael.es\/wp-content\/uploads\/2026\/04\/01-57-300x300.jpg","_links":{"self":[{"href":"https:\/\/www.joyeriajael.es\/en\/wp-json\/wp\/v2\/product\/94325","targetHints":{"allow":["GET"]}}],"collection":[{"href":"https:\/\/www.joyeriajael.es\/en\/wp-json\/wp\/v2\/product"}],"about":[{"href":"https:\/\/www.joyeriajael.es\/en\/wp-json\/wp\/v2\/types\/product"}],"wp:featuredmedia":[{"embeddable":true,"href":"https:\/\/www.joyeriajael.es\/en\/wp-json\/wp\/v2\/media\/94317"}],"wp:attachment":[{"href":"https:\/\/www.joyeriajael.es\/en\/wp-json\/wp\/v2\/media?parent=94325"}],"wp:term":[{"taxonomy":"product_brand","embeddable":true,"href":"https:\/\/www.joyeriajael.es\/en\/wp-json\/wp\/v2\/product_brand?post=94325"},{"taxonomy":"product_cat","embeddable":true,"href":"https:\/\/www.joyeriajael.es\/en\/wp-json\/wp\/v2\/product_cat?post=94325"},{"taxonomy":"product_tag","embeddable":true,"href":"https:\/\/www.joyeriajael.es\/en\/wp-json\/wp\/v2\/product_tag?post=94325"}],"curies":[{"name":"wp","href":"https:\/\/api.w.org\/{rel}","templated":true}]}}