{"id":96667,"date":"2026-04-23T03:22:24","date_gmt":"2026-04-23T01:22:24","guid":{"rendered":"https:\/\/www.joyeriajael.es\/producto\/reloj-hamilton-khaki-field-auto-38-mm-call-of-dutty\/"},"modified":"2026-04-23T18:42:05","modified_gmt":"2026-04-23T16:42:05","slug":"reloj-hamilton-khaki-field-auto-38-mm-call-of-dutty","status":"publish","type":"product","link":"https:\/\/www.joyeriajael.es\/en\/producto\/reloj-hamilton-khaki-field-auto-38-mm-call-of-dutty\/","title":{"rendered":"HAMILTON KHAKI FIELD AUTO 38 MM CALL OF DUTTY WATCH"},"content":{"rendered":"<div class=\"product attribute description\">\n<div class=\"value\">Discover the limited-edition Khaki Field Automatic 38mm, as we continue to push the boundaries of watchmaking, creativity, and storytelling, now in collaboration with Call of Duty: Black Ops 7. Worn by Axel Vermaak in-game, this rugged Swiss-made timepiece features a stainless steel case, a black dial with multi-textured finishes, and Super-LumiNova\u00ae-coated hands for optimal low-light visibility. The durable khaki NATO strap reinforces its tactical design, while the H-10 automatic movement offers an 80-hour power reserve, ready for any mission. Limited to just 5,000 pieces, this commemorative edition incorporates a case back engraved with the Call of Duty logo and comes in an exclusive presentation box.   <\/div>\n<\/div>\n<div class=\"sgecom-productdescription-advanced-description\">\n<p class=\"template\">It appears in Call of Duty: Black Ops 7 (2025). Used by Axel Vermaak. <\/p>\n<\/div>\n","protected":false},"excerpt":{"rendered":"<p>Discover the limited-edition Khaki Field Automatic 38mm, as we continue to push the boundaries of watchmaking, creativity, and&hellip;<\/p>\n","protected":false},"featured_media":96659,"template":"","meta":{"_acf_changed":false},"product_brand":[],"product_cat":[712,720,3808,499,730],"product_tag":[],"class_list":{"0":"post-96667","1":"product","2":"type-product","3":"status-publish","4":"has-post-thumbnail","6":"product_cat-brands","7":"product_cat-hamilton-en","8":"product_cat-khaki-field-en","9":"product_cat-watches","10":"product_cat-watches-for-men","12":"first","13":"instock","14":"taxable","15":"shipping-taxable","16":"purchasable","17":"product-type-simple"},"acf":[],"yoast_head":"<!-- This site is optimized with the Yoast SEO Premium plugin v27.4 (Yoast SEO v27.4) - https:\/\/yoast.com\/product\/yoast-seo-premium-wordpress\/ -->\n<title>HAMILTON KHAKI FIELD AUTO 38 MM CALL OF DUTTY WATCH<\/title>\n<meta name=\"robots\" content=\"index, follow, max-snippet:-1, max-image-preview:large, max-video-preview:-1\" \/>\n<link rel=\"canonical\" href=\"https:\/\/www.joyeriajael.es\/en\/producto\/reloj-hamilton-khaki-field-auto-38-mm-call-of-dutty\/\" \/>\n<meta property=\"og:locale\" content=\"en_US\" \/>\n<meta property=\"og:type\" content=\"article\" \/>\n<meta property=\"og:title\" content=\"HAMILTON KHAKI FIELD AUTO 38 MM CALL OF DUTTY WATCH\" \/>\n<meta property=\"og:description\" content=\"Discover the limited-edition Khaki Field Automatic 38mm, as we continue to push the boundaries of watchmaking, creativity, and&hellip;\" \/>\n<meta property=\"og:url\" content=\"https:\/\/www.joyeriajael.es\/en\/producto\/reloj-hamilton-khaki-field-auto-38-mm-call-of-dutty\/\" \/>\n<meta property=\"og:site_name\" content=\"Jael Joyer\u00eda\" \/>\n<meta property=\"article:modified_time\" content=\"2026-04-23T16:42:05+00:00\" \/>\n<meta property=\"og:image\" content=\"https:\/\/www.joyeriajael.es\/wp-content\/uploads\/2026\/04\/01-64.jpg\" \/>\n\t<meta property=\"og:image:width\" content=\"900\" \/>\n\t<meta property=\"og:image:height\" content=\"900\" \/>\n\t<meta property=\"og:image:type\" content=\"image\/jpeg\" \/>\n<meta name=\"twitter:card\" content=\"summary_large_image\" \/>\n<meta property=\"product:price:amount\" content=\"925.00\" \/>\n<meta property=\"product:price:currency\" content=\"EUR\" \/>\n<meta property=\"og:availability\" content=\"instock\" \/>\n<meta property=\"product:availability\" content=\"instock\" \/>\n<meta property=\"product:retailer_item_id\" content=\"H70475930\" \/>\n<meta property=\"product:condition\" content=\"new\" \/>\n<!-- \/ Yoast SEO Premium plugin. -->","yoast_head_json":{"title":"HAMILTON KHAKI FIELD AUTO 38 MM CALL OF DUTTY WATCH","robots":{"index":"index","follow":"follow","max-snippet":"max-snippet:-1","max-image-preview":"max-image-preview:large","max-video-preview":"max-video-preview:-1"},"canonical":"https:\/\/www.joyeriajael.es\/en\/producto\/reloj-hamilton-khaki-field-auto-38-mm-call-of-dutty\/","og_locale":"en_US","og_type":"article","og_title":"HAMILTON KHAKI FIELD AUTO 38 MM CALL OF DUTTY WATCH","og_description":"Discover the limited-edition Khaki Field Automatic 38mm, as we continue to push the boundaries of watchmaking, creativity, and&hellip;","og_url":"https:\/\/www.joyeriajael.es\/en\/producto\/reloj-hamilton-khaki-field-auto-38-mm-call-of-dutty\/","og_site_name":"Jael Joyer\u00eda","article_modified_time":"2026-04-23T16:42:05+00:00","og_image":[{"width":900,"height":900,"url":"https:\/\/www.joyeriajael.es\/wp-content\/uploads\/2026\/04\/01-64.jpg","type":"image\/jpeg"}],"twitter_card":"summary_large_image","schema":{"@context":"https:\/\/schema.org","@graph":[{"@type":["WebPage","ItemPage"],"@id":"https:\/\/www.joyeriajael.es\/en\/producto\/reloj-hamilton-khaki-field-auto-38-mm-call-of-dutty\/","url":"https:\/\/www.joyeriajael.es\/en\/producto\/reloj-hamilton-khaki-field-auto-38-mm-call-of-dutty\/","name":"HAMILTON KHAKI FIELD AUTO 38 MM CALL OF DUTTY WATCH","isPartOf":{"@id":"https:\/\/www.joyeriajael.es\/en\/#website"},"primaryImageOfPage":{"@id":"https:\/\/www.joyeriajael.es\/en\/producto\/reloj-hamilton-khaki-field-auto-38-mm-call-of-dutty\/#primaryimage"},"image":{"@id":"https:\/\/www.joyeriajael.es\/en\/producto\/reloj-hamilton-khaki-field-auto-38-mm-call-of-dutty\/#primaryimage"},"thumbnailUrl":"https:\/\/www.joyeriajael.es\/wp-content\/uploads\/2026\/04\/01-64.jpg","datePublished":"2026-04-23T01:22:24+00:00","dateModified":"2026-04-23T16:42:05+00:00","breadcrumb":{"@id":"https:\/\/www.joyeriajael.es\/en\/producto\/reloj-hamilton-khaki-field-auto-38-mm-call-of-dutty\/#breadcrumb"},"inLanguage":"en-US","potentialAction":[{"@type":"ReadAction","target":["https:\/\/www.joyeriajael.es\/en\/producto\/reloj-hamilton-khaki-field-auto-38-mm-call-of-dutty\/"]}]},{"@type":"ImageObject","inLanguage":"en-US","@id":"https:\/\/www.joyeriajael.es\/en\/producto\/reloj-hamilton-khaki-field-auto-38-mm-call-of-dutty\/#primaryimage","url":"https:\/\/www.joyeriajael.es\/wp-content\/uploads\/2026\/04\/01-64.jpg","contentUrl":"https:\/\/www.joyeriajael.es\/wp-content\/uploads\/2026\/04\/01-64.jpg","width":900,"height":900,"caption":"HAMILTON KHAKI FIELD AUTO 38 MM CALL OF DUTTY WATCH"},{"@type":"BreadcrumbList","@id":"https:\/\/www.joyeriajael.es\/en\/producto\/reloj-hamilton-khaki-field-auto-38-mm-call-of-dutty\/#breadcrumb","itemListElement":[{"@type":"ListItem","position":1,"name":"Portada","item":"https:\/\/www.joyeriajael.es\/en\/"},{"@type":"ListItem","position":2,"name":"Online store","item":"https:\/\/www.joyeriajael.es\/tienda-online\/"},{"@type":"ListItem","position":3,"name":"Brands","item":"https:\/\/www.joyeriajael.es\/en\/brands\/"},{"@type":"ListItem","position":4,"name":"Hamilton","item":"https:\/\/www.joyeriajael.es\/en\/brands\/hamilton-en\/"},{"@type":"ListItem","position":5,"name":"Hamilton Khaki Field","item":"https:\/\/www.joyeriajael.es\/en\/brands\/hamilton-en\/khaki-field-en\/"},{"@type":"ListItem","position":6,"name":"HAMILTON KHAKI FIELD AUTO 38 MM CALL OF DUTTY WATCH"}]},{"@type":"WebSite","@id":"https:\/\/www.joyeriajael.es\/en\/#website","url":"https:\/\/www.joyeriajael.es\/en\/","name":"Jael Joyer\u00eda","description":"Jael Joyer\u00eda en Santiago de Compostela y A Coru\u00f1a. Primeras marcas, firmas exclusivas, \u00fanico concesionario autorizado de Rolex en la provincia de A Coru\u00f1a.","publisher":{"@id":"https:\/\/www.joyeriajael.es\/en\/#organization"},"alternateName":"Jael","potentialAction":[{"@type":"SearchAction","target":{"@type":"EntryPoint","urlTemplate":"https:\/\/www.joyeriajael.es\/en\/?s={search_term_string}"},"query-input":{"@type":"PropertyValueSpecification","valueRequired":true,"valueName":"search_term_string"}}],"inLanguage":"en-US"},{"@type":"Organization","@id":"https:\/\/www.joyeriajael.es\/en\/#organization","name":"Jael","alternateName":"Jael joyer\u00eda","url":"https:\/\/www.joyeriajael.es\/en\/","logo":{"@type":"ImageObject","inLanguage":"en-US","@id":"https:\/\/www.joyeriajael.es\/en\/#\/schema\/logo\/image\/","url":"https:\/\/www.joyeriajael.es\/wp-content\/uploads\/2024\/07\/cropped-favicon-1.png","contentUrl":"https:\/\/www.joyeriajael.es\/wp-content\/uploads\/2024\/07\/cropped-favicon-1.png","width":512,"height":512,"caption":"Jael"},"image":{"@id":"https:\/\/www.joyeriajael.es\/en\/#\/schema\/logo\/image\/"}}]},"product_price_amount":"925.00","product_price_currency":"EUR","og_availability":"instock","product_availability":"instock","product_retailer_item_id":"H70475930","product_condition":"new"},"df_price":925,"df_sale_price":"","df_regular_price":925,"df_image_link":"https:\/\/www.joyeriajael.es\/wp-content\/uploads\/2026\/04\/01-64-300x300.jpg","_links":{"self":[{"href":"https:\/\/www.joyeriajael.es\/en\/wp-json\/wp\/v2\/product\/96667","targetHints":{"allow":["GET"]}}],"collection":[{"href":"https:\/\/www.joyeriajael.es\/en\/wp-json\/wp\/v2\/product"}],"about":[{"href":"https:\/\/www.joyeriajael.es\/en\/wp-json\/wp\/v2\/types\/product"}],"wp:featuredmedia":[{"embeddable":true,"href":"https:\/\/www.joyeriajael.es\/en\/wp-json\/wp\/v2\/media\/96659"}],"wp:attachment":[{"href":"https:\/\/www.joyeriajael.es\/en\/wp-json\/wp\/v2\/media?parent=96667"}],"wp:term":[{"taxonomy":"product_brand","embeddable":true,"href":"https:\/\/www.joyeriajael.es\/en\/wp-json\/wp\/v2\/product_brand?post=96667"},{"taxonomy":"product_cat","embeddable":true,"href":"https:\/\/www.joyeriajael.es\/en\/wp-json\/wp\/v2\/product_cat?post=96667"},{"taxonomy":"product_tag","embeddable":true,"href":"https:\/\/www.joyeriajael.es\/en\/wp-json\/wp\/v2\/product_tag?post=96667"}],"curies":[{"name":"wp","href":"https:\/\/api.w.org\/{rel}","templated":true}]}}