{"id":96685,"date":"2026-04-23T03:22:11","date_gmt":"2026-04-23T01:22:11","guid":{"rendered":"https:\/\/www.joyeriajael.es\/producto\/reloj-hamilton-khaki-field-mechanical-power-reserve-40-mm\/"},"modified":"2026-04-23T18:58:51","modified_gmt":"2026-04-23T16:58:51","slug":"reloj-hamilton-khaki-field-mechanical-power-reserve-40-mm","status":"publish","type":"product","link":"https:\/\/www.joyeriajael.es\/en\/producto\/reloj-hamilton-khaki-field-mechanical-power-reserve-40-mm\/","title":{"rendered":"HAMILTON KHAKI FIELD MECHANICAL POWER RESERVE 40 MM WATCH"},"content":{"rendered":"<p>The Khaki Field Mechanical Power Reserve 40 mm pays homage to the traditional design and essential functionality of the Khaki family, while showcasing modern features and the latest in technology and innovation. Thanks to a new H-23 hand-wound movement, developed exclusively by ETA for Hamilton, the 80-hour power reserve is displayed directly on the dial for the first time. Fitted with a stainless steel bracelet, it features a black dial proudly displaying &#8220;power reserve 80 hours&#8221; and showing the &#8220;F&#8221; for full and the &#8220;E&#8221; for empty to highlight this exceptional utility-focused feature.  <\/p>\n","protected":false},"excerpt":{"rendered":"<p>The Khaki Field Mechanical Power Reserve 40 mm pays homage to the traditional design and essential functionality of&hellip;<\/p>\n","protected":false},"featured_media":96679,"template":"","meta":{"_acf_changed":false},"product_brand":[],"product_cat":[712,720,3808,499,730],"product_tag":[],"class_list":{"0":"post-96685","1":"product","2":"type-product","3":"status-publish","4":"has-post-thumbnail","6":"product_cat-brands","7":"product_cat-hamilton-en","8":"product_cat-khaki-field-en","9":"product_cat-watches","10":"product_cat-watches-for-men","12":"first","13":"instock","14":"taxable","15":"shipping-taxable","16":"purchasable","17":"product-type-simple"},"acf":[],"yoast_head":"<!-- This site is optimized with the Yoast SEO Premium plugin v27.4 (Yoast SEO v27.4) - https:\/\/yoast.com\/product\/yoast-seo-premium-wordpress\/ -->\n<title>HAMILTON KHAKI FIELD MECHANICAL POWER RESERVE 40 MM WATCH<\/title>\n<meta name=\"robots\" content=\"index, follow, max-snippet:-1, max-image-preview:large, max-video-preview:-1\" \/>\n<link rel=\"canonical\" href=\"https:\/\/www.joyeriajael.es\/en\/producto\/reloj-hamilton-khaki-field-mechanical-power-reserve-40-mm\/\" \/>\n<meta property=\"og:locale\" content=\"en_US\" \/>\n<meta property=\"og:type\" content=\"article\" \/>\n<meta property=\"og:title\" content=\"HAMILTON KHAKI FIELD MECHANICAL POWER RESERVE 40 MM WATCH\" \/>\n<meta property=\"og:description\" content=\"The Khaki Field Mechanical Power Reserve 40 mm pays homage to the traditional design and essential functionality of&hellip;\" \/>\n<meta property=\"og:url\" content=\"https:\/\/www.joyeriajael.es\/en\/producto\/reloj-hamilton-khaki-field-mechanical-power-reserve-40-mm\/\" \/>\n<meta property=\"og:site_name\" content=\"Jael Joyer\u00eda\" \/>\n<meta property=\"article:modified_time\" content=\"2026-04-23T16:58:51+00:00\" \/>\n<meta property=\"og:image\" content=\"https:\/\/www.joyeriajael.es\/wp-content\/uploads\/2026\/04\/01-66.jpg\" \/>\n\t<meta property=\"og:image:width\" content=\"900\" \/>\n\t<meta property=\"og:image:height\" content=\"900\" \/>\n\t<meta property=\"og:image:type\" content=\"image\/jpeg\" \/>\n<meta name=\"twitter:card\" content=\"summary_large_image\" \/>\n<meta property=\"product:price:amount\" content=\"995.00\" \/>\n<meta property=\"product:price:currency\" content=\"EUR\" \/>\n<meta property=\"og:availability\" content=\"instock\" \/>\n<meta property=\"product:availability\" content=\"instock\" \/>\n<meta property=\"product:retailer_item_id\" content=\"H69509130\" \/>\n<meta property=\"product:condition\" content=\"new\" \/>\n<!-- \/ Yoast SEO Premium plugin. -->","yoast_head_json":{"title":"HAMILTON KHAKI FIELD MECHANICAL POWER RESERVE 40 MM WATCH","robots":{"index":"index","follow":"follow","max-snippet":"max-snippet:-1","max-image-preview":"max-image-preview:large","max-video-preview":"max-video-preview:-1"},"canonical":"https:\/\/www.joyeriajael.es\/en\/producto\/reloj-hamilton-khaki-field-mechanical-power-reserve-40-mm\/","og_locale":"en_US","og_type":"article","og_title":"HAMILTON KHAKI FIELD MECHANICAL POWER RESERVE 40 MM WATCH","og_description":"The Khaki Field Mechanical Power Reserve 40 mm pays homage to the traditional design and essential functionality of&hellip;","og_url":"https:\/\/www.joyeriajael.es\/en\/producto\/reloj-hamilton-khaki-field-mechanical-power-reserve-40-mm\/","og_site_name":"Jael Joyer\u00eda","article_modified_time":"2026-04-23T16:58:51+00:00","og_image":[{"width":900,"height":900,"url":"https:\/\/www.joyeriajael.es\/wp-content\/uploads\/2026\/04\/01-66.jpg","type":"image\/jpeg"}],"twitter_card":"summary_large_image","schema":{"@context":"https:\/\/schema.org","@graph":[{"@type":["WebPage","ItemPage"],"@id":"https:\/\/www.joyeriajael.es\/en\/producto\/reloj-hamilton-khaki-field-mechanical-power-reserve-40-mm\/","url":"https:\/\/www.joyeriajael.es\/en\/producto\/reloj-hamilton-khaki-field-mechanical-power-reserve-40-mm\/","name":"HAMILTON KHAKI FIELD MECHANICAL POWER RESERVE 40 MM WATCH","isPartOf":{"@id":"https:\/\/www.joyeriajael.es\/en\/#website"},"primaryImageOfPage":{"@id":"https:\/\/www.joyeriajael.es\/en\/producto\/reloj-hamilton-khaki-field-mechanical-power-reserve-40-mm\/#primaryimage"},"image":{"@id":"https:\/\/www.joyeriajael.es\/en\/producto\/reloj-hamilton-khaki-field-mechanical-power-reserve-40-mm\/#primaryimage"},"thumbnailUrl":"https:\/\/www.joyeriajael.es\/wp-content\/uploads\/2026\/04\/01-66.jpg","datePublished":"2026-04-23T01:22:11+00:00","dateModified":"2026-04-23T16:58:51+00:00","breadcrumb":{"@id":"https:\/\/www.joyeriajael.es\/en\/producto\/reloj-hamilton-khaki-field-mechanical-power-reserve-40-mm\/#breadcrumb"},"inLanguage":"en-US","potentialAction":[{"@type":"ReadAction","target":["https:\/\/www.joyeriajael.es\/en\/producto\/reloj-hamilton-khaki-field-mechanical-power-reserve-40-mm\/"]}]},{"@type":"ImageObject","inLanguage":"en-US","@id":"https:\/\/www.joyeriajael.es\/en\/producto\/reloj-hamilton-khaki-field-mechanical-power-reserve-40-mm\/#primaryimage","url":"https:\/\/www.joyeriajael.es\/wp-content\/uploads\/2026\/04\/01-66.jpg","contentUrl":"https:\/\/www.joyeriajael.es\/wp-content\/uploads\/2026\/04\/01-66.jpg","width":900,"height":900,"caption":"HAMILTON KHAKI FIELD MECHANICAL POWER RESERVE 40 MM WATCH"},{"@type":"BreadcrumbList","@id":"https:\/\/www.joyeriajael.es\/en\/producto\/reloj-hamilton-khaki-field-mechanical-power-reserve-40-mm\/#breadcrumb","itemListElement":[{"@type":"ListItem","position":1,"name":"Portada","item":"https:\/\/www.joyeriajael.es\/en\/"},{"@type":"ListItem","position":2,"name":"Online store","item":"https:\/\/www.joyeriajael.es\/tienda-online\/"},{"@type":"ListItem","position":3,"name":"Brands","item":"https:\/\/www.joyeriajael.es\/en\/brands\/"},{"@type":"ListItem","position":4,"name":"Hamilton","item":"https:\/\/www.joyeriajael.es\/en\/brands\/hamilton-en\/"},{"@type":"ListItem","position":5,"name":"Hamilton Khaki Field","item":"https:\/\/www.joyeriajael.es\/en\/brands\/hamilton-en\/khaki-field-en\/"},{"@type":"ListItem","position":6,"name":"HAMILTON KHAKI FIELD MECHANICAL POWER RESERVE 40 MM WATCH"}]},{"@type":"WebSite","@id":"https:\/\/www.joyeriajael.es\/en\/#website","url":"https:\/\/www.joyeriajael.es\/en\/","name":"Jael Joyer\u00eda","description":"Jael Joyer\u00eda en Santiago de Compostela y A Coru\u00f1a. Primeras marcas, firmas exclusivas, \u00fanico concesionario autorizado de Rolex en la provincia de A Coru\u00f1a.","publisher":{"@id":"https:\/\/www.joyeriajael.es\/en\/#organization"},"alternateName":"Jael","potentialAction":[{"@type":"SearchAction","target":{"@type":"EntryPoint","urlTemplate":"https:\/\/www.joyeriajael.es\/en\/?s={search_term_string}"},"query-input":{"@type":"PropertyValueSpecification","valueRequired":true,"valueName":"search_term_string"}}],"inLanguage":"en-US"},{"@type":"Organization","@id":"https:\/\/www.joyeriajael.es\/en\/#organization","name":"Jael","alternateName":"Jael joyer\u00eda","url":"https:\/\/www.joyeriajael.es\/en\/","logo":{"@type":"ImageObject","inLanguage":"en-US","@id":"https:\/\/www.joyeriajael.es\/en\/#\/schema\/logo\/image\/","url":"https:\/\/www.joyeriajael.es\/wp-content\/uploads\/2024\/07\/cropped-favicon-1.png","contentUrl":"https:\/\/www.joyeriajael.es\/wp-content\/uploads\/2024\/07\/cropped-favicon-1.png","width":512,"height":512,"caption":"Jael"},"image":{"@id":"https:\/\/www.joyeriajael.es\/en\/#\/schema\/logo\/image\/"}}]},"product_price_amount":"995.00","product_price_currency":"EUR","og_availability":"instock","product_availability":"instock","product_retailer_item_id":"H69509130","product_condition":"new"},"df_price":995,"df_sale_price":"","df_regular_price":995,"df_image_link":"https:\/\/www.joyeriajael.es\/wp-content\/uploads\/2026\/04\/01-66-300x300.jpg","_links":{"self":[{"href":"https:\/\/www.joyeriajael.es\/en\/wp-json\/wp\/v2\/product\/96685","targetHints":{"allow":["GET"]}}],"collection":[{"href":"https:\/\/www.joyeriajael.es\/en\/wp-json\/wp\/v2\/product"}],"about":[{"href":"https:\/\/www.joyeriajael.es\/en\/wp-json\/wp\/v2\/types\/product"}],"wp:featuredmedia":[{"embeddable":true,"href":"https:\/\/www.joyeriajael.es\/en\/wp-json\/wp\/v2\/media\/96679"}],"wp:attachment":[{"href":"https:\/\/www.joyeriajael.es\/en\/wp-json\/wp\/v2\/media?parent=96685"}],"wp:term":[{"taxonomy":"product_brand","embeddable":true,"href":"https:\/\/www.joyeriajael.es\/en\/wp-json\/wp\/v2\/product_brand?post=96685"},{"taxonomy":"product_cat","embeddable":true,"href":"https:\/\/www.joyeriajael.es\/en\/wp-json\/wp\/v2\/product_cat?post=96685"},{"taxonomy":"product_tag","embeddable":true,"href":"https:\/\/www.joyeriajael.es\/en\/wp-json\/wp\/v2\/product_tag?post=96685"}],"curies":[{"name":"wp","href":"https:\/\/api.w.org\/{rel}","templated":true}]}}