{"id":97226,"date":"2026-04-25T03:11:24","date_gmt":"2026-04-25T01:11:24","guid":{"rendered":"https:\/\/www.joyeriajael.es\/producto\/reloj-tissot-t-race-motogp-2026-45-mm\/"},"modified":"2026-04-27T12:42:39","modified_gmt":"2026-04-27T10:42:39","slug":"reloj-tissot-t-race-motogp-2026-45-mm","status":"publish","type":"product","link":"https:\/\/www.joyeriajael.es\/en\/producto\/reloj-tissot-t-race-motogp-2026-45-mm\/","title":{"rendered":"TISSOT T-RACE MOTOGP 2026 45 MM WATCH"},"content":{"rendered":"<p>Freedom, the open road, and dedication: the T-Race is the watch of choice for every gentleman motorcyclist. Tissot drew inspiration from the spirit of this sport to create timepieces that reflect the dynamic nature of motorcycles and the thrill of the sport. With its brake disc and caliper on the bezel, handlebar-inspired pushers, and engine cooling fins depicted on the side of the case, this watch was conceived as a true tribute to this discipline. Water-resistant, with a quartz chronograph movement and distinctive hour and minute hands coated in Super-LumiNova, this watch will be the ideal companion for motorcycle racing enthusiasts. Limited to 8,000 pieces, it is presented in the iconic helmet-shaped box.    <\/p>\n","protected":false},"excerpt":{"rendered":"<p>Freedom, the open road, and dedication: the T-Race is the watch of choice for every gentleman motorcyclist. Tissot&hellip;<\/p>\n","protected":false},"featured_media":97218,"template":"","meta":{"_acf_changed":false},"product_brand":[],"product_cat":[712,4695,730],"product_tag":[],"class_list":{"0":"post-97226","1":"product","2":"type-product","3":"status-publish","4":"has-post-thumbnail","6":"product_cat-brands","7":"product_cat-tissot-en","8":"product_cat-watches-for-men","10":"first","11":"outofstock","12":"taxable","13":"shipping-taxable","14":"purchasable","15":"product-type-simple"},"acf":[],"yoast_head":"<!-- This site is optimized with the Yoast SEO Premium plugin v27.4 (Yoast SEO v27.4) - https:\/\/yoast.com\/product\/yoast-seo-premium-wordpress\/ -->\n<title>TISSOT T-RACE MOTOGP 2026 45 MM WATCH<\/title>\n<meta name=\"robots\" content=\"index, follow, max-snippet:-1, max-image-preview:large, max-video-preview:-1\" \/>\n<link rel=\"canonical\" href=\"https:\/\/www.joyeriajael.es\/en\/producto\/reloj-tissot-t-race-motogp-2026-45-mm\/\" \/>\n<meta property=\"og:locale\" content=\"en_US\" \/>\n<meta property=\"og:type\" content=\"article\" \/>\n<meta property=\"og:title\" content=\"TISSOT T-RACE MOTOGP 2026 45 MM WATCH\" \/>\n<meta property=\"og:description\" content=\"Freedom, the open road, and dedication: the T-Race is the watch of choice for every gentleman motorcyclist. Tissot&hellip;\" \/>\n<meta property=\"og:url\" content=\"https:\/\/www.joyeriajael.es\/en\/producto\/reloj-tissot-t-race-motogp-2026-45-mm\/\" \/>\n<meta property=\"og:site_name\" content=\"Jael Joyer\u00eda\" \/>\n<meta property=\"article:modified_time\" content=\"2026-04-27T10:42:39+00:00\" \/>\n<meta property=\"og:image\" content=\"https:\/\/www.joyeriajael.es\/wp-content\/uploads\/2026\/04\/01-72.jpg\" \/>\n\t<meta property=\"og:image:width\" content=\"900\" \/>\n\t<meta property=\"og:image:height\" content=\"900\" \/>\n\t<meta property=\"og:image:type\" content=\"image\/jpeg\" \/>\n<meta name=\"twitter:card\" content=\"summary_large_image\" \/>\n<meta property=\"product:price:amount\" content=\"695.00\" \/>\n<meta property=\"product:price:currency\" content=\"EUR\" \/>\n<meta property=\"og:availability\" content=\"out of stock\" \/>\n<meta property=\"product:availability\" content=\"out of stock\" \/>\n<meta property=\"product:retailer_item_id\" content=\"T1414173742200\" \/>\n<meta property=\"product:condition\" content=\"new\" \/>\n<!-- \/ Yoast SEO Premium plugin. -->","yoast_head_json":{"title":"TISSOT T-RACE MOTOGP 2026 45 MM WATCH","robots":{"index":"index","follow":"follow","max-snippet":"max-snippet:-1","max-image-preview":"max-image-preview:large","max-video-preview":"max-video-preview:-1"},"canonical":"https:\/\/www.joyeriajael.es\/en\/producto\/reloj-tissot-t-race-motogp-2026-45-mm\/","og_locale":"en_US","og_type":"article","og_title":"TISSOT T-RACE MOTOGP 2026 45 MM WATCH","og_description":"Freedom, the open road, and dedication: the T-Race is the watch of choice for every gentleman motorcyclist. Tissot&hellip;","og_url":"https:\/\/www.joyeriajael.es\/en\/producto\/reloj-tissot-t-race-motogp-2026-45-mm\/","og_site_name":"Jael Joyer\u00eda","article_modified_time":"2026-04-27T10:42:39+00:00","og_image":[{"width":900,"height":900,"url":"https:\/\/www.joyeriajael.es\/wp-content\/uploads\/2026\/04\/01-72.jpg","type":"image\/jpeg"}],"twitter_card":"summary_large_image","schema":{"@context":"https:\/\/schema.org","@graph":[{"@type":["WebPage","ItemPage"],"@id":"https:\/\/www.joyeriajael.es\/en\/producto\/reloj-tissot-t-race-motogp-2026-45-mm\/","url":"https:\/\/www.joyeriajael.es\/en\/producto\/reloj-tissot-t-race-motogp-2026-45-mm\/","name":"TISSOT T-RACE MOTOGP 2026 45 MM WATCH","isPartOf":{"@id":"https:\/\/www.joyeriajael.es\/en\/#website"},"primaryImageOfPage":{"@id":"https:\/\/www.joyeriajael.es\/en\/producto\/reloj-tissot-t-race-motogp-2026-45-mm\/#primaryimage"},"image":{"@id":"https:\/\/www.joyeriajael.es\/en\/producto\/reloj-tissot-t-race-motogp-2026-45-mm\/#primaryimage"},"thumbnailUrl":"https:\/\/www.joyeriajael.es\/wp-content\/uploads\/2026\/04\/01-72.jpg","datePublished":"2026-04-25T01:11:24+00:00","dateModified":"2026-04-27T10:42:39+00:00","breadcrumb":{"@id":"https:\/\/www.joyeriajael.es\/en\/producto\/reloj-tissot-t-race-motogp-2026-45-mm\/#breadcrumb"},"inLanguage":"en-US","potentialAction":[{"@type":"ReadAction","target":["https:\/\/www.joyeriajael.es\/en\/producto\/reloj-tissot-t-race-motogp-2026-45-mm\/"]}]},{"@type":"ImageObject","inLanguage":"en-US","@id":"https:\/\/www.joyeriajael.es\/en\/producto\/reloj-tissot-t-race-motogp-2026-45-mm\/#primaryimage","url":"https:\/\/www.joyeriajael.es\/wp-content\/uploads\/2026\/04\/01-72.jpg","contentUrl":"https:\/\/www.joyeriajael.es\/wp-content\/uploads\/2026\/04\/01-72.jpg","width":900,"height":900,"caption":"TISSOT T-RACE MOTOGP 2026 45 MM WATCH"},{"@type":"BreadcrumbList","@id":"https:\/\/www.joyeriajael.es\/en\/producto\/reloj-tissot-t-race-motogp-2026-45-mm\/#breadcrumb","itemListElement":[{"@type":"ListItem","position":1,"name":"Portada","item":"https:\/\/www.joyeriajael.es\/en\/"},{"@type":"ListItem","position":2,"name":"Online store","item":"https:\/\/www.joyeriajael.es\/tienda-online\/"},{"@type":"ListItem","position":3,"name":"Watches","item":"https:\/\/www.joyeriajael.es\/en\/watches\/"},{"@type":"ListItem","position":4,"name":"Watches for men","item":"https:\/\/www.joyeriajael.es\/en\/watches\/watches-for-men\/"},{"@type":"ListItem","position":5,"name":"TISSOT T-RACE MOTOGP 2026 45 MM WATCH"}]},{"@type":"WebSite","@id":"https:\/\/www.joyeriajael.es\/en\/#website","url":"https:\/\/www.joyeriajael.es\/en\/","name":"Jael Joyer\u00eda","description":"Jael Joyer\u00eda en Santiago de Compostela y A Coru\u00f1a. Primeras marcas, firmas exclusivas, \u00fanico concesionario autorizado de Rolex en la provincia de A Coru\u00f1a.","publisher":{"@id":"https:\/\/www.joyeriajael.es\/en\/#organization"},"alternateName":"Jael","potentialAction":[{"@type":"SearchAction","target":{"@type":"EntryPoint","urlTemplate":"https:\/\/www.joyeriajael.es\/en\/?s={search_term_string}"},"query-input":{"@type":"PropertyValueSpecification","valueRequired":true,"valueName":"search_term_string"}}],"inLanguage":"en-US"},{"@type":"Organization","@id":"https:\/\/www.joyeriajael.es\/en\/#organization","name":"Jael","alternateName":"Jael joyer\u00eda","url":"https:\/\/www.joyeriajael.es\/en\/","logo":{"@type":"ImageObject","inLanguage":"en-US","@id":"https:\/\/www.joyeriajael.es\/en\/#\/schema\/logo\/image\/","url":"https:\/\/www.joyeriajael.es\/wp-content\/uploads\/2024\/07\/cropped-favicon-1.png","contentUrl":"https:\/\/www.joyeriajael.es\/wp-content\/uploads\/2024\/07\/cropped-favicon-1.png","width":512,"height":512,"caption":"Jael"},"image":{"@id":"https:\/\/www.joyeriajael.es\/en\/#\/schema\/logo\/image\/"}}]},"product_price_amount":"695.00","product_price_currency":"EUR","og_availability":"out of stock","product_availability":"out of stock","product_retailer_item_id":"T1414173742200","product_condition":"new"},"df_price":695,"df_sale_price":"","df_regular_price":695,"df_image_link":"https:\/\/www.joyeriajael.es\/wp-content\/uploads\/2026\/04\/01-72-300x300.jpg","_links":{"self":[{"href":"https:\/\/www.joyeriajael.es\/en\/wp-json\/wp\/v2\/product\/97226","targetHints":{"allow":["GET"]}}],"collection":[{"href":"https:\/\/www.joyeriajael.es\/en\/wp-json\/wp\/v2\/product"}],"about":[{"href":"https:\/\/www.joyeriajael.es\/en\/wp-json\/wp\/v2\/types\/product"}],"wp:featuredmedia":[{"embeddable":true,"href":"https:\/\/www.joyeriajael.es\/en\/wp-json\/wp\/v2\/media\/97218"}],"wp:attachment":[{"href":"https:\/\/www.joyeriajael.es\/en\/wp-json\/wp\/v2\/media?parent=97226"}],"wp:term":[{"taxonomy":"product_brand","embeddable":true,"href":"https:\/\/www.joyeriajael.es\/en\/wp-json\/wp\/v2\/product_brand?post=97226"},{"taxonomy":"product_cat","embeddable":true,"href":"https:\/\/www.joyeriajael.es\/en\/wp-json\/wp\/v2\/product_cat?post=97226"},{"taxonomy":"product_tag","embeddable":true,"href":"https:\/\/www.joyeriajael.es\/en\/wp-json\/wp\/v2\/product_tag?post=97226"}],"curies":[{"name":"wp","href":"https:\/\/api.w.org\/{rel}","templated":true}]}}