{"id":98631,"date":"2026-05-05T03:55:06","date_gmt":"2026-05-05T01:55:06","guid":{"rendered":"https:\/\/www.joyeriajael.es\/producto\/datejust-41mm-ac-oro-ama-oyster-estriado-esf-wimbledon\/"},"modified":"2026-05-05T09:27:11","modified_gmt":"2026-05-05T07:27:11","slug":"datejust-41mm-ac-oro-ama-oyster-estriado-esf-wimbledon","status":"publish","type":"product","link":"https:\/\/www.joyeriajael.es\/en\/producto\/datejust-41mm-ac-oro-ama-oyster-estriado-esf-wimbledon\/","title":{"rendered":"DATEJUST 41MM, AC-ORO AMA, OYSTER, ESTRIADO, ESF. WIMBLEDON"},"content":{"rendered":"","protected":false},"excerpt":{"rendered":"","protected":false},"featured_media":98633,"template":"","meta":{"_acf_changed":false},"product_brand":[],"product_cat":[4507,4508],"product_tag":[],"class_list":{"0":"post-98631","1":"product","2":"type-product","3":"status-publish","4":"has-post-thumbnail","6":"product_cat-rolex-cpo","7":"product_cat-rolex-datejust-rolex-cpo-en","9":"first","10":"instock","11":"taxable","12":"shipping-taxable","13":"purchasable","14":"product-type-simple"},"acf":[],"yoast_head":"<!-- This site is optimized with the Yoast SEO Premium plugin v27.5 (Yoast SEO v27.5) - https:\/\/yoast.com\/product\/yoast-seo-premium-wordpress\/ -->\n<title>DATEJUST 41MM, AC-ORO AMA, OYSTER, ESTRIADO, ESF. WIMBLEDON<\/title>\n<meta name=\"robots\" content=\"index, follow, max-snippet:-1, max-image-preview:large, max-video-preview:-1\" \/>\n<link rel=\"canonical\" href=\"https:\/\/www.joyeriajael.es\/en\/producto\/datejust-41mm-ac-oro-ama-oyster-estriado-esf-wimbledon\/\" \/>\n<meta property=\"og:locale\" content=\"en_US\" \/>\n<meta property=\"og:type\" content=\"article\" \/>\n<meta property=\"og:title\" content=\"DATEJUST 41MM, AC-ORO AMA, OYSTER, ESTRIADO, ESF. WIMBLEDON\" \/>\n<meta property=\"og:url\" content=\"https:\/\/www.joyeriajael.es\/en\/producto\/datejust-41mm-ac-oro-ama-oyster-estriado-esf-wimbledon\/\" \/>\n<meta property=\"og:site_name\" content=\"Jael Joyer\u00eda\" \/>\n<meta property=\"article:modified_time\" content=\"2026-05-05T07:27:11+00:00\" \/>\n<meta property=\"og:image\" content=\"https:\/\/www.joyeriajael.es\/wp-content\/uploads\/2026\/05\/R_4000.ES0000037372_SOLDIER_BLACK_01.jpg\" \/>\n\t<meta property=\"og:image:width\" content=\"3000\" \/>\n\t<meta property=\"og:image:height\" content=\"3000\" \/>\n\t<meta property=\"og:image:type\" content=\"image\/jpeg\" \/>\n<meta name=\"twitter:card\" content=\"summary_large_image\" \/>\n<meta property=\"product:price:amount\" content=\"13500.00\" \/>\n<meta property=\"product:price:currency\" content=\"EUR\" \/>\n<meta property=\"og:availability\" content=\"instock\" \/>\n<meta property=\"product:availability\" content=\"instock\" \/>\n<meta property=\"product:retailer_item_id\" content=\"996116333-33GT5105\" \/>\n<meta property=\"product:condition\" content=\"new\" \/>\n<!-- \/ Yoast SEO Premium plugin. -->","yoast_head_json":{"title":"DATEJUST 41MM, AC-ORO AMA, OYSTER, ESTRIADO, ESF. WIMBLEDON","robots":{"index":"index","follow":"follow","max-snippet":"max-snippet:-1","max-image-preview":"max-image-preview:large","max-video-preview":"max-video-preview:-1"},"canonical":"https:\/\/www.joyeriajael.es\/en\/producto\/datejust-41mm-ac-oro-ama-oyster-estriado-esf-wimbledon\/","og_locale":"en_US","og_type":"article","og_title":"DATEJUST 41MM, AC-ORO AMA, OYSTER, ESTRIADO, ESF. WIMBLEDON","og_url":"https:\/\/www.joyeriajael.es\/en\/producto\/datejust-41mm-ac-oro-ama-oyster-estriado-esf-wimbledon\/","og_site_name":"Jael Joyer\u00eda","article_modified_time":"2026-05-05T07:27:11+00:00","og_image":[{"width":3000,"height":3000,"url":"https:\/\/www.joyeriajael.es\/wp-content\/uploads\/2026\/05\/R_4000.ES0000037372_SOLDIER_BLACK_01.jpg","type":"image\/jpeg"}],"twitter_card":"summary_large_image","schema":{"@context":"https:\/\/schema.org","@graph":[{"@type":["WebPage","ItemPage"],"@id":"https:\/\/www.joyeriajael.es\/en\/producto\/datejust-41mm-ac-oro-ama-oyster-estriado-esf-wimbledon\/","url":"https:\/\/www.joyeriajael.es\/en\/producto\/datejust-41mm-ac-oro-ama-oyster-estriado-esf-wimbledon\/","name":"DATEJUST 41MM, AC-ORO AMA, OYSTER, ESTRIADO, ESF. WIMBLEDON","isPartOf":{"@id":"https:\/\/www.joyeriajael.es\/en\/#website"},"primaryImageOfPage":{"@id":"https:\/\/www.joyeriajael.es\/en\/producto\/datejust-41mm-ac-oro-ama-oyster-estriado-esf-wimbledon\/#primaryimage"},"image":{"@id":"https:\/\/www.joyeriajael.es\/en\/producto\/datejust-41mm-ac-oro-ama-oyster-estriado-esf-wimbledon\/#primaryimage"},"thumbnailUrl":"https:\/\/www.joyeriajael.es\/wp-content\/uploads\/2026\/05\/R_4000.ES0000037372_SOLDIER_BLACK_01.jpg","datePublished":"2026-05-05T01:55:06+00:00","dateModified":"2026-05-05T07:27:11+00:00","breadcrumb":{"@id":"https:\/\/www.joyeriajael.es\/en\/producto\/datejust-41mm-ac-oro-ama-oyster-estriado-esf-wimbledon\/#breadcrumb"},"inLanguage":"en-US","potentialAction":[{"@type":"ReadAction","target":["https:\/\/www.joyeriajael.es\/en\/producto\/datejust-41mm-ac-oro-ama-oyster-estriado-esf-wimbledon\/"]}]},{"@type":"ImageObject","inLanguage":"en-US","@id":"https:\/\/www.joyeriajael.es\/en\/producto\/datejust-41mm-ac-oro-ama-oyster-estriado-esf-wimbledon\/#primaryimage","url":"https:\/\/www.joyeriajael.es\/wp-content\/uploads\/2026\/05\/R_4000.ES0000037372_SOLDIER_BLACK_01.jpg","contentUrl":"https:\/\/www.joyeriajael.es\/wp-content\/uploads\/2026\/05\/R_4000.ES0000037372_SOLDIER_BLACK_01.jpg","width":3000,"height":3000,"caption":"DATEJUST 41MM, AC-ORO AMA, OYSTER, ESTRIADO, ESF. WIMBLEDON"},{"@type":"BreadcrumbList","@id":"https:\/\/www.joyeriajael.es\/en\/producto\/datejust-41mm-ac-oro-ama-oyster-estriado-esf-wimbledon\/#breadcrumb","itemListElement":[{"@type":"ListItem","position":1,"name":"Portada","item":"https:\/\/www.joyeriajael.es\/en\/"},{"@type":"ListItem","position":2,"name":"Online store","item":"https:\/\/www.joyeriajael.es\/tienda-online\/"},{"@type":"ListItem","position":3,"name":"Rolex CPO","item":"https:\/\/www.joyeriajael.es\/en\/rolex-cpo\/"},{"@type":"ListItem","position":4,"name":"DATEJUST 41MM, AC-ORO AMA, OYSTER, ESTRIADO, ESF. WIMBLEDON"}]},{"@type":"WebSite","@id":"https:\/\/www.joyeriajael.es\/en\/#website","url":"https:\/\/www.joyeriajael.es\/en\/","name":"Jael Joyer\u00eda","description":"Jael Joyer\u00eda en Santiago de Compostela y A Coru\u00f1a. Primeras marcas, firmas exclusivas, \u00fanico concesionario autorizado de Rolex en la provincia de A Coru\u00f1a.","publisher":{"@id":"https:\/\/www.joyeriajael.es\/en\/#organization"},"alternateName":"Jael","potentialAction":[{"@type":"SearchAction","target":{"@type":"EntryPoint","urlTemplate":"https:\/\/www.joyeriajael.es\/en\/?s={search_term_string}"},"query-input":{"@type":"PropertyValueSpecification","valueRequired":true,"valueName":"search_term_string"}}],"inLanguage":"en-US"},{"@type":"Organization","@id":"https:\/\/www.joyeriajael.es\/en\/#organization","name":"Jael","alternateName":"Jael joyer\u00eda","url":"https:\/\/www.joyeriajael.es\/en\/","logo":{"@type":"ImageObject","inLanguage":"en-US","@id":"https:\/\/www.joyeriajael.es\/en\/#\/schema\/logo\/image\/","url":"https:\/\/www.joyeriajael.es\/wp-content\/uploads\/2024\/07\/cropped-favicon-1.png","contentUrl":"https:\/\/www.joyeriajael.es\/wp-content\/uploads\/2024\/07\/cropped-favicon-1.png","width":512,"height":512,"caption":"Jael"},"image":{"@id":"https:\/\/www.joyeriajael.es\/en\/#\/schema\/logo\/image\/"}}]},"product_price_amount":"13500.00","product_price_currency":"EUR","og_availability":"instock","product_availability":"instock","product_retailer_item_id":"996116333-33GT5105","product_condition":"new"},"df_price":13500,"df_sale_price":"","df_regular_price":13500,"df_image_link":"https:\/\/www.joyeriajael.es\/wp-content\/uploads\/2026\/05\/R_4000.ES0000037372_SOLDIER_BLACK_01-300x300.jpg","_links":{"self":[{"href":"https:\/\/www.joyeriajael.es\/en\/wp-json\/wp\/v2\/product\/98631","targetHints":{"allow":["GET"]}}],"collection":[{"href":"https:\/\/www.joyeriajael.es\/en\/wp-json\/wp\/v2\/product"}],"about":[{"href":"https:\/\/www.joyeriajael.es\/en\/wp-json\/wp\/v2\/types\/product"}],"wp:featuredmedia":[{"embeddable":true,"href":"https:\/\/www.joyeriajael.es\/en\/wp-json\/wp\/v2\/media\/98633"}],"wp:attachment":[{"href":"https:\/\/www.joyeriajael.es\/en\/wp-json\/wp\/v2\/media?parent=98631"}],"wp:term":[{"taxonomy":"product_brand","embeddable":true,"href":"https:\/\/www.joyeriajael.es\/en\/wp-json\/wp\/v2\/product_brand?post=98631"},{"taxonomy":"product_cat","embeddable":true,"href":"https:\/\/www.joyeriajael.es\/en\/wp-json\/wp\/v2\/product_cat?post=98631"},{"taxonomy":"product_tag","embeddable":true,"href":"https:\/\/www.joyeriajael.es\/en\/wp-json\/wp\/v2\/product_tag?post=98631"}],"curies":[{"name":"wp","href":"https:\/\/api.w.org\/{rel}","templated":true}]}}